{"id":58,"date":"2023-06-22T22:36:35","date_gmt":"2023-06-22T20:36:35","guid":{"rendered":"https:\/\/dev-usti.hudysteny.cz\/?page_id=58"},"modified":"2023-09-04T17:51:40","modified_gmt":"2023-09-04T15:51:40","slug":"provozni-rad","status":"publish","type":"page","link":"https:\/\/www.hudysteny.cz\/usti\/provozni-rad\/","title":{"rendered":"Provozn\u00ed \u0159\u00e1d"},"content":{"rendered":"\n<p class=\"wp-block-paragraph\">Provozovatel: HUDYsport Czech s.r.o., Pra\u017esk\u00e1 21, \u00dast\u00ed nad Labem 40001 I\u010c:27329763<br><\/p>\n\n\n\n<p class=\"wp-block-paragraph\">Lezeck\u00e1 st\u011bna provozovan\u00e1 provozovatelem (d\u00e1le jen \u201est\u011bna\u201c) je ur\u010dena v\u00fdhradn\u011b pro v\u00fdcvik sportovn\u00ed aktivity voln\u00e9ho lezen\u00ed (d\u00e1le t\u00e9\u017e jen \u201elezen\u00ed\u201c), pro v\u00fdcvik lezen\u00ed v r\u00e1mci v\u00fduky t\u011blesn\u00e9 v\u00fdchovy a k&nbsp;po\u0159\u00e1d\u00e1n\u00ed sout\u011b\u017e\u00ed.<\/p>\n\n\n\n<p class=\"wp-block-paragraph\">V\u0161ichni n\u00e1v\u0161t\u011bvn\u00edci lezeck\u00e9 st\u011bny jsou povinni se sezn\u00e1mit s t\u00edmto provozn\u00edm \u0159\u00e1dem a \u0159\u00eddit se j\u00edm. Sezn\u00e1men\u00ed s\u00a0t\u00edmto provozn\u00edm \u0159\u00e1dem potvrzuj\u00ed n\u00e1v\u0161t\u011bvn\u00edci sv\u00fdm podpisem v\u00a0knize n\u00e1v\u0161t\u011bv p\u0159i sv\u00e9m prvn\u00edm p\u0159\u00edchodu na lezeckou st\u011bnu. Sv\u00fdm podpisem n\u00e1v\u0161t\u011bvn\u00edci potvrzuj\u00ed skute\u010dnost, \u017ee se s\u00a0provozn\u00edm \u0159\u00e1dem\u00a0 lezeck\u00e9 st\u011bny a pravidel chov\u00e1n\u00ed na st\u011bn\u011b podrobn\u011b sezn\u00e1mili, a \u017ee pravidla v\u00a0n\u011bm obsa\u017een\u00e1 akceptuj\u00ed a pova\u017euj\u00ed za z\u00e1vazn\u00e1.<br><\/p>\n\n\n\n<p class=\"wp-block-paragraph\"><strong>V\u00fdklad pojm\u016f:<\/strong><\/p>\n\n\n\n<p class=\"wp-block-paragraph\"><strong>N\u00e1v\u0161t\u011bvn\u00edk<\/strong>: N\u00e1v\u0161t\u011bvn\u00edkem se rozum\u00ed ka\u017ed\u00e1 osoba, kter\u00e1 se v dob\u011b provozu lezeck\u00e9 st\u011bny bu\u010f p\u0159\u00edmo \u00fa\u010dastn\u00ed vlastn\u00edho voln\u00e9ho lezen\u00ed \u010di ji\u0161t\u011bn\u00ed jin\u00e9 osoby, nebo se zdr\u017euje v prostoru st\u011bny .<\/p>\n\n\n\n<p class=\"wp-block-paragraph\"><strong>Odborn\u00fd dozor (slu\u017eba)<\/strong>: odborn\u00fd dozor m\u016f\u017ee vykon\u00e1vat osoba ur\u010den\u00e1 provozovatelem.<\/p>\n\n\n\n<p class=\"wp-block-paragraph\"><strong>Prvolezec:&nbsp;<\/strong>Lezec, kter\u00fd leze na prvn\u00edm konci lana, lano zap\u00edn\u00e1 do karabin postupov\u00fdch ji\u0161t\u011bn\u00ed a je ji\u0161t\u011bn zdola jisti\u010dem.<\/p>\n\n\n\n<p class=\"wp-block-paragraph\"><strong>Druholezec:&nbsp;<\/strong>Lezec, kter\u00fd n\u00e1sleduje ve v\u00fdstupu nahoru&nbsp;prvolezce&nbsp;a je&nbsp;ji\u0161t\u011bn<em>&nbsp;<\/em>lanem shora.<\/p>\n\n\n\n<p class=\"wp-block-paragraph\"><strong>Jisti\u010d<\/strong>: Osoba, kter\u00e1 prov\u00e1d\u00ed ji\u0161t\u011bn\u00ed, \u010d\u00edm\u017e zabra\u0148uje potencion\u00e1ln\u00edmu p\u00e1du lezce.<br><\/p>\n\n\n\n<p class=\"wp-block-paragraph\"><strong>Z\u00e1sady a pravidla pro provozov\u00e1n\u00ed aktivit na HUDY lezeck\u00e9 st\u011bn\u011b a povinnosti n\u00e1v\u0161t\u011bvn\u00edka:<\/strong><\/p>\n\n\n\n<p class=\"wp-block-paragraph\">1. V\u0161ichni n\u00e1v\u0161t\u011bvn\u00edci lezeck\u00e9 st\u011bny berou na v\u011bdom\u00ed, \u017ee sportovn\u00ed aktivitu voln\u00e9ho lezen\u00ed provozuj\u00ed na vlastn\u00ed odpov\u011bdnost a nebezpe\u010d\u00ed a potvrzuj\u00ed, \u017ee jsou si pln\u011b v\u011bdomi v\u0161ech nebezpe\u010d\u00ed vypl\u00fdvaj\u00edc\u00edch z prov\u00e1d\u011bn\u00ed voln\u00e9ho lezen\u00ed na lezeck\u00fdch st\u011bn\u00e1ch. V\u0161ichni n\u00e1v\u0161t\u011bvn\u00edci berou na v\u011bdom\u00ed, \u017ee lezen\u00ed a ji\u0161t\u011bn\u00ed p\u0159i lezen\u00ed je provozovatelem povoleno jen osob\u00e1m, kter\u00e9 byly \u0159\u00e1dn\u011b sezn\u00e1meny a pro\u0161koleny s technikou lezen\u00ed a ji\u0161t\u011bn\u00ed, a tyto techniky, v\u010detn\u011b zachycen\u00ed p\u00e1d\u016f, bezpe\u010dn\u011b ovl\u00e1daj\u00ed.<\/p>\n\n\n\n<p class=\"wp-block-paragraph\">2. Ka\u017ed\u00fd n\u00e1v\u0161t\u011bvn\u00edk je p\u0159ed zapo\u010det\u00edm sportovn\u00edch aktivit na lezeck\u00e9 st\u011bn\u011b povinen zhodnotit sv\u016fj aktu\u00e1ln\u00ed zdravotn\u00ed stav, fyzick\u00e9 mo\u017enosti, jako\u017e i sv\u00e9 schopnosti a zku\u0161enosti s&nbsp;aktivitou voln\u00e9ho lezen\u00ed, ji\u0161t\u011bn\u00ed a v\u0161ech technik s&nbsp;touto aktivitou souvisej\u00edc\u00edch. Provozovatel doporu\u010duje osob\u00e1m, kter\u00e9 nemaj\u00ed s&nbsp;t\u011bmito aktivitami \u017e\u00e1dn\u00e9 zku\u0161enosti, nebo jsou za\u010d\u00e1te\u010dn\u00edky, prov\u00e1d\u011bt sportovn\u00ed aktivity v\u00fdhradn\u011b pod dozorem odborn\u00e9ho instruktora provozovatele. Provozovatel nenese odpov\u011bdnost za \u00fajmu na zdrav\u00ed n\u00e1v\u0161t\u011bvn\u00edk\u016f, kter\u00e1 vznikla v&nbsp;d\u016fsledku p\u0159ecen\u011bn\u00ed vlastn\u00edch schopnost\u00ed \u010di zdravotn\u00edho stavu.<\/p>\n\n\n\n<p class=\"wp-block-paragraph\">3. Provozovatel z\u00e1sadn\u011b nedoporu\u010duje prov\u00e1d\u011bn\u00ed sportovn\u00edch aktivit voln\u00e9ho lezen\u00ed na&nbsp;lezeck\u00e9 st\u011bn\u011b osob\u00e1m se zdravotn\u00edmi pot\u00ed\u017eemi, zejm\u00e9na s&nbsp;kardiologick\u00fdmi pot\u00ed\u017eemi, se srde\u010dn\u00edmi onemocn\u011bn\u00edmi, t\u011bhotn\u00fdm \u017een\u00e1m apod.<\/p>\n\n\n\n<p class=\"wp-block-paragraph\">4. Aktivita voln\u00e9ho lezen\u00ed na lezeck\u00e9 st\u011bn\u011b je povolena pouze osob\u00e1m, kter\u00e9 p\u0159edem zaplatily vstupn\u00ed poplatek. Vstupenku si n\u00e1v\u0161t\u011bvn\u00edk uschov\u00e1 pro p\u0159\u00edpadnou kontrolu ze strany provozovatele. Tuto vstupenku je povinen p\u0159i p\u0159\u00edpadn\u00e9 kontrole kdykoli na vyzv\u00e1n\u00ed p\u0159edlo\u017eit odborn\u00e9mu dozoru &#8211; slu\u017eb\u011b. N\u00e1v\u0161t\u011bvn\u00edk\u016fm je p\u0159\u00edsn\u011b zak\u00e1z\u00e1no vstupovat do prostoru lezeck\u00e9 st\u011bny a provozovat voln\u00e9 lezen\u00ed pod vlivem alkoholu \u010di jin\u00fdch n\u00e1vykov\u00fdch l\u00e1tek, provozovatel je v&nbsp;t\u00e9to souvislosti opr\u00e1vn\u011bn osob\u011b, kter\u00e1 je zjevn\u011b pod vlivem alkoholu \u010di n\u00e1vykov\u00e9 l\u00e1tky, vstup na lezeckou st\u011bnu odep\u0159\u00edt.<\/p>\n\n\n\n<p class=\"wp-block-paragraph\">5. Ka\u017ed\u00fd n\u00e1v\u0161t\u011bvn\u00edk star\u0161\u00ed 15 let je povinen zapsat se p\u0159i vstupu na lezeckou st\u011bnu do eviden\u010dn\u00ed knihy a sv\u00fdm podpisem potvrdit sezn\u00e1men\u00ed se s&nbsp;provozn\u00edm \u0159\u00e1dem. Na vy\u017e\u00e1d\u00e1n\u00ed provozovatele resp. osoby j\u00edm zmocn\u011bn\u00e9 (pracovn\u00edka recepce) je povinen t\u00e9\u017e prok\u00e1zat svou toto\u017enost a v\u011bk p\u0159edlo\u017een\u00edm dokladu toto\u017enosti \u010di jin\u00e9ho identifika\u010dn\u00edho pr\u016fkazu s&nbsp;fotografi\u00ed. Provozovatel je opr\u00e1vn\u011bn zapsat do eviden\u010dn\u00ed knihy \u010d\u00edslo a n\u00e1zev dokladu, dle n\u011bj\u017e ov\u011b\u0159il toto\u017enost a v\u011bk n\u00e1v\u0161t\u011bvn\u00edka. Provozovatel je opr\u00e1vn\u011bn evidovat a verifikovat pro svou pot\u0159ebu souhlasy z\u00e1konn\u00fdch z\u00e1stupc\u016f s&nbsp;t\u00edm, aby jejich d\u011bti provozovaly aktivitu lezen\u00ed&nbsp; na lezeck\u00e9 st\u011bn\u011b a prohl\u00e1\u0161en\u00ed o p\u0159evzet\u00ed odpov\u011bdnosti za osobu mlad\u0161\u00ed 18 let.<\/p>\n\n\n\n<p class=\"wp-block-paragraph\">6. Osoby mlad\u0161\u00ed 15 let (d\u00e1le jen \u201ed\u011bti\u201c) mohou prov\u00e1d\u011bt sportovn\u00ed aktivity na&nbsp; lezeck\u00e9 st\u011bn\u011b a voln\u00e9 lezen\u00ed pouze pod p\u0159\u00edm\u00fdm dohledem sv\u00e9ho z\u00e1konn\u00e9ho z\u00e1stupce nebo jin\u00e9 osoby star\u0161\u00ed 18 let, kter\u00e1 za n\u011bho p\u0159evezme odpov\u011bdnost a tuto skute\u010dnost potvrd\u00ed provozovateli p\u00edsemn\u00fdm prohl\u00e1\u0161en\u00edm. Z\u00e1konn\u00fd z\u00e1stupce d\u00edt\u011bte \u010di osoba, kter\u00e1 za n\u011bho p\u0159evzala odpov\u011bdnost p\u00edsemn\u00fdm prohl\u00e1\u0161en\u00edm, odpov\u00edd\u00e1 za dodr\u017eov\u00e1n\u00ed pravidel bezpe\u010dn\u00e9ho lezen\u00ed a odpov\u00edd\u00e1 za jejich bezpe\u010dnost.<\/p>\n\n\n\n<p class=\"wp-block-paragraph\">7. Osoby star\u0161\u00ed 15 let a mlad\u0161\u00ed 18 let (d\u00e1le jen \u201emladistv\u00ed\u201c) mohou prov\u00e1d\u011bt sportovn\u00ed aktivity na&nbsp;lezeck\u00e9 st\u011bn\u011b a voln\u00e9 lezen\u00ed samostatn\u011b pouze v&nbsp;p\u0159\u00edpad\u011b, \u017ee p\u0159edlo\u017e\u00ed provozovateli p\u00edsemn\u00fd souhlas z\u00e1konn\u00e9ho z\u00e1stupce, v&nbsp;n\u011bm\u017e z\u00e1konn\u00fd z\u00e1stupce uvede, \u017ee souhlas\u00ed se samostatn\u00fdm&nbsp;provozov\u00e1n\u00edm sportovn\u00edch aktivit sv\u00e9ho d\u00edt\u011bte na lezeck\u00e9 st\u011bn\u011b, a \u017ee za n\u011bho p\u0159eb\u00edr\u00e1 plnou odpov\u011bdnost. Jinak mohou mladistv\u00ed na lezeck\u00e9 st\u011bn\u011b prov\u00e1d\u011bt sportovn\u00ed aktivity a voln\u00e9 lezen\u00ed pouze v&nbsp;doprovodu osoby star\u0161\u00ed 18 let, kter\u00e1 za n\u011bho p\u0159evezme odpov\u011bdnost a tuto skute\u010dnost potvrd\u00ed provozovateli p\u00edsemn\u00fdm prohl\u00e1\u0161en\u00edm.<\/p>\n\n\n\n<p class=\"wp-block-paragraph\">8. Pokud m\u00e1 n\u00e1v\u0161t\u011bvn\u00edk jak\u00e9koliv pochybnosti o sv\u00fdch lezeck\u00fdch dovednostech je jeho povinnost\u00ed po\u017e\u00e1dat provozovatele o vstupn\u00ed instrukt\u00e1\u017e, kterou mu na jeho \u017e\u00e1dost poskytne odborn\u00fd dozor (slu\u017eba) provozovatele.<\/p>\n\n\n\n<p class=\"wp-block-paragraph\">9. Ka\u017ed\u00fd n\u00e1v\u0161t\u011bvn\u00edk je kdykoli povinen pod\u0159\u00eddit se pokyn\u016fm odborn\u00e9ho dozoru \u2013 slu\u017eby provozovatele. N\u00e1v\u0161t\u011bvn\u00edci maj\u00ed na lezeck\u00e9 st\u011bn\u011b k dispozici mo\u017enost zap\u016fj\u010den\u00ed kvalitn\u00edho, bezpe\u010dn\u00e9ho a pln\u011b funk\u010dn\u00edho sportovn\u00edho vybaven\u00ed v\u00fdrobcem ur\u010den\u00e9ho k&nbsp;aktivit\u011b voln\u00e9ho lezen\u00ed a toto vybaven\u00ed jsou povinni pou\u017e\u00edvat v souladu s v\u00fdrobcem stanoven\u00fdm n\u00e1vodem k&nbsp;pou\u017e\u00edv\u00e1n\u00ed a doporu\u010den\u00edmi odborn\u00e9ho dozoru &#8211; slu\u017eby. Provozovatel neodpov\u00edd\u00e1 za technick\u00fd stav vlastn\u00edho vybaven\u00ed n\u00e1v\u0161t\u011bvn\u00edka.<\/p>\n\n\n\n<p class=\"wp-block-paragraph\">10. Ka\u017ed\u00fd n\u00e1v\u0161t\u011bvn\u00edk je povinen dodr\u017eovat zejm\u00e9na tyto z\u00e1kladn\u00ed z\u00e1sady a pravidla bezpe\u010dn\u00e9ho voln\u00e9ho lezen\u00ed a sportovn\u00edch aktivit na lezeck\u00e9 st\u011bn\u011b:<\/p>\n\n\n\n<p class=\"wp-block-paragraph\"><em><strong>&#8211;&nbsp;dodr\u017eovat z\u00e1sady bezpe\u010dn\u00e9ho voln\u00e9ho lezen\u00ed. N\u00e1v\u0161t\u011bvn\u00edk je povinen se p\u0159ed lezen\u00edm nav\u00e1zat na jist\u00edc\u00ed lano, a to uzlem dle norem UIAA \u2013 v\u016fdcovsk\u00fd &#8211; protism\u011brn\u00fd osmi\u010dkov\u00fd. Je zak\u00e1z\u00e1no navazovat se na lano pomoc\u00ed karabiny a dra\u010d\u00ed smy\u010dky.<\/strong><\/em><\/p>\n\n\n\n<p class=\"wp-block-paragraph\"><em><strong>&#8211; p\u0159i lezen\u00ed se bezpe\u010dn\u011b jistit. Je zcela zak\u00e1z\u00e1no s\u00f3lov\u00e9 lezen\u00ed. Tzv. bouldering (s\u00f3lov\u00e9 lezen\u00ed bez nav\u00e1z\u00e1n\u00ed na lano) je provozovatelem povoleno v\u00fdhradn\u011b na boulderingov\u00e9 st\u011bn\u011b, pod n\u00ed\u017e je instalov\u00e1no dopadli\u0161t\u011b,<\/strong><\/em><\/p>\n\n\n\n<p class=\"wp-block-paragraph\"><em><strong>&#8211; p\u0159i lezen\u00ed je zak\u00e1z\u00e1no vynech\u00e1vat jist\u00edc\u00ed body, n\u00e1v\u0161t\u011bvn\u00edk je povinen zapnout jist\u00edc\u00ed bod nejpozd\u011bji ve v\u00fd\u0161i sv\u00e9ho pasu,<\/strong><\/em><\/p>\n\n\n\n<p class=\"wp-block-paragraph\"><em><strong>&#8211; je zak\u00e1z\u00e1no pou\u017eivat lano krat\u0161\u00ed ne\u017e 40m<\/strong><\/em><\/p>\n\n\n\n<p class=\"wp-block-paragraph\"><em><strong>&#8211; je zak\u00e1z\u00e1no k ji\u0161t\u011bn\u00ed pou\u017e\u00edvat osmu<\/strong><\/em><\/p>\n\n\n\n<p class=\"wp-block-paragraph\"><em><strong>&#8211; je zak\u00e1z\u00e1no p\u0159i v\u00fdstupu odbo\u010dit z linie zvolen\u00e9 cesty, pokud by t\u00edm jakkoliv omezil ostatn\u00ed \u00fa\u010dastn\u00edky lezen\u00ed na st\u011bn\u011b. Na jedn\u00e9 v\u00fdstupov\u00e9 linii je zak\u00e1zan\u00e9 sou\u010dasn\u00e9 lezen\u00ed dvou \u010di v\u00edce lezc\u016f. Je p\u0159\u00edsn\u011b zak\u00e1z\u00e1no ji\u0161t\u011bn\u00ed dvou lezc\u016f najednou ve stejn\u00e9 karabin\u011b postupov\u00e9ho a koncov\u00e9ho ji\u0161t\u011bn\u00ed,<\/strong><\/em><\/p>\n\n\n\n<p class=\"wp-block-paragraph\"><em><strong>&#8211; druholezec je povinen l\u00e9zt na lan\u011b, kter\u00e9 je vedeno skrz postupov\u00e1 ji\u0161t\u011bn\u00ed, kter\u00e1 mus\u00ed b\u011bhem lezen\u00ed odep\u00ednat a ukon\u010dit v\u00fdstup v&nbsp;m\u00edst\u011b, kde bude ji\u0161t\u011bn minim\u00e1ln\u011b p\u0159es dv\u011b postupov\u00e1 nebo koncov\u00e1 ji\u0161t\u011bn\u00ed,<\/strong><\/em><\/p>\n\n\n\n<p class=\"wp-block-paragraph\"><em><strong>&#8211; jisti\u010d je povinen v\u011bnovat se \u010dinnosti ji\u0161t\u011bn\u00ed s&nbsp;nep\u0159etr\u017eitou pozornost\u00ed, a to po celou dobu v\u00fdstupu i sestupu (spou\u0161t\u011bn\u00ed) ji\u0161t\u011bn\u00e9 osoby, je povinen povolovat \u010di dob\u00edrat lano takov\u00fdm zp\u016fsobem, aby minimalizoval d\u00e9lku p\u0159\u00edpadn\u00e9ho p\u00e1du ji\u0161t\u011bn\u00e9 osoby, je povinen zachytit p\u00e1d ji\u0161t\u011bn\u00e9 osoby tak, aby nedo\u0161lo ke zran\u011bn\u00ed prvolezce \u010di ostatn\u00edch n\u00e1v\u0161t\u011bvn\u00edk\u016f \u010di t\u0159et\u00edch osob, nebo aby nedo\u0161lo k&nbsp;po\u0161kozen\u00ed st\u011bny, postupov\u00e9ho ji\u0161t\u011bn\u00ed \u010di jin\u00fdch horolezeck\u00fdch pom\u016fcek.<\/strong><\/em><\/p>\n\n\n\n<p class=\"wp-block-paragraph\"><em><strong>&#8211; je zak\u00e1z\u00e1no dob\u00edr\u00e1n\u00ed v&nbsp;jist\u00edc\u00edm bod\u011b, n\u00e1cvik stav\u011bn\u00ed apod. Spou\u0161t\u011bn\u00ed ji\u0161t\u011bn\u00e9 osoby mus\u00ed prob\u00edhat plynule a takov\u00fdm zp\u016fsobem, aby nebyli ohro\u017eeni dal\u0161\u00ed n\u00e1v\u0161t\u011bvn\u00edci \u010di osoby pohybuj\u00edc\u00ed se v&nbsp;prostoru st\u011bny,<\/strong><\/em><\/p>\n\n\n\n<p class=\"wp-block-paragraph\"><em><strong>&#8211; je zak\u00e1z\u00e1no zdr\u017eovat se v&nbsp;prostoru pod st\u011bnou, pokud nejde o osoby, kter\u00e9 pr\u00e1v\u011b lezou \u010di jist\u00ed jinou osobu,<\/strong><\/em><\/p>\n\n\n\n<p class=\"wp-block-paragraph\"><em><strong>&#8211; je zak\u00e1z\u00e1no upravovat st\u00e1vaj\u00edc\u00ed cesty, toto je mo\u017en\u00e9 pouze na z\u00e1klad\u011b p\u0159edchoz\u00edho souhlasu odborn\u00e9ho dohledu (slu\u017eby),<\/strong><\/em><\/p>\n\n\n\n<p class=\"wp-block-paragraph\"><em><strong>&#8211; ka\u017ed\u00fd n\u00e1v\u0161t\u011bvn\u00edk je povinen ohl\u00e1sit odborn\u00e9mu dozoru \u2013 slu\u017eb\u011b neprodlen\u011b jak\u00e9koliv zji\u0161t\u011bn\u00e9 technick\u00e9 z\u00e1vady na lezeck\u00e9 st\u011bn\u011b v\u010detn\u011b uvoln\u011bn\u00e9ho chytu, jist\u00edc\u00edho prost\u0159edku a na tuto skute\u010dnost upozornit i jin\u00e9ho n\u00e1v\u0161t\u011bvn\u00edka, kter\u00fd m\u00e1 z\u00e1m\u011br do naru\u0161en\u00e9 cesty nastoupit,<\/strong><\/em><\/p>\n\n\n\n<p class=\"wp-block-paragraph\"><em><strong>&#8211; ka\u017ed\u00fd n\u00e1v\u0161t\u011bvn\u00edk je povinen chovat se tak, aby neohro\u017eoval \u010di neomezoval ostatn\u00ed n\u00e1v\u0161t\u011bvn\u00edky, v&nbsp;p\u0159\u00edpad\u011b v\u00fdskytu \u00farazu je povinen poskytnout zran\u011bn\u00e9mu prvn\u00ed pomoc a neprodlen\u011b p\u0159ivolat l\u00e9ka\u0159e \u010di odborn\u00fd dozor, kter\u00fd jej p\u0159ivol\u00e1.<\/strong><\/em><\/p>\n\n\n\n<p class=\"wp-block-paragraph\"><em><strong>&#8211; odborn\u00fd dozor \u2013 slu\u017eba m\u00e1 k&nbsp;dispozici l\u00e9k\u00e1rni\u010dku pro poskytnut\u00ed prvn\u00ed pomoci, odborn\u00fd dozor je povinen zaznamenat vznikl\u00fd \u00faraz do knihy \u00faraz\u016f v\u010detn\u011b poznamen\u00e1n\u00ed \u00fadaj\u016f p\u0159\u00edpadn\u00fdch sv\u011bdk\u016f vzniku \u00farazu.<\/strong><\/em><\/p>\n\n\n\n<p class=\"wp-block-paragraph\"><em><strong>&#8211; ka\u017ed\u00fd n\u00e1v\u0161t\u011bvn\u00edk, kter\u00fd zjist\u00ed poru\u0161ov\u00e1n\u00ed z\u00e1sad bezpe\u010dn\u00e9ho lezen\u00ed a sportovn\u00edch aktivit v&nbsp;lezeck\u00e9 ar\u00e9n\u011b, je povinen poru\u0161uj\u00edc\u00ed osobu upozornit na povinnost dodr\u017eov\u00e1n\u00ed pravidel bezpe\u010dnosti, v&nbsp;p\u0159\u00edpad\u011b, \u017ee toto upozorn\u011bn\u00ed nepovede k&nbsp;n\u00e1prav\u011b, je povinen upozornit na toto jedn\u00e1n\u00ed odborn\u00fd dozor \u2013 slu\u017ebu.<\/strong><\/em><\/p>\n\n\n\n<p class=\"wp-block-paragraph\"><em><strong>&#8211; ne\u00fam\u011brn\u011b dlouh\u00e9 p\u00e1dy ( na \u201eefekt\u201c ) nejsou povoleny<\/strong><\/em><\/p>\n\n\n\n<p class=\"wp-block-paragraph\"><em><strong>&#8211; dodr\u017eovat pokyny uveden\u00e9 v prostoru lezeck\u00e9 st\u011bny (zejm\u00e9na kontrola d\u00e9lky lan, dodr\u017eov\u00e1n\u00ed z\u00e1kaz\u016f vstupu, pou\u017e\u00edv\u00e1n\u00ed samojist\u00edc\u00ed brzdy, atd.)<\/strong><\/em><\/p>\n\n\n\n<p class=\"wp-block-paragraph\"><em><strong>&#8211; rodi\u010de zodpov\u00eddaj\u00ed za sv\u00e9 d\u011bti b\u011bhem cel\u00e9 n\u00e1v\u0161t\u011bvy v lezeck\u00e9 ar\u00e9n\u011b<\/strong><\/em><\/p>\n\n\n\n<p class=\"wp-block-paragraph\"><em><strong>&#8211; ka\u017ed\u00fd n\u00e1v\u0161t\u011bvn\u00edk zodpov\u00edd\u00e1 za sv\u016fj lezeck\u00fd materi\u00e1l (sed\u00e1k, lano, jist\u00edc\u00ed prost\u0159edek, atd.)<\/strong><\/em><\/p>\n\n\n\n<p class=\"wp-block-paragraph\">11. Ka\u017ed\u00fd n\u00e1v\u0161t\u011bvn\u00edk je d\u00e1le povinen udr\u017eovat ve v\u0161ech prostorech lezeck\u00e9 st\u011bny \u010distotu a po\u0159\u00e1dek. Je povinen dodr\u017eovat z\u00e1sady protipo\u017e\u00e1rn\u00ed prevence a sezn\u00e1mit se s&nbsp;Po\u017e\u00e1rn\u00ed poplachovou sm\u011brnic\u00ed vyv\u011b\u0161enou v&nbsp;prostorech lezeck\u00e9 st\u011bny.<\/p>\n\n\n\n<p class=\"wp-block-paragraph\">12. V&nbsp;prostor\u00e1ch lezeck\u00e9 st\u011bny je p\u0159\u00edsn\u011b zak\u00e1z\u00e1no konzumovat alkohol, kou\u0159it \u010di konzumovat jin\u00e9 n\u00e1vykov\u00e9 l\u00e1tky<\/p>\n\n\n\n<p class=\"wp-block-paragraph\">13. Provozov\u00e1n\u00ed podnikatelsk\u00e9 \u010dinnost\u00ed v cel\u00e9m are\u00e1lu lezeck\u00e9 st\u011bny je povoleno pouze se souhlasem provozovatele lezeck\u00e9 st\u011bny.<\/p>\n\n\n\n<p class=\"wp-block-paragraph\">14. Provozovatel \u010di odborn\u00fd dozor (slu\u017eba) provozovatele je opr\u00e1vn\u011bna kdykoliv vyk\u00e1zat z&nbsp;prostor lezeck\u00e9 st\u011bny osobu, kter\u00e1 poru\u0161uje ustanoven\u00ed tohoto provozn\u00edho \u0159\u00e1du nebo pravidel bezpe\u010dn\u00e9ho voln\u00e9ho lezen\u00ed na lezeck\u00e9 st\u011bn\u011b, a to bez n\u00e1roku na vr\u00e1cen\u00ed zaplacen\u00e9ho vstupn\u00e9ho. Provozovatel si vyhrazuje pr\u00e1vo neumo\u017enit vstup osob\u011b, kter\u00e1 se takov\u00e9hoto poru\u0161ov\u00e1n\u00ed provozn\u00edho \u0159\u00e1du \u010di pravidel bezpe\u010dn\u00e9ho voln\u00e9ho lezen\u00ed v&nbsp;lezeck\u00e9 ar\u00e9n\u011b dopustila opakovan\u011b.<\/p>\n\n\n\n<p class=\"wp-block-paragraph\">15. N\u00e1v\u0161t\u011bvn\u00edci berou na v\u011bdom\u00ed a jsou upozorn\u011bni na skute\u010dnost, \u017ee objekt lezeck\u00e9 st\u011bny je v&nbsp;provozn\u00ed dob\u011b monitorov\u00e1n bezpe\u010dnostn\u00edmi pr\u016fmyslov\u00fdmi kamerami, a to z&nbsp;d\u016fvodu kontroly dodr\u017eov\u00e1n\u00ed provozn\u00edho \u0159\u00e1du a pravidel bezpe\u010dn\u00e9ho voln\u00e9ho lezen\u00ed na lezeck\u00e9 st\u011bn\u011b n\u00e1v\u0161t\u011bvn\u00edky a ochrany bezpe\u010dnosti n\u00e1v\u0161t\u011bvn\u00edk\u016f a dal\u0161\u00edch osob. Provozovatel garantuje, \u017ee z\u00e1znam z&nbsp;pr\u016fmyslov\u00e9 kamery uchov\u00e1v\u00e1 pouze po nezbytnou dobu umo\u017en\u011bnou mu z\u00e1konem a u\u017eije jej v\u00fdhradn\u011b pro sv\u00e9 \u00fa\u010dely. Provozovatel garantuje ochranu osobn\u00edch \u00fadaj\u016f a dat n\u00e1v\u0161t\u011bvn\u00edk\u016f.<\/p>\n\n\n\n<p class=\"wp-block-paragraph\">16. N\u00e1v\u0161t\u011bvn\u00edci sv\u00fdm podpisem n\u00e1v\u0161t\u011bvn\u00ed knihy vyjad\u0159uj\u00ed sv\u016fj souhlas s&nbsp;t\u00edm, aby provozovatel zpracov\u00e1val jimi poskytnut\u00e9 osobn\u00ed \u00fadaje dle z\u00e1kona \u010d. 101\/2000 Sb., o ochran\u011b osobn\u00edch \u00fadaj\u016f v&nbsp;platn\u00e9m zn\u011bn\u00ed za \u00fa\u010delem stanoven\u00fdm provozovatelem po dobu nezbytn\u011b nutnou k&nbsp;dosa\u017een\u00ed tohoto \u00fa\u010delu.<\/p>\n\n\n\n<p class=\"wp-block-paragraph\">17. Tento provozn\u00ed \u0159\u00e1d je vyd\u00e1v\u00e1n provozovatelem a je platn\u00fd a z\u00e1vazn\u00fd pro v\u0161echny n\u00e1v\u0161t\u011bvn\u00edky lezeck\u00e9 st\u011bny po\u010d\u00ednaje dnem jeho zve\u0159ejn\u011bn\u00ed. Tento provozn\u00ed \u0159\u00e1d je provozovatelem zve\u0159ejn\u011bn na webov\u00fdch str\u00e1nk\u00e1ch provozovatele, sou\u010dasn\u011b je viditeln\u011b vyv\u011b\u0161en v&nbsp;prostoru recepce &#8211; vstupu na lezeckou st\u011bnu a takt\u00e9\u017e v&nbsp;prostor\u00e1ch lezeck\u00e9 st\u011bny tak, aby ka\u017ed\u00fd n\u00e1v\u0161t\u011bvn\u00edk m\u011bl mo\u017enost se s&nbsp;n\u00edm sezn\u00e1mit. Tento provozn\u00ed \u0159\u00e1d je rovn\u011b\u017e ned\u00edlnou sou\u010d\u00e1st\u00ed n\u00e1v\u0161t\u011bvn\u00ed knihy lezeck\u00e9 st\u011bny a ka\u017ed\u00fd n\u00e1v\u0161t\u011bvn\u00edk potvrzuje skute\u010dnost, \u017ee se s&nbsp;n\u00edm sezn\u00e1mil, \u010di m\u011bl mo\u017enost se s&nbsp;n\u00edm sezn\u00e1mit, sv\u00fdm podpisem v&nbsp;n\u00e1v\u0161t\u011bvn\u00ed knize, a to minim\u00e1ln\u011b p\u0159i prvn\u00ed n\u00e1v\u0161t\u011bv\u011b&nbsp;lezeck\u00e9 st\u011bny.<\/p>\n\n\n\n<p class=\"wp-block-paragraph\">18. Provozovatel si vyhrazuje pr\u00e1vo kdykoliv tento vydan\u00fd provozn\u00ed \u0159\u00e1d m\u011bnit a aktualizovat.<\/p>\n\n\n\n<div style=\"height:40px\" aria-hidden=\"true\" class=\"wp-block-spacer\"><\/div>\n\n\n\n<p class=\"wp-block-paragraph\">V&nbsp;\u00dast\u00ed nad Labem dne 1. b\u0159ezna 2013<\/p>\n\n\n\n<p class=\"wp-block-paragraph\">Provozovatel: HUDYsport Czech s.r.o.<\/p>\n","protected":false},"excerpt":{"rendered":"<p>Provozovatel: HUDYsport Czech s.r.o., Pra\u017esk\u00e1 21, \u00dast\u00ed nad Labem 40001 I\u010c:27329763 Lezeck\u00e1 st\u011bna provozovan\u00e1 provozovatelem (d\u00e1le jen \u201est\u011bna\u201c) je ur\u010dena v\u00fdhradn\u011b pro v\u00fdcvik sportovn\u00ed aktivity voln\u00e9ho lezen\u00ed (d\u00e1le t\u00e9\u017e jen \u201elezen\u00ed\u201c), pro v\u00fdcvik lezen\u00ed v r\u00e1mci v\u00fduky t\u011blesn\u00e9 v\u00fdchovy a k&nbsp;po\u0159\u00e1d\u00e1n\u00ed sout\u011b\u017e\u00ed. V\u0161ichni n\u00e1v\u0161t\u011bvn\u00edci lezeck\u00e9 st\u011bny jsou povinni se sezn\u00e1mit s t\u00edmto provozn\u00edm \u0159\u00e1dem a [&hellip;]<\/p>\n","protected":false},"author":1,"featured_media":0,"parent":0,"menu_order":57,"comment_status":"closed","ping_status":"closed","template":"","meta":{"_acf_changed":false,"_crdt_document":"","footnotes":""},"class_list":["post-58","page","type-page","status-publish","hentry"],"acf":[],"_links":{"self":[{"href":"https:\/\/www.hudysteny.cz\/usti\/wp-json\/wp\/v2\/pages\/58","targetHints":{"allow":["GET"]}}],"collection":[{"href":"https:\/\/www.hudysteny.cz\/usti\/wp-json\/wp\/v2\/pages"}],"about":[{"href":"https:\/\/www.hudysteny.cz\/usti\/wp-json\/wp\/v2\/types\/page"}],"author":[{"embeddable":true,"href":"https:\/\/www.hudysteny.cz\/usti\/wp-json\/wp\/v2\/users\/1"}],"replies":[{"embeddable":true,"href":"https:\/\/www.hudysteny.cz\/usti\/wp-json\/wp\/v2\/comments?post=58"}],"version-history":[{"count":0,"href":"https:\/\/www.hudysteny.cz\/usti\/wp-json\/wp\/v2\/pages\/58\/revisions"}],"wp:attachment":[{"href":"https:\/\/www.hudysteny.cz\/usti\/wp-json\/wp\/v2\/media?parent=58"}],"curies":[{"name":"wp","href":"https:\/\/api.w.org\/{rel}","templated":true}]}}