{"id":487,"date":"2023-09-05T08:03:19","date_gmt":"2023-09-05T06:03:19","guid":{"rendered":"https:\/\/dev-usti.hudysteny.cz\/?page_id=487"},"modified":"2025-09-30T13:48:12","modified_gmt":"2025-09-30T11:48:12","slug":"kurzy-lezeni","status":"publish","type":"page","link":"https:\/\/www.hudysteny.cz\/usti\/krouzky-a-lekce\/kurzy-lezeni\/","title":{"rendered":"Kurzy lezen\u00ed"},"content":{"rendered":"\n<div class=\"wp-block-group has-global-padding is-layout-constrained wp-block-group-is-layout-constrained\">\n<p class=\"wp-block-paragraph\">Cen\u00edk <strong>platn\u00fd <\/strong>od <strong>1.12. 2024<\/strong><\/p>\n\n\n\n<p class=\"wp-block-paragraph\"><\/p>\n<\/div>\n\n\n\n<p class=\"has-text-align-left wp-block-paragraph\"><\/p>\n\n\n\n<figure class=\"wp-block-table\"><table class=\"has-fixed-layout\"><tbody><tr><td>Seznamovac\u00ed kurz<\/td><td class=\"has-text-align-center\" data-align=\"center\"> 1 osoba<\/td><td class=\"has-text-align-center\" data-align=\"center\"><strong>1 500,- K\u010d<\/strong><\/td><\/tr><tr><td>Seznamovac\u00ed kurz<\/td><td class=\"has-text-align-center\" data-align=\"center\">2 osoby<\/td><td class=\"has-text-align-center\" data-align=\"center\"><strong>1 700,- K\u010d<\/strong> (850K\u010d\/osoba)<\/td><\/tr><tr><td>Seznamovac\u00ed kurz<\/td><td class=\"has-text-align-center\" data-align=\"center\">3 osoby<\/td><td class=\"has-text-align-center\" data-align=\"center\"><strong>2 000,- K\u010d<\/strong> (667K\u010d\/osoba)<\/td><\/tr><tr><td>Seznamovac\u00ed kurz<\/td><td class=\"has-text-align-center\" data-align=\"center\">4 osoby<\/td><td class=\"has-text-align-center\" data-align=\"center\"><strong>2 200,- K\u010d<\/strong>  (550K\u010d\/osoba)<\/td><\/tr><tr><td>Kurz lezen\u00ed 4x2hodiny<\/td><td class=\"has-text-align-center\" data-align=\"center\">1 osoba<\/td><td class=\"has-text-align-center\" data-align=\"center\"><strong>4 700,- K\u010d<\/strong> <\/td><\/tr><tr><td>Kurz lezen\u00ed 4x2hodiny<\/td><td class=\"has-text-align-center\" data-align=\"center\">2 osoby<\/td><td class=\"has-text-align-center\" data-align=\"center\"><strong>5 700,- K\u010d<\/strong> (2850 K\u010d\/osoba)<\/td><\/tr><tr><td>Kurz lezen\u00ed 4x2hodiny<\/td><td class=\"has-text-align-center\" data-align=\"center\">3 osoby<\/td><td class=\"has-text-align-center\" data-align=\"center\"><strong>6 700,- K\u010d<\/strong> (2234 K\u010d\/osoba)<\/td><\/tr><tr><td>Kurz lezen\u00ed 4x2hodiny<\/td><td class=\"has-text-align-center\" data-align=\"center\">4 osoby<\/td><td class=\"has-text-align-center\" data-align=\"center\"><strong>7 700,- K\u010d<\/strong> (1925 K\u010d\/osoba)<\/td><\/tr><tr><td>Rodinn\u00fd kurz          <\/td><td class=\"has-text-align-center\" data-align=\"center\">2 dosp\u011bl\u00ed + 3 d\u011bti do 15 let<\/td><td class=\"has-text-align-center\" data-align=\"center\"><strong>1 500,- K\u010d<\/strong><\/td><\/tr><tr><td>Instruktor 1 hodina&nbsp; <\/td><td class=\"has-text-align-center\" data-align=\"center\"><\/td><td class=\"has-text-align-center\" data-align=\"center\"> <strong>450,- K\u010d<\/strong><\/td><\/tr><\/tbody><\/table><\/figure>\n\n\n\n<p class=\"wp-block-paragraph\"><\/p>\n\n\n\n<p class=\"wp-block-paragraph\"><\/p>\n\n\n\n<p class=\"wp-block-paragraph\"><\/p>\n\n\n\n<p class=\"wp-block-paragraph\"><strong><a href=\"https:\/\/docs.google.com\/forms\/d\/e\/1FAIpQLSfWXjOFoOlckl2Gtsfq4Zmb3ITgjqzCuiT8dyhI01bn3edsCw\/viewform\" target=\"_blank\" rel=\"noreferrer noopener\">P\u0159ihla\u0161ovac\u00ed formul\u00e1\u0159 zde<\/a><\/strong><\/p>\n\n\n\n<p class=\"wp-block-paragraph\"><strong>PROS\u00cdME<\/strong>&nbsp;nezahlcujte email! Pro p\u0159ihl\u00e1\u0161en\u00ed na kurz<strong>&nbsp;<a href=\"https:\/\/docs.google.com\/forms\/d\/e\/1FAIpQLSfWXjOFoOlckl2Gtsfq4Zmb3ITgjqzCuiT8dyhI01bn3edsCw\/viewform\" target=\"_blank\" rel=\"noreferrer noopener\">vypl\u0148te p\u0159ihla\u0161ovac\u00ed formul\u00e1\u0159<\/a>.<\/strong><\/p>\n\n\n\n<p class=\"wp-block-paragraph\">V p\u0159\u00edpad\u011b dotaz\u016f volejte na tel.&nbsp;<strong><a href=\"tel:+420&nbsp;603 566 582\">+420&nbsp;603 566 582<\/a><\/strong><\/p>\n\n\n\n<p class=\"wp-block-paragraph\"><\/p>\n\n\n\n<p class=\"wp-block-paragraph\"><strong>Po vypln\u011bn\u00ed formul\u00e1\u0159e V\u00e1s budeme kontaktovat a individu\u00e1ln\u011b domluv\u00edme term\u00edn dle Va\u0161ich pot\u0159eb.<\/strong><\/p>\n\n\n\n<div style=\"height:65px\" aria-hidden=\"true\" class=\"wp-block-spacer\"><\/div>\n\n\n\n<h3 class=\"wp-block-heading\"><strong>Seznamovac\u00ed lezeck\u00fd kurz na um\u011bl\u00e9 st\u011bn\u011b<\/strong><\/h3>\n\n\n\n<p class=\"wp-block-paragraph\">Tento kurz slou\u017e\u00ed k prvn\u00edmu \u201eochutn\u00e1n\u00ed\u201c lezeck\u00e9ho pohybu na um\u011bl\u00e9 st\u011bn\u011b. V r\u00e1mci kurzu se sezn\u00e1m\u00edte se z\u00e1klady lezeck\u00e9ho pohybu na bouldrovce i na lan\u011b a tak\u00e9 si uk\u00e1\u017eeme z\u00e1klady bezpe\u010dn\u00e9ho ji\u0161t\u011bn\u00ed s horn\u00edm lanem tzv. top rope. Nen\u00ed t\u0159eba \u017e\u00e1dn\u00fdch p\u0159edchoz\u00edch zku\u0161enost\u00ed ani zvl\u00e1\u0161tn\u00edch fyzick\u00fdch zdatnost\u00ed. V cen\u011b kurzu je zahrnut\u00fd vstup na st\u011bnu, zku\u0161en\u00fd instruktor a ve\u0161ker\u00e9 lezeck\u00e9 vybaven\u00ed. V\u00e1m tak sta\u010d\u00ed jen pohodln\u00e9 oble\u010den\u00ed a chu\u0165 nau\u010dit se n\u011bco nov\u00e9ho;)<\/p>\n\n\n\n<p class=\"wp-block-paragraph\"><strong>D\u00e9lka kurzu: 1,5 hod<\/strong><\/p>\n\n\n\n<p class=\"wp-block-paragraph\">Platit m\u016f\u017eete kartou \u010di hotov\u011b na m\u00edst\u011b.<\/p>\n\n\n\n<div style=\"height:65px\" aria-hidden=\"true\" class=\"wp-block-spacer\"><\/div>\n\n\n\n<h3 class=\"wp-block-heading\"><strong>Z\u00e1kladn\u00ed kurz lezen\u00ed na um\u011bl\u00e9 st\u011bn\u011b<\/strong><\/h3>\n\n\n\n<p class=\"wp-block-paragraph\"><strong>Kurz je rozd\u011blen do 4 lekc\u00ed po 2 hodin\u00e1ch.<\/strong><\/p>\n\n\n\n<p class=\"wp-block-paragraph\">Pokud jste si pro\u0161li seznamovac\u00edm kurzem nebo hned v\u00edte, \u017ee byste se r\u00e1di v budoucnu pohybovali na um\u011bl\u00e9 st\u011bn\u011b zcela samostatn\u011b a bezpe\u010dn\u011b, tak je tento kurz p\u0159esn\u011b pro V\u00e1s. Je ur\u010den \u00fapln\u00fdm za\u010d\u00e1te\u010dn\u00edk\u016fm \u010di m\u00edrn\u011b pokro\u010dil\u00fdm, kte\u0159\u00ed by si cht\u011bli zopakovat a utu\u017eit metodiku lezen\u00ed. Krom\u011b z\u00e1klad\u016f lezeck\u00e9ho pohybu na bouldrovce i na lan\u011b a ji\u0161t\u011bn\u00ed s horn\u00edm lanem tzv. top rope, si budete moci vyt\u00e1hnout svoji prvn\u00ed cestu, zkus\u00edte si spadnout a nau\u010d\u00edte se bezpe\u010dn\u011b jistit prvolezce.<\/p>\n\n\n\n<p class=\"wp-block-paragraph\"><strong>D\u00e9lka kurzu: 4x2hod<\/strong><\/p>\n\n\n\n<p class=\"wp-block-paragraph\">Platit m\u016f\u017eete kartou \u010di hotov\u011b na m\u00edst\u011b.<\/p>\n","protected":false},"excerpt":{"rendered":"<p>Cen\u00edk platn\u00fd od 1.12. 2024 Seznamovac\u00ed kurz 1 osoba 1 500,- K\u010d Seznamovac\u00ed kurz 2 osoby 1 700,- K\u010d (850K\u010d\/osoba) Seznamovac\u00ed kurz 3 osoby 2 000,- K\u010d (667K\u010d\/osoba) Seznamovac\u00ed kurz 4 osoby 2 200,- K\u010d (550K\u010d\/osoba) Kurz lezen\u00ed 4x2hodiny 1 osoba 4 700,- K\u010d Kurz lezen\u00ed 4x2hodiny 2 osoby 5 700,- K\u010d (2850 K\u010d\/osoba) Kurz [&hellip;]<\/p>\n","protected":false},"author":1,"featured_media":0,"parent":33,"menu_order":36,"comment_status":"closed","ping_status":"closed","template":"","meta":{"_acf_changed":false,"_crdt_document":"","footnotes":""},"class_list":["post-487","page","type-page","status-publish","hentry"],"acf":[],"_links":{"self":[{"href":"https:\/\/www.hudysteny.cz\/usti\/wp-json\/wp\/v2\/pages\/487","targetHints":{"allow":["GET"]}}],"collection":[{"href":"https:\/\/www.hudysteny.cz\/usti\/wp-json\/wp\/v2\/pages"}],"about":[{"href":"https:\/\/www.hudysteny.cz\/usti\/wp-json\/wp\/v2\/types\/page"}],"author":[{"embeddable":true,"href":"https:\/\/www.hudysteny.cz\/usti\/wp-json\/wp\/v2\/users\/1"}],"replies":[{"embeddable":true,"href":"https:\/\/www.hudysteny.cz\/usti\/wp-json\/wp\/v2\/comments?post=487"}],"version-history":[{"count":5,"href":"https:\/\/www.hudysteny.cz\/usti\/wp-json\/wp\/v2\/pages\/487\/revisions"}],"predecessor-version":[{"id":1266,"href":"https:\/\/www.hudysteny.cz\/usti\/wp-json\/wp\/v2\/pages\/487\/revisions\/1266"}],"up":[{"embeddable":true,"href":"https:\/\/www.hudysteny.cz\/usti\/wp-json\/wp\/v2\/pages\/33"}],"wp:attachment":[{"href":"https:\/\/www.hudysteny.cz\/usti\/wp-json\/wp\/v2\/media?parent=487"}],"curies":[{"name":"wp","href":"https:\/\/api.w.org\/{rel}","templated":true}]}}