{"id":462,"date":"2023-09-04T18:00:11","date_gmt":"2023-09-04T16:00:11","guid":{"rendered":"https:\/\/dev-usti.hudysteny.cz\/?page_id=462"},"modified":"2023-12-22T10:01:39","modified_gmt":"2023-12-22T09:01:39","slug":"parametry-steny","status":"publish","type":"page","link":"https:\/\/www.hudysteny.cz\/usti\/stena\/parametry-steny\/","title":{"rendered":"Parametry st\u011bny"},"content":{"rendered":"\n<h3 class=\"wp-block-heading\">Hlavn\u00ed d\u00f3m<\/h3>\n\n\n\n<p class=\"wp-block-paragraph\">Nejv\u011bt\u0161\u00ed \u010d\u00e1st lezeck\u00e9 st\u011bny je na plo\u0161e&nbsp;<strong>19 m x 13 m<\/strong>&nbsp;s d\u00e9lkou&nbsp;<strong>lezeck\u00fdch cest<\/strong>&nbsp;<strong>od 15 do 21 metr\u016f<\/strong>. Nach\u00e1z\u00ed se zde jak kolm\u00e9 \u010di lehce polo\u017een\u00e9 lezen\u00ed, tak i p\u0159evisl\u00e9 lezen\u00ed s&nbsp;nejv\u011bt\u0161\u00edm<strong>&nbsp;p\u0159evisem 7 m<\/strong>. Je zde&nbsp;<strong>45 lezeck\u00fdch lini\u00ed<\/strong>. Pro nejdel\u0161\u00ed profily je zapot\u0159eb\u00ed 40 m lano. Po cel\u00e9 plo\u0161e je podlahov\u00e9 topen\u00ed.<\/p>\n\n\n\n<div style=\"height:65px\" aria-hidden=\"true\" class=\"wp-block-spacer\"><\/div>\n\n\n\n<h3 class=\"wp-block-heading\">Horn\u00ed st\u011bna<\/h3>\n\n\n\n<p class=\"wp-block-paragraph\">St\u011bna nad barem a \u0161atnami, kter\u00e1 je ur\u010dena nejen pro za\u010d\u00ednaj\u00edc\u00ed lezce. D\u00e9lka cest je&nbsp;od<strong>&nbsp;11 m<\/strong>&nbsp;do<strong>&nbsp;13 m<\/strong>&nbsp;a celkovou d\u00e9lkou st\u011bny&nbsp;<strong>30 m<\/strong>. Nach\u00e1z\u00ed se zde kolm\u00e9 lezen\u00ed a lehce p\u0159evisl\u00e9. Je zde i sp\u00e1ra a kom\u00edn pro pestrost lezen\u00ed a n\u00e1cvik na opravdov\u00e9 sk\u00e1ly. Dal\u0161\u00ed \u201dvychyt\u00e1vkou\u201d v t\u00e9to \u010d\u00e1sti je lezen\u00ed na navij\u00e1c\u00edch (samoji\u0161t\u011bn\u00ed), ke kter\u00e9mu nepot\u0159ebujete jisti\u010de. Nach\u00e1z\u00ed se zde 25 lezeck\u00fdch lini\u00ed plus&nbsp;<strong>5 navij\u00e1k\u016f na samoji\u0161t\u011bn\u00ed<\/strong>.<\/p>\n\n\n\n<div style=\"height:65px\" aria-hidden=\"true\" class=\"wp-block-spacer\"><\/div>\n\n\n\n<h3 class=\"wp-block-heading\">D\u011btsk\u00e1 st\u011bna<\/h3>\n\n\n\n<p class=\"wp-block-paragraph\">Nad bouldrovkou se nach\u00e1z\u00ed st\u011bna pro na\u0161e nejmen\u0161\u00ed. V\u00fd\u0161ka v kolmici je&nbsp;<strong>6,5 m&nbsp;<\/strong>a d\u00e9lka<strong>&nbsp;20 m<\/strong>. Nach\u00e1z\u00ed se zde&nbsp;<strong>18 lezeck\u00fdch lini\u00ed<\/strong>&nbsp;a v\u0161echny jsou osazeny TopRope. St\u011bnky jsou zde kolm\u00e9, lehce polo\u017een\u00e9, \u010di \u010d\u00e1ste\u010dn\u011b p\u0159evisl\u00e9. Pro spest\u0159en\u00ed i sokol\u00edk. Hned vedle st\u011bny je i mal\u00fd&nbsp;<strong>dome\u010dek&nbsp;pro d\u011bti<\/strong>.<\/p>\n\n\n\n<div style=\"height:65px\" aria-hidden=\"true\" class=\"wp-block-spacer\"><\/div>\n\n\n\n<h3 class=\"wp-block-heading\">D\u011btsk\u00e1 bouldrovka a Spray-Wall<\/h3>\n\n\n\n<p class=\"wp-block-paragraph\">Nach\u00e1z\u00ed se p\u0159\u00edmo naproti horn\u00ed st\u011bn\u011b a pod d\u011btsku st\u011bnou. Nen\u00ed tedy nikde \u201dza\u0161it\u00e1\u201d, ale je ned\u00edlnou \u010d\u00e1st\u00ed lezeck\u00e9 st\u011bny. Jej\u00ed d\u00e9lka je<strong>&nbsp;15 m&nbsp;<\/strong>a je rozd\u011blena na 3 pomysln\u00e9 segmenty. Prvn\u00edm je klasick\u00e1 plocha (Spray-Wall) o sklonu 30 stup\u0148\u016f. Druh\u00fdm je pomysln\u00fd &#8222;k\u00e1men&#8220; s kolm\u00fdmi a polo\u017een\u00fdmi st\u011bnami. T\u0159et\u00edm segmentem je &#8222;jeskyn\u011b&#8220;, kde jsou jak kolm\u00e9 st\u011bny, tak i p\u0159evis o skladu 40 stup\u0148\u016f. Nechyb\u00ed zde struktury \u010di ob\u0159\u00ed chyty.<\/p>\n\n\n\n<p class=\"wp-block-paragraph\"><\/p>\n\n\n\n<div style=\"height:65px\" aria-hidden=\"true\" class=\"wp-block-spacer\"><\/div>\n\n\n\n<h3 class=\"wp-block-heading\">Bouldrovac\u00ed hala<\/h3>\n\n\n\n<p class=\"wp-block-paragraph\">Sou\u010d\u00e1st\u00ed are\u00e1lu je nov\u00e1 modern\u00ed bouldrovac\u00ed hala o celkov\u00e9 rozloze lezeck\u00e9 plochy 550m2, kde je postaveno cca. 130 bouldr\u016f. Obt\u00ed\u017enost je pro snadnou orientaci ur\u010dena barvou. Modr\u00e1 a \u010derven\u00e1 &#8211; za\u010d\u00e1te\u010dn\u00edci. Oran\u017eov\u00e1 a \u010dern\u00e1 &#8211; st\u0159edn\u011b pokro\u010dil\u00fd. Zelen\u00e1 a \u017elut\u00e1 &#8211; v\u00fdkonnostn\u00ed lezci. Cel\u00e1 hala je pokryta dopadi\u0161t\u011bm o tlou\u0161\u0165ce 30 cm a dal\u0161\u00edmi dopl\u0148kov\u00fdmi \u017e\u00edn\u011bnkami. Sou\u010d\u00e1st\u00ed st\u011bny je i velk\u00fd kampus od firmy Shybuj. Modern\u00ed bouldrovac\u00ed chyty a profesion\u00e1ln\u00ed t\u00fdm stav\u011b\u010d\u016f je samoz\u0159ejmost\u00ed.<\/p>\n\n\n\n<div style=\"height:65px\" aria-hidden=\"true\" class=\"wp-block-spacer\"><\/div>\n\n\n\n<p class=\"wp-block-paragraph\"><strong>Celkov\u00e1 lezeck\u00e1 plocha cel\u00e9ho are\u00e1lu je cca 2 300m2<\/strong><\/p>\n\n\n\n<div style=\"height:65px\" aria-hidden=\"true\" class=\"wp-block-spacer\"><\/div>\n\n\n\n<h3 class=\"wp-block-heading\">\u0160atny<\/h3>\n\n\n\n<p class=\"wp-block-paragraph\">\u0160atny jsou zvl\u00e1\u0161\u0165 pro mu\u017ee a pro \u017eeny. Nach\u00e1z\u00ed se v&nbsp;nich uzamykateln\u00e9 sk\u0159\u00ed\u0148ky, sprchy a toalety. P\u0159ed vstupem do \u0161aten se p\u0159ezouv\u00e1. Cel\u00e9 \u0161atny a n\u00e1sledn\u011b i lezeck\u00fd are\u00e1l je ji\u017e tedy v&nbsp;p\u0159ez\u016fvk\u00e1ch.<\/p>\n\n\n\n<p class=\"wp-block-paragraph\"><\/p>\n","protected":false},"excerpt":{"rendered":"<p>Hlavn\u00ed d\u00f3m Nejv\u011bt\u0161\u00ed \u010d\u00e1st lezeck\u00e9 st\u011bny je na plo\u0161e&nbsp;19 m x 13 m&nbsp;s d\u00e9lkou&nbsp;lezeck\u00fdch cest&nbsp;od 15 do 21 metr\u016f. Nach\u00e1z\u00ed se zde jak kolm\u00e9 \u010di lehce polo\u017een\u00e9 lezen\u00ed, tak i p\u0159evisl\u00e9 lezen\u00ed s&nbsp;nejv\u011bt\u0161\u00edm&nbsp;p\u0159evisem 7 m. Je zde&nbsp;45 lezeck\u00fdch lini\u00ed. Pro nejdel\u0161\u00ed profily je zapot\u0159eb\u00ed 40 m lano. Po cel\u00e9 plo\u0161e je podlahov\u00e9 topen\u00ed. Horn\u00ed st\u011bna [&hellip;]<\/p>\n","protected":false},"author":1,"featured_media":0,"parent":31,"menu_order":4,"comment_status":"closed","ping_status":"closed","template":"","meta":{"_acf_changed":false,"_crdt_document":"","footnotes":""},"class_list":["post-462","page","type-page","status-publish","hentry"],"acf":[],"_links":{"self":[{"href":"https:\/\/www.hudysteny.cz\/usti\/wp-json\/wp\/v2\/pages\/462","targetHints":{"allow":["GET"]}}],"collection":[{"href":"https:\/\/www.hudysteny.cz\/usti\/wp-json\/wp\/v2\/pages"}],"about":[{"href":"https:\/\/www.hudysteny.cz\/usti\/wp-json\/wp\/v2\/types\/page"}],"author":[{"embeddable":true,"href":"https:\/\/www.hudysteny.cz\/usti\/wp-json\/wp\/v2\/users\/1"}],"replies":[{"embeddable":true,"href":"https:\/\/www.hudysteny.cz\/usti\/wp-json\/wp\/v2\/comments?post=462"}],"version-history":[{"count":4,"href":"https:\/\/www.hudysteny.cz\/usti\/wp-json\/wp\/v2\/pages\/462\/revisions"}],"predecessor-version":[{"id":1120,"href":"https:\/\/www.hudysteny.cz\/usti\/wp-json\/wp\/v2\/pages\/462\/revisions\/1120"}],"up":[{"embeddable":true,"href":"https:\/\/www.hudysteny.cz\/usti\/wp-json\/wp\/v2\/pages\/31"}],"wp:attachment":[{"href":"https:\/\/www.hudysteny.cz\/usti\/wp-json\/wp\/v2\/media?parent=462"}],"curies":[{"name":"wp","href":"https:\/\/api.w.org\/{rel}","templated":true}]}}