{"id":39,"date":"2023-06-22T16:09:56","date_gmt":"2023-06-22T14:09:56","guid":{"rendered":"https:\/\/dev-usti.hudysteny.cz\/?page_id=39"},"modified":"2026-04-09T09:47:32","modified_gmt":"2026-04-09T07:47:32","slug":"kontakt","status":"publish","type":"page","link":"https:\/\/www.hudysteny.cz\/usti\/kontakt\/","title":{"rendered":"Kontakt"},"content":{"rendered":"\n<div class=\"wp-block-group oteviracka has-global-padding is-layout-constrained wp-block-group-is-layout-constrained\">\n<div class=\"wp-block-columns is-layout-flex wp-container-core-columns-is-layout-9ba6dbca wp-block-columns-is-layout-flex\">\n<div class=\"wp-block-column is-layout-flow wp-block-column-is-layout-flow\">\n<h3 class=\"wp-block-heading\">Otev\u00edrac\u00ed doba<\/h3>\n\n\n\n<figure class=\"wp-block-table noborder\"><table><tbody><tr><td>Pond\u011bl\u00ed<\/td><td>10.00 &#8211; 21.00<\/td><\/tr><tr><td>\u00dater\u00fd<\/td><td>10.00 &#8211; 21.00<\/td><\/tr><tr><td>St\u0159eda<\/td><td>10.00 &#8211; 21.00<\/td><\/tr><tr><td>\u010ctvrtek<\/td><td>10.00 &#8211; 21.00<\/td><\/tr><tr><td>P\u00e1tek<\/td><td>10.00 &#8211; 21.00<\/td><\/tr><tr><td><strong>Sobota a ned\u011ble<\/strong><br><strong>POZOR od 25.4. ZM\u011aNA<\/strong><\/td><td>08.00 &#8211; 21.00<br><strong>08.00 &#8211; 19.00<\/strong><\/td><\/tr><\/tbody><\/table><\/figure>\n<\/div>\n\n\n\n<div class=\"wp-block-column is-layout-flow wp-block-column-is-layout-flow\">\n<h3 class=\"wp-block-heading\">Kde n\u00e1s najdete<\/h3>\n\n\n\n<p class=\"wp-block-paragraph\">HUDY Lezeck\u00e1 st\u011bna \u00dast\u00ed nad Labem<br>Pra\u017esk\u00e1 21<br>400 01 \u00dast\u00ed nad Labem<br><br>Tel.: <a href=\"tel:+420&nbsp;603 566 582\">+420&nbsp;<strong>603 566 582<\/strong><\/a><br>email: <a href=\"mailto:stena.usti@hudy.cz\">stena.usti@hudy.cz<\/a><\/p>\n<\/div>\n\n\n\n<div class=\"wp-block-column is-layout-flow wp-block-column-is-layout-flow\">\n<h3 class=\"wp-block-heading\">Sledujte n\u00e1s<\/h3>\n\n\n\n<div class=\"wp-block-group social is-nowrap is-layout-flex wp-container-core-group-is-layout-9ba6dbca wp-block-group-is-layout-flex\">\n<figure class=\"wp-block-image size-full is-resized\"><a href=\"https:\/\/www.facebook.com\/HudyLezeckaStenaUsti\" target=\"_blank\" rel=\"noreferrer noopener\"><img decoding=\"async\" src=\"https:\/\/www.hudysteny.cz\/usti\/wp-content\/uploads\/2023\/07\/facebook-b.svg\" alt=\"\" class=\"wp-image-323\" style=\"object-fit:cover;width:32px;height:32px\"\/><\/a><\/figure>\n\n\n\n<figure class=\"wp-block-image size-full is-resized\"><a href=\"https:\/\/www.instagram.com\/hudystena.usti\/\" target=\"_blank\" rel=\"noreferrer noopener\"><img decoding=\"async\" src=\"https:\/\/www.hudysteny.cz\/usti\/wp-content\/uploads\/2023\/07\/instagram-b.svg\" alt=\"\" class=\"wp-image-326\" style=\"object-fit:cover;width:32px;height:32px\"\/><\/a><\/figure>\n<\/div>\n\n\n\n<div style=\"height:30px;width:0px\" aria-hidden=\"true\" class=\"wp-block-spacer mezera_25\"><\/div>\n\n\n\n<h3 class=\"wp-block-heading sms_info desktop_hidden\">Kudy k n\u00e1m?<\/h3>\n\n\n\n<p class=\"mb-0 wp-block-paragraph\">Najdete n\u00e1s na <a href=\"https:\/\/mapy.cz\/s\/jatazagupo\" data-type=\"URL\" data-id=\"https:\/\/mapy.cz\" target=\"_blank\" rel=\"noreferrer noopener\">Mapy.cz<\/a> nebo <a href=\"https:\/\/maps.app.goo.gl\/VJN1fEU1M91gvUvk7\" data-type=\"URL\" data-id=\"https:\/\/mapy.cz\" target=\"_blank\" rel=\"noreferrer noopener\">Google<\/a><\/p>\n\n\n\n<p class=\"sms_info mobile_hidden wp-block-paragraph\"><a href=\"#sms\" data-type=\"internal\" data-id=\"#sms\">Kudy k n\u00e1m? Autem i MHD<\/a><\/p>\n\n\n\n<div style=\"height:25px;width:0px\" aria-hidden=\"true\" class=\"wp-block-spacer mezera_25\"><\/div>\n\n\n\n<div class=\"wp-block-group desktop_hidden has-global-padding is-layout-constrained wp-block-group-is-layout-constrained\">\n<div class=\"wp-block-group sms has-global-padding is-layout-constrained wp-block-group-is-layout-constrained\">\n<p class=\"wp-block-paragraph\"><strong>Autem <\/strong>\u2013 sm\u011brem od \u00dast\u00ed podjedete \u017eelezni\u010dn\u00ed most pod V\u011btru\u0161\u00ed, 1km od n\u011bj po lev\u00e9 stran\u011b je ozna\u010den\u00fd vjezd do are\u00e1lu. V are\u00e1lu je bezplatn\u00e9 parkov\u00e1n\u00ed.<\/p>\n\n\n\n<p class=\"wp-block-paragraph\"><strong>MHD <\/strong>\u2013 u st\u011bny je zast\u00e1vka linky \u010d.85U cukrovaru (na znamen\u00ed). Autobus jede od p\u0159estupn\u00edho uzlu U divadla.<\/p>\n\n\n\n<p class=\"wp-block-paragraph\">Pro n\u00e1kup SMS j\u00edzdenky po\u0161lete SMS zpr\u00e1vu ve tvaru MDJ na \u010d\u00edslo 902 06. J\u00edzdenka stoj\u00ed 18 K\u010d (+ cena SMS zpr\u00e1vy dle Va\u0161eho tarifu u oper\u00e1tora), je p\u0159estupn\u00ed a plat\u00ed 60 minut v z\u00f3n\u00e1ch 101+111+121+122.<br><a rel=\"noreferrer noopener\" href=\"https:\/\/dpmul.cz\/\" data-type=\"link\" data-id=\"https:\/\/dpmul.cz\/\" target=\"_blank\">J\u00edzdn\u00ed \u0159\u00e1dy online<\/a><\/p>\n<\/div>\n<\/div>\n<\/div>\n<\/div>\n<\/div>\n\n\n\n<div style=\"height:65px\" aria-hidden=\"true\" class=\"wp-block-spacer mezera_65\"><\/div>\n\n\n\n<h3 class=\"wp-block-heading has-text-align-center\">Fotogalerie<\/h3>\n\n\n\n<figure class=\"wp-block-gallery has-nested-images columns-3 is-cropped wp-block-gallery-1 is-layout-flex wp-block-gallery-is-layout-flex\">\n<figure class=\"wp-block-image size-large\"><a href=\"https:\/\/www.hudysteny.cz\/usti\/wp-content\/uploads\/2023\/12\/Celek_2.jpg\"><img loading=\"lazy\" decoding=\"async\" width=\"1024\" height=\"679\" data-id=\"997\" src=\"https:\/\/www.hudysteny.cz\/usti\/wp-content\/uploads\/2023\/12\/Celek_2.jpg\" alt=\"\" class=\"wp-image-997\" srcset=\"https:\/\/www.hudysteny.cz\/usti\/wp-content\/uploads\/2023\/12\/Celek_2.jpg 1024w, https:\/\/www.hudysteny.cz\/usti\/wp-content\/uploads\/2023\/12\/Celek_2-300x199.jpg 300w, https:\/\/www.hudysteny.cz\/usti\/wp-content\/uploads\/2023\/12\/Celek_2-768x509.jpg 768w\" sizes=\"auto, (max-width: 1024px) 100vw, 1024px\" \/><\/a><\/figure>\n\n\n\n<figure class=\"wp-block-image size-large\"><a href=\"https:\/\/www.hudysteny.cz\/usti\/wp-content\/uploads\/2023\/12\/HUDY_lezecka_stena_Usti_nad_Labem_-_40.jpg\"><img loading=\"lazy\" decoding=\"async\" width=\"500\" height=\"667\" data-id=\"983\" src=\"https:\/\/www.hudysteny.cz\/usti\/wp-content\/uploads\/2023\/12\/HUDY_lezecka_stena_Usti_nad_Labem_-_40.jpg\" alt=\"\" class=\"wp-image-983\" srcset=\"https:\/\/www.hudysteny.cz\/usti\/wp-content\/uploads\/2023\/12\/HUDY_lezecka_stena_Usti_nad_Labem_-_40.jpg 500w, https:\/\/www.hudysteny.cz\/usti\/wp-content\/uploads\/2023\/12\/HUDY_lezecka_stena_Usti_nad_Labem_-_40-225x300.jpg 225w\" sizes=\"auto, (max-width: 500px) 100vw, 500px\" \/><\/a><\/figure>\n\n\n\n<figure class=\"wp-block-image size-large\"><a href=\"https:\/\/www.hudysteny.cz\/usti\/wp-content\/uploads\/2023\/12\/Celek_patro.jpg\"><img loading=\"lazy\" decoding=\"async\" width=\"1024\" height=\"581\" data-id=\"1010\" src=\"https:\/\/www.hudysteny.cz\/usti\/wp-content\/uploads\/2023\/12\/Celek_patro.jpg\" alt=\"\" class=\"wp-image-1010\" srcset=\"https:\/\/www.hudysteny.cz\/usti\/wp-content\/uploads\/2023\/12\/Celek_patro.jpg 1024w, https:\/\/www.hudysteny.cz\/usti\/wp-content\/uploads\/2023\/12\/Celek_patro-300x170.jpg 300w, https:\/\/www.hudysteny.cz\/usti\/wp-content\/uploads\/2023\/12\/Celek_patro-768x436.jpg 768w\" sizes=\"auto, (max-width: 1024px) 100vw, 1024px\" \/><\/a><\/figure>\n\n\n\n<figure class=\"wp-block-image size-large\"><a href=\"https:\/\/www.hudysteny.cz\/usti\/wp-content\/uploads\/2023\/12\/HUDY_lezecka_stena_Usti_nad_Labem_-_38.jpg\"><img loading=\"lazy\" decoding=\"async\" width=\"500\" height=\"667\" data-id=\"984\" src=\"https:\/\/www.hudysteny.cz\/usti\/wp-content\/uploads\/2023\/12\/HUDY_lezecka_stena_Usti_nad_Labem_-_38.jpg\" alt=\"\" class=\"wp-image-984\" srcset=\"https:\/\/www.hudysteny.cz\/usti\/wp-content\/uploads\/2023\/12\/HUDY_lezecka_stena_Usti_nad_Labem_-_38.jpg 500w, https:\/\/www.hudysteny.cz\/usti\/wp-content\/uploads\/2023\/12\/HUDY_lezecka_stena_Usti_nad_Labem_-_38-225x300.jpg 225w\" sizes=\"auto, (max-width: 500px) 100vw, 500px\" \/><\/a><\/figure>\n\n\n\n<figure class=\"wp-block-image size-large\"><a href=\"https:\/\/www.hudysteny.cz\/usti\/wp-content\/uploads\/2023\/12\/Komin_spara.jpg\"><img loading=\"lazy\" decoding=\"async\" width=\"768\" height=\"1024\" data-id=\"1006\" src=\"https:\/\/www.hudysteny.cz\/usti\/wp-content\/uploads\/2023\/12\/Komin_spara.jpg\" alt=\"\" class=\"wp-image-1006\" srcset=\"https:\/\/www.hudysteny.cz\/usti\/wp-content\/uploads\/2023\/12\/Komin_spara.jpg 768w, https:\/\/www.hudysteny.cz\/usti\/wp-content\/uploads\/2023\/12\/Komin_spara-225x300.jpg 225w\" sizes=\"auto, (max-width: 768px) 100vw, 768px\" \/><\/a><\/figure>\n\n\n\n<figure class=\"wp-block-image size-large\"><a href=\"https:\/\/www.hudysteny.cz\/usti\/wp-content\/uploads\/2023\/12\/Z_vrchu.jpg\"><img loading=\"lazy\" decoding=\"async\" width=\"679\" height=\"1024\" data-id=\"1009\" src=\"https:\/\/www.hudysteny.cz\/usti\/wp-content\/uploads\/2023\/12\/Z_vrchu.jpg\" alt=\"\" class=\"wp-image-1009\" srcset=\"https:\/\/www.hudysteny.cz\/usti\/wp-content\/uploads\/2023\/12\/Z_vrchu.jpg 679w, https:\/\/www.hudysteny.cz\/usti\/wp-content\/uploads\/2023\/12\/Z_vrchu-199x300.jpg 199w\" sizes=\"auto, (max-width: 679px) 100vw, 679px\" \/><\/a><\/figure>\n\n\n\n<figure class=\"wp-block-image size-large\"><a href=\"https:\/\/www.hudysteny.cz\/usti\/wp-content\/uploads\/2023\/12\/Z_vrsku.jpg\"><img loading=\"lazy\" decoding=\"async\" width=\"679\" height=\"1024\" data-id=\"1015\" src=\"https:\/\/www.hudysteny.cz\/usti\/wp-content\/uploads\/2023\/12\/Z_vrsku.jpg\" alt=\"\" class=\"wp-image-1015\" srcset=\"https:\/\/www.hudysteny.cz\/usti\/wp-content\/uploads\/2023\/12\/Z_vrsku.jpg 679w, https:\/\/www.hudysteny.cz\/usti\/wp-content\/uploads\/2023\/12\/Z_vrsku-199x300.jpg 199w\" sizes=\"auto, (max-width: 679px) 100vw, 679px\" \/><\/a><\/figure>\n\n\n\n<figure class=\"wp-block-image size-large\"><a href=\"https:\/\/www.hudysteny.cz\/usti\/wp-content\/uploads\/2023\/12\/HUDY_lezecka_stena_Usti_nad_Labem_-_22.jpg\"><img loading=\"lazy\" decoding=\"async\" width=\"700\" height=\"525\" data-id=\"989\" src=\"https:\/\/www.hudysteny.cz\/usti\/wp-content\/uploads\/2023\/12\/HUDY_lezecka_stena_Usti_nad_Labem_-_22.jpg\" alt=\"\" class=\"wp-image-989\" srcset=\"https:\/\/www.hudysteny.cz\/usti\/wp-content\/uploads\/2023\/12\/HUDY_lezecka_stena_Usti_nad_Labem_-_22.jpg 700w, https:\/\/www.hudysteny.cz\/usti\/wp-content\/uploads\/2023\/12\/HUDY_lezecka_stena_Usti_nad_Labem_-_22-300x225.jpg 300w\" sizes=\"auto, (max-width: 700px) 100vw, 700px\" \/><\/a><\/figure>\n\n\n\n<figure class=\"wp-block-image size-large\"><a href=\"https:\/\/www.hudysteny.cz\/usti\/wp-content\/uploads\/2023\/12\/HUDY_lezecka_stena_Usti_nad_Labem_-_24.jpg\"><img loading=\"lazy\" decoding=\"async\" width=\"700\" height=\"525\" data-id=\"992\" src=\"https:\/\/www.hudysteny.cz\/usti\/wp-content\/uploads\/2023\/12\/HUDY_lezecka_stena_Usti_nad_Labem_-_24.jpg\" alt=\"\" class=\"wp-image-992\" srcset=\"https:\/\/www.hudysteny.cz\/usti\/wp-content\/uploads\/2023\/12\/HUDY_lezecka_stena_Usti_nad_Labem_-_24.jpg 700w, https:\/\/www.hudysteny.cz\/usti\/wp-content\/uploads\/2023\/12\/HUDY_lezecka_stena_Usti_nad_Labem_-_24-300x225.jpg 300w\" sizes=\"auto, (max-width: 700px) 100vw, 700px\" \/><\/a><\/figure>\n\n\n\n<figure class=\"wp-block-image size-full\"><a href=\"https:\/\/www.hudysteny.cz\/usti\/wp-content\/uploads\/2023\/12\/HUDY_lezecka_stena_Usti_nad_Labem_-_25.jpg\"><img loading=\"lazy\" decoding=\"async\" width=\"700\" height=\"525\" data-id=\"982\" src=\"https:\/\/www.hudysteny.cz\/usti\/wp-content\/uploads\/2023\/12\/HUDY_lezecka_stena_Usti_nad_Labem_-_25.jpg\" alt=\"\" class=\"wp-image-982\" srcset=\"https:\/\/www.hudysteny.cz\/usti\/wp-content\/uploads\/2023\/12\/HUDY_lezecka_stena_Usti_nad_Labem_-_25.jpg 700w, https:\/\/www.hudysteny.cz\/usti\/wp-content\/uploads\/2023\/12\/HUDY_lezecka_stena_Usti_nad_Labem_-_25-300x225.jpg 300w\" sizes=\"auto, (max-width: 700px) 100vw, 700px\" \/><\/a><\/figure>\n\n\n\n<figure class=\"wp-block-image size-large\"><a href=\"https:\/\/www.hudysteny.cz\/usti\/wp-content\/uploads\/2024\/04\/P1051454-m.jpg\"><img loading=\"lazy\" decoding=\"async\" width=\"1024\" height=\"683\" data-id=\"1167\" src=\"https:\/\/www.hudysteny.cz\/usti\/wp-content\/uploads\/2024\/04\/P1051454-m-1024x683.jpg\" alt=\"\" class=\"wp-image-1167\" srcset=\"https:\/\/www.hudysteny.cz\/usti\/wp-content\/uploads\/2024\/04\/P1051454-m-1024x683.jpg 1024w, https:\/\/www.hudysteny.cz\/usti\/wp-content\/uploads\/2024\/04\/P1051454-m-300x200.jpg 300w, https:\/\/www.hudysteny.cz\/usti\/wp-content\/uploads\/2024\/04\/P1051454-m-768x512.jpg 768w, https:\/\/www.hudysteny.cz\/usti\/wp-content\/uploads\/2024\/04\/P1051454-m.jpg 1440w\" sizes=\"auto, (max-width: 1024px) 100vw, 1024px\" \/><\/a><\/figure>\n\n\n\n<figure class=\"wp-block-image size-large\"><a href=\"https:\/\/www.hudysteny.cz\/usti\/wp-content\/uploads\/2024\/04\/P1051299-m.jpg\"><img loading=\"lazy\" decoding=\"async\" width=\"1024\" height=\"683\" data-id=\"1170\" src=\"https:\/\/www.hudysteny.cz\/usti\/wp-content\/uploads\/2024\/04\/P1051299-m-1024x683.jpg\" alt=\"\" class=\"wp-image-1170\" srcset=\"https:\/\/www.hudysteny.cz\/usti\/wp-content\/uploads\/2024\/04\/P1051299-m-1024x683.jpg 1024w, https:\/\/www.hudysteny.cz\/usti\/wp-content\/uploads\/2024\/04\/P1051299-m-300x200.jpg 300w, https:\/\/www.hudysteny.cz\/usti\/wp-content\/uploads\/2024\/04\/P1051299-m-768x512.jpg 768w, https:\/\/www.hudysteny.cz\/usti\/wp-content\/uploads\/2024\/04\/P1051299-m.jpg 1321w\" sizes=\"auto, (max-width: 1024px) 100vw, 1024px\" \/><\/a><\/figure>\n\n\n\n<figure class=\"wp-block-image size-large\"><a href=\"https:\/\/www.hudysteny.cz\/usti\/wp-content\/uploads\/2024\/04\/P1050999-m.jpg\"><img loading=\"lazy\" decoding=\"async\" width=\"1024\" height=\"683\" data-id=\"1173\" src=\"https:\/\/www.hudysteny.cz\/usti\/wp-content\/uploads\/2024\/04\/P1050999-m-1024x683.jpg\" alt=\"\" class=\"wp-image-1173\" srcset=\"https:\/\/www.hudysteny.cz\/usti\/wp-content\/uploads\/2024\/04\/P1050999-m-1024x683.jpg 1024w, https:\/\/www.hudysteny.cz\/usti\/wp-content\/uploads\/2024\/04\/P1050999-m-300x200.jpg 300w, https:\/\/www.hudysteny.cz\/usti\/wp-content\/uploads\/2024\/04\/P1050999-m-768x512.jpg 768w, https:\/\/www.hudysteny.cz\/usti\/wp-content\/uploads\/2024\/04\/P1050999-m.jpg 1338w\" sizes=\"auto, (max-width: 1024px) 100vw, 1024px\" \/><\/a><\/figure>\n\n\n\n<figure class=\"wp-block-image size-large\"><a href=\"https:\/\/www.hudysteny.cz\/usti\/wp-content\/uploads\/2024\/04\/20230308_184633-m.jpg\"><img loading=\"lazy\" decoding=\"async\" width=\"1024\" height=\"461\" data-id=\"1176\" src=\"https:\/\/www.hudysteny.cz\/usti\/wp-content\/uploads\/2024\/04\/20230308_184633-m-1024x461.jpg\" alt=\"\" class=\"wp-image-1176\" srcset=\"https:\/\/www.hudysteny.cz\/usti\/wp-content\/uploads\/2024\/04\/20230308_184633-m-1024x461.jpg 1024w, https:\/\/www.hudysteny.cz\/usti\/wp-content\/uploads\/2024\/04\/20230308_184633-m-300x135.jpg 300w, https:\/\/www.hudysteny.cz\/usti\/wp-content\/uploads\/2024\/04\/20230308_184633-m-768x346.jpg 768w, https:\/\/www.hudysteny.cz\/usti\/wp-content\/uploads\/2024\/04\/20230308_184633-m-1536x691.jpg 1536w, https:\/\/www.hudysteny.cz\/usti\/wp-content\/uploads\/2024\/04\/20230308_184633-m.jpg 1920w\" sizes=\"auto, (max-width: 1024px) 100vw, 1024px\" \/><\/a><\/figure>\n\n\n\n<figure class=\"wp-block-image size-large\"><a href=\"https:\/\/www.hudysteny.cz\/usti\/wp-content\/uploads\/2024\/04\/boulder-usti-65mpx-m.jpg\"><img loading=\"lazy\" decoding=\"async\" width=\"1024\" height=\"393\" data-id=\"1179\" src=\"https:\/\/www.hudysteny.cz\/usti\/wp-content\/uploads\/2024\/04\/boulder-usti-65mpx-m-1024x393.jpg\" alt=\"\" class=\"wp-image-1179\" srcset=\"https:\/\/www.hudysteny.cz\/usti\/wp-content\/uploads\/2024\/04\/boulder-usti-65mpx-m-1024x393.jpg 1024w, https:\/\/www.hudysteny.cz\/usti\/wp-content\/uploads\/2024\/04\/boulder-usti-65mpx-m-300x115.jpg 300w, https:\/\/www.hudysteny.cz\/usti\/wp-content\/uploads\/2024\/04\/boulder-usti-65mpx-m-768x295.jpg 768w, https:\/\/www.hudysteny.cz\/usti\/wp-content\/uploads\/2024\/04\/boulder-usti-65mpx-m-1536x590.jpg 1536w, https:\/\/www.hudysteny.cz\/usti\/wp-content\/uploads\/2024\/04\/boulder-usti-65mpx-m.jpg 1920w\" sizes=\"auto, (max-width: 1024px) 100vw, 1024px\" \/><\/a><\/figure>\n<\/figure>\n\n\n\n<div style=\"height:65px\" aria-hidden=\"true\" class=\"wp-block-spacer mezera_65\"><\/div>\n\n\n\n        <div class=\"map_wrapper alignfull\">\n            <div id=\"map\" class=\"alignfull\"><\/div>\n            <div id=\"map_overlay\">Pro posun mapy dr\u017ete kl\u00e1vesu Ctrl a sou\u010dasn\u011b pou\u017eijte kole\u010dko my\u0161i<\/div>\n        <\/div>\n        <script src=\"https:\/\/maps.googleapis.com\/maps\/api\/js?key=AIzaSyC5dcJA339C_6yVesGbOep6fkn21eXpsxk&callback=initMap&v=weekly\" defer><\/script>\n    \n\n\n\n<div style=\"height:45px\" aria-hidden=\"true\" class=\"wp-block-spacer mezera_45\"><\/div>\n\n\n\n<div class=\"wp-block-group odpovedna_osoba bg_seda has-global-padding is-layout-constrained wp-block-group-is-layout-constrained\">\n<div class=\"wp-block-columns is-layout-flex wp-container-core-columns-is-layout-9ba6dbca wp-block-columns-is-layout-flex\">\n<div class=\"wp-block-column is-layout-flow wp-block-column-is-layout-flow\" style=\"flex-basis:33.33%\">\n<figure class=\"wp-block-image size-large\"><img loading=\"lazy\" decoding=\"async\" width=\"905\" height=\"1024\" src=\"https:\/\/www.hudysteny.cz\/usti\/wp-content\/uploads\/2023\/09\/Richard-Litochleb-905x1024.webp\" alt=\"\" class=\"wp-image-572\" srcset=\"https:\/\/www.hudysteny.cz\/usti\/wp-content\/uploads\/2023\/09\/Richard-Litochleb-905x1024.webp 905w, https:\/\/www.hudysteny.cz\/usti\/wp-content\/uploads\/2023\/09\/Richard-Litochleb-265x300.webp 265w, https:\/\/www.hudysteny.cz\/usti\/wp-content\/uploads\/2023\/09\/Richard-Litochleb-768x869.webp 768w, https:\/\/www.hudysteny.cz\/usti\/wp-content\/uploads\/2023\/09\/Richard-Litochleb-1357x1536.webp 1357w, https:\/\/www.hudysteny.cz\/usti\/wp-content\/uploads\/2023\/09\/Richard-Litochleb.webp 1731w\" sizes=\"auto, (max-width: 905px) 100vw, 905px\" \/><\/figure>\n<\/div>\n\n\n\n<div class=\"wp-block-column is-layout-flow wp-block-column-is-layout-flow\" style=\"flex-basis:66.66%\">\n<h3 class=\"wp-block-heading has-text-align-left\">Odpov\u011bdn\u00e1 osoba<\/h3>\n\n\n\n<p class=\"wp-block-paragraph\"><strong>Richard Litochleb<\/strong> je jedn\u00edm ze zakladatel\u016f HUDYsportu a \u017eivouc\u00ed legendou Labsk\u00e9ho \u00fadol\u00ed. V&nbsp;sou\u010dasn\u00e9 dob\u011b pracuje ve firm\u011b na. pozici mana\u017eera HUDY lezeck\u00fdch st\u011bn. <br>St\u00e1l u zrodu lezeck\u00e9 st\u011bny v \u00dast\u00ed nad Labem, lezeck\u00e9 a bouldrov\u00e9 v&nbsp;Brn\u011b a bouldrov\u00e9 haly v&nbsp;Praze v&nbsp;Karl\u00edn\u011b, kde byl hlavn\u00edm projektantem lezeck\u00fdch ploch. Prvn\u00ed st\u011bna v&nbsp;\u00dast\u00ed nad Labem vznikla z&nbsp;p\u016fvodn\u011b opu\u0161t\u011bn\u00e9ho cukrovaru a stala se z&nbsp;n\u00ed modern\u00ed lezeck\u00e1 st\u011bna s&nbsp;cestami jak pro n\u00e1ro\u010dn\u00e9 lezce, tak i za\u010d\u00e1te\u010dn\u00edky. <\/p>\n\n\n\n<p class=\"wp-block-paragraph\">V&nbsp;roce 2021 byla vyprojektov\u00e1na, v&nbsp;\u00dast\u00ed nad Labem, zbrusu nov\u00e1 velk\u00e1 hala na bouldering, kter\u00e1 byla otev\u0159ena v&nbsp;b\u0159eznu 2022. Z\u00e1rove\u0148 je vedouc\u00edm st\u011bny v&nbsp;\u00dast\u00ed, kde se star\u00e1 hlavn\u011b o to, aby HUDY Lezeck\u00e1 st\u011bna \u00dast\u00ed nad Labem byla modern\u00edm, atraktivn\u00edm a hlavn\u011b bezpe\u010dn\u00fdm sportovi\u0161t\u011bm pro v\u0161echny lezeck\u00e9 nad\u0161ence.<\/p>\n\n\n\n<p class=\"wp-block-paragraph\">Telefon: <a href=\"tel:+420 603 566 582\">+420 603 566 582<\/a><br>Email: <a href=\"mailto:stena.usti@hudy.cz\">stena.usti@hudy.cz<\/a><\/p>\n<\/div>\n<\/div>\n<\/div>\n\n\n\n<div style=\"height:65px\" aria-hidden=\"true\" class=\"wp-block-spacer mezera_65\"><\/div>\n\n\n\n<div class=\"wp-block-group alignfull virtualni_prohlidka has-global-padding is-layout-constrained wp-block-group-is-layout-constrained\">\n<div class=\"wp-block-buttons is-content-justification-center is-layout-flex wp-container-core-buttons-is-layout-d9a36c2f wp-block-buttons-is-layout-flex\">\n<div class=\"wp-block-button bila\"><a class=\"wp-block-button__link wp-element-button\" href=\"https:\/\/www.google.com\/maps\/@50.6467959,14.0437813,3a,75y,81.57h,85.67t\/data=!3m6!1e1!3m4!1sAF1QipPeOE6edkqas_U-WWDV4rMr1H5MxPo7F90NrZdc!2e10!7i6000!8i3000?entry=ttu\" target=\"_blank\" rel=\"noreferrer noopener\">Virtu\u00e1ln\u00ed prohl\u00eddka<\/a><\/div>\n<\/div>\n<\/div>\n\n\n\n<div style=\"height:65px\" aria-hidden=\"true\" class=\"wp-block-spacer mezera_65 hidden\"><\/div>\n\n\n\n<p class=\"wp-block-paragraph\"><\/p>\n","protected":false},"excerpt":{"rendered":"<p>Fotogalerie Odpov\u011bdn\u00e1 osoba Richard Litochleb je jedn\u00edm ze zakladatel\u016f HUDYsportu a \u017eivouc\u00ed legendou Labsk\u00e9ho \u00fadol\u00ed. V&nbsp;sou\u010dasn\u00e9 dob\u011b pracuje ve firm\u011b na. pozici mana\u017eera HUDY lezeck\u00fdch st\u011bn. St\u00e1l u zrodu lezeck\u00e9 st\u011bny v \u00dast\u00ed nad Labem, lezeck\u00e9 a bouldrov\u00e9 v&nbsp;Brn\u011b a bouldrov\u00e9 haly v&nbsp;Praze v&nbsp;Karl\u00edn\u011b, kde byl hlavn\u00edm projektantem lezeck\u00fdch ploch. Prvn\u00ed st\u011bna v&nbsp;\u00dast\u00ed nad Labem [&hellip;]<\/p>\n","protected":false},"author":1,"featured_media":0,"parent":0,"menu_order":49,"comment_status":"closed","ping_status":"closed","template":"","meta":{"_acf_changed":false,"_crdt_document":"","footnotes":""},"class_list":["post-39","page","type-page","status-publish","hentry"],"acf":[],"_links":{"self":[{"href":"https:\/\/www.hudysteny.cz\/usti\/wp-json\/wp\/v2\/pages\/39","targetHints":{"allow":["GET"]}}],"collection":[{"href":"https:\/\/www.hudysteny.cz\/usti\/wp-json\/wp\/v2\/pages"}],"about":[{"href":"https:\/\/www.hudysteny.cz\/usti\/wp-json\/wp\/v2\/types\/page"}],"author":[{"embeddable":true,"href":"https:\/\/www.hudysteny.cz\/usti\/wp-json\/wp\/v2\/users\/1"}],"replies":[{"embeddable":true,"href":"https:\/\/www.hudysteny.cz\/usti\/wp-json\/wp\/v2\/comments?post=39"}],"version-history":[{"count":5,"href":"https:\/\/www.hudysteny.cz\/usti\/wp-json\/wp\/v2\/pages\/39\/revisions"}],"predecessor-version":[{"id":1089,"href":"https:\/\/www.hudysteny.cz\/usti\/wp-json\/wp\/v2\/pages\/39\/revisions\/1089"}],"wp:attachment":[{"href":"https:\/\/www.hudysteny.cz\/usti\/wp-json\/wp\/v2\/media?parent=39"}],"curies":[{"name":"wp","href":"https:\/\/api.w.org\/{rel}","templated":true}]}}