{"id":35,"date":"2023-06-22T16:09:05","date_gmt":"2023-06-22T14:09:05","guid":{"rendered":"https:\/\/dev-usti.hudysteny.cz\/?page_id=35"},"modified":"2024-06-27T20:09:33","modified_gmt":"2024-06-27T18:09:33","slug":"cenik","status":"publish","type":"page","link":"https:\/\/www.hudysteny.cz\/usti\/cenik\/","title":{"rendered":"Cen\u00edk"},"content":{"rendered":"\n<h2 class=\"wp-block-heading\">Vstupn\u00e9 na st\u011bnu platn\u00e9 od 16.10.2023<\/h2>\n\n\n\n<figure class=\"wp-block-table\"><table><tbody><tr><td>&nbsp;<\/td><td><strong>Po &#8211; P\u00e1 10.00 &#8211; 14.00<\/strong><\/td><td><strong>Po &#8211; P\u00e1 14.00 &#8211; 22.00<\/strong><\/td><td><strong>V\u00edkend a sv\u00e1tky<\/strong><\/td><\/tr><tr><td><strong>Dosp\u011bl\u00ed<\/strong><\/td><td>200 K\u010d<\/td><td>240 K\u010d<\/td><td>240 K\u010d<\/td><\/tr><tr><td><strong>Dosp\u011bl\u00ed HP<\/strong><\/td><td>190 K\u010d<\/td><td>230 K\u010d<\/td><td>230 K\u010d<\/td><\/tr><tr><td><strong>Studenti<\/strong><\/td><td>155 K\u010d<\/td><td>190 K\u010d<\/td><td>190 K\u010d<\/td><\/tr><tr><td><strong>Studenti HP<\/strong><\/td><td>145 K\u010d<\/td><td>180 K\u010d<\/td><td>180 K\u010d<\/td><\/tr><tr><td><strong>D\u011bti<\/strong><\/td><td>130 K\u010d<\/td><td>155 K\u010d<\/td><td>155 K\u010d<\/td><\/tr><tr><td><strong>Senio\u0159i<\/strong><\/td><td>130 K\u010d<\/td><td>130 K\u010d<\/td><td>130 K\u010d<\/td><\/tr><tr><td><strong>Senio\u0159i HP<\/strong><\/td><td>120 K\u010d<\/td><td>120 K\u010d<\/td><td>120 K\u010d<\/td><\/tr><tr><td><strong>Rodinn\u00e9 vstupn\u00e9<\/strong><\/td><td>550 K\u010d<\/td><td>680 K\u010d<\/td><td>680 K\u010d<\/td><\/tr><tr><td>&nbsp;<\/td><td>&nbsp;<\/td><td>&nbsp;<\/td><td>&nbsp;<\/td><\/tr><tr><td>&nbsp;<\/td><td>&nbsp;<\/td><td>&nbsp;<\/td><td>&nbsp;<\/td><\/tr><tr><td>Jisti\u010d<\/td><td>50 K\u010d<\/td><td>50 K\u010d<\/td><td>50 K\u010d<\/td><\/tr><tr><td>&nbsp;<\/td><td>&nbsp;<\/td><td>&nbsp;<\/td><td>&nbsp;<\/td><\/tr><tr><td>K dosp\u011bl\u00e9mu vstupn\u00e9mu d\u011bti do 6 let zdarma.<\/td><td>&nbsp;<\/td><td>&nbsp;<\/td><td colspan=\"2\">&nbsp;<\/td><\/tr><\/tbody><\/table><\/figure>\n\n\n\n<div style=\"height:65px\" aria-hidden=\"true\" class=\"wp-block-spacer mezera_65\"><\/div>\n\n\n\n<h2 class=\"wp-block-heading\">Permanentky<\/h2>\n\n\n\n<figure class=\"wp-block-table\"><table><tbody><tr><td><strong>Permanentky dosp\u011bl\u00ed<\/strong><\/td><td>&nbsp;<\/td><td><strong>1 vstup<\/strong><\/td><\/tr><tr><td>10 vstup\u016f<\/td><td>2340 K\u010d<\/td><td>234 K\u010d<\/td><\/tr><tr><td>10 vstup\u016f HP<\/td><td>2300 K\u010d<\/td><td>230 K\u010d<\/td><\/tr><tr><td>20 vstup\u016f<\/td><td>4500 K\u010d<\/td><td>225 K\u010d<\/td><\/tr><tr><td>20 vstup\u016f HP<\/td><td>4360 K\u010d<\/td><td>218 K\u010d<\/td><\/tr><tr><td><p>30 vstup\u016f<\/p><\/td><td>6460 K\u010d<\/td><td>215 K\u010d<\/td><\/tr><tr><td><p>30 vstup\u016f HP<\/p><\/td><td>6170 K\u010d<\/td><td>206 K\u010d<\/td><\/tr><tr><td><\/td><td>&nbsp;<\/td><td>&nbsp;<\/td><\/tr><tr><td><strong>Permanentky student<\/strong><\/td><td>&nbsp;<\/td><td><strong>1 vstup<\/strong><\/td><\/tr><tr><td>10 vstup\u016f&nbsp;<\/td><td>1820 K\u010d<\/td><td>182 K\u010d<\/td><\/tr><tr><td><p>10 vstup\u016f HP<\/p><\/td><td>1770 K\u010d<\/td><td>177 K\u010d<\/td><\/tr><tr><td>20 vstup\u016f<\/td><td>3480 K\u010d<\/td><td>174 K\u010d<\/td><\/tr><tr><td><p>20 vstup\u016f HP<\/p><\/td><td>3370 K\u010d<\/td><td>169 K\u010d<\/td><\/tr><tr><td>30 vstup\u016f<\/td><td>4990 K\u010d<\/td><td>166 K\u010d<\/td><\/tr><tr><td><p>30 vstup\u016f HP<\/p><\/td><td>4760 K\u010d<\/td><td>159 K\u010d<\/td><\/tr><\/tbody><\/table><\/figure>\n\n\n\n<div style=\"height:65px\" aria-hidden=\"true\" class=\"wp-block-spacer mezera_65\"><\/div>\n\n\n\n<div class=\"wp-block-group has-global-padding is-layout-constrained wp-block-group-is-layout-constrained\">\n<p class=\"wp-block-paragraph\">Pozn\u00e1mky:<\/p>\n\n\n\n<p class=\"wp-block-paragraph\">Studentsk\u00e1 sleva plat\u00ed po p\u0159edlo\u017een\u00ed&nbsp;<strong>platn\u00e9ho studentsk\u00e9ho pr\u016fkazu<\/strong>&nbsp;a do dovr\u0161en\u00ed<strong>&nbsp;26 let<\/strong>. P\u0159i ka\u017ed\u00e9m vstupu je&nbsp;po\u017eadov\u00e1n studentsk\u00fd pr\u016fkaz.<\/p>\n\n\n\n<p class=\"wp-block-paragraph\"><strong>Seniorsk\u00e1 sleva<\/strong>&nbsp;(nad 60 let)&nbsp;plat\u00ed p\u0159i p\u0159edlo\u017een\u00ed dokladu (OP, \u0158P, Cestovn\u00ed pas).<\/p>\n\n\n\n<p class=\"wp-block-paragraph\">Rodinn\u00e9 vstupn\u00e9 je pro rodi\u010de s&nbsp;vlastn\u00edmi d\u011btmi do&nbsp;<strong>15 let<\/strong>.<\/p>\n\n\n\n<p class=\"wp-block-paragraph\">Permanentky na&nbsp;<strong>10, 20<\/strong>&nbsp;a&nbsp;<strong>30<\/strong>&nbsp;vstup\u016f jsou p\u0159enosn\u00e9.&nbsp;<\/p>\n\n\n\n<div style=\"height:40px\" aria-hidden=\"true\" class=\"wp-block-spacer\"><\/div>\n<\/div>\n\n\n\n<div class=\"wp-block-group alignfull bg_seda pt_65 pb_65 has-global-padding is-layout-constrained wp-block-group-is-layout-constrained\">\n<div class=\"wp-block-group oteviracka has-global-padding is-layout-constrained wp-block-group-is-layout-constrained\">\n<div class=\"wp-block-columns is-layout-flex wp-container-core-columns-is-layout-9ba6dbca wp-block-columns-is-layout-flex\">\n<div class=\"wp-block-column is-layout-flow wp-block-column-is-layout-flow\">\n<h3 class=\"wp-block-heading\">Otev\u00edrac\u00ed doba<\/h3>\n\n\n\n<figure class=\"wp-block-table noborder\"><table><tbody><tr><td>Pond\u011bl\u00ed<\/td><td>10.00 &#8211; 21.00<\/td><\/tr><tr><td>\u00dater\u00fd<\/td><td>10.00 &#8211; 21.00<\/td><\/tr><tr><td>St\u0159eda<\/td><td>10.00 &#8211; 21.00<\/td><\/tr><tr><td>\u010ctvrtek<\/td><td>10.00 &#8211; 21.00<\/td><\/tr><tr><td>P\u00e1tek<\/td><td>10.00 &#8211; 21.00<\/td><\/tr><tr><td><strong>Sobota a ned\u011ble<\/strong><br><strong>POZOR od 25.4. ZM\u011aNA<\/strong><\/td><td>08.00 &#8211; 21.00<br><strong>08.00 &#8211; 19.00<\/strong><\/td><\/tr><\/tbody><\/table><\/figure>\n<\/div>\n\n\n\n<div class=\"wp-block-column is-layout-flow wp-block-column-is-layout-flow\">\n<h3 class=\"wp-block-heading\">Kde n\u00e1s najdete<\/h3>\n\n\n\n<p class=\"wp-block-paragraph\">HUDY Lezeck\u00e1 st\u011bna \u00dast\u00ed nad Labem<br>Pra\u017esk\u00e1 21<br>400 01 \u00dast\u00ed nad Labem<br><br>Tel.: <a href=\"tel:+420&nbsp;603 566 582\">+420&nbsp;<strong>603 566 582<\/strong><\/a><br>email: <a href=\"mailto:stena.usti@hudy.cz\">stena.usti@hudy.cz<\/a><\/p>\n<\/div>\n\n\n\n<div class=\"wp-block-column is-layout-flow wp-block-column-is-layout-flow\">\n<h3 class=\"wp-block-heading\">Sledujte n\u00e1s<\/h3>\n\n\n\n<div class=\"wp-block-group social is-nowrap is-layout-flex wp-container-core-group-is-layout-9ba6dbca wp-block-group-is-layout-flex\">\n<figure class=\"wp-block-image size-full is-resized\"><a href=\"https:\/\/www.facebook.com\/HudyLezeckaStenaUsti\" target=\"_blank\" rel=\"noreferrer noopener\"><img decoding=\"async\" src=\"https:\/\/www.hudysteny.cz\/usti\/wp-content\/uploads\/2023\/07\/facebook-b.svg\" alt=\"\" class=\"wp-image-323\" style=\"object-fit:cover;width:32px;height:32px\"\/><\/a><\/figure>\n\n\n\n<figure class=\"wp-block-image size-full is-resized\"><a href=\"https:\/\/www.instagram.com\/hudystena.usti\/\" target=\"_blank\" rel=\"noreferrer noopener\"><img decoding=\"async\" src=\"https:\/\/www.hudysteny.cz\/usti\/wp-content\/uploads\/2023\/07\/instagram-b.svg\" alt=\"\" class=\"wp-image-326\" style=\"object-fit:cover;width:32px;height:32px\"\/><\/a><\/figure>\n<\/div>\n\n\n\n<div style=\"height:30px;width:0px\" aria-hidden=\"true\" class=\"wp-block-spacer mezera_25\"><\/div>\n\n\n\n<h3 class=\"wp-block-heading sms_info desktop_hidden\">Kudy k n\u00e1m?<\/h3>\n\n\n\n<p class=\"mb-0 wp-block-paragraph\">Najdete n\u00e1s na <a href=\"https:\/\/mapy.cz\/s\/jatazagupo\" data-type=\"URL\" data-id=\"https:\/\/mapy.cz\" target=\"_blank\" rel=\"noreferrer noopener\">Mapy.cz<\/a> nebo <a href=\"https:\/\/maps.app.goo.gl\/VJN1fEU1M91gvUvk7\" data-type=\"URL\" data-id=\"https:\/\/mapy.cz\" target=\"_blank\" rel=\"noreferrer noopener\">Google<\/a><\/p>\n\n\n\n<p class=\"sms_info mobile_hidden wp-block-paragraph\"><a href=\"#sms\" data-type=\"internal\" data-id=\"#sms\">Kudy k n\u00e1m? Autem i MHD<\/a><\/p>\n\n\n\n<div style=\"height:25px;width:0px\" aria-hidden=\"true\" class=\"wp-block-spacer mezera_25\"><\/div>\n\n\n\n<div class=\"wp-block-group desktop_hidden has-global-padding is-layout-constrained wp-block-group-is-layout-constrained\">\n<div class=\"wp-block-group sms has-global-padding is-layout-constrained wp-block-group-is-layout-constrained\">\n<p class=\"wp-block-paragraph\"><strong>Autem <\/strong>\u2013 sm\u011brem od \u00dast\u00ed podjedete \u017eelezni\u010dn\u00ed most pod V\u011btru\u0161\u00ed, 1km od n\u011bj po lev\u00e9 stran\u011b je ozna\u010den\u00fd vjezd do are\u00e1lu. V are\u00e1lu je bezplatn\u00e9 parkov\u00e1n\u00ed.<\/p>\n\n\n\n<p class=\"wp-block-paragraph\"><strong>MHD <\/strong>\u2013 u st\u011bny je zast\u00e1vka linky \u010d.85U cukrovaru (na znamen\u00ed). Autobus jede od p\u0159estupn\u00edho uzlu U divadla.<\/p>\n\n\n\n<p class=\"wp-block-paragraph\">Pro n\u00e1kup SMS j\u00edzdenky po\u0161lete SMS zpr\u00e1vu ve tvaru MDJ na \u010d\u00edslo 902 06. J\u00edzdenka stoj\u00ed 18 K\u010d (+ cena SMS zpr\u00e1vy dle Va\u0161eho tarifu u oper\u00e1tora), je p\u0159estupn\u00ed a plat\u00ed 60 minut v z\u00f3n\u00e1ch 101+111+121+122.<br><a rel=\"noreferrer noopener\" href=\"https:\/\/dpmul.cz\/\" data-type=\"link\" data-id=\"https:\/\/dpmul.cz\/\" target=\"_blank\">J\u00edzdn\u00ed \u0159\u00e1dy online<\/a><\/p>\n<\/div>\n<\/div>\n<\/div>\n<\/div>\n<\/div>\n<\/div>\n","protected":false},"excerpt":{"rendered":"<p>Vstupn\u00e9 na st\u011bnu platn\u00e9 od 16.10.2023 &nbsp; Po &#8211; P\u00e1 10.00 &#8211; 14.00 Po &#8211; P\u00e1 14.00 &#8211; 22.00 V\u00edkend a sv\u00e1tky Dosp\u011bl\u00ed 200 K\u010d 240 K\u010d 240 K\u010d Dosp\u011bl\u00ed HP 190 K\u010d 230 K\u010d 230 K\u010d Studenti 155 K\u010d 190 K\u010d 190 K\u010d Studenti HP 145 K\u010d 180 K\u010d 180 K\u010d D\u011bti 130 K\u010d [&hellip;]<\/p>\n","protected":false},"author":1,"featured_media":0,"parent":0,"menu_order":40,"comment_status":"closed","ping_status":"closed","template":"","meta":{"_acf_changed":false,"_crdt_document":"","footnotes":""},"class_list":["post-35","page","type-page","status-publish","hentry"],"acf":[],"_links":{"self":[{"href":"https:\/\/www.hudysteny.cz\/usti\/wp-json\/wp\/v2\/pages\/35","targetHints":{"allow":["GET"]}}],"collection":[{"href":"https:\/\/www.hudysteny.cz\/usti\/wp-json\/wp\/v2\/pages"}],"about":[{"href":"https:\/\/www.hudysteny.cz\/usti\/wp-json\/wp\/v2\/types\/page"}],"author":[{"embeddable":true,"href":"https:\/\/www.hudysteny.cz\/usti\/wp-json\/wp\/v2\/users\/1"}],"replies":[{"embeddable":true,"href":"https:\/\/www.hudysteny.cz\/usti\/wp-json\/wp\/v2\/comments?post=35"}],"version-history":[{"count":3,"href":"https:\/\/www.hudysteny.cz\/usti\/wp-json\/wp\/v2\/pages\/35\/revisions"}],"predecessor-version":[{"id":1191,"href":"https:\/\/www.hudysteny.cz\/usti\/wp-json\/wp\/v2\/pages\/35\/revisions\/1191"}],"wp:attachment":[{"href":"https:\/\/www.hudysteny.cz\/usti\/wp-json\/wp\/v2\/media?parent=35"}],"curies":[{"name":"wp","href":"https:\/\/api.w.org\/{rel}","templated":true}]}}