{"id":31,"date":"2023-06-22T16:07:09","date_gmt":"2023-06-22T14:07:09","guid":{"rendered":"https:\/\/dev-usti.hudysteny.cz\/?page_id=31"},"modified":"2025-10-03T13:52:35","modified_gmt":"2025-10-03T11:52:35","slug":"stena","status":"publish","type":"page","link":"https:\/\/www.hudysteny.cz\/usti\/","title":{"rendered":"Lezeck\u00e1 st\u011bna \u00dast\u00ed"},"content":{"rendered":"\n<div class=\"wp-block-group oteviracka has-global-padding is-layout-constrained wp-block-group-is-layout-constrained\">\n<div class=\"wp-block-columns is-layout-flex wp-container-core-columns-is-layout-9ba6dbca wp-block-columns-is-layout-flex\">\n<div class=\"wp-block-column is-layout-flow wp-block-column-is-layout-flow\">\n<h3 class=\"wp-block-heading\">Otev\u00edrac\u00ed doba<\/h3>\n\n\n\n<figure class=\"wp-block-table noborder\"><table><tbody><tr><td>Pond\u011bl\u00ed<\/td><td>10.00 &#8211; 21.00<\/td><\/tr><tr><td>\u00dater\u00fd<\/td><td>10.00 &#8211; 21.00<\/td><\/tr><tr><td>St\u0159eda<\/td><td>10.00 &#8211; 21.00<\/td><\/tr><tr><td>\u010ctvrtek<\/td><td>10.00 &#8211; 21.00<\/td><\/tr><tr><td>P\u00e1tek<\/td><td>10.00 &#8211; 21.00<\/td><\/tr><tr><td><strong>Sobota a ned\u011ble<\/strong><br><strong>POZOR od 25.4. ZM\u011aNA<\/strong><\/td><td>08.00 &#8211; 21.00<br><strong>08.00 &#8211; 19.00<\/strong><\/td><\/tr><\/tbody><\/table><\/figure>\n<\/div>\n\n\n\n<div class=\"wp-block-column is-layout-flow wp-block-column-is-layout-flow\">\n<h3 class=\"wp-block-heading\">Kde n\u00e1s najdete<\/h3>\n\n\n\n<p class=\"wp-block-paragraph\">HUDY Lezeck\u00e1 st\u011bna \u00dast\u00ed nad Labem<br>Pra\u017esk\u00e1 21<br>400 01 \u00dast\u00ed nad Labem<br><br>Tel.: <a href=\"tel:+420&nbsp;603 566 582\">+420&nbsp;<strong>603 566 582<\/strong><\/a><br>email: <a href=\"mailto:stena.usti@hudy.cz\">stena.usti@hudy.cz<\/a><\/p>\n<\/div>\n\n\n\n<div class=\"wp-block-column is-layout-flow wp-block-column-is-layout-flow\">\n<h3 class=\"wp-block-heading\">Sledujte n\u00e1s<\/h3>\n\n\n\n<div class=\"wp-block-group social is-nowrap is-layout-flex wp-container-core-group-is-layout-9ba6dbca wp-block-group-is-layout-flex\">\n<figure class=\"wp-block-image size-full is-resized\"><a href=\"https:\/\/www.facebook.com\/HudyLezeckaStenaUsti\" target=\"_blank\" rel=\"noreferrer noopener\"><img decoding=\"async\" src=\"https:\/\/www.hudysteny.cz\/usti\/wp-content\/uploads\/2023\/07\/facebook-b.svg\" alt=\"\" class=\"wp-image-323\" style=\"object-fit:cover;width:32px;height:32px\"\/><\/a><\/figure>\n\n\n\n<figure class=\"wp-block-image size-full is-resized\"><a href=\"https:\/\/www.instagram.com\/hudystena.usti\/\" target=\"_blank\" rel=\"noreferrer noopener\"><img decoding=\"async\" src=\"https:\/\/www.hudysteny.cz\/usti\/wp-content\/uploads\/2023\/07\/instagram-b.svg\" alt=\"\" class=\"wp-image-326\" style=\"object-fit:cover;width:32px;height:32px\"\/><\/a><\/figure>\n<\/div>\n\n\n\n<div style=\"height:30px;width:0px\" aria-hidden=\"true\" class=\"wp-block-spacer mezera_25\"><\/div>\n\n\n\n<h3 class=\"wp-block-heading sms_info desktop_hidden\">Kudy k n\u00e1m?<\/h3>\n\n\n\n<p class=\"mb-0 wp-block-paragraph\">Najdete n\u00e1s na <a href=\"https:\/\/mapy.cz\/s\/jatazagupo\" data-type=\"URL\" data-id=\"https:\/\/mapy.cz\" target=\"_blank\" rel=\"noreferrer noopener\">Mapy.cz<\/a> nebo <a href=\"https:\/\/maps.app.goo.gl\/VJN1fEU1M91gvUvk7\" data-type=\"URL\" data-id=\"https:\/\/mapy.cz\" target=\"_blank\" rel=\"noreferrer noopener\">Google<\/a><\/p>\n\n\n\n<p class=\"sms_info mobile_hidden wp-block-paragraph\"><a href=\"#sms\" data-type=\"internal\" data-id=\"#sms\">Kudy k n\u00e1m? Autem i MHD<\/a><\/p>\n\n\n\n<div style=\"height:25px;width:0px\" aria-hidden=\"true\" class=\"wp-block-spacer mezera_25\"><\/div>\n\n\n\n<div class=\"wp-block-group desktop_hidden has-global-padding is-layout-constrained wp-block-group-is-layout-constrained\">\n<div class=\"wp-block-group sms has-global-padding is-layout-constrained wp-block-group-is-layout-constrained\">\n<p class=\"wp-block-paragraph\"><strong>Autem <\/strong>\u2013 sm\u011brem od \u00dast\u00ed podjedete \u017eelezni\u010dn\u00ed most pod V\u011btru\u0161\u00ed, 1km od n\u011bj po lev\u00e9 stran\u011b je ozna\u010den\u00fd vjezd do are\u00e1lu. V are\u00e1lu je bezplatn\u00e9 parkov\u00e1n\u00ed.<\/p>\n\n\n\n<p class=\"wp-block-paragraph\"><strong>MHD <\/strong>\u2013 u st\u011bny je zast\u00e1vka linky \u010d.85U cukrovaru (na znamen\u00ed). Autobus jede od p\u0159estupn\u00edho uzlu U divadla.<\/p>\n\n\n\n<p class=\"wp-block-paragraph\">Pro n\u00e1kup SMS j\u00edzdenky po\u0161lete SMS zpr\u00e1vu ve tvaru MDJ na \u010d\u00edslo 902 06. J\u00edzdenka stoj\u00ed 18 K\u010d (+ cena SMS zpr\u00e1vy dle Va\u0161eho tarifu u oper\u00e1tora), je p\u0159estupn\u00ed a plat\u00ed 60 minut v z\u00f3n\u00e1ch 101+111+121+122.<br><a rel=\"noreferrer noopener\" href=\"https:\/\/dpmul.cz\/\" data-type=\"link\" data-id=\"https:\/\/dpmul.cz\/\" target=\"_blank\">J\u00edzdn\u00ed \u0159\u00e1dy online<\/a><\/p>\n<\/div>\n<\/div>\n<\/div>\n<\/div>\n<\/div>\n\n\n\n<div style=\"height:65px\" aria-hidden=\"true\" class=\"wp-block-spacer mezera_65\"><\/div>\n\n\n\n<div class=\"wp-block-columns eq is-layout-flex wp-container-core-columns-is-layout-9ba6dbca wp-block-columns-is-layout-flex\">\n<div class=\"wp-block-column is-layout-flow wp-block-column-is-layout-flow\">\n<div class=\"wp-block-group box_cenik has-background has-global-padding is-layout-constrained wp-block-group-is-layout-constrained\" style=\"background-color:#f4f4f4\">\n<h2 class=\"wp-block-heading has-text-align-center\">Cen\u00edk<\/h2>\n\n\n\n<div class=\"wp-block-buttons is-content-justification-center is-layout-flex wp-container-core-buttons-is-layout-d9a36c2f wp-block-buttons-is-layout-flex\">\n<div class=\"wp-block-button zelena\"><a class=\"wp-block-button__link wp-element-button\" href=\"https:\/\/www.hudysteny.cz\/usti\/cenik\/\">V\u00edce informac\u00ed<\/a><\/div>\n<\/div>\n<\/div>\n<\/div>\n\n\n\n<div class=\"wp-block-column is-layout-flow wp-container-core-column-is-layout-2003d605 wp-block-column-is-layout-flow\">\n<div class=\"wp-block-group box_novinka has-background has-global-padding is-layout-constrained wp-container-core-group-is-layout-050dad78 wp-block-group-is-layout-constrained\" style=\"background-color:#f4f4f4\">\n<div class=\"wp-block-group inner_wrap has-global-padding is-layout-constrained wp-block-group-is-layout-constrained\">\n<h3 class=\"wp-block-heading has-text-align-center\">Novinky<\/h3>\n\n\n<div class=\"cff-wrapper\"><div class=\"cff-wrapper-ctn \" ><div id=\"cff\" data-char=\"400\" class=\"cff cff-theme-overlap  cff-mob-cols-1 cff-tab-cols-1  cff-palette-7 cff-timeline-feed cff-all-reviews cff-nojs \" style=\"width:100%; \" data-fb-text=\"Zobrazit na Facebooku\" data-offset=\"\" data-own-token=\"true\" data-grid-pag=\"cursor\" data-restricted=\"true\" data-lb-comments=\"false\" data-pag-num=\"1\" data-cff-shortcode=\"{&quot;feed&quot;: &quot;7&quot;}\" data-postid=\"31\" data-locatornonce=\"5036e0b343\" data-cff-theme=\"overlap\" ><svg width=\"24px\" height=\"24px\" version=\"1.1\" xmlns=\"http:\/\/www.w3.org\/2000\/svg\" xmlns:xlink=\"http:\/\/www.w3.org\/1999\/xlink\" class=\"cff-screenreader\" role=\"img\" aria-labelledby=\"metaSVGid metaSVGdesc\"><title id=\"metaSVGid\">Comments Box SVG icons<\/title><desc id=\"metaSVGdesc\">Used for the like, share, comment, and reaction icons<\/desc><defs><linearGradient id=\"angryGrad\" x1=\"0\" x2=\"0\" y1=\"0\" y2=\"1\"><stop offset=\"0%\" stop-color=\"#f9ae9e\" \/><stop offset=\"70%\" stop-color=\"#ffe7a4\" \/><\/linearGradient><linearGradient id=\"likeGrad\"><stop offset=\"25%\" stop-color=\"rgba(0,0,0,0.05)\" \/><stop offset=\"26%\" stop-color=\"rgba(255,255,255,0.7)\" \/><\/linearGradient><linearGradient id=\"likeGradHover\"><stop offset=\"25%\" stop-color=\"#a3caff\" \/><stop offset=\"26%\" stop-color=\"#fff\" \/><\/linearGradient><linearGradient id=\"likeGradDark\"><stop offset=\"25%\" stop-color=\"rgba(255,255,255,0.5)\" \/><stop offset=\"26%\" stop-color=\"rgba(255,255,255,0.7)\" \/><\/linearGradient><\/defs><\/svg><div class=\"cff-posts-wrap\"><div class=\"cff-item cff-photo-post author-hudy-lezeck-st-na-st-nad-labem cff-162766810540486 cff-new\" id=\"cff_162766810540486_1427432599188387\" data-page-id=\"162766810540486\" data-cff-timestamp=\"1778593361\" data-object-id=\"1427432579188389\" data-cff-from=\"162766810540486\" style=\"border-bottom: 0px solid #fff; z-index: 10;\"><p  class=\"cff-post-text\">\n\t<span class=\"cff-text\" data-color=\"\">V sobotu 30.5. se u n\u00e1s konaj\u00ed z\u00e1vody PETZL 2.ligy - boulder<br \/>Kategorie: U11, U13, U15, U17, U19, U21<br \/>V\u00edce info a p\u0159ihla\u0161ov\u00e1n\u00ed zde:<br \/><a href=\"https:\/\/www.horosvaz.cz\/zavody-cr\/kalendar-zavodu-cr-2026\/petzl-2-liga-chs-hudy-lezecka-stena-usti-nad-labem-usti-nad-labem-212\/\" rel=\"noopener\">www.horosvaz.cz\/zavody-cr\/kalendar-zavodu-cr-2026\/petzl-2-liga-chs-hudy-lezecka-stena-usti-nad-la...<\/a> \t<\/span>\n\t<span class=\"cff-expand\">... <a href=\"#\" ><span class=\"cff-more\">Zobrazit v\u00edce<\/span><span class=\"cff-less\">Zobrazit m\u00e9n\u011b<\/span><\/a><\/span>\n<\/p>\n<div class=\"cff-date  cff-date-below\" >\n\t 12. 05. 2026 <\/div>\n<div class=\"cff-meta-wrap\">\n\t<\/div>\n<\/div><\/div><span class=\"cff_resized_image_data\" data-feedid=\"cff_16276681054048627668105404862mecs0000\" data-resized=\"[]\"><\/span><\/div><\/div><div class=\"cff-clear\"><\/div><\/div><style type=\"text\/css\">\n<\/style>\n\n\n<a class=\"novinky_link\" href=\"https:\/\/www.hudysteny.cz\/usti\/novinky\/\" title=\"Zobrazit novinky\" target=\"_parent\"><span>Zobrazit novinky<\/span><\/a>\n<\/div>\n<\/div>\n<\/div>\n<\/div>\n\n\n\n<div style=\"height:65px\" aria-hidden=\"true\" class=\"wp-block-spacer mezera_65\"><\/div>\n\n\n\n<h3 class=\"wp-block-heading has-text-align-center\">Z\u00e1kladn\u00ed parametry st\u011bny<\/h3>\n\n\n\n<p class=\"has-text-align-center wp-block-paragraph\">HUDY lezeck\u00e1 st\u011bna \u00dast\u00ed nad Labem se nach\u00e1z\u00ed v budov\u011b b\u00fdval\u00e9ho skladu cukrovaru. <br>Budova m\u00e1 rozm\u011bry 35 m x 15 m a v\u00fd\u0161ku 17 m. <strong>HUDY lezeck\u00e1 st\u011bna&nbsp;<\/strong>nab\u00edz\u00ed: <strong>140 cest<\/strong>&nbsp;v obt\u00ed\u017enosti&nbsp;<strong>od 2 do 8a&nbsp;<\/strong>francouzsk\u00e9 klasifikace, <strong>5 navij\u00e1k\u016f na samoji\u0161t\u011bn\u00ed<\/strong>, d\u00e9lku cest&nbsp;<strong>15 m<\/strong>&nbsp;a\u017e&nbsp;<strong>21<\/strong>&nbsp;<strong>m<\/strong>, <strong>boulderovou st\u011bnu<\/strong>&nbsp;<strong>15 m<\/strong>&nbsp;dlouhou a&nbsp;<strong>4,5 m&nbsp;<\/strong>vysokou, <strong>novou modern\u00ed bouldrovac\u00ed halu<\/strong> o rozloze lezeck\u00e9 plochy <strong>550m2<\/strong> a cca. <strong>130 bouldr\u016f<\/strong>, \u0161atny s toaletami a sprchami zvl\u00e1\u0161\u0165 pro \u017eeny a pro mu\u017ee, <strong>bar o kapacit\u011b 45 m\u00edst<\/strong>, \u0161kol\u00edc\u00ed st\u0159edisko&nbsp;<strong>polygon<\/strong>&nbsp;pro \u0161kolen\u00ed na v\u00fd\u0161kov\u00e9 pr\u00e1ce, dv\u011b <strong>parkovi\u0161t\u011b<\/strong>&nbsp;p\u0159\u00edmo u budovy s cca<strong>&nbsp;40 m\u00edst<\/strong>, <strong>kurzy lezen\u00ed<\/strong>, <a href=\"http:\/\/www.hudysteny.cz\/usti\/cenik\/pujcovne\">p\u016fj\u010dovnu&nbsp;lezeck\u00e9ho materi\u00e1lu<\/a>, d\u011btskou st\u011bnu. <\/p>\n\n\n\n<p class=\"has-text-align-center wp-block-paragraph\"><strong>Celkov\u00e1 plocha cel\u00e9ho are\u00e1lu je cca 2 300m\u00b2.<\/strong> <br>Na\u0161e um\u011bl\u00e1 lezeck\u00e1 st\u011bna je postavena tak, aby byla co nejpest\u0159ej\u0161\u00ed. Najdete zde kolm\u00e9, p\u0159evisl\u00e9 i lehce polo\u017een\u00e9 lezeck\u00e9 profily. St\u011bnu jsme oko\u0159enili o hrany, sp\u00e1ry a kom\u00edny pro n\u00e1cv\u00edk na opravdov\u00e9 sk\u00e1ly.<\/p>\n\n\n\n<div style=\"height:45px\" aria-hidden=\"true\" class=\"wp-block-spacer mezera_45\"><\/div>\n\n\n\n<div class=\"wp-block-buttons is-content-justification-center is-layout-flex wp-container-core-buttons-is-layout-d9a36c2f wp-block-buttons-is-layout-flex\">\n<div class=\"wp-block-button seda\"><a class=\"wp-block-button__link wp-element-button\" href=\"https:\/\/www.hudysteny.cz\/usti\/stena\/seznam-cest\/\">Seznam cest<\/a><\/div>\n<\/div>\n\n\n\n<div style=\"height:65px\" aria-hidden=\"true\" class=\"wp-block-spacer mezera_65\"><\/div>\n\n\n\n<div class=\"wp-block-group alignfull bg_seda has-global-padding is-layout-constrained wp-block-group-is-layout-constrained\">\n\t\t<div id=\"prodejny\">\n            <h2>Nejbli\u017e\u0161\u00ed HUDY prodejny<\/h2>\n\t\t\t<div class=\"innerwrap owl-carousel owl-theme\">\n    \t<div class=\"item\">\n\t\t\t<h3><a href=\"https:\/\/www.hudy.cz\/hudysport-usti-nad-labem\" target=\"_blank\" rel=\"noopener\">\u00dast\u00ed nad Labem<\/a><\/h3>\n            <!-- wp:paragraph -->\n<p>Masarykova 3125<br>400 01 \u00dast\u00ed nad Labem<\/p>\n<!-- \/wp:paragraph -->\n            <a href=\"tel:+420 475 209 625\">+420 475 209 625<\/a><br>\n            <a href=\"mailto:usti@hudy.cz\">usti@hudy.cz<\/a><br>\n            <a href=\"https:\/\/www.hudy.cz\/hudysport-usti-nad-labem\" target=\"_blank\" class=\"btn btn--ghost\" rel=\"noopener\"><span class=\"btn__inner\">V\u00edce o prodejn\u011b<\/span><\/a><br>\n\t\t<\/div>\n    \t<div class=\"item\">\n\t\t\t<h3><a href=\"https:\/\/www.hudy.cz\/hudysport-hrensko\" target=\"_blank\" rel=\"noopener\">H\u0159ensko<\/a><\/h3>\n            <!-- wp:paragraph -->\n<p>H\u0159ensko 131<br>407 17 H\u0159ensko<\/p>\n<!-- \/wp:paragraph -->\n            <a href=\"tel: +420 412 554 086\"> +420 412 554 086<\/a><br>\n            <a href=\"mailto:hrensko@hudy.cz\">hrensko@hudy.cz<\/a><br>\n            <a href=\"https:\/\/www.hudy.cz\/hudysport-hrensko\" target=\"_blank\" class=\"btn btn--ghost\" rel=\"noopener\"><span class=\"btn__inner\">V\u00edce o prodejn\u011b<\/span><\/a><br>\n\t\t<\/div>\n    \t<div class=\"item\">\n\t\t\t<h3><a href=\"https:\/\/www.hudy.cz\/hudysport-liberec\" target=\"_blank\" rel=\"noopener\">Liberec<\/a><\/h3>\n            <!-- wp:paragraph -->\n<p>5. Kv\u011btna 15<br>460 01 Liberec<\/p>\n<!-- \/wp:paragraph -->\n            <a href=\"tel: +420 485 105 738\"> +420 485 105 738<\/a><br>\n            <a href=\"mailto:liberec@hudy.cz\">liberec@hudy.cz<\/a><br>\n            <a href=\"https:\/\/www.hudy.cz\/hudysport-liberec\" target=\"_blank\" class=\"btn btn--ghost\" rel=\"noopener\"><span class=\"btn__inner\">V\u00edce o prodejn\u011b<\/span><\/a><br>\n\t\t<\/div>\n    \t<div class=\"item\">\n\t\t\t<h3><a href=\"https:\/\/www.hudy.cz\/hudysport-karlovy-vary\" target=\"_blank\" rel=\"noopener\">Karlovy Vary<\/a><\/h3>\n            <!-- wp:paragraph -->\n<p>Z\u00e1padn\u00ed 11<br>360 01 Karlovy Vary<\/p>\n<!-- \/wp:paragraph -->\n            <a href=\"tel:+420 775 128 588\">+420 775 128 588<\/a><br>\n            <a href=\"mailto:karlovyvary@hudy.cz\">karlovyvary@hudy.cz<\/a><br>\n            <a href=\"https:\/\/www.hudy.cz\/hudysport-karlovy-vary\" target=\"_blank\" class=\"btn btn--ghost\" rel=\"noopener\"><span class=\"btn__inner\">V\u00edce o prodejn\u011b<\/span><\/a><br>\n\t\t<\/div>\n    \t<div class=\"item\">\n\t\t\t<h3><a href=\"https:\/\/www.hudy.cz\/hudysport-jablonec-nad-nisou\" target=\"_blank\" rel=\"noopener\">Jablonec nad Nisou<\/a><\/h3>\n            <!-- wp:paragraph -->\n<p>Podhorsk\u00e1 22<br>466 01 Jablonec nad Nisou<\/p>\n<!-- \/wp:paragraph -->\n\n<!-- wp:paragraph -->\n<p><\/p>\n<!-- \/wp:paragraph -->\n            <a href=\"tel:+420 483 316 203\">+420 483 316 203<\/a><br>\n            <a href=\"mailto:jablonec@hudy.cz\">jablonec@hudy.cz<\/a><br>\n            <a href=\"https:\/\/www.hudy.cz\/hudysport-jablonec-nad-nisou\" target=\"_blank\" class=\"btn btn--ghost\" rel=\"noopener\"><span class=\"btn__inner\">V\u00edce o prodejn\u011b<\/span><\/a><br>\n\t\t<\/div><\/div>\n\t\t<\/div>\n<\/div>\n","protected":false},"excerpt":{"rendered":"<p>Cen\u00edk Novinky Z\u00e1kladn\u00ed parametry st\u011bny HUDY lezeck\u00e1 st\u011bna \u00dast\u00ed nad Labem se nach\u00e1z\u00ed v budov\u011b b\u00fdval\u00e9ho skladu cukrovaru. Budova m\u00e1 rozm\u011bry 35 m x 15 m a v\u00fd\u0161ku 17 m. HUDY lezeck\u00e1 st\u011bna&nbsp;nab\u00edz\u00ed: 140 cest&nbsp;v obt\u00ed\u017enosti&nbsp;od 2 do 8a&nbsp;francouzsk\u00e9 klasifikace, 5 navij\u00e1k\u016f na samoji\u0161t\u011bn\u00ed, d\u00e9lku cest&nbsp;15 m&nbsp;a\u017e&nbsp;21&nbsp;m, boulderovou st\u011bnu&nbsp;15 m&nbsp;dlouhou a&nbsp;4,5 m&nbsp;vysokou, novou modern\u00ed bouldrovac\u00ed [&hellip;]<\/p>\n","protected":false},"author":1,"featured_media":0,"parent":0,"menu_order":1,"comment_status":"closed","ping_status":"closed","template":"","meta":{"_acf_changed":false,"_crdt_document":"","footnotes":""},"class_list":["post-31","page","type-page","status-publish","hentry"],"acf":[],"_links":{"self":[{"href":"https:\/\/www.hudysteny.cz\/usti\/wp-json\/wp\/v2\/pages\/31","targetHints":{"allow":["GET"]}}],"collection":[{"href":"https:\/\/www.hudysteny.cz\/usti\/wp-json\/wp\/v2\/pages"}],"about":[{"href":"https:\/\/www.hudysteny.cz\/usti\/wp-json\/wp\/v2\/types\/page"}],"author":[{"embeddable":true,"href":"https:\/\/www.hudysteny.cz\/usti\/wp-json\/wp\/v2\/users\/1"}],"replies":[{"embeddable":true,"href":"https:\/\/www.hudysteny.cz\/usti\/wp-json\/wp\/v2\/comments?post=31"}],"version-history":[{"count":5,"href":"https:\/\/www.hudysteny.cz\/usti\/wp-json\/wp\/v2\/pages\/31\/revisions"}],"predecessor-version":[{"id":1269,"href":"https:\/\/www.hudysteny.cz\/usti\/wp-json\/wp\/v2\/pages\/31\/revisions\/1269"}],"wp:attachment":[{"href":"https:\/\/www.hudysteny.cz\/usti\/wp-json\/wp\/v2\/media?parent=31"}],"curies":[{"name":"wp","href":"https:\/\/api.w.org\/{rel}","templated":true}]}}