{"id":257,"date":"2023-07-12T15:19:05","date_gmt":"2023-07-12T13:19:05","guid":{"rendered":"https:\/\/dev-usti.hudysteny.cz\/?page_id=257"},"modified":"2025-06-30T14:14:05","modified_gmt":"2025-06-30T12:14:05","slug":"krouzky","status":"publish","type":"page","link":"https:\/\/www.hudysteny.cz\/usti\/krouzky-a-lekce\/krouzky\/","title":{"rendered":"D\u011btsk\u00e9 krou\u017eky"},"content":{"rendered":"\n<p class=\"has-text-align-left wp-block-paragraph\"><\/p>\n\n\n\n<h3 class=\"wp-block-heading\"><strong>Kapacita krou\u017eku je zcela napln\u011bna!<\/strong><\/h3>\n\n\n\n<div class=\"wp-block-group has-global-padding is-layout-constrained wp-block-group-is-layout-constrained\">\n<div class=\"wp-block-group has-global-padding is-layout-constrained wp-block-group-is-layout-constrained\">\n<p class=\"has-text-align-left wp-block-paragraph\"><\/p>\n<\/div>\n<\/div>\n\n\n\n<p class=\"wp-block-paragraph\"><\/p>\n\n\n\n<p class=\"wp-block-paragraph\"><\/p>\n\n\n\n<p class=\"has-text-align-center wp-block-paragraph\"><strong>LEZECK\u00c9 KROU\u017dKY 2025\/2026<\/strong><\/p>\n\n\n\n<figure class=\"wp-block-table\"><table class=\"has-fixed-layout\"><tbody><tr><td colspan=\"5\"><strong>z\u00e1\u0159\u00ed 2025 \u2013 leden 2026<\/strong><\/td><\/tr><tr><td><strong>&nbsp;<\/strong><\/td><td><strong>15:30 \u2013 16:55<\/strong><\/td><td colspan=\"2\"><strong>17:00 \u2013 18:25<\/strong><\/td><td><strong>18:30 \u2013 19:55<\/strong><\/td><\/tr><tr><td><strong>POND\u011aL\u00cd<\/strong><\/td><td>d\u011bti 6 \u2013 8 let kapacita 10 d\u011bt\u00ed<\/td><td colspan=\"2\">d\u011bti 9 \u2013 12 let kapacita 12 d\u011bt\u00ed<\/td><td>d\u011bti 13 \u2013 17 let kapacita 12 d\u011bt\u00ed<\/td><\/tr><tr><td><strong>\u00daTER\u00dd<\/strong><\/td><td>d\u011bti &nbsp;9 \u2013 12 let v\u00fdkonnostn\u00ed krou\u017eek kapacita 10 d\u011bt\u00ed<\/td><td colspan=\"2\">d\u011bti 8 \u2013 13 let kapacita 12 d\u011bt\u00ed<\/td><td>d\u011bti 13 \u2013 17 let \u2013 v\u00fdkonnostn\u00ed krou\u017eek kapacita 12 d\u011bt\u00ed<\/td><\/tr><tr><td rowspan=\"2\"><strong>ST\u0158EDA<\/strong><\/td><td>d\u011bti 8 \u2013 11 let kapacita 10 d\u011bt\u00ed<\/td><td colspan=\"2\">d\u011bti 12 \u2013 13 let kapacita 12 d\u011bt\u00ed<\/td><td>d\u011bti 14 \u2013 17 let kapacita 12 d\u011bt\u00ed<\/td><\/tr><tr><td colspan=\"2\">&nbsp;<strong>16:00 \u2013 17:25<\/strong> d\u011bti 5 \u2013 7 let kapacita 8 d\u011bt\u00ed<\/td><td colspan=\"2\"><strong>17:30 \u2013 18:55<\/strong> d\u011bti 5 \u2013 7 let kapacita 8 d\u011bt\u00ed<\/td><\/tr><tr><td><strong>\u010cTVRTEK<\/strong><\/td><td>d\u011bti &nbsp;9 \u2013 12 let v\u00fdkonnostn\u00ed krou\u017eek kapacita 10 d\u011bt\u00ed<\/td><td colspan=\"2\">d\u011bti 10 \u2013 13 let kapacita 12 d\u011bt\u00ed<\/td><td>d\u011bti 13 \u2013 17 let kapacita 12 d\u011bt\u00ed<\/td><\/tr><tr><td><\/td><td><\/td><td><\/td><td><\/td><td><\/td><\/tr><\/tbody><\/table><\/figure>\n\n\n\n<p class=\"wp-block-paragraph\">Pozor kapacita krou\u017ek\u016f je kv\u016fli bezpe\u010dnosti omezena.<\/p>\n\n\n\n<p class=\"wp-block-paragraph\"><\/p>\n\n\n\n<p class=\"wp-block-paragraph\"><strong>Cena krou\u017eku (v\u010detn\u011b p\u016fj\u010den\u00ed vybaven\u00ed a vstupn\u00e9ho):<\/strong><\/p>\n\n\n\n<ul class=\"wp-block-list\">\n<li><strong>1\u00d7 t\u00fddn\u011b:<\/strong> 4 700 K\u010d \/ pololet\u00ed<\/li>\n\n\n\n<li><strong>2\u00d7 t\u00fddn\u011b:<\/strong> 7 900 K\u010d \/ pololet\u00ed<\/li>\n<\/ul>\n\n\n\n<p class=\"wp-block-paragraph\"><\/p>\n\n\n\n<p class=\"wp-block-paragraph\"><strong>P\u0159ihl\u00e1\u0161en\u00ed<\/strong><\/p>\n\n\n\n<p class=\"wp-block-paragraph\">Pokud chcete d\u00edt\u011b do krou\u017eku zapsat, po\u0161lete e-mail s t\u011bmito \u00fadaji na edita@polez.cz:<\/p>\n\n\n\n<ul class=\"wp-block-list\">\n<li>jm\u00e9no d\u00edt\u011bte<\/li>\n\n\n\n<li>den a \u010das, kter\u00fd jste si vybrali<\/li>\n\n\n\n<li>telefonn\u00ed kontakt na V\u00e1s<\/li>\n<\/ul>\n\n\n\n<p class=\"wp-block-paragraph\"><\/p>\n\n\n\n<p class=\"wp-block-paragraph\"><strong>Term\u00edny v\u00fduky<\/strong><\/p>\n\n\n\n<p class=\"wp-block-paragraph\">V\u00fduka je rozd\u011blena do dvou pololet\u00ed:<\/p>\n\n\n\n<ul class=\"wp-block-list\">\n<li><strong>z\u00e1\u0159\u00ed\u2013leden:<\/strong> 15. 9. 2025 \u2013 31. 1. 2026<\/li>\n\n\n\n<li><strong>\u00fanor\u2013\u010derven:<\/strong> 2. 2. 2026 \u2013 14. 6. 2026<\/li>\n<\/ul>\n\n\n\n<p class=\"wp-block-paragraph\"><\/p>\n\n\n\n<p class=\"wp-block-paragraph\"><strong>Krou\u017eky nebudou prob\u00edhat<\/strong> b\u011bhem t\u011bchto pr\u00e1zdnin a sv\u00e1tk\u016f:<\/p>\n\n\n\n<p class=\"wp-block-paragraph\">velikono\u010dn\u00ed pr\u00e1zdniny (2.\u20136. 4. 2026)<\/p>\n\n\n\n<p class=\"wp-block-paragraph\">podzimn\u00ed pr\u00e1zdniny (27.\u201329. 10. 2025)<\/p>\n\n\n\n<p class=\"wp-block-paragraph\">st\u00e1tn\u00ed sv\u00e1tek (17. 11. 2025)<\/p>\n\n\n\n<p class=\"wp-block-paragraph\">v\u00e1no\u010dn\u00ed pr\u00e1zdniny (22. 12. 2025 \u2013 4. 1. 2026)<\/p>\n\n\n\n<p class=\"wp-block-paragraph\">jarn\u00ed pr\u00e1zdniny v \u00dast\u00ed nad Labem (2.\u20138. 2. 2026)<\/p>\n\n\n\n<p class=\"wp-block-paragraph\"><\/p>\n\n\n\n<p class=\"wp-block-paragraph\"><\/p>\n\n\n\n<p class=\"wp-block-paragraph\"><strong>Lezeck\u00e9 krou\u017eky jsou podporov\u00e1ny m\u011bstem \u00dast\u00ed nad Labem &#8211; <a href=\"http:\/\/www.usti.cz\" data-type=\"link\" data-id=\"www.usti.cz\" rel=\"noopener\">www.usti.cz<\/a><\/strong><\/p>\n\n\n\n<figure class=\"wp-block-image size-large is-resized\"><img loading=\"lazy\" decoding=\"async\" width=\"1024\" height=\"512\" src=\"https:\/\/www.hudysteny.cz\/usti\/wp-content\/uploads\/2025\/04\/usti-logo-podporuje-verze-RGB-barva-1024x512.jpg\" alt=\"\" class=\"wp-image-1245\" style=\"aspect-ratio:2.0003125488357556;width:219px;height:auto\" srcset=\"https:\/\/www.hudysteny.cz\/usti\/wp-content\/uploads\/2025\/04\/usti-logo-podporuje-verze-RGB-barva-1024x512.jpg 1024w, https:\/\/www.hudysteny.cz\/usti\/wp-content\/uploads\/2025\/04\/usti-logo-podporuje-verze-RGB-barva-300x150.jpg 300w, https:\/\/www.hudysteny.cz\/usti\/wp-content\/uploads\/2025\/04\/usti-logo-podporuje-verze-RGB-barva-768x384.jpg 768w, https:\/\/www.hudysteny.cz\/usti\/wp-content\/uploads\/2025\/04\/usti-logo-podporuje-verze-RGB-barva-1536x768.jpg 1536w, https:\/\/www.hudysteny.cz\/usti\/wp-content\/uploads\/2025\/04\/usti-logo-podporuje-verze-RGB-barva-2048x1024.jpg 2048w\" sizes=\"auto, (max-width: 1024px) 100vw, 1024px\" \/><\/figure>\n\n\n\n<p class=\"wp-block-paragraph\"><\/p>\n","protected":false},"excerpt":{"rendered":"<p>Kapacita krou\u017eku je zcela napln\u011bna! LEZECK\u00c9 KROU\u017dKY 2025\/2026 z\u00e1\u0159\u00ed 2025 \u2013 leden 2026 &nbsp; 15:30 \u2013 16:55 17:00 \u2013 18:25 18:30 \u2013 19:55 POND\u011aL\u00cd d\u011bti 6 \u2013 8 let kapacita 10 d\u011bt\u00ed d\u011bti 9 \u2013 12 let kapacita 12 d\u011bt\u00ed d\u011bti 13 \u2013 17 let kapacita 12 d\u011bt\u00ed \u00daTER\u00dd d\u011bti &nbsp;9 \u2013 12 let v\u00fdkonnostn\u00ed [&hellip;]<\/p>\n","protected":false},"author":1,"featured_media":0,"parent":33,"menu_order":27,"comment_status":"closed","ping_status":"closed","template":"","meta":{"_acf_changed":false,"_crdt_document":"","footnotes":""},"class_list":["post-257","page","type-page","status-publish","hentry"],"acf":[],"_links":{"self":[{"href":"https:\/\/www.hudysteny.cz\/usti\/wp-json\/wp\/v2\/pages\/257","targetHints":{"allow":["GET"]}}],"collection":[{"href":"https:\/\/www.hudysteny.cz\/usti\/wp-json\/wp\/v2\/pages"}],"about":[{"href":"https:\/\/www.hudysteny.cz\/usti\/wp-json\/wp\/v2\/types\/page"}],"author":[{"embeddable":true,"href":"https:\/\/www.hudysteny.cz\/usti\/wp-json\/wp\/v2\/users\/1"}],"replies":[{"embeddable":true,"href":"https:\/\/www.hudysteny.cz\/usti\/wp-json\/wp\/v2\/comments?post=257"}],"version-history":[{"count":5,"href":"https:\/\/www.hudysteny.cz\/usti\/wp-json\/wp\/v2\/pages\/257\/revisions"}],"predecessor-version":[{"id":1263,"href":"https:\/\/www.hudysteny.cz\/usti\/wp-json\/wp\/v2\/pages\/257\/revisions\/1263"}],"up":[{"embeddable":true,"href":"https:\/\/www.hudysteny.cz\/usti\/wp-json\/wp\/v2\/pages\/33"}],"wp:attachment":[{"href":"https:\/\/www.hudysteny.cz\/usti\/wp-json\/wp\/v2\/media?parent=257"}],"curies":[{"name":"wp","href":"https:\/\/api.w.org\/{rel}","templated":true}]}}