{"id":665,"date":"2023-06-22T16:07:09","date_gmt":"2023-06-22T14:07:09","guid":{"rendered":"https:\/\/dev-usti.hudysteny.cz\/climbing-wall-usti\/"},"modified":"2025-10-03T13:58:13","modified_gmt":"2025-10-03T11:58:13","slug":"wall","status":"publish","type":"page","link":"https:\/\/www.hudysteny.cz\/usti\/en\/","title":{"rendered":"Climbing wall \u00dast\u00ed"},"content":{"rendered":"\n<div class=\"wp-block-group oteviracka has-global-padding is-layout-constrained wp-block-group-is-layout-constrained\">\n<div class=\"wp-block-columns is-layout-flex wp-container-core-columns-is-layout-9ba6dbca wp-block-columns-is-layout-flex\">\n<div class=\"wp-block-column is-layout-flow wp-block-column-is-layout-flow\">\n<h3 class=\"wp-block-heading\">Opening hours<\/h3>\n\n\n\n<figure class=\"wp-block-table noborder\"><table><tbody><tr><td>Monday<\/td><td>10.00 &#8211; 21.00<\/td><\/tr><tr><td>Tuesday<\/td><td>10.00 &#8211; 21.00<\/td><\/tr><tr><td>Wednesday<\/td><td>10.00 &#8211; 21.00<\/td><\/tr><tr><td>Thursday<\/td><td>10.00 &#8211; 21.00<\/td><\/tr><tr><td>Friday<\/td><td>10.00 &#8211; 21.00<\/td><\/tr><tr><td><strong>Saturday and Sunday<\/strong><\/td><td><strong>08.00 &#8211; 21.00<\/strong><\/td><\/tr><\/tbody><\/table><\/figure>\n\n\n\n<p class=\"wp-block-paragraph\"><\/p>\n<\/div>\n\n\n\n<div class=\"wp-block-column is-layout-flow wp-block-column-is-layout-flow\">\n<h3 class=\"wp-block-heading\">Where to find us<\/h3>\n\n\n\n<p class=\"wp-block-paragraph\">HUDY Climbing wall \u00dast\u00ed nad Labem<br\/>Pra\u017esk\u00e1 21<br\/>400 01 \u00dast\u00ed nad Labem<br\/><br\/>Tel: <a href=\"tel:+420%C2%A0603%20566%20582\">+420 <strong>603 566 582<\/strong><\/a><br\/>email: <a href=\"mailto:stena.usti@hudy.cz\">stena.usti@hudy.cz<\/a><\/p>\n<\/div>\n\n\n\n<div class=\"wp-block-column is-layout-flow wp-block-column-is-layout-flow\">\n<h3 class=\"wp-block-heading\">Follow us<\/h3>\n\n\n\n<div class=\"wp-block-group social is-nowrap is-layout-flex wp-container-core-group-is-layout-9ba6dbca wp-block-group-is-layout-flex\">\n<figure class=\"wp-block-image size-full is-resized\"><a href=\"https:\/\/www.facebook.com\/HudyLezeckaStenaUsti\" target=\"_blank\" rel=\"noreferrer noopener\"><img decoding=\"async\" src=\"https:\/\/www.hudysteny.cz\/usti\/wp-content\/uploads\/2023\/07\/facebook-b.svg\" alt=\"\" class=\"wp-image-323\" style=\"object-fit:cover;width:32px;height:32px\"\/><\/a><\/figure>\n\n\n\n<figure class=\"wp-block-image size-full is-resized\"><a href=\"https:\/\/www.instagram.com\/hudystena.usti\/\" target=\"_blank\" rel=\"noreferrer noopener\"><img decoding=\"async\" src=\"https:\/\/www.hudysteny.cz\/usti\/wp-content\/uploads\/2023\/07\/instagram-b.svg\" alt=\"\" class=\"wp-image-326\" style=\"object-fit:cover;width:32px;height:32px\"\/><\/a><\/figure>\n<\/div>\n\n\n\n<div style=\"height:30px;width:0px\" aria-hidden=\"true\" class=\"wp-block-spacer mezera_25\"><\/div>\n\n\n\n<h3 class=\"wp-block-heading sms_info desktop_hidden\">Which way to us?<\/h3>\n\n\n\n<p class=\"mb-0 wp-block-paragraph\">You can find us on <a href=\"https:\/\/mapy.cz\/s\/jatazagupo\" data-type=\"URL\" data-id=\"https:\/\/mapy.cz\" target=\"_blank\" rel=\"noreferrer noopener\">Maps.cz<\/a> or <a href=\"https:\/\/maps.app.goo.gl\/VJN1fEU1M91gvUvk7\" data-type=\"URL\" data-id=\"https:\/\/mapy.cz\" target=\"_blank\" rel=\"noreferrer noopener\">Google<\/a><\/p>\n\n\n\n<p class=\"sms_info mobile_hidden wp-block-paragraph\"><a href=\"#sms\" data-type=\"internal\" data-id=\"#sms\">Which way to us? By car and public transport<\/a><\/p>\n\n\n\n<div style=\"height:25px;width:0px\" aria-hidden=\"true\" class=\"wp-block-spacer mezera_25\"><\/div>\n\n\n\n<div class=\"wp-block-group desktop_hidden has-global-padding is-layout-constrained wp-block-group-is-layout-constrained\">\n<div class=\"wp-block-group sms has-global-padding is-layout-constrained wp-block-group-is-layout-constrained\">\n<p class=\"wp-block-paragraph\"><strong>By car <\/strong>&#8211; in the direction from \u00dast\u00ed you will pass under the railway bridge under V\u011btru\u0161\u00ed, 1km from it on the left side there is a marked entrance to the area. Free parking is available on site.<\/p>\n\n\n\n<p class=\"wp-block-paragraph\"><strong>Public transport <\/strong>&#8211; at the wall there is a stop of line No.85U cukrovaru (on the sign). The bus departs from the U divadla transfer point.<\/p>\n\n\n\n<p class=\"wp-block-paragraph\">To purchase an SMS ticket, send an SMS message in the form MDJ to 902 06. The ticket costs CZK 18 (+ the price of the SMS message according to your tariff with the operator), is a transfer ticket and is valid for 60 minutes in zones 101+111+121+122.<br\/><a rel=\"noreferrer noopener\" href=\"https:\/\/dpmul.cz\/\" data-type=\"link\" data-id=\"https:\/\/dpmul.cz\/\" target=\"_blank\">Timetables online<\/a><\/p>\n<\/div>\n<\/div>\n<\/div>\n<\/div>\n<\/div>\n\n<div style=\"height:65px\" aria-hidden=\"true\" class=\"wp-block-spacer mezera_65\"><\/div>\n\n<div class=\"wp-block-columns eq is-layout-flex wp-container-core-columns-is-layout-9ba6dbca wp-block-columns-is-layout-flex\">\n<div class=\"wp-block-column is-layout-flow wp-block-column-is-layout-flow\">\n<div class=\"wp-block-group box_cenik has-background has-global-padding is-layout-constrained wp-block-group-is-layout-constrained\" style=\"background-color:#f4f4f4\">\n<h2 class=\"wp-block-heading has-text-align-center\">Price list<\/h2>\n\n\n\n<div class=\"wp-block-buttons is-content-justification-center is-layout-flex wp-container-core-buttons-is-layout-d9a36c2f wp-block-buttons-is-layout-flex\">\n<div class=\"wp-block-button zelena\"><a class=\"wp-block-button__link wp-element-button\" href=\"https:\/\/www.hudysteny.cz\/usti\/en\/price-list\/\">More Information<\/a><\/div>\n<\/div>\n<\/div>\n<\/div>\n\n\n\n<div class=\"wp-block-column is-layout-flow wp-container-core-column-is-layout-2003d605 wp-block-column-is-layout-flow\">\n<div class=\"wp-block-group box_novinka has-background has-global-padding is-layout-constrained wp-container-core-group-is-layout-050dad78 wp-block-group-is-layout-constrained\" style=\"background-color:#f4f4f4\">\n<div class=\"wp-block-group inner_wrap has-global-padding is-layout-constrained wp-block-group-is-layout-constrained\">\n<h3 class=\"wp-block-heading has-text-align-center\">News<\/h3>\n\n\n<div class=\"cff-wrapper\"><div class=\"cff-wrapper-ctn \" ><div id=\"cff\" data-char=\"400\" class=\"cff cff-theme-overlap  cff-mob-cols-1 cff-tab-cols-1  cff-palette-7 cff-timeline-feed cff-all-reviews cff-nojs \" style=\"width:100%; \" data-fb-text=\"Zobrazit na Facebooku\" data-offset=\"\" data-own-token=\"true\" data-grid-pag=\"cursor\" data-restricted=\"true\" data-lb-comments=\"false\" data-pag-num=\"1\" data-cff-shortcode=\"{&quot;feed&quot;: &quot;7&quot;}\" data-postid=\"665\" data-locatornonce=\"6c18d9147f\" data-cff-theme=\"overlap\" ><svg width=\"24px\" height=\"24px\" version=\"1.1\" xmlns=\"http:\/\/www.w3.org\/2000\/svg\" xmlns:xlink=\"http:\/\/www.w3.org\/1999\/xlink\" class=\"cff-screenreader\" role=\"img\" aria-labelledby=\"metaSVGid metaSVGdesc\"><title id=\"metaSVGid\">Comments Box SVG icons<\/title><desc id=\"metaSVGdesc\">Used for the like, share, comment, and reaction icons<\/desc><defs><linearGradient id=\"angryGrad\" x1=\"0\" x2=\"0\" y1=\"0\" y2=\"1\"><stop offset=\"0%\" stop-color=\"#f9ae9e\" \/><stop offset=\"70%\" stop-color=\"#ffe7a4\" \/><\/linearGradient><linearGradient id=\"likeGrad\"><stop offset=\"25%\" stop-color=\"rgba(0,0,0,0.05)\" \/><stop offset=\"26%\" stop-color=\"rgba(255,255,255,0.7)\" \/><\/linearGradient><linearGradient id=\"likeGradHover\"><stop offset=\"25%\" stop-color=\"#a3caff\" \/><stop offset=\"26%\" stop-color=\"#fff\" \/><\/linearGradient><linearGradient id=\"likeGradDark\"><stop offset=\"25%\" stop-color=\"rgba(255,255,255,0.5)\" \/><stop offset=\"26%\" stop-color=\"rgba(255,255,255,0.7)\" \/><\/linearGradient><\/defs><\/svg><div class=\"cff-posts-wrap\"><div class=\"cff-item cff-photo-post author-hudy-lezeck-st-na-st-nad-labem cff-162766810540486 cff-new\" id=\"cff_162766810540486_1404576848140629\" data-page-id=\"162766810540486\" data-cff-timestamp=\"1776156768\" data-object-id=\"1404576831473964\" data-cff-from=\"162766810540486\" style=\"border-bottom: 0px solid #fff; z-index: 10;\"><p  class=\"cff-post-text\">\n\t<span class=\"cff-text\" data-color=\"\">POZOR\ud83d\udea8<br \/>od pond\u011bl\u00ed 20.4. do st\u0159edy 22.4.13:00 bude UZAV\u0158ENA BOULDROVKA z d\u016fvodu KOMPLETN\u00cd P\u0158ESTAVBY <br \/><br \/>D\u011aKUJEME ZA POCHOPEN\u00cd \t<\/span>\n\t<span class=\"cff-expand\">... <a href=\"#\" ><span class=\"cff-more\">Zobrazit v\u00edce<\/span><span class=\"cff-less\">Zobrazit m\u00e9n\u011b<\/span><\/a><\/span>\n<\/p>\n<div class=\"cff-date  cff-date-below\" >\n\t 14. 04. 2026 <\/div>\n<div class=\"cff-meta-wrap\">\n\t<\/div>\n<\/div><\/div><span class=\"cff_resized_image_data\" data-feedid=\"cff_16276681054048627668105404862mecs0000\" data-resized=\"[]\"><\/span><\/div><\/div><div class=\"cff-clear\"><\/div><\/div><style type=\"text\/css\">\n<\/style>\n\n\n<a class=\"novinky_link\" href=\"https:\/\/www.hudysteny.cz\/usti\/en\/news\/\" title=\"View news\" target=\"_parent\"><span>View news<\/span><\/a>\n<\/div>\n<\/div>\n<\/div>\n<\/div>\n\n<div style=\"height:65px\" aria-hidden=\"true\" class=\"wp-block-spacer mezera_65\"><\/div>\n\n<h3 class=\"wp-block-heading has-text-align-center\">Basic parameters of the wall<\/h3>\n\n<p class=\"has-text-align-center wp-block-paragraph\">The HUDY climbing wall \u00dast\u00ed nad Labem is located in the building of the former sugar warehouse. <br\/>The building has dimensions of 35 m x 15 m and a height of 17 m. <strong>HUDY climbing wall <\/strong>offers: <strong>140 routes<\/strong> in difficulty <strong>from 2 to 8a <\/strong>of the French classification, <strong>5 reels for self-insurance<\/strong>, travel length <strong>15 m<\/strong> to <strong>21<\/strong> <strong>m,<\/strong> a <strong>bouldering wall<\/strong> <strong>15 m<\/strong> long and <strong>4.5 m <\/strong>high, a <strong>new modern bouldering hall<\/strong> with a climbing area of <strong>550m2<\/strong> and approx. <strong>130 boulders<\/strong>, changing rooms with toilets and showers separately for women and men, <strong>bar with a capacity of 45 seats<\/strong>, training centre a <strong>polygon<\/strong> for training for high-altitude work, two <strong>parking lots<\/strong> right next to the building with about<strong> 40 places<\/strong>, <strong>climbing courses<\/strong>, <a href=\"http:\/\/www.hudysteny.cz\/usti\/cenik\/pujcovne\">climbing material rental<\/a>, a children&#8217;s wall. <\/p>\n\n<p class=\"has-text-align-center wp-block-paragraph\"><strong>The total area of the whole complex is about 2 300m\u00b2.<\/strong> <br\/>Our artificial climbing wall is built to be as varied as possible. Here you will find vertical, overhanging and easy climbing profiles. We spiced up the wall with edges, joints and chimneys for a practice run on real rocks.<\/p>\n\n<div style=\"height:45px\" aria-hidden=\"true\" class=\"wp-block-spacer mezera_45\"><\/div>\n\n<div class=\"wp-block-buttons is-content-justification-center is-layout-flex wp-container-core-buttons-is-layout-d9a36c2f wp-block-buttons-is-layout-flex\">\n<div class=\"wp-block-button seda\"><a class=\"wp-block-button__link wp-element-button\" href=\"https:\/\/www.hudysteny.cz\/usti\/en\/wall\/list-of-routes\/\">List Of Routes<\/a><\/div>\n<\/div>\n\n<div style=\"height:65px\" aria-hidden=\"true\" class=\"wp-block-spacer mezera_65\"><\/div>\n\n<div class=\"wp-block-group alignfull bg_seda has-global-padding is-layout-constrained wp-block-group-is-layout-constrained\">\n\t\t<div id=\"prodejny\">\n            <h2>The nearest HUDY store<\/h2>\n\t\t\t<div class=\"innerwrap owl-carousel owl-theme\">\n    \t<div class=\"item\">\n\t\t\t<h3><a href=\"https:\/\/www.hudy.cz\/hudysport-usti-nad-labem\" target=\"_blank\" rel=\"noopener\">\u00dast\u00ed nad Labem<\/a><\/h3>\n            <!-- wp:paragraph -->\n<p>Masarykova 3125<br>400 01 \u00dast\u00ed nad Labem<\/p>\n<!-- \/wp:paragraph -->\n            <a href=\"tel:+420 475 209 625\">+420 475 209 625<\/a><br>\n            <a href=\"mailto:usti@hudy.cz\">usti@hudy.cz<\/a><br>\n            <a href=\"https:\/\/www.hudy.cz\/hudysport-usti-nad-labem\" target=\"_blank\" class=\"btn btn--ghost\" rel=\"noopener\"><span class=\"btn__inner\">About the store<\/span><\/a><br>\n\t\t<\/div>\n    \t<div class=\"item\">\n\t\t\t<h3><a href=\"https:\/\/www.hudy.cz\/hudysport-hrensko\" target=\"_blank\" rel=\"noopener\">H\u0159ensko<\/a><\/h3>\n            <!-- wp:paragraph -->\n<p>H\u0159ensko 131<br>407 17 H\u0159ensko<\/p>\n<!-- \/wp:paragraph -->\n            <a href=\"tel: +420 412 554 086\"> +420 412 554 086<\/a><br>\n            <a href=\"mailto:hrensko@hudy.cz\">hrensko@hudy.cz<\/a><br>\n            <a href=\"https:\/\/www.hudy.cz\/hudysport-hrensko\" target=\"_blank\" class=\"btn btn--ghost\" rel=\"noopener\"><span class=\"btn__inner\">About the store<\/span><\/a><br>\n\t\t<\/div>\n    \t<div class=\"item\">\n\t\t\t<h3><a href=\"https:\/\/www.hudy.cz\/hudysport-liberec\" target=\"_blank\" rel=\"noopener\">Liberec<\/a><\/h3>\n            <!-- wp:paragraph -->\n<p>5. Kv\u011btna 15<br>460 01 Liberec<\/p>\n<!-- \/wp:paragraph -->\n            <a href=\"tel: +420 485 105 738\"> +420 485 105 738<\/a><br>\n            <a href=\"mailto:liberec@hudy.cz\">liberec@hudy.cz<\/a><br>\n            <a href=\"https:\/\/www.hudy.cz\/hudysport-liberec\" target=\"_blank\" class=\"btn btn--ghost\" rel=\"noopener\"><span class=\"btn__inner\">About the store<\/span><\/a><br>\n\t\t<\/div>\n    \t<div class=\"item\">\n\t\t\t<h3><a href=\"https:\/\/www.hudy.cz\/hudysport-karlovy-vary\" target=\"_blank\" rel=\"noopener\">Karlovy Vary<\/a><\/h3>\n            <!-- wp:paragraph -->\n<p>Z\u00e1padn\u00ed 11<br>360 01 Karlovy Vary<\/p>\n<!-- \/wp:paragraph -->\n            <a href=\"tel:+420 775 128 588\">+420 775 128 588<\/a><br>\n            <a href=\"mailto:karlovyvary@hudy.cz\">karlovyvary@hudy.cz<\/a><br>\n            <a href=\"https:\/\/www.hudy.cz\/hudysport-karlovy-vary\" target=\"_blank\" class=\"btn btn--ghost\" rel=\"noopener\"><span class=\"btn__inner\">About the store<\/span><\/a><br>\n\t\t<\/div>\n    \t<div class=\"item\">\n\t\t\t<h3><a href=\"https:\/\/www.hudy.cz\/hudysport-jablonec-nad-nisou\" target=\"_blank\" rel=\"noopener\">Jablonec nad Nisou<\/a><\/h3>\n            <!-- wp:paragraph -->\n<p>Podhorsk\u00e1 22<br>466 01 Jablonec nad Nisou<\/p>\n<!-- \/wp:paragraph -->\n\n<!-- wp:paragraph -->\n<p><\/p>\n<!-- \/wp:paragraph -->\n            <a href=\"tel:+420 483 316 203\">+420 483 316 203<\/a><br>\n            <a href=\"mailto:jablonec@hudy.cz\">jablonec@hudy.cz<\/a><br>\n            <a href=\"https:\/\/www.hudy.cz\/hudysport-jablonec-nad-nisou\" target=\"_blank\" class=\"btn btn--ghost\" rel=\"noopener\"><span class=\"btn__inner\">About the store<\/span><\/a><br>\n\t\t<\/div><\/div>\n\t\t<\/div>\n<\/div>\n","protected":false},"excerpt":{"rendered":"<p>Price list News Basic parameters of the wall The HUDY climbing wall \u00dast\u00ed nad Labem is located in the building of the former sugar warehouse. The building has dimensions of 35 m x 15 m and a height of 17 m. HUDY climbing wall offers: 140 routes in difficulty from 2 to 8a of the [&hellip;]<\/p>\n","protected":false},"author":1,"featured_media":0,"parent":0,"menu_order":1,"comment_status":"closed","ping_status":"closed","template":"","meta":{"_acf_changed":false,"_crdt_document":"","footnotes":""},"class_list":["post-665","page","type-page","status-publish","hentry"],"acf":[],"_links":{"self":[{"href":"https:\/\/www.hudysteny.cz\/usti\/en\/wp-json\/wp\/v2\/pages\/665","targetHints":{"allow":["GET"]}}],"collection":[{"href":"https:\/\/www.hudysteny.cz\/usti\/en\/wp-json\/wp\/v2\/pages"}],"about":[{"href":"https:\/\/www.hudysteny.cz\/usti\/en\/wp-json\/wp\/v2\/types\/page"}],"author":[{"embeddable":true,"href":"https:\/\/www.hudysteny.cz\/usti\/en\/wp-json\/wp\/v2\/users\/1"}],"replies":[{"embeddable":true,"href":"https:\/\/www.hudysteny.cz\/usti\/en\/wp-json\/wp\/v2\/comments?post=665"}],"version-history":[{"count":5,"href":"https:\/\/www.hudysteny.cz\/usti\/en\/wp-json\/wp\/v2\/pages\/665\/revisions"}],"predecessor-version":[{"id":1273,"href":"https:\/\/www.hudysteny.cz\/usti\/en\/wp-json\/wp\/v2\/pages\/665\/revisions\/1273"}],"wp:attachment":[{"href":"https:\/\/www.hudysteny.cz\/usti\/en\/wp-json\/wp\/v2\/media?parent=665"}],"curies":[{"name":"wp","href":"https:\/\/api.w.org\/{rel}","templated":true}]}}