{"id":746,"date":"2023-06-22T16:09:56","date_gmt":"2023-06-22T14:09:56","guid":{"rendered":"https:\/\/dev-usti.hudysteny.cz\/kontakt\/"},"modified":"2023-12-18T17:46:16","modified_gmt":"2023-12-18T16:46:16","slug":"kontakt","status":"publish","type":"page","link":"https:\/\/www.hudysteny.cz\/usti\/de\/kontakt\/","title":{"rendered":"Kontakt"},"content":{"rendered":"\n<div class=\"wp-block-group oteviracka has-global-padding is-layout-constrained wp-block-group-is-layout-constrained\">\n<div class=\"wp-block-columns is-layout-flex wp-container-core-columns-is-layout-9ba6dbca wp-block-columns-is-layout-flex\">\n<div class=\"wp-block-column is-layout-flow wp-block-column-is-layout-flow\">\n<h3 class=\"wp-block-heading\">Die \u00d6ffnungszeiten<\/h3>\n\n\n\n<figure class=\"wp-block-table noborder\"><table><tbody><tr><td>Montag<\/td><td>10.00 &#8211; 21.00<\/td><\/tr><tr><td>Dienstag<\/td><td>10.00 &#8211; 21.00<\/td><\/tr><tr><td>Mittwoch<\/td><td>10.00 &#8211; 21.00<\/td><\/tr><tr><td>Donnerstag<\/td><td>10.00 &#8211; 21.00<\/td><\/tr><tr><td>Freitag<\/td><td>10.00 &#8211; 21.00<\/td><\/tr><tr><td><strong>Samstag und Sonntag<\/strong><\/td><td><strong>08.00 &#8211; 21.00<\/strong><\/td><\/tr><\/tbody><\/table><\/figure>\n\n\n\n<p class=\"wp-block-paragraph\"><\/p>\n<\/div>\n\n\n\n<div class=\"wp-block-column is-layout-flow wp-block-column-is-layout-flow\">\n<h3 class=\"wp-block-heading\">Wo Sie uns finden<\/h3>\n\n\n\n<p class=\"wp-block-paragraph\">HUDY Lezeck\u00e1 st\u011bna \u00dast\u00ed nad Labem<br\/>Pra\u017esk\u00e1 21<br\/>400 01 \u00dast\u00ed nad Labem<br\/><br\/>Tel.: <a href=\"tel:+420%C2%A0603%20566%20582\">+420 <strong>603 566 582<\/strong><\/a><br\/>e-mail: <a href=\"mailto:stena.usti@hudy.cz\">stena.usti@hudy.cz<\/a><\/p>\n<\/div>\n\n\n\n<div class=\"wp-block-column is-layout-flow wp-block-column-is-layout-flow\">\n<h3 class=\"wp-block-heading\">Folgen Sie uns<\/h3>\n\n\n\n<div class=\"wp-block-group social is-nowrap is-layout-flex wp-container-core-group-is-layout-9ba6dbca wp-block-group-is-layout-flex\">\n<figure class=\"wp-block-image size-full is-resized\"><a href=\"https:\/\/www.facebook.com\/HudyLezeckaStenaUsti\" target=\"_blank\" rel=\"noreferrer noopener\"><img decoding=\"async\" src=\"https:\/\/www.hudysteny.cz\/usti\/wp-content\/uploads\/2023\/07\/facebook-b.svg\" alt=\"\" class=\"wp-image-323\" style=\"object-fit:cover;width:32px;height:32px\"\/><\/a><\/figure>\n\n\n\n<figure class=\"wp-block-image size-full is-resized\"><a href=\"https:\/\/www.instagram.com\/hudystena.usti\/\" target=\"_blank\" rel=\"noreferrer noopener\"><img decoding=\"async\" src=\"https:\/\/www.hudysteny.cz\/usti\/wp-content\/uploads\/2023\/07\/instagram-b.svg\" alt=\"\" class=\"wp-image-326\" style=\"object-fit:cover;width:32px;height:32px\"\/><\/a><\/figure>\n<\/div>\n\n\n\n<div style=\"height:30px;width:0px\" aria-hidden=\"true\" class=\"wp-block-spacer mezera_25\"><\/div>\n\n\n\n<h3 class=\"wp-block-heading sms_info desktop_hidden\">Welcher Weg zu uns?<\/h3>\n\n\n\n<p class=\"mb-0 wp-block-paragraph\">Sie k\u00f6nnen uns auf <a href=\"https:\/\/mapy.cz\/s\/jatazagupo\" data-type=\"URL\" data-id=\"https:\/\/mapy.cz\" target=\"_blank\" rel=\"noreferrer noopener\">Maps.cz<\/a> oder <a href=\"https:\/\/maps.app.goo.gl\/VJN1fEU1M91gvUvk7\" data-type=\"URL\" data-id=\"https:\/\/mapy.cz\" target=\"_blank\" rel=\"noreferrer noopener\">Google<\/a> finden<\/p>\n\n\n\n<p class=\"sms_info mobile_hidden wp-block-paragraph\"><a href=\"#sms\" data-type=\"internal\" data-id=\"#sms\">Welcher Weg zu uns? Mit dem Auto und \u00f6ffentlichen Verkehrsmitteln<\/a><\/p>\n\n\n\n<div style=\"height:25px;width:0px\" aria-hidden=\"true\" class=\"wp-block-spacer mezera_25\"><\/div>\n\n\n\n<div class=\"wp-block-group desktop_hidden has-global-padding is-layout-constrained wp-block-group-is-layout-constrained\">\n<div class=\"wp-block-group sms has-global-padding is-layout-constrained wp-block-group-is-layout-constrained\">\n<p class=\"wp-block-paragraph\"><strong>Mit dem Auto <\/strong>&#8211; in Richtung \u00dast\u00ed fahren Sie unter der Eisenbahnbr\u00fccke unter V\u011btru\u0161\u00ed hindurch, 1 km davon entfernt befindet sich auf der linken Seite eine markierte Einfahrt zum Areal. Kostenlose Parkpl\u00e4tze sind vor Ort vorhanden.<\/p>\n\n\n\n<p class=\"wp-block-paragraph\"><strong>\u00d6ffentliche Verkehrsmittel <\/strong>&#8211; an der Mauer befindet sich eine Haltestelle der Linie Nr.85U cukrovaru (auf dem Schild). Der Bus f\u00e4hrt von der Umsteigestelle U divadla ab.<\/p>\n\n\n\n<p class=\"wp-block-paragraph\">Um ein SMS-Ticket zu kaufen, senden Sie eine SMS mit der Form MDJ an 902 06. Die Fahrkarte kostet 18 CZK (+ den Preis der SMS-Nachricht gem\u00e4\u00df Ihrem Tarif beim Betreiber), ist eine Umsteigefahrkarte und gilt 60 Minuten lang in den Zonen 101+111+121+122.<br\/><a rel=\"noreferrer noopener\" href=\"https:\/\/dpmul.cz\/\" data-type=\"link\" data-id=\"https:\/\/dpmul.cz\/\" target=\"_blank\">Fahrpl\u00e4ne online<\/a><\/p>\n<\/div>\n<\/div>\n<\/div>\n<\/div>\n<\/div>\n\n<div style=\"height:65px\" aria-hidden=\"true\" class=\"wp-block-spacer mezera_65\"><\/div>\n\n<h3 class=\"wp-block-heading has-text-align-center\">Fotogalerie<\/h3>\n\n<figure class=\"wp-block-gallery has-nested-images columns-3 is-cropped wp-block-gallery-1 is-layout-flex wp-block-gallery-is-layout-flex\">\n<figure class=\"wp-block-image size-large\"><a href=\"https:\/\/www.hudysteny.cz\/usti\/wp-content\/uploads\/2023\/12\/Celek_2.jpg\"><img loading=\"lazy\" decoding=\"async\" width=\"1024\" height=\"679\" data-id=\"997\" src=\"https:\/\/www.hudysteny.cz\/usti\/wp-content\/uploads\/2023\/12\/Celek_2.jpg\" alt=\"\" class=\"wp-image-997\" srcset=\"https:\/\/www.hudysteny.cz\/usti\/wp-content\/uploads\/2023\/12\/Celek_2.jpg 1024w, https:\/\/www.hudysteny.cz\/usti\/wp-content\/uploads\/2023\/12\/Celek_2-300x199.jpg 300w, https:\/\/www.hudysteny.cz\/usti\/wp-content\/uploads\/2023\/12\/Celek_2-768x509.jpg 768w\" sizes=\"auto, (max-width: 1024px) 100vw, 1024px\" \/><\/a><\/figure>\n\n\n\n<figure class=\"wp-block-image size-large\"><a href=\"https:\/\/www.hudysteny.cz\/usti\/wp-content\/uploads\/2023\/12\/HUDY_lezecka_stena_Usti_nad_Labem_-_40.jpg\"><img loading=\"lazy\" decoding=\"async\" width=\"500\" height=\"667\" data-id=\"983\" src=\"https:\/\/www.hudysteny.cz\/usti\/wp-content\/uploads\/2023\/12\/HUDY_lezecka_stena_Usti_nad_Labem_-_40.jpg\" alt=\"\" class=\"wp-image-983\" srcset=\"https:\/\/www.hudysteny.cz\/usti\/wp-content\/uploads\/2023\/12\/HUDY_lezecka_stena_Usti_nad_Labem_-_40.jpg 500w, https:\/\/www.hudysteny.cz\/usti\/wp-content\/uploads\/2023\/12\/HUDY_lezecka_stena_Usti_nad_Labem_-_40-225x300.jpg 225w\" sizes=\"auto, (max-width: 500px) 100vw, 500px\" \/><\/a><\/figure>\n\n\n\n<figure class=\"wp-block-image size-large\"><a href=\"https:\/\/www.hudysteny.cz\/usti\/wp-content\/uploads\/2023\/12\/Celek_patro.jpg\"><img loading=\"lazy\" decoding=\"async\" width=\"1024\" height=\"581\" data-id=\"1010\" src=\"https:\/\/www.hudysteny.cz\/usti\/wp-content\/uploads\/2023\/12\/Celek_patro.jpg\" alt=\"\" class=\"wp-image-1010\" srcset=\"https:\/\/www.hudysteny.cz\/usti\/wp-content\/uploads\/2023\/12\/Celek_patro.jpg 1024w, https:\/\/www.hudysteny.cz\/usti\/wp-content\/uploads\/2023\/12\/Celek_patro-300x170.jpg 300w, https:\/\/www.hudysteny.cz\/usti\/wp-content\/uploads\/2023\/12\/Celek_patro-768x436.jpg 768w\" sizes=\"auto, (max-width: 1024px) 100vw, 1024px\" \/><\/a><\/figure>\n\n\n\n<figure class=\"wp-block-image size-large\"><a href=\"https:\/\/www.hudysteny.cz\/usti\/wp-content\/uploads\/2023\/12\/Bouldrovka_2.jpg\"><img loading=\"lazy\" decoding=\"async\" width=\"768\" height=\"1024\" data-id=\"1003\" src=\"https:\/\/www.hudysteny.cz\/usti\/wp-content\/uploads\/2023\/12\/Bouldrovka_2.jpg\" alt=\"\" class=\"wp-image-1003\" srcset=\"https:\/\/www.hudysteny.cz\/usti\/wp-content\/uploads\/2023\/12\/Bouldrovka_2.jpg 768w, https:\/\/www.hudysteny.cz\/usti\/wp-content\/uploads\/2023\/12\/Bouldrovka_2-225x300.jpg 225w\" sizes=\"auto, (max-width: 768px) 100vw, 768px\" \/><\/a><\/figure>\n\n\n\n<figure class=\"wp-block-image size-large\"><a href=\"https:\/\/www.hudysteny.cz\/usti\/wp-content\/uploads\/2023\/12\/HUDY_lezecka_stena_Usti_nad_Labem_-_38.jpg\"><img loading=\"lazy\" decoding=\"async\" width=\"500\" height=\"667\" data-id=\"984\" src=\"https:\/\/www.hudysteny.cz\/usti\/wp-content\/uploads\/2023\/12\/HUDY_lezecka_stena_Usti_nad_Labem_-_38.jpg\" alt=\"\" class=\"wp-image-984\" srcset=\"https:\/\/www.hudysteny.cz\/usti\/wp-content\/uploads\/2023\/12\/HUDY_lezecka_stena_Usti_nad_Labem_-_38.jpg 500w, https:\/\/www.hudysteny.cz\/usti\/wp-content\/uploads\/2023\/12\/HUDY_lezecka_stena_Usti_nad_Labem_-_38-225x300.jpg 225w\" sizes=\"auto, (max-width: 500px) 100vw, 500px\" \/><\/a><\/figure>\n\n\n\n<figure class=\"wp-block-image size-large\"><a href=\"https:\/\/www.hudysteny.cz\/usti\/wp-content\/uploads\/2023\/12\/Bouldrovka_1.jpg\"><img loading=\"lazy\" decoding=\"async\" width=\"768\" height=\"1024\" data-id=\"998\" src=\"https:\/\/www.hudysteny.cz\/usti\/wp-content\/uploads\/2023\/12\/Bouldrovka_1.jpg\" alt=\"\" class=\"wp-image-998\" srcset=\"https:\/\/www.hudysteny.cz\/usti\/wp-content\/uploads\/2023\/12\/Bouldrovka_1.jpg 768w, https:\/\/www.hudysteny.cz\/usti\/wp-content\/uploads\/2023\/12\/Bouldrovka_1-225x300.jpg 225w\" sizes=\"auto, (max-width: 768px) 100vw, 768px\" \/><\/a><\/figure>\n\n\n\n<figure class=\"wp-block-image size-large\"><a href=\"https:\/\/www.hudysteny.cz\/usti\/wp-content\/uploads\/2023\/12\/Komin_spara.jpg\"><img loading=\"lazy\" decoding=\"async\" width=\"768\" height=\"1024\" data-id=\"1006\" src=\"https:\/\/www.hudysteny.cz\/usti\/wp-content\/uploads\/2023\/12\/Komin_spara.jpg\" alt=\"\" class=\"wp-image-1006\" srcset=\"https:\/\/www.hudysteny.cz\/usti\/wp-content\/uploads\/2023\/12\/Komin_spara.jpg 768w, https:\/\/www.hudysteny.cz\/usti\/wp-content\/uploads\/2023\/12\/Komin_spara-225x300.jpg 225w\" sizes=\"auto, (max-width: 768px) 100vw, 768px\" \/><\/a><\/figure>\n\n\n\n<figure class=\"wp-block-image size-large\"><a href=\"https:\/\/www.hudysteny.cz\/usti\/wp-content\/uploads\/2023\/12\/Z_vrchu.jpg\"><img loading=\"lazy\" decoding=\"async\" width=\"679\" height=\"1024\" data-id=\"1009\" src=\"https:\/\/www.hudysteny.cz\/usti\/wp-content\/uploads\/2023\/12\/Z_vrchu.jpg\" alt=\"\" class=\"wp-image-1009\" srcset=\"https:\/\/www.hudysteny.cz\/usti\/wp-content\/uploads\/2023\/12\/Z_vrchu.jpg 679w, https:\/\/www.hudysteny.cz\/usti\/wp-content\/uploads\/2023\/12\/Z_vrchu-199x300.jpg 199w\" sizes=\"auto, (max-width: 679px) 100vw, 679px\" \/><\/a><\/figure>\n\n\n\n<figure class=\"wp-block-image size-large\"><a href=\"https:\/\/www.hudysteny.cz\/usti\/wp-content\/uploads\/2023\/12\/Z_vrsku.jpg\"><img loading=\"lazy\" decoding=\"async\" width=\"679\" height=\"1024\" data-id=\"1015\" src=\"https:\/\/www.hudysteny.cz\/usti\/wp-content\/uploads\/2023\/12\/Z_vrsku.jpg\" alt=\"\" class=\"wp-image-1015\" srcset=\"https:\/\/www.hudysteny.cz\/usti\/wp-content\/uploads\/2023\/12\/Z_vrsku.jpg 679w, https:\/\/www.hudysteny.cz\/usti\/wp-content\/uploads\/2023\/12\/Z_vrsku-199x300.jpg 199w\" sizes=\"auto, (max-width: 679px) 100vw, 679px\" \/><\/a><\/figure>\n\n\n\n<figure class=\"wp-block-image size-large\"><a href=\"https:\/\/www.hudysteny.cz\/usti\/wp-content\/uploads\/2023\/12\/HUDY_lezecka_stena_Usti_nad_Labem_-_22.jpg\"><img loading=\"lazy\" decoding=\"async\" width=\"700\" height=\"525\" data-id=\"989\" src=\"https:\/\/www.hudysteny.cz\/usti\/wp-content\/uploads\/2023\/12\/HUDY_lezecka_stena_Usti_nad_Labem_-_22.jpg\" alt=\"\" class=\"wp-image-989\" srcset=\"https:\/\/www.hudysteny.cz\/usti\/wp-content\/uploads\/2023\/12\/HUDY_lezecka_stena_Usti_nad_Labem_-_22.jpg 700w, https:\/\/www.hudysteny.cz\/usti\/wp-content\/uploads\/2023\/12\/HUDY_lezecka_stena_Usti_nad_Labem_-_22-300x225.jpg 300w\" sizes=\"auto, (max-width: 700px) 100vw, 700px\" \/><\/a><\/figure>\n\n\n\n<figure class=\"wp-block-image size-large\"><a href=\"https:\/\/www.hudysteny.cz\/usti\/wp-content\/uploads\/2023\/12\/HUDY_lezecka_stena_Usti_nad_Labem_-_24.jpg\"><img loading=\"lazy\" decoding=\"async\" width=\"700\" height=\"525\" data-id=\"992\" src=\"https:\/\/www.hudysteny.cz\/usti\/wp-content\/uploads\/2023\/12\/HUDY_lezecka_stena_Usti_nad_Labem_-_24.jpg\" alt=\"\" class=\"wp-image-992\" srcset=\"https:\/\/www.hudysteny.cz\/usti\/wp-content\/uploads\/2023\/12\/HUDY_lezecka_stena_Usti_nad_Labem_-_24.jpg 700w, https:\/\/www.hudysteny.cz\/usti\/wp-content\/uploads\/2023\/12\/HUDY_lezecka_stena_Usti_nad_Labem_-_24-300x225.jpg 300w\" sizes=\"auto, (max-width: 700px) 100vw, 700px\" \/><\/a><\/figure>\n\n\n\n<figure class=\"wp-block-image size-full\"><a href=\"https:\/\/www.hudysteny.cz\/usti\/wp-content\/uploads\/2023\/12\/HUDY_lezecka_stena_Usti_nad_Labem_-_25.jpg\"><img loading=\"lazy\" decoding=\"async\" width=\"700\" height=\"525\" data-id=\"982\" src=\"https:\/\/www.hudysteny.cz\/usti\/wp-content\/uploads\/2023\/12\/HUDY_lezecka_stena_Usti_nad_Labem_-_25.jpg\" alt=\"\" class=\"wp-image-982\" srcset=\"https:\/\/www.hudysteny.cz\/usti\/wp-content\/uploads\/2023\/12\/HUDY_lezecka_stena_Usti_nad_Labem_-_25.jpg 700w, https:\/\/www.hudysteny.cz\/usti\/wp-content\/uploads\/2023\/12\/HUDY_lezecka_stena_Usti_nad_Labem_-_25-300x225.jpg 300w\" sizes=\"auto, (max-width: 700px) 100vw, 700px\" \/><\/a><\/figure>\n<\/figure>\n\n<div style=\"height:65px\" aria-hidden=\"true\" class=\"wp-block-spacer mezera_65\"><\/div>\n\n        <div class=\"map_wrapper alignfull\">\n            <div id=\"map\" class=\"alignfull\"><\/div>\n            <div id=\"map_overlay\">Um die Karte zu verschieben halten Sie die Taste Ctrl gedr\u00fcckt un verwenden gleichzeitig Scrollen mit Maus<\/div>\n        <\/div>\n        <script src=\"https:\/\/maps.googleapis.com\/maps\/api\/js?key=AIzaSyC5dcJA339C_6yVesGbOep6fkn21eXpsxk&callback=initMap&v=weekly\" defer><\/script>\n    \n\n<div style=\"height:45px\" aria-hidden=\"true\" class=\"wp-block-spacer mezera_45\"><\/div>\n\n<div class=\"wp-block-group odpovedna_osoba bg_seda has-global-padding is-layout-constrained wp-block-group-is-layout-constrained\">\n<div class=\"wp-block-columns is-layout-flex wp-container-core-columns-is-layout-9ba6dbca wp-block-columns-is-layout-flex\">\n<div class=\"wp-block-column is-layout-flow wp-block-column-is-layout-flow\" style=\"flex-basis:33.33%\">\n<figure class=\"wp-block-image size-large\"><img loading=\"lazy\" decoding=\"async\" width=\"905\" height=\"1024\" src=\"https:\/\/www.hudysteny.cz\/usti\/wp-content\/uploads\/2023\/09\/Richard-Litochleb-905x1024.webp\" alt=\"\" class=\"wp-image-572\" srcset=\"https:\/\/www.hudysteny.cz\/usti\/wp-content\/uploads\/2023\/09\/Richard-Litochleb-905x1024.webp 905w, https:\/\/www.hudysteny.cz\/usti\/wp-content\/uploads\/2023\/09\/Richard-Litochleb-265x300.webp 265w, https:\/\/www.hudysteny.cz\/usti\/wp-content\/uploads\/2023\/09\/Richard-Litochleb-768x869.webp 768w, https:\/\/www.hudysteny.cz\/usti\/wp-content\/uploads\/2023\/09\/Richard-Litochleb-1357x1536.webp 1357w, https:\/\/www.hudysteny.cz\/usti\/wp-content\/uploads\/2023\/09\/Richard-Litochleb.webp 1731w\" sizes=\"auto, (max-width: 905px) 100vw, 905px\" \/><\/figure>\n<\/div>\n\n\n\n<div class=\"wp-block-column is-layout-flow wp-block-column-is-layout-flow\" style=\"flex-basis:66.66%\">\n<h3 class=\"wp-block-heading has-text-align-left\">Verantwortliche Person<\/h3>\n\n\n\n<p class=\"wp-block-paragraph\"><strong>Richard Litochleb<\/strong> ist einer der Gr\u00fcnder von HUDYsport und eine lebende Legende des Elbtals. Derzeit arbeitet er in dem Unternehmen an. die Stelle des Leiters der HUDY-Kletterw\u00e4nde. <br\/>Er war an der Entstehung der Kletterwand in \u00dast\u00ed nad Labem, der Kletter- und Boulderwand in Br\u00fcnn und der Prager Boulderhalle in Karl\u00edn beteiligt, wo er der Hauptgestalter der Kletterfl\u00e4chen war. Die erste Wand in \u00dast\u00ed nad Labem entstand aus einer urspr\u00fcnglich stillgelegten Zuckerfabrik und wurde zu einer modernen Kletterwand mit Routen sowohl f\u00fcr anspruchsvolle Kletterer als auch f\u00fcr Anf\u00e4nger. <\/p>\n\n\n\n<p class=\"wp-block-paragraph\">Im Jahr 2021 wurde in \u00dast\u00ed nad Labem eine brandneue gro\u00dfe Boulderhalle entworfen und im M\u00e4rz 2022 er\u00f6ffnet. Gleichzeitig ist er Leiter der Wand in \u00dast\u00ed, wo er vor allem daf\u00fcr verantwortlich ist, dass die HUDY-Kletterwand \u00dast\u00ed nad Labem eine moderne, attraktive und vor allem sichere Sportst\u00e4tte f\u00fcr alle Kletterbegeisterten ist.<\/p>\n\n\n\n<p class=\"wp-block-paragraph\">Telefon: <a href=\"tel:+420%20603%20566%20582\">+420 603 566 582<\/a><br\/>E-Mail: <a href=\"mailto:stena.usti@hudy.cz\">stena.usti@hudy.cz<\/a><\/p>\n<\/div>\n<\/div>\n<\/div>\n\n<div style=\"height:65px\" aria-hidden=\"true\" class=\"wp-block-spacer mezera_65\"><\/div>\n\n<div class=\"wp-block-group alignfull virtualni_prohlidka has-global-padding is-layout-constrained wp-block-group-is-layout-constrained\">\n<div class=\"wp-block-buttons is-content-justification-center is-layout-flex wp-container-core-buttons-is-layout-d9a36c2f wp-block-buttons-is-layout-flex\">\n<div class=\"wp-block-button bila\"><a class=\"wp-block-button__link wp-element-button\" href=\"https:\/\/www.google.com\/maps\/@50.6467959,14.0437813,3a,75y,81.57h,85.67t\/data=!3m6!1e1!3m4!1sAF1QipPeOE6edkqas_U-WWDV4rMr1H5MxPo7F90NrZdc!2e10!7i6000!8i3000?entry=ttu\" target=\"_blank\" rel=\"noreferrer noopener\">Virtuelle Besichtigung<\/a><\/div>\n<\/div>\n<\/div>\n\n<div style=\"height:65px\" aria-hidden=\"true\" class=\"wp-block-spacer mezera_65 hidden\"><\/div>\n\n<p class=\"wp-block-paragraph\"><\/p>\n","protected":false},"excerpt":{"rendered":"<p>Fotogalerie Verantwortliche Person Richard Litochleb ist einer der Gr\u00fcnder von HUDYsport und eine lebende Legende des Elbtals. Derzeit arbeitet er in dem Unternehmen an. die Stelle des Leiters der HUDY-Kletterw\u00e4nde. Er war an der Entstehung der Kletterwand in \u00dast\u00ed nad Labem, der Kletter- und Boulderwand in Br\u00fcnn und der Prager Boulderhalle in Karl\u00edn beteiligt, wo [&hellip;]<\/p>\n","protected":false},"author":1,"featured_media":0,"parent":0,"menu_order":49,"comment_status":"closed","ping_status":"closed","template":"","meta":{"_acf_changed":false,"_crdt_document":"","footnotes":""},"class_list":["post-746","page","type-page","status-publish","hentry"],"acf":[],"_links":{"self":[{"href":"https:\/\/www.hudysteny.cz\/usti\/de\/wp-json\/wp\/v2\/pages\/746","targetHints":{"allow":["GET"]}}],"collection":[{"href":"https:\/\/www.hudysteny.cz\/usti\/de\/wp-json\/wp\/v2\/pages"}],"about":[{"href":"https:\/\/www.hudysteny.cz\/usti\/de\/wp-json\/wp\/v2\/types\/page"}],"author":[{"embeddable":true,"href":"https:\/\/www.hudysteny.cz\/usti\/de\/wp-json\/wp\/v2\/users\/1"}],"replies":[{"embeddable":true,"href":"https:\/\/www.hudysteny.cz\/usti\/de\/wp-json\/wp\/v2\/comments?post=746"}],"version-history":[{"count":2,"href":"https:\/\/www.hudysteny.cz\/usti\/de\/wp-json\/wp\/v2\/pages\/746\/revisions"}],"predecessor-version":[{"id":885,"href":"https:\/\/www.hudysteny.cz\/usti\/de\/wp-json\/wp\/v2\/pages\/746\/revisions\/885"}],"wp:attachment":[{"href":"https:\/\/www.hudysteny.cz\/usti\/de\/wp-json\/wp\/v2\/media?parent=746"}],"curies":[{"name":"wp","href":"https:\/\/api.w.org\/{rel}","templated":true}]}}