{"id":737,"date":"2023-06-22T22:36:12","date_gmt":"2023-06-22T20:36:12","guid":{"rendered":"https:\/\/dev-usti.hudysteny.cz\/verkaufs-und-zahlungsbedingungen\/"},"modified":"2023-12-18T13:21:53","modified_gmt":"2023-12-18T12:21:53","slug":"verkaufs-und-zahlungsbedingungen","status":"publish","type":"page","link":"https:\/\/www.hudysteny.cz\/usti\/de\/verkaufs-und-zahlungsbedingungen\/","title":{"rendered":"Verkaufs- und Zahlungsbedingungen"},"content":{"rendered":"\n<p class=\"wp-block-paragraph\"><strong>Unternehmen: <\/strong><br\/><\/p>\n\n<p class=\"wp-block-paragraph\">HUDY-Kletterwand \u00dast\u00ed nad Labem, Pra\u017esk\u00e1 21, 400 01 \u00dast\u00ed nad Labem<br\/><br\/><strong>Allgemeine Bedingungen und Konditionen:<\/strong><br\/>Diese Bedingungen gelten f\u00fcr den Kauf von Dienstleistungen und Waren in den R\u00e4umlichkeiten der HUDY Kletterwand \u00dast\u00ed nad Labem oder \u00fcber die Website www.hudysteny.cz\/usti (Verk\u00e4ufer), die von der HUDY Kletterwand \u00dast\u00ed nad Labem betrieben wird. Die Allgemeinen Gesch\u00e4ftsbedingungen definieren und spezifizieren die Rechte und Pflichten des Verk\u00e4ufers und seiner Kunden (Verbraucher oder K\u00e4ufer). <\/p>\n\n<p class=\"wp-block-paragraph\">Kontaktdaten des Verk\u00e4ufers: E-mail: <a href=\"mailto:stena.usti@hudy.cz\">stena.usti@hudy.cz,<\/a> Tel: <a href=\"tel:+420%C2%A0603%20566%20582\">+420 603 566 582<\/a><\/p>\n\n<p class=\"wp-block-paragraph\">Der Verkauf unserer Dienstleistungen kann nur \u00fcber die auf unserer Website www.hudysteny.cz\/usti aufgef\u00fchrten Links oder direkt in unserer HUDY-Kletterwand \u00dast\u00ed nad Labem, Pra\u017esk\u00e1 21, 400 01 \u00dast\u00ed nad Labem erfolgen. <\/p>\n\n<p class=\"wp-block-paragraph\">Alle unsere Preise sind gem\u00e4\u00df der aktuellen Preisliste auf unserer Website <a href=\"http:\/\/www.hudysteny.cz\/usti\/cenik\">www.hudysteny.cz\/usti\/cenik<\/a> g\u00fcltig, einschlie\u00dflich der geltenden Rabatte. Die Zahlung f\u00fcr die Dienstleistungen erfolgt vor der tats\u00e4chlichen Inanspruchnahme der Dienstleistung. Wenn Sie Ihr aufgeladenes Guthaben verwenden, werden die Kosten f\u00fcr den Dienst erst nach Beendigung des Dienstes abgebucht. Sobald Sie den bezahlten Bereich verlassen, werden die Leistungen vom System abgezogen und verrechnet. <\/p>\n\n<p class=\"wp-block-paragraph\">Im Falle eines hinterlegten Guthabens kann dieses Guthaben nur aufgebraucht und nicht zur\u00fcckgegeben und eingel\u00f6st werden. <\/p>\n\n<p class=\"wp-block-paragraph\">Einige erm\u00e4\u00dfigte Dienste k\u00f6nnen nur nach vorheriger Aufladung genutzt werden (z. B. Shortcut). <\/p>\n\n<p class=\"wp-block-paragraph\">Der Kunde ist verpflichtet, die Nutzungszeit des Dienstes selbst zu \u00fcberwachen und im Falle einer \u00dcberschreitung der bezahlten Leistung den Betreiber f\u00fcr die verbrauchte Leistung zu bezahlen. Dies geschieht automatisch, wenn Sie den Kredit in Anspruch nehmen. Verf\u00fcgt der Kunde nicht \u00fcber ein ausreichendes Guthaben oder hat er die Leistung in einem Betrag bezahlt, wird er vom Mitarbeiter darauf hingewiesen, dass er den bezahlten Leistungsumfang \u00fcberschritten hat und zur Nachzahlung aufgefordert wird. <\/p>\n\n<p class=\"wp-block-paragraph\"><strong>Wenn der Kunde den Veranstaltungsort mit unzureichendem Guthaben verl\u00e4sst, um die in Anspruch genommenen Leistungen zu bezahlen, wird der entsprechende Betrag automatisch abgebucht, nachdem das Guthaben wieder aufgeladen wurde!! <\/strong><\/p>\n\n<p class=\"wp-block-paragraph\">Die Erm\u00e4\u00dfigungen gem\u00e4\u00df der Preisliste gelten nur f\u00fcr Dienstleistungen wie Eintrittsgelder und Vermietungen. Die Erm\u00e4\u00dfigungen gelten nicht f\u00fcr Speisen und Getr\u00e4nke. <\/p>\n\n<p class=\"wp-block-paragraph\">Mit dem Absenden und der Bezahlung der Dienstleistungen oder dem Aufladen des Guthabens best\u00e4tigt der K\u00e4ufer, dass er die vorliegenden Allgemeinen Gesch\u00e4ftsbedingungen und die Reklamationsordnung gelesen hat und damit einverstanden ist.<\/p>\n\n<div style=\"height:40px\" aria-hidden=\"true\" class=\"wp-block-spacer\"><\/div>\n\n<h3 class=\"wp-block-heading has-text-align-center\">Reklamationspolitik (R\u00fcckgabe von Waren, Geld)<\/h3>\n\n<h5 class=\"wp-block-heading\"><strong>Wie man eine Beschwerde meldet <\/strong><\/h5>\n\n<p class=\"wp-block-paragraph\">Ein Kunde kann innerhalb von 30 Tagen nach dem Datum, an dem die Dienstleistung in Rechnung gestellt oder die Rechnung dem Kunden zugestellt wurde, einen Antrag auf \u00dcberweisung per E-Mail an <a href=\"mailto:info@hudyboulder.cz\"><\/a><a href=\"mailto:stena.usti@hudy.cz\">stena.usti@hudy.cz<\/a> stellen.<\/p>\n\n<p class=\"wp-block-paragraph\">Beschwerden \u00fcber die Qualit\u00e4t des Dienstes k\u00f6nnen per E-Mail eingereicht werden <a href=\"mailto:info@hudyboulder.cz\"><\/a><a href=\"mailto:stena.usti@hudy.cz\">stena.usti@hudy.cz<\/a>. Dies muss innerhalb von 3 Tagen nach Erbringung der beanspruchten Leistung geschehen. <\/p>\n\n<p class=\"wp-block-paragraph\">Beschwerden werden unverz\u00fcglich, sp\u00e4testens jedoch innerhalb von 30 Tagen nach Eingang der Beschwerde, bearbeitet, es sei denn, der Anbieter und der Kunde vereinbaren etwas anderes.<\/p>\n\n<p class=\"wp-block-paragraph\"><\/p>\n\n<h5 class=\"wp-block-heading\">Wesentliche Merkmale einer Forderung<\/h5>\n\n<p class=\"wp-block-paragraph\">1. der Vor- und Nachname des Kunden: <\/p>\n\n<p class=\"wp-block-paragraph\">2) Kontaktdaten: E-Mail, Postanschrift, Telefon. Nummer: <\/p>\n\n<p class=\"wp-block-paragraph\">3. Die Zeit, zu der der Dienst in Anspruch genommen wurde (Datum, Uhrzeit): <\/p>\n\n<p class=\"wp-block-paragraph\">4. Art der Bezahlung der Dienstleistung: <\/p>\n\n<p class=\"wp-block-paragraph\">5. Eine Kopie des Steuerbelegs, der den Kauf der Dienstleistung best\u00e4tigt: <\/p>\n\n<p class=\"wp-block-paragraph\">6. Beschreibung der beanstandeten Dienstleistung, bzw. wenn die Leistung nicht erbracht wurde <\/p>\n\n<p class=\"wp-block-paragraph\">7. Datum des Antrags und Unterschrift:<\/p>\n\n<p class=\"wp-block-paragraph\"><\/p>\n\n<p class=\"wp-block-paragraph\"><strong>Information des Kunden \u00fcber das Ergebnis der Beschwerde: <\/strong><br\/>Der Kunde wird innerhalb der Beschwerdefrist schriftlich oder per E-Mail \u00fcber das Ergebnis des Beschwerdeverfahrens informiert. <\/p>\n\n<p class=\"wp-block-paragraph\"><\/p>\n\n<p class=\"wp-block-paragraph\"><strong>Erstattung der Zahlung f\u00fcr die beanspruchte Leistung:<\/strong> <br\/>Im Falle einer anerkannten Reklamation wird dem Kunden der Betrag f\u00fcr die reklamierte Leistung wie folgt erstattet.<br\/>1. indem sie die gleiche oder eine \u00e4hnliche Leistung an einem anderen Datum erbringen. Im gegenseitigen Einvernehmen. <\/p>\n\n<p class=\"wp-block-paragraph\">2. Bargeld an der Rezeption der HUDY-Kletterwand \u00dast\u00ed nad Labem. Der Betrag wird gegen eine schriftliche Best\u00e4tigung \u00fcber den Eingang des gezahlten Betrags ausgezahlt. <\/p>\n\n<p class=\"wp-block-paragraph\">3. \u00dcberweisung auf das Konto des Kunden.<\/p>\n\n<div style=\"height:40px\" aria-hidden=\"true\" class=\"wp-block-spacer\"><\/div>\n\n<h3 class=\"wp-block-heading has-text-align-center\">Liefer- und Zahlungsbedingungen<\/h3>\n\n<p class=\"wp-block-paragraph\">Alle Leistungen der Kletterwand werden nach der g\u00fcltigen Preisliste berechnet: <a href=\"http:\/\/www.hudysteny.cz\/boulderkarlin\/cenik\"><\/a><a href=\"http:\/\/www.hudysteny.cz\/usti\/cenik\">www.hudysteny.cz\/usti\/cenik<\/a><\/p>\n\n<p class=\"wp-block-paragraph\">Die Bezahlung der Dienstleistungen an der HUDY-Kletterwand \u00dast\u00ed nad Labem ist auf folgende Weise m\u00f6glich: <\/p>\n\n<ul class=\"wp-block-list\">\n<li>Bargeld an der Rezeption. Kann zur Bezahlung aller Dienstleistungen verwendet werden. <\/li>\n\n\n\n<li>Per Kreditkarte \u00fcber das ComGate Payments, a.s. Terminal an der Rezeption. Kann zur Bezahlung aller Dienstleistungen verwendet werden. <\/li>\n\n\n\n<li>Per Bank\u00fcberweisung. Die Zahlung per Bank\u00fcberweisung kann auf der Grundlage einer Rechnung erfolgen. <\/li>\n\n\n\n<li>\u00dcber ComGate Payments, a.s. Zahlungsgateway. (Bevorzugte Option)<\/li>\n<\/ul>\n\n<p class=\"wp-block-paragraph\"><\/p>\n\n<h5 class=\"wp-block-heading\">Kredit<\/h5>\n\n<ul class=\"wp-block-list\">\n<li>Um das Bezahlen zu vereinfachen und Zeit an der Rezeption zu sparen, bieten wir die M\u00f6glichkeit, ein Guthaben aufzuladen, das dann f\u00fcr Eintritte, Leihgeb\u00fchren, Unterricht, Erfrischungen an der Bar und mehr verwendet werden kann.<\/li>\n\n\n\n<li>Wenn das Guthaben eingezahlt ist, kann die Zulassung automatisch entzogen werden, ohne dass wiederholte Zahlungen an der Rezeption erforderlich sind. Bei Einzahlung des Guthabens erh\u00e4lt der Kunde einen erm\u00e4\u00dfigten Eintrittspreis (siehe die aktuelle Preisliste <a href=\"http:\/\/www.hudysteny.cz\/usti\/cenik\">www.hudysteny.cz\/usti\/cenik<\/a>). Das Guthaben kann u.a. \u00fcber das Zahlungsportal von ComGate Payments, a.s. bezahlt werden. Diese Option finden Sie in Ihrem pers\u00f6nlichen Konto, das Sie bei der Registrierung angelegt haben, unter dem Namen &#8222;Aufladen per Kreditkarte&#8220;.<\/li>\n\n\n\n<li>Der Mindestbetrag f\u00fcr die Einzahlung von Guthaben in bar und mit Karte betr\u00e4gt 1.000 CZK. <\/li>\n\n\n\n<li>Bei Zahlungen \u00fcber ein Zahlungs-Gateway gibt es keine Begrenzung. <\/li>\n\n\n\n<li>Die G\u00fcltigkeit des Kredits ist auf 24 Monate begrenzt. Die G\u00fcltigkeit des Rabatts auf den Kreditbetrag betr\u00e4gt 365 Tage, d.h. ein Kalenderjahr.<\/li>\n\n\n\n<li>Das Guthaben kann nur aufgebraucht werden. Sie kann nicht eingel\u00f6st werden!<\/li>\n<\/ul>\n","protected":false},"excerpt":{"rendered":"<p>Unternehmen: HUDY-Kletterwand \u00dast\u00ed nad Labem, Pra\u017esk\u00e1 21, 400 01 \u00dast\u00ed nad Labem Allgemeine Bedingungen und Konditionen:Diese Bedingungen gelten f\u00fcr den Kauf von Dienstleistungen und Waren in den R\u00e4umlichkeiten der HUDY Kletterwand \u00dast\u00ed nad Labem oder \u00fcber die Website www.hudysteny.cz\/usti (Verk\u00e4ufer), die von der HUDY Kletterwand \u00dast\u00ed nad Labem betrieben wird. Die Allgemeinen Gesch\u00e4ftsbedingungen definieren und [&hellip;]<\/p>\n","protected":false},"author":1,"featured_media":0,"parent":0,"menu_order":54,"comment_status":"closed","ping_status":"closed","template":"","meta":{"_acf_changed":false,"_crdt_document":"","footnotes":""},"class_list":["post-737","page","type-page","status-publish","hentry"],"acf":[],"_links":{"self":[{"href":"https:\/\/www.hudysteny.cz\/usti\/de\/wp-json\/wp\/v2\/pages\/737","targetHints":{"allow":["GET"]}}],"collection":[{"href":"https:\/\/www.hudysteny.cz\/usti\/de\/wp-json\/wp\/v2\/pages"}],"about":[{"href":"https:\/\/www.hudysteny.cz\/usti\/de\/wp-json\/wp\/v2\/types\/page"}],"author":[{"embeddable":true,"href":"https:\/\/www.hudysteny.cz\/usti\/de\/wp-json\/wp\/v2\/users\/1"}],"replies":[{"embeddable":true,"href":"https:\/\/www.hudysteny.cz\/usti\/de\/wp-json\/wp\/v2\/comments?post=737"}],"version-history":[{"count":5,"href":"https:\/\/www.hudysteny.cz\/usti\/de\/wp-json\/wp\/v2\/pages\/737\/revisions"}],"predecessor-version":[{"id":1087,"href":"https:\/\/www.hudysteny.cz\/usti\/de\/wp-json\/wp\/v2\/pages\/737\/revisions\/1087"}],"wp:attachment":[{"href":"https:\/\/www.hudysteny.cz\/usti\/de\/wp-json\/wp\/v2\/media?parent=737"}],"curies":[{"name":"wp","href":"https:\/\/api.w.org\/{rel}","templated":true}]}}