{"id":733,"date":"2023-06-22T22:36:35","date_gmt":"2023-06-22T20:36:35","guid":{"rendered":"https:\/\/dev-usti.hudysteny.cz\/betriebsordnung\/"},"modified":"2023-10-25T22:16:58","modified_gmt":"2023-10-25T20:16:58","slug":"betriebsordnung","status":"publish","type":"page","link":"https:\/\/www.hudysteny.cz\/usti\/de\/betriebsordnung\/","title":{"rendered":"Betriebsordnung"},"content":{"rendered":"\n<p class=\"wp-block-paragraph\">Betreiber: HUDYsport Czech s.r.o., Pra\u017esk\u00e1 21, \u00dast\u00ed nad Labem 40001 ID:27329763<br\/><\/p>\n\n<p class=\"wp-block-paragraph\">Die vom Betreiber betriebene Kletterwand (im Folgenden &#8222;Wand&#8220; genannt) ist ausschlie\u00dflich f\u00fcr das Training der Sportart Freiklettern (im Folgenden &#8222;Klettern&#8220; genannt), f\u00fcr das Klettertraining im Rahmen des Sportunterrichts und f\u00fcr die Durchf\u00fchrung von Wettk\u00e4mpfen bestimmt.<\/p>\n\n<p class=\"wp-block-paragraph\">Alle Besucher der Kletterwand sind verpflichtet, diese Betriebsordnung zu lesen und zu befolgen. Die Besucher best\u00e4tigen durch ihre Unterschrift im Besucherbuch bei ihrer Ankunft an der Kletterwand, dass sie diese Betriebsordnung zur Kenntnis genommen haben. Mit seiner Unterschrift best\u00e4tigt der Besucher, dass er die Betriebsordnung der Kletterwand und die Verhaltensregeln an der Wand im Detail gelesen hat und die darin enthaltenen Regeln akzeptiert und als verbindlich betrachtet.<br\/><\/p>\n\n<p class=\"wp-block-paragraph\"><strong>Auslegung von Begriffen:<\/strong><\/p>\n\n<p class=\"wp-block-paragraph\"><strong>Besucher<\/strong>: Als Besucher gilt jede Person, die w\u00e4hrend des Betriebs der Kletterwand entweder direkt am eigenen freien Klettern oder am Klettern einer anderen Person teilnimmt, oder sich im Bereich der Wand aufh\u00e4lt.<\/p>\n\n<p class=\"wp-block-paragraph\"><strong>Fachaufsicht (Dienstleistung)<\/strong>: Die Fachaufsicht kann von einer vom Betreiber benannten Person durchgef\u00fchrt werden.<\/p>\n\n<p class=\"wp-block-paragraph\"><strong>Vorsteiger: <\/strong>der Kletterer, der am ersten Ende des Seils aufsteigt, das Seil in die Karabiner der Vorstiegssicherung einh\u00e4ngt und von unten durch einen Sichernden gesichert wird.<\/p>\n\n<p class=\"wp-block-paragraph\"><strong>Zweitkletterer: <\/strong>Ein Kletterer, der dem Erstkletterer beim Aufstieg folgt und von oben mit dem Seil<em> <\/em>gesichert wird.<\/p>\n\n<p class=\"wp-block-paragraph\"><strong>Sichernder<\/strong>: Eine Person, die einen Kletterer vor einem m\u00f6glichen Sturz bewahrt, indem sie ihn sichert.<br\/><\/p>\n\n<p class=\"wp-block-paragraph\"><strong>Grunds\u00e4tze und Regeln f\u00fcr die Aktivit\u00e4ten an der HUDY-Kletterwand und Pflichten der Besucher:<\/strong><\/p>\n\n<p class=\"wp-block-paragraph\">(1) Alle Besucher der Kletterwand erkennen an, dass sie die sportliche Aktivit\u00e4t des Freikletterns auf eigene Verantwortung und eigenes Risiko aus\u00fcben und best\u00e4tigen, dass sie sich aller Gefahren bewusst sind, die mit dem Freiklettern an den Kletterw\u00e4nden verbunden sind. Alle Besucher erkennen an, dass der Betreiber das Klettern und Sichern nur Personen gestattet, die ordnungsgem\u00e4\u00df in Kletter- und Sicherungstechniken eingewiesen und geschult wurden und diese Techniken, einschlie\u00dflich der Absturzsicherung, sicher anwenden k\u00f6nnen.<\/p>\n\n<p class=\"wp-block-paragraph\">(2) Jeder Besucher ist verpflichtet, vor Beginn der sportlichen Aktivit\u00e4ten an der Kletterwand seinen aktuellen Gesundheitszustand, seine k\u00f6rperlichen F\u00e4higkeiten sowie seine F\u00e4higkeiten und Erfahrungen im Freiklettern, Sichern und allen damit verbundenen Techniken zu \u00fcberpr\u00fcfen. Der Betreiber empfiehlt, dass Personen, die keine Erfahrung mit diesen Aktivit\u00e4ten haben oder Anf\u00e4nger sind, die sportlichen Aktivit\u00e4ten nur unter Aufsicht eines professionellen Trainers des Betreibers durchf\u00fchren sollten. Der Betreiber haftet nicht f\u00fcr gesundheitliche Sch\u00e4den, die durch \u00dcbersch\u00e4tzung der eigenen F\u00e4higkeiten oder des Gesundheitszustandes der Besucher entstehen.<\/p>\n\n<p class=\"wp-block-paragraph\">3. Der Betreiber empfiehlt die sportlichen Aktivit\u00e4ten des Freikletterns an der Kletterwand nicht f\u00fcr Personen mit gesundheitlichen Problemen, insbesondere kardiologischen Problemen, Herzkrankheiten, schwangeren Frauen, etc.<\/p>\n\n<p class=\"wp-block-paragraph\">4. Freies Klettern an der Kletterwand ist nur f\u00fcr Personen erlaubt, die das Eintrittsgeld im Voraus bezahlt haben. Der Besucher beh\u00e4lt das Ticket f\u00fcr eine eventuelle Kontrolle durch den Betreiber. Dieser Ausweis ist dem Berufsaufsichtsdienst auf Verlangen jederzeit vorzulegen. Das Betreten der Kletterwand und das freie Klettern unter dem Einfluss von Alkohol oder anderen Suchtmitteln ist strengstens untersagt; der Betreiber ist berechtigt, Personen, die offensichtlich unter dem Einfluss von Alkohol oder Suchtmitteln stehen, den Zutritt zur Kletterwand zu verweigern.<\/p>\n\n<p class=\"wp-block-paragraph\">5. Jeder Besucher, der \u00e4lter als 15 Jahre ist, ist verpflichtet, sich beim Betreten der Kletterwand in das Anmeldebuch einzutragen und durch seine Unterschrift die Kenntnisnahme der Betriebsordnung zu best\u00e4tigen. Auf Verlangen des Betreibers bzw. der die von ihm bevollm\u00e4chtigte Person (Empfangsmitarbeiter) ist ebenfalls verpflichtet, seine\/ihre Identit\u00e4t und sein\/ihr Alter durch Vorlage eines Personalausweises oder eines anderen Lichtbildausweises nachzuweisen. Der Betreiber ist berechtigt, die Nummer und den Namen des Dokuments, das zur \u00dcberpr\u00fcfung der Identit\u00e4t und des Alters des Besuchers dient, in das Registrierungsbuch einzutragen. Der Betreiber ist berechtigt, das Einverst\u00e4ndnis der gesetzlichen Vertreter f\u00fcr die Teilnahme ihrer Kinder am Klettern an der Kletterwand und die Verantwortungs\u00fcbernahmeerkl\u00e4rung f\u00fcr eine Person unter 18 Jahren zu dokumentieren und f\u00fcr den eigenen Gebrauch zu \u00fcberpr\u00fcfen.<\/p>\n\n<p class=\"wp-block-paragraph\">6. Personen unter 15 Jahren (im Folgenden &#8222;Kinder&#8220; genannt) d\u00fcrfen sportliche Aktivit\u00e4ten an der Kletterwand und beim Freiklettern nur unter direkter Aufsicht ihrer Erziehungsberechtigten oder einer anderen Person \u00fcber 18 Jahren, die die Verantwortung f\u00fcr sie \u00fcbernimmt und dies dem Betreiber in einer schriftlichen Erkl\u00e4rung best\u00e4tigt, aus\u00fcben. Der Erziehungsberechtigte des Kindes oder die Person, die durch schriftliche Erkl\u00e4rung die Verantwortung f\u00fcr das Kind \u00fcbernommen hat, ist f\u00fcr die Einhaltung der Regeln des sicheren Kletterns verantwortlich und haftet f\u00fcr die Sicherheit des Kindes.<\/p>\n\n<p class=\"wp-block-paragraph\">7. Personen \u00fcber 15 und unter 18 Jahren (im Folgenden &#8222;Minderj\u00e4hrige&#8220; genannt) d\u00fcrfen sportliche Aktivit\u00e4ten an der Kletterwand und das Freiklettern nur dann selbstst\u00e4ndig aus\u00fcben, wenn sie dem Betreiber eine schriftliche Einverst\u00e4ndniserkl\u00e4rung eines Erziehungsberechtigten vorlegen, in der der Erziehungsberechtigte erkl\u00e4rt, dass er mit der selbstst\u00e4ndigen Aus\u00fcbung der sportlichen Aktivit\u00e4ten seines Kindes an der Kletterwand einverstanden ist und die volle Verantwortung f\u00fcr ihn \u00fcbernimmt. Ansonsten d\u00fcrfen Minderj\u00e4hrige nur in Begleitung einer \u00fcber 18 Jahre alten Person, die die Verantwortung f\u00fcr sie \u00fcbernimmt und dies dem Betreiber durch eine schriftliche Erkl\u00e4rung best\u00e4tigt, sportliche Aktivit\u00e4ten und Freiklettern an der Kletterwand aus\u00fcben.<\/p>\n\n<p class=\"wp-block-paragraph\">8. Wenn der Besucher Zweifel an seinen Kletterf\u00e4higkeiten hat, ist es seine Pflicht, den Betreiber um eine erste Einweisung zu bitten, die auf seinen Wunsch hin von der professionellen Aufsicht des Betreibers (Service) durchgef\u00fchrt wird.<\/p>\n\n<p class=\"wp-block-paragraph\">(9) Jeder Besucher ist verpflichtet, den Anweisungen der Fachaufsicht &#8211; Dienst des Betreibers jederzeit Folge zu leisten. Die Besucher haben die M\u00f6glichkeit, hochwertige, sichere und voll funktionsf\u00e4hige Sportger\u00e4te, die vom Hersteller f\u00fcr Freeclimbing-Aktivit\u00e4ten an der Kletterwand entwickelt wurden, zu mieten und sind verpflichtet, diese Ger\u00e4te gem\u00e4\u00df den Gebrauchsanweisungen des Herstellers und den Empfehlungen des professionellen Aufsichtsservices zu benutzen. Der Betreiber ist nicht verantwortlich f\u00fcr den technischen Zustand der eigenen Ausr\u00fcstung des Besuchers.<\/p>\n\n<p class=\"wp-block-paragraph\">10. Jeder Besucher ist verpflichtet, die folgenden Grunds\u00e4tze und Regeln f\u00fcr sicheres Freiklettern und sportliche Aktivit\u00e4ten an der Kletterwand zu beachten:<\/p>\n\n<p class=\"wp-block-paragraph\"><em><strong>&#8211; die Grunds\u00e4tze des sicheren Freikletterns beachten. Der Besucher ist verpflichtet, sich vor dem Klettern mit einem Knoten nach den UIAA-Normen am Sicherungsseil zu befestigen &#8211; Vorsteigerknoten &#8211; gegen\u00fcberliegende Acht. Es ist verboten, das Seil mit einem Karabiner und einer Drachenschlinge zu befestigen.<\/strong><\/em><\/p>\n\n<p class=\"wp-block-paragraph\"><em><strong>&#8211; Achten Sie beim Klettern darauf, sicher zu sichern. Soloklettern ist komplett verboten. Sogenannte. Bouldern (Soloklettern ohne Seilbefestigung) ist nur an der Boulderwand erlaubt, unter der ein Podest installiert ist,<\/strong><\/em><\/p>\n\n<p class=\"wp-block-paragraph\"><em><strong>&#8211; Es ist verboten, beim Klettern Sicherungspunkte zu \u00fcberspringen, der Besucher ist verpflichtet, den Sicherungspunkt sp\u00e4testens auf H\u00f6he seines Passes einzuschalten,<\/strong><\/em><\/p>\n\n<p class=\"wp-block-paragraph\"><em><strong>&#8211; es ist verboten, ein Seil zu verwenden, das k\u00fcrzer als 40 m ist<\/strong><\/em><\/p>\n\n<p class=\"wp-block-paragraph\"><em><strong>&#8211; es ist verboten, eine Achse zur Sicherung zu verwenden<\/strong><\/em><\/p>\n\n<p class=\"wp-block-paragraph\"><em><strong>&#8211; Es ist verboten, w\u00e4hrend des Aufstiegs von der Linie der gew\u00e4hlten Route abzuweichen, wenn dadurch andere Kletterer in der Wand in irgendeiner Weise behindert werden. Es ist verboten, dass zwei oder mehr Kletterer gleichzeitig an einem Kletterseil klettern. Es ist strengstens untersagt, zwei Kletterer gleichzeitig in denselben Karabiner des Vorstiegs und der Endsicherung zu sichern,<\/strong><\/em><\/p>\n\n<p class=\"wp-block-paragraph\"><em><strong>&#8211; der zweite Kletterer ist verpflichtet, an einem Seil zu klettern, das durch die progressiven Sicherungen gef\u00fchrt wird, die w\u00e4hrend des Aufstiegs gel\u00f6st werden m\u00fcssen, und den Aufstieg an einem Punkt zu beenden, an dem er durch mindestens zwei progressive Sicherungen oder Endsicherungen gesichert wird,<\/strong><\/em><\/p>\n\n<p class=\"wp-block-paragraph\"><em><strong>&#8211; der Sichernde ist verpflichtet, w\u00e4hrend des gesamten Auf- und Abstiegs (Abseilen) der gesicherten Person die Sicherungst\u00e4tigkeit mit st\u00e4ndiger Aufmerksamkeit zu verfolgen, er ist verpflichtet, das Seil so zu lockern oder zu spannen, dass die L\u00e4nge des m\u00f6glichen Sturzes der gesicherten Person minimiert wird, er ist verpflichtet, den Sturz der gesicherten Person aufzufangen, um den Erstbegeher oder andere Besucher oder Dritte nicht zu verletzen oder um Sch\u00e4den an der Wand, am Sicherungsvorgang oder an anderen Kletterhilfen zu vermeiden.<\/strong><\/em><\/p>\n\n<p class=\"wp-block-paragraph\"><em><strong>&#8211; Es ist verboten, am Sicherungspunkt, im \u00dcbungsgeb\u00e4ude usw. aufzuholen. Das Absenken der gesch\u00fctzten Person muss reibungslos und so erfolgen, dass andere Besucher oder Personen, die sich im Wandbereich bewegen, nicht gef\u00e4hrdet werden,<\/strong><\/em><\/p>\n\n<p class=\"wp-block-paragraph\"><em><strong>&#8211; Es ist verboten, sich im Bereich unterhalb der Wand aufzuhalten, es sei denn, es handelt sich um eine Person, die klettert oder eine andere Person absichert,<\/strong><\/em><\/p>\n\n<p class=\"wp-block-paragraph\"><em><strong>&#8211; es ist verboten, bestehende Wege zu ver\u00e4ndern, dies ist nur mit vorheriger Genehmigung der Berufsaufsicht (Dienststelle) m\u00f6glich,<\/strong><\/em><\/p>\n\n<p class=\"wp-block-paragraph\"><em><strong>&#8211; Jeder Besucher ist verpflichtet, technische Defekte an der Kletterwand, wie z.B. lockere Griffe und Sicherungsger\u00e4te, unverz\u00fcglich dem professionellen Aufsichtsdienst zu melden und andere Besucher, die die gest\u00f6rte Route betreten wollen, zu warnen,<\/strong><\/em><\/p>\n\n<p class=\"wp-block-paragraph\"><em><strong>&#8211; Jeder Besucher ist verpflichtet, sich so zu verhalten, dass er andere Besucher nicht gef\u00e4hrdet oder einschr\u00e4nkt; im Falle eines Unfalls ist er verpflichtet, der verletzten Person erste Hilfe zu leisten und unverz\u00fcglich einen Arzt oder eine professionelle Aufsichtsperson zu rufen, der\/die ihn\/sie verst\u00e4ndigt.<\/strong><\/em><\/p>\n\n<p class=\"wp-block-paragraph\"><em><strong>&#8211; die Berufsaufsicht &#8211; der Dienst verf\u00fcgt \u00fcber einen Erste-Hilfe-Kasten, die Berufsaufsicht ist verpflichtet, den Unfall in das Unfallbuch einzutragen, einschlie\u00dflich der Angaben etwaiger Zeugen des Unfalls.<\/strong><\/em><\/p>\n\n<p class=\"wp-block-paragraph\"><em><strong>&#8211; jeder Besucher, der einen Versto\u00df gegen die Grunds\u00e4tze des sicheren Kletterns und der sportlichen Bet\u00e4tigung in der Kletterhalle feststellt, ist verpflichtet, die verletzende Person auf die Verpflichtung zur Einhaltung der Sicherheitsregeln hinzuweisen, und falls dieser Hinweis nicht zu einer Korrektur f\u00fchrt, ist er verpflichtet, den professionellen Aufsichtsdienst zu verst\u00e4ndigen.<\/strong><\/em><\/p>\n\n<p class=\"wp-block-paragraph\"><em><strong>&#8211; unverh\u00e4ltnism\u00e4\u00dfig lange St\u00fcrze (f\u00fcr den &#8222;Effekt&#8220;) sind nicht erlaubt<\/strong><\/em><\/p>\n\n<p class=\"wp-block-paragraph\"><em><strong>&#8211; die im Bereich der Kletterwand gegebenen Anweisungen zu befolgen (insbesondere die Kontrolle der Seill\u00e4nge, die Beachtung der Zutrittsverbote, die Benutzung der selbstsichernden Bremse usw.)<\/strong><\/em><\/p>\n\n<p class=\"wp-block-paragraph\"><em><strong>&#8211; Die Eltern sind w\u00e4hrend des gesamten Aufenthalts in der Kletterhalle f\u00fcr ihre Kinder verantwortlich.<\/strong><\/em><\/p>\n\n<p class=\"wp-block-paragraph\"><em><strong>&#8211; Jeder Besucher ist f\u00fcr sein Klettermaterial (Gurt, Seil, Sicherungsger\u00e4t usw.) selbst verantwortlich.<\/strong><\/em><\/p>\n\n<p class=\"wp-block-paragraph\">11. Jeder Besucher ist au\u00dferdem verpflichtet, alle Bereiche der Kletterwand sauber und aufger\u00e4umt zu halten. Er ist verpflichtet, die Grunds\u00e4tze der Brandverh\u00fctung zu beachten und sich mit der in der Kletterwand ausgeh\u00e4ngten Brandmeldeordnung vertraut zu machen.<\/p>\n\n<p class=\"wp-block-paragraph\">12 Es ist strengstens untersagt, in der Kletterwand Alkohol zu trinken, zu rauchen oder andere Suchtmittel zu konsumieren.<\/p>\n\n<p class=\"wp-block-paragraph\">(13) Gewerbliche T\u00e4tigkeiten im gesamten Bereich der Kletterwand sind nur mit Zustimmung des Kletterwandbetreibers erlaubt.<\/p>\n\n<p class=\"wp-block-paragraph\">(14) Der Betreiber oder die professionelle Aufsicht des Betreibers (Service) ist berechtigt, eine Person, die gegen die Bestimmungen dieser Betriebsordnung oder die Regeln des sicheren Freikletterns an der Kletterwand verst\u00f6\u00dft, jederzeit von der Kletterwand zu verweisen, ohne dass ein Anspruch auf R\u00fcckerstattung des gezahlten Eintrittspreises besteht. Der Betreiber beh\u00e4lt sich das Recht vor, Personen, die wiederholt gegen die Betriebsordnung oder die Regeln des sicheren Freikletterns in der Kletterhalle versto\u00dfen haben, den Zutritt zu verweigern.<\/p>\n\n<p class=\"wp-block-paragraph\">15. Die Besucher nehmen zur Kenntnis und werden darauf hingewiesen, dass die Kletterwand w\u00e4hrend der Betriebszeiten durch industrielle Sicherheitskameras \u00fcberwacht wird, um die Einhaltung der Betriebsvorschriften und der Regeln des sicheren freien Kletterns an der Kletterwand durch die Besucher zu kontrollieren und die Sicherheit der Besucher und anderer Personen zu sch\u00fctzen. Der Betreiber garantiert, dass er das Filmmaterial der Industriekamera nur f\u00fcr die gesetzlich vorgeschriebene Zeit aufbewahrt und ausschlie\u00dflich f\u00fcr seine eigenen Zwecke verwendet. Der Betreiber garantiert den Schutz von pers\u00f6nlichen Daten und Besucherdaten.<\/p>\n\n<p class=\"wp-block-paragraph\">16. Mit der Unterschrift im Besucherbuch erkl\u00e4ren sich die Besucher damit einverstanden, dass der Betreiber die von ihnen zur Verf\u00fcgung gestellten personenbezogenen Daten gem\u00e4\u00df dem Gesetz Nr. 101\/2000 Slg. \u00fcber den Schutz personenbezogener Daten in seiner ge\u00e4nderten Fassung f\u00fcr den vom Betreiber angegebenen Zweck und f\u00fcr die zur Erreichung dieses Zwecks erforderliche Zeit verarbeitet.<\/p>\n\n<p class=\"wp-block-paragraph\">17. Diese Betriebsordnung wird vom Betreiber herausgegeben und ist f\u00fcr alle Besucher der Kletterwand ab dem Datum ihrer Ver\u00f6ffentlichung g\u00fcltig und verbindlich. Diese Betriebsordnung wird vom Betreiber auf der Website des Betreibers ver\u00f6ffentlicht und ist auch im Empfangsbereich &#8211; dem Eingang zur Kletterwand &#8211; sowie in der Kletterwand gut sichtbar ausgeh\u00e4ngt, so dass jeder Besucher die M\u00f6glichkeit hat, sich mit ihr vertraut zu machen. Diese Betriebsordnung ist auch Bestandteil des Besucherbuches der Kletterwand und jeder Besucher best\u00e4tigt, dass er sie gelesen hat oder die M\u00f6glichkeit hatte, sie zu lesen, indem er mindestens beim ersten Besuch der Kletterwand im Besucherbuch unterschreibt.<\/p>\n\n<p class=\"wp-block-paragraph\">(18) Der Betreiber beh\u00e4lt sich das Recht vor, diese Betriebsordnung jederzeit zu \u00e4ndern und zu aktualisieren.<\/p>\n\n<div style=\"height:40px\" aria-hidden=\"true\" class=\"wp-block-spacer\"><\/div>\n\n<p class=\"wp-block-paragraph\">In \u00dast\u00ed nad Labem am 1. M\u00e4rz 2013<\/p>\n\n<p class=\"wp-block-paragraph\">Betreiber: HUDYsport Czech s.r.o.<\/p>\n","protected":false},"excerpt":{"rendered":"<p>Betreiber: HUDYsport Czech s.r.o., Pra\u017esk\u00e1 21, \u00dast\u00ed nad Labem 40001 ID:27329763 Die vom Betreiber betriebene Kletterwand (im Folgenden &#8222;Wand&#8220; genannt) ist ausschlie\u00dflich f\u00fcr das Training der Sportart Freiklettern (im Folgenden &#8222;Klettern&#8220; genannt), f\u00fcr das Klettertraining im Rahmen des Sportunterrichts und f\u00fcr die Durchf\u00fchrung von Wettk\u00e4mpfen bestimmt. Alle Besucher der Kletterwand sind verpflichtet, diese Betriebsordnung zu [&hellip;]<\/p>\n","protected":false},"author":1,"featured_media":0,"parent":0,"menu_order":55,"comment_status":"closed","ping_status":"closed","template":"","meta":{"_acf_changed":false,"_crdt_document":"","footnotes":""},"class_list":["post-733","page","type-page","status-publish","hentry"],"acf":[],"_links":{"self":[{"href":"https:\/\/www.hudysteny.cz\/usti\/de\/wp-json\/wp\/v2\/pages\/733","targetHints":{"allow":["GET"]}}],"collection":[{"href":"https:\/\/www.hudysteny.cz\/usti\/de\/wp-json\/wp\/v2\/pages"}],"about":[{"href":"https:\/\/www.hudysteny.cz\/usti\/de\/wp-json\/wp\/v2\/types\/page"}],"author":[{"embeddable":true,"href":"https:\/\/www.hudysteny.cz\/usti\/de\/wp-json\/wp\/v2\/users\/1"}],"replies":[{"embeddable":true,"href":"https:\/\/www.hudysteny.cz\/usti\/de\/wp-json\/wp\/v2\/comments?post=733"}],"version-history":[{"count":1,"href":"https:\/\/www.hudysteny.cz\/usti\/de\/wp-json\/wp\/v2\/pages\/733\/revisions"}],"predecessor-version":[{"id":734,"href":"https:\/\/www.hudysteny.cz\/usti\/de\/wp-json\/wp\/v2\/pages\/733\/revisions\/734"}],"wp:attachment":[{"href":"https:\/\/www.hudysteny.cz\/usti\/de\/wp-json\/wp\/v2\/media?parent=733"}],"curies":[{"name":"wp","href":"https:\/\/api.w.org\/{rel}","templated":true}]}}