{"id":723,"date":"2023-06-22T16:09:05","date_gmt":"2023-06-22T14:09:05","guid":{"rendered":"https:\/\/dev-usti.hudysteny.cz\/preisliste\/"},"modified":"2023-11-14T10:28:53","modified_gmt":"2023-11-14T09:28:53","slug":"preisliste","status":"publish","type":"page","link":"https:\/\/www.hudysteny.cz\/usti\/de\/preisliste\/","title":{"rendered":"Preisliste"},"content":{"rendered":"\n<h2 class=\"wp-block-heading\">Eintritt in die Mauer g\u00fcltig ab 16. 10. 2023<\/h2>\n\n<figure class=\"wp-block-table\"><table><tbody><tr><td>\u00a0<\/td><td><strong>Mo &#8211; Fr 10.00 &#8211; 14.00<\/strong><\/td><td><strong>Mo &#8211; Fr 14.00 &#8211; 22.00<\/strong><\/td><td><strong>Wochenende und Feiertage<\/strong><\/td><\/tr><tr><td><strong>Erwachsene<\/strong><\/td><td>200 CZK<\/td><td>240 CZK<\/td><td>240 CZK<\/td><\/tr><tr><td><strong>Erwachsene HP<\/strong><\/td><td>190 CZK<\/td><td>230 CZK<\/td><td>230 CZK<\/td><\/tr><tr><td><strong>Studenten<\/strong><\/td><td>155 CZK<\/td><td>190 CZK<\/td><td>190 CZK<\/td><\/tr><tr><td><strong>HP-Studenten<\/strong><\/td><td>145 CZK<\/td><td>180 CZK<\/td><td>180 CZK<\/td><\/tr><tr><td><strong>Kinder<\/strong><\/td><td>130 CZK<\/td><td>155 CZK<\/td><td>155 CZK<\/td><\/tr><tr><td><strong>Senioren<\/strong><\/td><td>130 CZK<\/td><td>130 CZK<\/td><td>130 CZK<\/td><\/tr><tr><td><strong>HP-Senioren<\/strong><\/td><td>120 CZK<\/td><td>120 CZK<\/td><td>120 CZK<\/td><\/tr><tr><td><strong>Aufnahme von Familien<\/strong><\/td><td>550 CZK<\/td><td>680 CZK<\/td><td>680 CZK<\/td><\/tr><tr><td>\u00a0<\/td><td>\u00a0<\/td><td>\u00a0<\/td><td>\u00a0<\/td><\/tr><tr><td>\u00a0<\/td><td>\u00a0<\/td><td>\u00a0<\/td><td>\u00a0<\/td><\/tr><tr><td>Stromkreisunterbrecher<\/td><td>50 CZK<\/td><td>50 CZK<\/td><td>50 CZK<\/td><\/tr><tr><td>\u00a0<\/td><td>\u00a0<\/td><td>\u00a0<\/td><td>\u00a0<\/td><\/tr><tr><td>Kinder bis zu 6 Jahren haben beim Eintritt eines Erwachsenen freien Eintritt.<\/td><td>\u00a0<\/td><td>\u00a0<\/td><td colspan=\"2\">\u00a0<\/td><\/tr><\/tbody><\/table><\/figure>\n\n<div style=\"height:65px\" aria-hidden=\"true\" class=\"wp-block-spacer mezera_65\"><\/div>\n\n<h2 class=\"wp-block-heading\">Erlaubt<\/h2>\n\n<figure class=\"wp-block-table\"><table><tbody><tr><td><strong>P\u00e4sse Erwachsene<\/strong><\/td><td>\u00a0<\/td><td><strong>1 Eingabe<\/strong><\/td><\/tr><tr><td>10 Eing\u00e4nge<\/td><td>2340 CZK<\/td><td>234 CZK<\/td><\/tr><tr><td>10 HP-Eing\u00e4nge<\/td><td>2090 CZK<\/td><td>230 CZK<\/td><\/tr><tr><td>20 Eing\u00e4nge<\/td><td>4500 CZK<\/td><td>225 CZK<\/td><\/tr><tr><td>20 PS Eing\u00e4nge<\/td><td>4360 CZK<\/td><td>218 CZK<\/td><\/tr><tr><td><p>30 Eintr\u00e4ge<\/p><\/td><td>6460 CZK<\/td><td>215 CZK<\/td><\/tr><tr><td><p>30 PS Eing\u00e4nge<\/p><\/td><td>6170 CZK<\/td><td>206 CZK<\/td><\/tr><tr><td><\/td><td>\u00a0<\/td><td>\u00a0<\/td><\/tr><tr><td><strong>Studentenausweise<\/strong><\/td><td>\u00a0<\/td><td><strong>1 Eingabe<\/strong><\/td><\/tr><tr><td>10 Eing\u00e4nge <\/td><td>1820 CZK<\/td><td>182 CZK<\/td><\/tr><tr><td><p>10 HP-Eing\u00e4nge<\/p><\/td><td>1770 CZK<\/td><td>177 CZK<\/td><\/tr><tr><td>20 Eing\u00e4nge<\/td><td>3480 CZK<\/td><td>174 CZK<\/td><\/tr><tr><td><p>20 PS Eing\u00e4nge<\/p><\/td><td>3370 CZK<\/td><td>169 CZK<\/td><\/tr><tr><td>30 Eintr\u00e4ge<\/td><td>4990 CZK<\/td><td>166 CZK<\/td><\/tr><tr><td><p>30 PS Eing\u00e4nge<\/p><\/td><td>4760 CZK<\/td><td>159 CZK<\/td><\/tr><\/tbody><\/table><\/figure>\n\n<div style=\"height:65px\" aria-hidden=\"true\" class=\"wp-block-spacer mezera_65\"><\/div>\n\n<div class=\"wp-block-group has-global-padding is-layout-constrained wp-block-group-is-layout-constrained\">\n<p class=\"wp-block-paragraph\">Anmerkungen:<\/p>\n\n\n\n<p class=\"wp-block-paragraph\">Der Studentenrabatt gilt bei Vorlage eines <strong>g\u00fcltigen Studentenausweises<\/strong> und bis zum<strong> 26<\/strong>. F\u00fcr jeden Eintrag ist ein Studentenausweis erforderlich.<\/p>\n\n\n\n<p class=\"wp-block-paragraph\">Die <strong>Seniorenerm\u00e4\u00dfigung<\/strong> (\u00fcber 60 Jahre alt) gilt gegen Vorlage eines Dokuments (Personalausweis, F\u00fchrerschein, Reisepass).<\/p>\n\n\n\n<p class=\"wp-block-paragraph\">Der Familieneintritt ist f\u00fcr Eltern mit ihren eigenen Kindern bis zu <strong>15<\/strong> Jahren.<\/p>\n\n\n\n<p class=\"wp-block-paragraph\">Die Eintrittskarten f\u00fcr <strong>10, 20<\/strong> und <strong>30<\/strong> Eintr\u00e4ge sind \u00fcbertragbar. <\/p>\n\n\n\n<div style=\"height:40px\" aria-hidden=\"true\" class=\"wp-block-spacer\"><\/div>\n<\/div>\n\n<div class=\"wp-block-group alignfull bg_seda pt_65 pb_65 has-global-padding is-layout-constrained wp-block-group-is-layout-constrained\">\n<div class=\"wp-block-group oteviracka has-global-padding is-layout-constrained wp-block-group-is-layout-constrained\">\n<div class=\"wp-block-columns is-layout-flex wp-container-core-columns-is-layout-9ba6dbca wp-block-columns-is-layout-flex\">\n<div class=\"wp-block-column is-layout-flow wp-block-column-is-layout-flow\">\n<h3 class=\"wp-block-heading\">Die \u00d6ffnungszeiten<\/h3>\n\n\n\n<figure class=\"wp-block-table noborder\"><table><tbody><tr><td>Montag<\/td><td>10.00 &#8211; 21.00<\/td><\/tr><tr><td>Dienstag<\/td><td>10.00 &#8211; 21.00<\/td><\/tr><tr><td>Mittwoch<\/td><td>10.00 &#8211; 21.00<\/td><\/tr><tr><td>Donnerstag<\/td><td>10.00 &#8211; 21.00<\/td><\/tr><tr><td>Freitag<\/td><td>10.00 &#8211; 21.00<\/td><\/tr><tr><td><strong>Samstag und Sonntag<\/strong><\/td><td><strong>08.00 &#8211; 21.00<\/strong><\/td><\/tr><\/tbody><\/table><\/figure>\n\n\n\n<p class=\"wp-block-paragraph\"><\/p>\n<\/div>\n\n\n\n<div class=\"wp-block-column is-layout-flow wp-block-column-is-layout-flow\">\n<h3 class=\"wp-block-heading\">Wo Sie uns finden<\/h3>\n\n\n\n<p class=\"wp-block-paragraph\">HUDY Lezeck\u00e1 st\u011bna \u00dast\u00ed nad Labem<br\/>Pra\u017esk\u00e1 21<br\/>400 01 \u00dast\u00ed nad Labem<br\/><br\/>Tel.: <a href=\"tel:+420%C2%A0603%20566%20582\">+420 <strong>603 566 582<\/strong><\/a><br\/>e-mail: <a href=\"mailto:stena.usti@hudy.cz\">stena.usti@hudy.cz<\/a><\/p>\n<\/div>\n\n\n\n<div class=\"wp-block-column is-layout-flow wp-block-column-is-layout-flow\">\n<h3 class=\"wp-block-heading\">Folgen Sie uns<\/h3>\n\n\n\n<div class=\"wp-block-group social is-nowrap is-layout-flex wp-container-core-group-is-layout-9ba6dbca wp-block-group-is-layout-flex\">\n<figure class=\"wp-block-image size-full is-resized\"><a href=\"https:\/\/www.facebook.com\/HudyLezeckaStenaUsti\" target=\"_blank\" rel=\"noreferrer noopener\"><img decoding=\"async\" src=\"https:\/\/www.hudysteny.cz\/usti\/wp-content\/uploads\/2023\/07\/facebook-b.svg\" alt=\"\" class=\"wp-image-323\" style=\"object-fit:cover;width:32px;height:32px\"\/><\/a><\/figure>\n\n\n\n<figure class=\"wp-block-image size-full is-resized\"><a href=\"https:\/\/www.instagram.com\/hudystena.usti\/\" target=\"_blank\" rel=\"noreferrer noopener\"><img decoding=\"async\" src=\"https:\/\/www.hudysteny.cz\/usti\/wp-content\/uploads\/2023\/07\/instagram-b.svg\" alt=\"\" class=\"wp-image-326\" style=\"object-fit:cover;width:32px;height:32px\"\/><\/a><\/figure>\n<\/div>\n\n\n\n<div style=\"height:30px;width:0px\" aria-hidden=\"true\" class=\"wp-block-spacer mezera_25\"><\/div>\n\n\n\n<h3 class=\"wp-block-heading sms_info desktop_hidden\">Welcher Weg zu uns?<\/h3>\n\n\n\n<p class=\"mb-0 wp-block-paragraph\">Sie k\u00f6nnen uns auf <a href=\"https:\/\/mapy.cz\/s\/jatazagupo\" data-type=\"URL\" data-id=\"https:\/\/mapy.cz\" target=\"_blank\" rel=\"noreferrer noopener\">Maps.cz<\/a> oder <a href=\"https:\/\/maps.app.goo.gl\/VJN1fEU1M91gvUvk7\" data-type=\"URL\" data-id=\"https:\/\/mapy.cz\" target=\"_blank\" rel=\"noreferrer noopener\">Google<\/a> finden<\/p>\n\n\n\n<p class=\"sms_info mobile_hidden wp-block-paragraph\"><a href=\"#sms\" data-type=\"internal\" data-id=\"#sms\">Welcher Weg zu uns? Mit dem Auto und \u00f6ffentlichen Verkehrsmitteln<\/a><\/p>\n\n\n\n<div style=\"height:25px;width:0px\" aria-hidden=\"true\" class=\"wp-block-spacer mezera_25\"><\/div>\n\n\n\n<div class=\"wp-block-group desktop_hidden has-global-padding is-layout-constrained wp-block-group-is-layout-constrained\">\n<div class=\"wp-block-group sms has-global-padding is-layout-constrained wp-block-group-is-layout-constrained\">\n<p class=\"wp-block-paragraph\"><strong>Mit dem Auto <\/strong>&#8211; in Richtung \u00dast\u00ed fahren Sie unter der Eisenbahnbr\u00fccke unter V\u011btru\u0161\u00ed hindurch, 1 km davon entfernt befindet sich auf der linken Seite eine markierte Einfahrt zum Areal. Kostenlose Parkpl\u00e4tze sind vor Ort vorhanden.<\/p>\n\n\n\n<p class=\"wp-block-paragraph\"><strong>\u00d6ffentliche Verkehrsmittel <\/strong>&#8211; an der Mauer befindet sich eine Haltestelle der Linie Nr.85U cukrovaru (auf dem Schild). Der Bus f\u00e4hrt von der Umsteigestelle U divadla ab.<\/p>\n\n\n\n<p class=\"wp-block-paragraph\">Um ein SMS-Ticket zu kaufen, senden Sie eine SMS mit der Form MDJ an 902 06. Die Fahrkarte kostet 18 CZK (+ den Preis der SMS-Nachricht gem\u00e4\u00df Ihrem Tarif beim Betreiber), ist eine Umsteigefahrkarte und gilt 60 Minuten lang in den Zonen 101+111+121+122.<br\/><a rel=\"noreferrer noopener\" href=\"https:\/\/dpmul.cz\/\" data-type=\"link\" data-id=\"https:\/\/dpmul.cz\/\" target=\"_blank\">Fahrpl\u00e4ne online<\/a><\/p>\n<\/div>\n<\/div>\n<\/div>\n<\/div>\n<\/div>\n<\/div>\n","protected":false},"excerpt":{"rendered":"<p>Eintritt in die Mauer g\u00fcltig ab 16. 10. 2023 \u00a0 Mo &#8211; Fr 10.00 &#8211; 14.00 Mo &#8211; Fr 14.00 &#8211; 22.00 Wochenende und Feiertage Erwachsene 200 CZK 240 CZK 240 CZK Erwachsene HP 190 CZK 230 CZK 230 CZK Studenten 155 CZK 190 CZK 190 CZK HP-Studenten 145 CZK 180 CZK 180 CZK Kinder [&hellip;]<\/p>\n","protected":false},"author":1,"featured_media":0,"parent":0,"menu_order":40,"comment_status":"closed","ping_status":"closed","template":"","meta":{"_acf_changed":false,"_crdt_document":"","footnotes":""},"class_list":["post-723","page","type-page","status-publish","hentry"],"acf":[],"_links":{"self":[{"href":"https:\/\/www.hudysteny.cz\/usti\/de\/wp-json\/wp\/v2\/pages\/723","targetHints":{"allow":["GET"]}}],"collection":[{"href":"https:\/\/www.hudysteny.cz\/usti\/de\/wp-json\/wp\/v2\/pages"}],"about":[{"href":"https:\/\/www.hudysteny.cz\/usti\/de\/wp-json\/wp\/v2\/types\/page"}],"author":[{"embeddable":true,"href":"https:\/\/www.hudysteny.cz\/usti\/de\/wp-json\/wp\/v2\/users\/1"}],"replies":[{"embeddable":true,"href":"https:\/\/www.hudysteny.cz\/usti\/de\/wp-json\/wp\/v2\/comments?post=723"}],"version-history":[{"count":2,"href":"https:\/\/www.hudysteny.cz\/usti\/de\/wp-json\/wp\/v2\/pages\/723\/revisions"}],"predecessor-version":[{"id":906,"href":"https:\/\/www.hudysteny.cz\/usti\/de\/wp-json\/wp\/v2\/pages\/723\/revisions\/906"}],"wp:attachment":[{"href":"https:\/\/www.hudysteny.cz\/usti\/de\/wp-json\/wp\/v2\/media?parent=723"}],"curies":[{"name":"wp","href":"https:\/\/api.w.org\/{rel}","templated":true}]}}