{"id":709,"date":"2023-09-05T08:03:19","date_gmt":"2023-09-05T06:03:19","guid":{"rendered":"https:\/\/dev-usti.hudysteny.cz\/vereine-und-unterricht\/kurse-zum-klettern\/"},"modified":"2023-12-18T13:19:57","modified_gmt":"2023-12-18T12:19:57","slug":"kurse-zum-klettern","status":"publish","type":"page","link":"https:\/\/www.hudysteny.cz\/usti\/de\/kletterkurse\/kurse-zum-klettern\/","title":{"rendered":"Kurse zum Klettern"},"content":{"rendered":"\n<ul class=\"wp-block-list\">\n<li>Verabredungskurs &#8211; 1 Person <strong>900,-CZK<\/strong><\/li>\n\n\n\n<li>Dating-Kurs &#8211; 2 Personen<strong>980,-K\u010d<\/strong><\/li>\n\n\n\n<li>Verabredungskurs &#8211; 3 Personen<strong>1 170,-K\u010d<\/strong><\/li>\n\n\n\n<li>Verabredungskurs &#8211; 4 Personen <strong>1 200,-CZK<\/strong><\/li>\n<\/ul>\n\n<ul class=\"wp-block-list\">\n<li>Kletterkurs 4x2Stunden &#8211; 1 Person <strong>2 700,-CZK<\/strong><\/li>\n\n\n\n<li>Kletterkurs 4x2Stunden &#8211; 2 Personen <strong>3 600,-K\u010d<\/strong><\/li>\n\n\n\n<li>Kletterkurs 4x2Stunden &#8211; 3 Personen <strong>4 800,-K\u010d<\/strong><\/li>\n\n\n\n<li>Kletterkurs 4x2Stunden &#8211; 4 Personen <strong>5 600,-K\u010d<\/strong><\/li>\n<\/ul>\n\n<ul class=\"wp-block-list\">\n<li>Ausbilder 1 Stunde<strong>450,-CZK<\/strong><\/li>\n<\/ul>\n\n<div style=\"height:65px\" aria-hidden=\"true\" class=\"wp-block-spacer\"><\/div>\n\n<p class=\"wp-block-paragraph\"><strong><a href=\"https:\/\/docs.google.com\/forms\/d\/e\/1FAIpQLSfWXjOFoOlckl2Gtsfq4Zmb3ITgjqzCuiT8dyhI01bn3edsCw\/viewform\" target=\"_blank\" rel=\"noreferrer noopener\">Anmeldeformular hier<\/a><\/strong><\/p>\n\n<p class=\"wp-block-paragraph\"><strong>BITTE<\/strong> \u00fcberfluten Sie Ihre E-Mail nicht! Um sich f\u00fcr den Kurs anzumelden, <strong><a href=\"https:\/\/docs.google.com\/forms\/d\/e\/1FAIpQLSfWXjOFoOlckl2Gtsfq4Zmb3ITgjqzCuiT8dyhI01bn3edsCw\/viewform\" target=\"_blank\" rel=\"noreferrer noopener\">f\u00fcllen Sie bitte das Anmeldeformular<\/a><\/strong>.<\/p>\n\n<p class=\"wp-block-paragraph\">Wenn Sie Fragen haben, rufen Sie bitte an unter Tel. <strong><a href=\"tel:+420%C2%A0603%20566%20582\">+420 603 566 582<\/a><\/strong><\/p>\n\n<div style=\"height:65px\" aria-hidden=\"true\" class=\"wp-block-spacer\"><\/div>\n\n<h3 class=\"wp-block-heading\"><strong>Einf\u00fchrungskurs Klettern an der k\u00fcnstlichen Wand<\/strong><\/h3>\n\n<p class=\"wp-block-paragraph\">Dieser Kurs dient als erste &#8222;Kostprobe&#8220; des Kletterns an einer k\u00fcnstlichen Wand. W\u00e4hrend des Kurses lernen Sie die Grundlagen des Kletterns am Boulder und am Seil und wir zeigen Ihnen auch die Grundlagen des sicheren Sicherns mit dem Toprope. oberes Seil. Es sind keine Vorkenntnisse oder besonderen k\u00f6rperlichen F\u00e4higkeiten erforderlich. Im Preis inbegriffen sind der Zugang zur Wand, ein erfahrener Instruktor und die gesamte Kletterausr\u00fcstung. Alles, was Sie brauchen, ist bequeme Kleidung und der Wunsch, etwas Neues zu lernen;)<\/p>\n\n<p class=\"wp-block-paragraph\"><strong>Kursdauer: 1,5 Stunden<\/strong><\/p>\n\n<p class=\"wp-block-paragraph\">Sie k\u00f6nnen vor Ort mit Karte oder bar bezahlen.<\/p>\n\n<div style=\"height:65px\" aria-hidden=\"true\" class=\"wp-block-spacer\"><\/div>\n\n<h3 class=\"wp-block-heading\"><strong>Grundkurs des Kletterns an der k\u00fcnstlichen Wand<\/strong><\/h3>\n\n<p class=\"wp-block-paragraph\"><strong>Der Kurs ist in 4 Lektionen zu je 2 Stunden unterteilt.<\/strong><\/p>\n\n<p class=\"wp-block-paragraph\">Wenn Sie den Einf\u00fchrungskurs absolviert haben oder schon jetzt wissen, dass Sie sich in Zukunft v\u00f6llig selbstst\u00e4ndig und sicher an einer k\u00fcnstlichen Wand bewegen m\u00f6chten, ist dieser Kurs genau das Richtige f\u00fcr Sie. Es richtet sich an Anf\u00e4nger und fortgeschrittene Kletterer, die ihre Klettermethodik wiederholen und festigen m\u00f6chten. Neben den Grundlagen der Kletterbewegung am Boulder und Seil wird auch das Sichern mit dem Toprope genannt. Am obersten Seil k\u00f6nnen Sie Ihre erste Route ziehen, versuchen zu fallen und lernen, wie man einen Anf\u00e4nger sicher sichert.<\/p>\n\n<p class=\"wp-block-paragraph\"><strong>Kursdauer: 4x2Stunden<\/strong><\/p>\n\n<p class=\"wp-block-paragraph\">Sie k\u00f6nnen vor Ort mit Karte oder bar bezahlen.<\/p>\n","protected":false},"excerpt":{"rendered":"<p>Anmeldeformular hier BITTE \u00fcberfluten Sie Ihre E-Mail nicht! Um sich f\u00fcr den Kurs anzumelden, f\u00fcllen Sie bitte das Anmeldeformular. Wenn Sie Fragen haben, rufen Sie bitte an unter Tel. +420 603 566 582 Einf\u00fchrungskurs Klettern an der k\u00fcnstlichen Wand Dieser Kurs dient als erste &#8222;Kostprobe&#8220; des Kletterns an einer k\u00fcnstlichen Wand. W\u00e4hrend des Kurses lernen [&hellip;]<\/p>\n","protected":false},"author":1,"featured_media":0,"parent":696,"menu_order":36,"comment_status":"closed","ping_status":"closed","template":"","meta":{"_acf_changed":false,"_crdt_document":"","footnotes":""},"class_list":["post-709","page","type-page","status-publish","hentry"],"acf":[],"_links":{"self":[{"href":"https:\/\/www.hudysteny.cz\/usti\/de\/wp-json\/wp\/v2\/pages\/709","targetHints":{"allow":["GET"]}}],"collection":[{"href":"https:\/\/www.hudysteny.cz\/usti\/de\/wp-json\/wp\/v2\/pages"}],"about":[{"href":"https:\/\/www.hudysteny.cz\/usti\/de\/wp-json\/wp\/v2\/types\/page"}],"author":[{"embeddable":true,"href":"https:\/\/www.hudysteny.cz\/usti\/de\/wp-json\/wp\/v2\/users\/1"}],"replies":[{"embeddable":true,"href":"https:\/\/www.hudysteny.cz\/usti\/de\/wp-json\/wp\/v2\/comments?post=709"}],"version-history":[{"count":4,"href":"https:\/\/www.hudysteny.cz\/usti\/de\/wp-json\/wp\/v2\/pages\/709\/revisions"}],"predecessor-version":[{"id":1075,"href":"https:\/\/www.hudysteny.cz\/usti\/de\/wp-json\/wp\/v2\/pages\/709\/revisions\/1075"}],"up":[{"embeddable":true,"href":"https:\/\/www.hudysteny.cz\/usti\/de\/wp-json\/wp\/v2\/pages\/696"}],"wp:attachment":[{"href":"https:\/\/www.hudysteny.cz\/usti\/de\/wp-json\/wp\/v2\/media?parent=709"}],"curies":[{"name":"wp","href":"https:\/\/api.w.org\/{rel}","templated":true}]}}