{"id":699,"date":"2023-07-12T15:19:05","date_gmt":"2023-07-12T13:19:05","guid":{"rendered":"https:\/\/dev-usti.hudysteny.cz\/vereine-und-unterricht\/ringe-fuer-kinder\/"},"modified":"2023-11-03T11:20:32","modified_gmt":"2023-11-03T10:20:32","slug":"kinderfreizeitgruppen","status":"publish","type":"page","link":"https:\/\/www.hudysteny.cz\/usti\/de\/kletterkurse\/kinderfreizeitgruppen\/","title":{"rendered":"Kinderfreizeitgruppen"},"content":{"rendered":"\n<p class=\"wp-block-paragraph\"><strong>Zeitplan der Clubs f\u00fcr das Schuljahr 2023\/2024<\/strong><\/p>\n\n<div style=\"height:20px\" aria-hidden=\"true\" class=\"wp-block-spacer mezera_65\"><\/div>\n\n<figure class=\"wp-block-table\"><table><tbody><tr><td colspan=\"2\"><p style=\"text-align: left;\"><strong>MONTAG<\/strong><\/p><\/td><td><strong style=\"font-size: revert; font-family: inherit; background-color: var(--wp--preset--color--base); color: var(--wp--preset--color--contrast);\">DIENSTAG<\/strong><span style=\"font-size: inherit; font-family: inherit; font-weight: inherit; color: var(--wp--preset--color--contrast); background-color: var(--wp--preset--color--base);\"> <\/span><\/td><td colspan=\"2\"> <strong style=\"font-size: revert; font-family: inherit; background-color: var(--wp--preset--color--base); color: var(--wp--preset--color--contrast);\">MITTWOCH<\/strong><\/td><td><strong>DONNERSTAG<\/strong><\/td><\/tr><tr><td><strong>15:30-16:55<\/strong><br\/>Fortgeschrittene kleine Kletterer <br\/>7-10 Jahre<br\/>Kapazit\u00e4t <br\/>10 Kinder <\/td><td rowspan=\"3\"><strong>16:00-17:25<\/strong><br\/>Anf\u00e4nger kleine Kletterer<br\/>6-9 Jahre<br\/>Kapazit\u00e4t<br\/>8 Kinder<br\/><br\/><strong>17:30-18:55<\/strong><br\/>Anf\u00e4nger<br\/>9-14 Jahre<br\/>Kapazit\u00e4t<br\/>8 Kinder <\/td><td><strong>15:30-16:55<\/strong><br\/>Fortgeschrittene kleine Kletterer <br\/>9-12 Jahre<br\/>Kapazit\u00e4t<br\/>10 Kinder <\/td><td><strong>15:30-16:55<\/strong><br\/>Fortgeschrittene kleine Kletterer <br\/>7-10 Jahre<br\/>Kapazit\u00e4t<br\/>10 Kinder <\/td><td rowspan=\"3\"><strong>16:00-17:25<\/strong><br\/>Anf\u00e4nger kleine Kletterer <br\/>5-8 Jahre<br\/>Kapazit\u00e4t<span style=\"font-family: inherit; font-size: inherit; font-weight: inherit; background-color: var(--wp--preset--color--base); color: var(--wp--preset--color--contrast);\"> <\/span><br\/><span style=\"font-family: inherit; font-size: inherit; font-weight: inherit; background-color: var(--wp--preset--color--base); color: var(--wp--preset--color--contrast);\">8 Kinder<\/span><br\/><br\/><strong style=\"font-size: revert; font-family: inherit; background-color: var(--wp--preset--color--base); color: var(--wp--preset--color--contrast);\">17:30-18:55<\/strong><br\/><span style=\"font-size: revert; font-family: inherit; font-weight: inherit; background-color: var(--wp--preset--color--base); color: var(--wp--preset--color--contrast);\">Anf\u00e4nger <\/span><br\/><span style=\"font-size: revert; font-family: inherit; font-weight: inherit; background-color: var(--wp--preset--color--base); color: var(--wp--preset--color--contrast);\">9-13 Jahre <\/span><br\/><span style=\"font-size: revert; font-family: inherit; font-weight: inherit; background-color: var(--wp--preset--color--base); color: var(--wp--preset--color--contrast);\">Kapazit\u00e4t <\/span><br\/><span style=\"font-size: revert; font-family: inherit; font-weight: inherit; background-color: var(--wp--preset--color--base); color: var(--wp--preset--color--contrast);\">8 Kinder<\/span> <\/td><td><strong>15:30-16:55<\/strong><br\/>Fortgeschrittene Kleinkinder<br\/>9-12 Jahre<br\/>Kapazit\u00e4t<br\/>10 Kinder <\/td><\/tr><tr><td><strong>17:00-18:25<\/strong><br\/>Fortgeschrittene Zwischenkletterer<br\/>10-13 Jahre<br\/>Kapazit\u00e4t<br\/>12 Kinder <\/td><td><strong>17:00-18:25<\/strong><br\/>Fortgeschrittene Zwischenkletterer<br\/>10-14 Jahre<br\/>Kapazit\u00e4t<br\/>12 Kinder <\/td><td><strong>17:00- 18:25<\/strong><br\/>Fortgeschrittene Zwischenkletterer<br\/>10-13 Jahre<br\/>Kapazit\u00e4t<br\/>12 Kinder <\/td><td><strong>17:00-18:25<\/strong><br\/>Fortgeschrittene<span style=\"font-family: inherit; font-size: inherit; font-weight: inherit; background-color: var(--wp--preset--color--base); color: var(--wp--preset--color--contrast);\">Zwischenkletterer<\/span><br\/>11-13 Jahre<br\/>Kapazit\u00e4t<br\/>12 Kinder <\/td><\/tr><tr><td><strong>18:30-19:55<\/strong><br\/>Fortgeschrittene gro\u00dfe Kletterer<br\/>14-17 Jahre<br\/>Kapazit\u00e4t<br\/>12 Kinder <\/td><td><strong>18:30-19:55<\/strong> <br\/>Pro Training &#8211; spezielles Klettertraining (Klettern min. 5c am ersten)<br\/>12-17 Jahre<br\/>Kapazit\u00e4t <br\/>12 Kinder <\/td><td><strong>18:30-19:55<\/strong> <br\/>Fortgeschrittene gro\u00dfe Kletterer <br\/>14-17 Jahre<br\/>Kapazit\u00e4t <br\/>12 Kinder <\/td><td><strong>18:30-19:55<\/strong><br\/>Pro Training &#8211; spezielles Klettertraining (Klettern min. 5c am ersten)<br\/>12-17 JahreKapazit\u00e4t12 Kinder <\/td><\/tr><\/tbody><\/table><\/figure>\n\n<div style=\"height:65px\" aria-hidden=\"true\" class=\"wp-block-spacer mezera_65\"><\/div>\n\n<p class=\"wp-block-paragraph\"><strong>Preis<\/strong>: einmal pro Woche 4.400 CZK, zweimal pro Woche 7.600 CZK f\u00fcr ein Schulhalbjahr.<\/p>\n\n<p class=\"wp-block-paragraph\">Der Unterricht in Kletterhallen ist in zwei Semester unterteilt, d.h. September &#8211; Januar (vom 11. September 2023 &#8211; 2. Februar 2024) und Februar &#8211; Juni (5. Februar 2024 &#8211; 16. Juni 2024).<\/p>\n\n<p class=\"wp-block-paragraph\">In den Herbstferien findet kein Clubbetrieb statt &#8211; Donnerstag 26. 10. und w\u00e4hrend der Weihnachtszeit &#8211; 25. 12. bis 7. 1.2024.<br\/><\/p>\n\n<p class=\"wp-block-paragraph\"><strong>Anmeldung f\u00fcr den Club<\/strong><\/p>\n\n<p class=\"wp-block-paragraph\">Senden Sie uns eine E-Mail an <a href=\"mailto:edita@polez.cz\">edita@polez.cz:<\/a><\/p>\n\n<ul class=\"wp-block-list\">\n<li>welchen Ring und an welchem Tag Sie gew\u00e4hlt haben<\/li>\n\n\n\n<li>Vorname und Nachname des Kindes<\/li>\n\n\n\n<li>das Geburtsdatum des Kindes<\/li>\n\n\n\n<li>Vor- und Nachname des gesetzlichen Vertreters<\/li>\n\n\n\n<li>Kontakt-E-Mail f\u00fcr Eltern<\/li>\n\n\n\n<li>Kontakttelefonnummer f\u00fcr Eltern<br\/><\/li>\n<\/ul>\n\n<p class=\"wp-block-paragraph\">Wir werden Ihnen mit weiteren Informationen antworten. <\/p>\n\n<p class=\"wp-block-paragraph\">Ausbilderin: Edita Vopatov\u00e1 (732 825 476)<\/p>\n\n<div style=\"height:65px\" aria-hidden=\"true\" class=\"wp-block-spacer mezera_65\"><\/div>\n","protected":false},"excerpt":{"rendered":"<p>Zeitplan der Clubs f\u00fcr das Schuljahr 2023\/2024 MONTAG DIENSTAG MITTWOCH DONNERSTAG 15:30-16:55Fortgeschrittene kleine Kletterer 7-10 JahreKapazit\u00e4t 10 Kinder 16:00-17:25Anf\u00e4nger kleine Kletterer6-9 JahreKapazit\u00e4t8 Kinder 17:30-18:55Anf\u00e4nger9-14 JahreKapazit\u00e4t8 Kinder 15:30-16:55Fortgeschrittene kleine Kletterer 9-12 JahreKapazit\u00e4t10 Kinder 15:30-16:55Fortgeschrittene kleine Kletterer 7-10 JahreKapazit\u00e4t10 Kinder 16:00-17:25Anf\u00e4nger kleine Kletterer 5-8 JahreKapazit\u00e4t 8 Kinder 17:30-18:55Anf\u00e4nger 9-13 Jahre Kapazit\u00e4t 8 Kinder 15:30-16:55Fortgeschrittene Kleinkinder9-12 JahreKapazit\u00e4t10 Kinder [&hellip;]<\/p>\n","protected":false},"author":1,"featured_media":0,"parent":696,"menu_order":27,"comment_status":"closed","ping_status":"closed","template":"","meta":{"_acf_changed":false,"_crdt_document":"","footnotes":""},"class_list":["post-699","page","type-page","status-publish","hentry"],"acf":[],"_links":{"self":[{"href":"https:\/\/www.hudysteny.cz\/usti\/de\/wp-json\/wp\/v2\/pages\/699","targetHints":{"allow":["GET"]}}],"collection":[{"href":"https:\/\/www.hudysteny.cz\/usti\/de\/wp-json\/wp\/v2\/pages"}],"about":[{"href":"https:\/\/www.hudysteny.cz\/usti\/de\/wp-json\/wp\/v2\/types\/page"}],"author":[{"embeddable":true,"href":"https:\/\/www.hudysteny.cz\/usti\/de\/wp-json\/wp\/v2\/users\/1"}],"replies":[{"embeddable":true,"href":"https:\/\/www.hudysteny.cz\/usti\/de\/wp-json\/wp\/v2\/comments?post=699"}],"version-history":[{"count":2,"href":"https:\/\/www.hudysteny.cz\/usti\/de\/wp-json\/wp\/v2\/pages\/699\/revisions"}],"predecessor-version":[{"id":778,"href":"https:\/\/www.hudysteny.cz\/usti\/de\/wp-json\/wp\/v2\/pages\/699\/revisions\/778"}],"up":[{"embeddable":true,"href":"https:\/\/www.hudysteny.cz\/usti\/de\/wp-json\/wp\/v2\/pages\/696"}],"wp:attachment":[{"href":"https:\/\/www.hudysteny.cz\/usti\/de\/wp-json\/wp\/v2\/media?parent=699"}],"curies":[{"name":"wp","href":"https:\/\/api.w.org\/{rel}","templated":true}]}}