{"id":693,"date":"2023-09-04T22:24:25","date_gmt":"2023-09-04T20:24:25","guid":{"rendered":"https:\/\/dev-usti.hudysteny.cz\/lezecka-stena-usti\/sicherheit\/"},"modified":"2023-12-08T13:38:45","modified_gmt":"2023-12-08T12:38:45","slug":"sicherheit","status":"publish","type":"page","link":"https:\/\/www.hudysteny.cz\/usti\/de\/wand\/sicherheit\/","title":{"rendered":"Sicherheit"},"content":{"rendered":"\n<div class=\"wp-block-columns is-layout-flex wp-container-core-columns-is-layout-9ba6dbca wp-block-columns-is-layout-flex\">\n<div class=\"wp-block-column is-layout-flow wp-block-column-is-layout-flow\">\n<figure class=\"wp-block-image size-large\"><img loading=\"lazy\" decoding=\"async\" width=\"738\" height=\"1024\" src=\"https:\/\/www.hudysteny.cz\/usti\/wp-content\/uploads\/2023\/09\/kontroluj_a_lez_A2-738x1024.jpg\" alt=\"\" class=\"wp-image-467\" srcset=\"https:\/\/www.hudysteny.cz\/usti\/wp-content\/uploads\/2023\/09\/kontroluj_a_lez_A2-738x1024.jpg 738w, https:\/\/www.hudysteny.cz\/usti\/wp-content\/uploads\/2023\/09\/kontroluj_a_lez_A2-216x300.jpg 216w, https:\/\/www.hudysteny.cz\/usti\/wp-content\/uploads\/2023\/09\/kontroluj_a_lez_A2-768x1066.jpg 768w, https:\/\/www.hudysteny.cz\/usti\/wp-content\/uploads\/2023\/09\/kontroluj_a_lez_A2-1107x1536.jpg 1107w, https:\/\/www.hudysteny.cz\/usti\/wp-content\/uploads\/2023\/09\/kontroluj_a_lez_A2-1476x2048.jpg 1476w, https:\/\/www.hudysteny.cz\/usti\/wp-content\/uploads\/2023\/09\/kontroluj_a_lez_A2.jpg 1768w\" sizes=\"auto, (max-width: 738px) 100vw, 738px\" \/><\/figure>\n<\/div>\n\n\n\n<div class=\"wp-block-column is-layout-flow wp-block-column-is-layout-flow\">\n<p class=\"wp-block-paragraph\">Klettern ist ein Sport, bei dem bestimmte Regeln beachtet werden m\u00fcssen. Jeder Besucher, der sich seiner Kenntnisse nicht sicher ist oder zum ersten Mal mit dem Klettern in Ber\u00fchrung kommt, muss sich mit ihnen vertraut machen. Es ist ratsam, mit einem erfahrenen Kletterer zu klettern oder einen <a href=\"http:\/\/www.hudysteny.cz\/usti\/kurzy\/kurzy-lezeni\">ausgebildeten Instruktor<\/a> zu organisieren.<\/p>\n\n\n\n<ul class=\"wp-block-list\">\n<li><strong>ZUSTIMMUNG DES GESETZLICHEN VERTRETERS<\/strong><\/li>\n<\/ul>\n\n\n\n<p class=\"wp-block-paragraph\">Die Zustimmung der Erziehungsberechtigten f\u00fcr das Klettern eines Minderj\u00e4hrigen ist an der Rezeption der Kletterwand erh\u00e4ltlich.<\/p>\n\n\n\n<ul class=\"wp-block-list\">\n<li><strong>METHODEN<\/strong><\/li>\n<\/ul>\n\n\n\n<p class=\"wp-block-paragraph\">Es gibt viele gef\u00e4hrliche Angewohnheiten beim Sichern, und wir sehen sie oft in den W\u00e4nden. Sehen Sie sich dieses lustige, aber sehr informative Video an&#8230;<\/p>\n<\/div>\n<\/div>\n\n<div style=\"height:60px\" aria-hidden=\"true\" class=\"wp-block-spacer\"><\/div>\n\n<figure class=\"wp-block-embed is-type-video is-provider-vimeo wp-block-embed-vimeo wp-embed-aspect-16-9 wp-has-aspect-ratio\"><div class=\"wp-block-embed__wrapper\">\n<iframe loading=\"lazy\" title=\"The World&#039;s Worst Belayer [EN] Bad belaying techniques\" src=\"https:\/\/player.vimeo.com\/video\/80489871?dnt=1&amp;app_id=122963\" width=\"500\" height=\"281\" frameborder=\"0\" allow=\"autoplay; fullscreen; picture-in-picture; clipboard-write\"><\/iframe>\n<\/div><\/figure>\n","protected":false},"excerpt":{"rendered":"<p>Klettern ist ein Sport, bei dem bestimmte Regeln beachtet werden m\u00fcssen. Jeder Besucher, der sich seiner Kenntnisse nicht sicher ist oder zum ersten Mal mit dem Klettern in Ber\u00fchrung kommt, muss sich mit ihnen vertraut machen. Es ist ratsam, mit einem erfahrenen Kletterer zu klettern oder einen ausgebildeten Instruktor zu organisieren. Die Zustimmung der Erziehungsberechtigten [&hellip;]<\/p>\n","protected":false},"author":1,"featured_media":0,"parent":534,"menu_order":20,"comment_status":"closed","ping_status":"closed","template":"","meta":{"_acf_changed":false,"_crdt_document":"","footnotes":""},"class_list":["post-693","page","type-page","status-publish","hentry"],"acf":[],"_links":{"self":[{"href":"https:\/\/www.hudysteny.cz\/usti\/de\/wp-json\/wp\/v2\/pages\/693","targetHints":{"allow":["GET"]}}],"collection":[{"href":"https:\/\/www.hudysteny.cz\/usti\/de\/wp-json\/wp\/v2\/pages"}],"about":[{"href":"https:\/\/www.hudysteny.cz\/usti\/de\/wp-json\/wp\/v2\/types\/page"}],"author":[{"embeddable":true,"href":"https:\/\/www.hudysteny.cz\/usti\/de\/wp-json\/wp\/v2\/users\/1"}],"replies":[{"embeddable":true,"href":"https:\/\/www.hudysteny.cz\/usti\/de\/wp-json\/wp\/v2\/comments?post=693"}],"version-history":[{"count":4,"href":"https:\/\/www.hudysteny.cz\/usti\/de\/wp-json\/wp\/v2\/pages\/693\/revisions"}],"predecessor-version":[{"id":928,"href":"https:\/\/www.hudysteny.cz\/usti\/de\/wp-json\/wp\/v2\/pages\/693\/revisions\/928"}],"up":[{"embeddable":true,"href":"https:\/\/www.hudysteny.cz\/usti\/de\/wp-json\/wp\/v2\/pages\/534"}],"wp:attachment":[{"href":"https:\/\/www.hudysteny.cz\/usti\/de\/wp-json\/wp\/v2\/media?parent=693"}],"curies":[{"name":"wp","href":"https:\/\/api.w.org\/{rel}","templated":true}]}}