{"id":673,"date":"2023-09-04T18:00:11","date_gmt":"2023-09-04T16:00:11","guid":{"rendered":"https:\/\/dev-usti.hudysteny.cz\/lezecka-stena-usti\/wand-parameter\/"},"modified":"2024-01-09T10:19:28","modified_gmt":"2024-01-09T09:19:28","slug":"wand-parameter","status":"publish","type":"page","link":"https:\/\/www.hudysteny.cz\/usti\/de\/wand\/wand-parameter\/","title":{"rendered":"Wand-Parameter"},"content":{"rendered":"\n<h3 class=\"wp-block-heading\">Die Hauptkuppel<\/h3>\n\n<p class=\"wp-block-paragraph\">Der gr\u00f6\u00dfte Teil der Kletterwand erstreckt sich \u00fcber eine Fl\u00e4che von <strong>19 m x 13 m<\/strong> mit <strong>Kletterrouten<\/strong> <strong>von 15 bis 21 Metern<\/strong>. Es gibt sowohl senkrechte oder leichte Reibungskletterei als auch \u00fcberh\u00e4ngende Klettereien mit einem maximalen<strong> \u00dcberhang von 7 m<\/strong>. Es gibt <strong>45 Kletterrlinien<\/strong>. F\u00fcr die l\u00e4ngsten Profile ist ein 40 m langes Seil erforderlich. Die gesamte Wohnung ist mit einer Fu\u00dfbodenheizung ausgestattet.<\/p>\n\n<div style=\"height:65px\" aria-hidden=\"true\" class=\"wp-block-spacer\"><\/div>\n\n<h3 class=\"wp-block-heading\">Obere Wand<\/h3>\n\n<p class=\"wp-block-paragraph\">Die Wand \u00fcber der Bar und den Umkleidekabinen, die nicht nur f\u00fcr Kletteranf\u00e4nger geeignet ist. Die L\u00e4nge der Wege betr\u00e4gt zwischen<strong> 11<\/strong> und<strong> 13 m<\/strong>, die Gesamtl\u00e4nge der Mauer <strong>30 m<\/strong>. Es gibt senkrechte und leicht \u00fcberh\u00e4ngende Klettereien. Au\u00dferdem gibt es einen Riss und einen Kamin f\u00fcr abwechslungsreiches Klettern und Training am echten Fels. Ein weiteres &#8222;Gadget&#8220; in diesem Bereich ist das Klettern an Winden (Selbstversicherung), f\u00fcr das man keine Sichernden braucht. Es gibt 25 Kletterlinien und <strong>5 Selbstsicherungger\u00e4t<\/strong>.<\/p>\n\n<div style=\"height:65px\" aria-hidden=\"true\" class=\"wp-block-spacer\"><\/div>\n\n<h3 class=\"wp-block-heading\">Wand f\u00fcr Kinder<\/h3>\n\n<p class=\"wp-block-paragraph\">Oberhalb des Boulderwand gibt es eine Wand f\u00fcr unsere Kleinen. Die senkrechte H\u00f6he betr\u00e4gt <strong>6,5 m <\/strong>und die L\u00e4nge<strong> betr\u00e4gt 20 m<\/strong>. Es gibt <strong>18 Kletterlinien<\/strong>, die alle mit TopRope ausgestattet sind. Die W\u00e4nde sind hier senkrecht, leicht geneigt oder teilweise \u00fcberh\u00e4ngend. Ein Hangelrippe zur Abwechslung. Neben der Kletterwand gibt es auch ein kleines <strong>Haus f\u00fcr Kinder<\/strong>.<\/p>\n\n<div style=\"height:65px\" aria-hidden=\"true\" class=\"wp-block-spacer\"><\/div>\n\n<h3 class=\"wp-block-heading\">Boulderwand f\u00fcr Kinder und Spray-Wall<\/h3>\n\n<p class=\"wp-block-paragraph\">Sie befindet sich direkt gegen\u00fcber der oberen Wand und unterhalb der Kinderwand. Sie ist also nirgends &#8222;angen\u00e4ht&#8220;, sondern integraler Bestandteil der Kletterwand. Sie hat eine L\u00e4nge von<strong> 15 m <\/strong>und ist in 3 imagin\u00e4re Segmente unterteilt. Die erste ist eine klassische Oberfl\u00e4che (Spray-Wall) mit einer Neigung von 30 Grad. Der zweite ist ein imagin\u00e4rer &#8222;Stein&#8220; mit senkrechten und verlegten W\u00e4nden. Das dritte Segment ist die &#8222;H\u00f6hle&#8220;, in der es sowohl senkrechte W\u00e4nde als auch einen \u00dcberhang von 40 Grad gibt. Es mangelt nicht an Strukturen oder gro\u00dfe Griffen.<\/p>\n\n<p class=\"wp-block-paragraph\"><\/p>\n\n<div style=\"height:65px\" aria-hidden=\"true\" class=\"wp-block-spacer\"><\/div>\n\n<h3 class=\"wp-block-heading\">Boulderhalle<\/h3>\n\n<p class=\"wp-block-paragraph\">Teil des Komplexes ist eine neue moderne Boulderhalle mit einer Gesamtkletterfl\u00e4che von 550m2, in der ca. 130 Boulder. Der Schwierigkeitsgrad ist zur besseren Orientierung farblich gekennzeichnet. Blau und Rot &#8211; Anf\u00e4nger. Orange und Schwarz &#8211; mittelm\u00e4\u00dfig. Gr\u00fcn und gelb &#8211; leistungsf\u00e4hige Kletterer. Die gesamte Halle ist mit einer 30 cm dicken Landefl\u00e4che und zus\u00e4tzlichen Matten ausgelegt. Die Wand enth\u00e4lt auch einen gro\u00dfen Campusboard. Moderne Bouldergriffe und ein professionelles Team von Routenschraubern sind selbstverst\u00e4ndlich.<\/p>\n\n<div style=\"height:65px\" aria-hidden=\"true\" class=\"wp-block-spacer\"><\/div>\n\n<p class=\"wp-block-paragraph\"><strong>Die Gesamtkletterfl\u00e4che des gesamten Gebiets betr\u00e4gt etwa 2 300 m2.<\/strong><\/p>\n\n<div style=\"height:65px\" aria-hidden=\"true\" class=\"wp-block-spacer\"><\/div>\n\n<h3 class=\"wp-block-heading\">Umkleider\u00e4ume<\/h3>\n\n<p class=\"wp-block-paragraph\">Es gibt getrennte Umkleider\u00e4ume f\u00fcr M\u00e4nner und Frauen. Es gibt Schlie\u00dff\u00e4cher, Duschen und Toiletten. Bevor Sie die Umkleidekabine betreten, wechseln Sie Ihre Schuhe. Die gesamten Umkleider\u00e4ume und anschlie\u00dfend der Kletterbereich sind bereits in Hausschuhen.<\/p>\n\n<p class=\"wp-block-paragraph\"><\/p>\n","protected":false},"excerpt":{"rendered":"<p>Die Hauptkuppel Der gr\u00f6\u00dfte Teil der Kletterwand erstreckt sich \u00fcber eine Fl\u00e4che von 19 m x 13 m mit Kletterrouten von 15 bis 21 Metern. Es gibt sowohl senkrechte oder leichte Reibungskletterei als auch \u00fcberh\u00e4ngende Klettereien mit einem maximalen \u00dcberhang von 7 m. Es gibt 45 Kletterrlinien. F\u00fcr die l\u00e4ngsten Profile ist ein 40 m [&hellip;]<\/p>\n","protected":false},"author":1,"featured_media":0,"parent":534,"menu_order":4,"comment_status":"closed","ping_status":"closed","template":"","meta":{"_acf_changed":false,"_crdt_document":"","footnotes":""},"class_list":["post-673","page","type-page","status-publish","hentry"],"acf":[],"_links":{"self":[{"href":"https:\/\/www.hudysteny.cz\/usti\/de\/wp-json\/wp\/v2\/pages\/673","targetHints":{"allow":["GET"]}}],"collection":[{"href":"https:\/\/www.hudysteny.cz\/usti\/de\/wp-json\/wp\/v2\/pages"}],"about":[{"href":"https:\/\/www.hudysteny.cz\/usti\/de\/wp-json\/wp\/v2\/types\/page"}],"author":[{"embeddable":true,"href":"https:\/\/www.hudysteny.cz\/usti\/de\/wp-json\/wp\/v2\/users\/1"}],"replies":[{"embeddable":true,"href":"https:\/\/www.hudysteny.cz\/usti\/de\/wp-json\/wp\/v2\/comments?post=673"}],"version-history":[{"count":5,"href":"https:\/\/www.hudysteny.cz\/usti\/de\/wp-json\/wp\/v2\/pages\/673\/revisions"}],"predecessor-version":[{"id":1137,"href":"https:\/\/www.hudysteny.cz\/usti\/de\/wp-json\/wp\/v2\/pages\/673\/revisions\/1137"}],"up":[{"embeddable":true,"href":"https:\/\/www.hudysteny.cz\/usti\/de\/wp-json\/wp\/v2\/pages\/534"}],"wp:attachment":[{"href":"https:\/\/www.hudysteny.cz\/usti\/de\/wp-json\/wp\/v2\/media?parent=673"}],"curies":[{"name":"wp","href":"https:\/\/api.w.org\/{rel}","templated":true}]}}