{"id":534,"date":"2023-06-22T16:07:09","date_gmt":"2023-06-22T14:07:09","guid":{"rendered":"https:\/\/dev-usti.hudysteny.cz\/lezecka-stena-usti\/"},"modified":"2025-10-03T13:57:14","modified_gmt":"2025-10-03T11:57:14","slug":"wand","status":"publish","type":"page","link":"https:\/\/www.hudysteny.cz\/usti\/de\/","title":{"rendered":"Kletterwand \u00dast\u00ed"},"content":{"rendered":"\n<div class=\"wp-block-group oteviracka has-global-padding is-layout-constrained wp-block-group-is-layout-constrained\">\n<div class=\"wp-block-columns is-layout-flex wp-container-core-columns-is-layout-9ba6dbca wp-block-columns-is-layout-flex\">\n<div class=\"wp-block-column is-layout-flow wp-block-column-is-layout-flow\">\n<h3 class=\"wp-block-heading\">Die \u00d6ffnungszeiten<\/h3>\n\n\n\n<figure class=\"wp-block-table noborder\"><table><tbody><tr><td>Montag<\/td><td>10.00 &#8211; 21.00<\/td><\/tr><tr><td>Dienstag<\/td><td>10.00 &#8211; 21.00<\/td><\/tr><tr><td>Mittwoch<\/td><td>10.00 &#8211; 21.00<\/td><\/tr><tr><td>Donnerstag<\/td><td>10.00 &#8211; 21.00<\/td><\/tr><tr><td>Freitag<\/td><td>10.00 &#8211; 21.00<\/td><\/tr><tr><td><strong>Samstag und Sonntag<\/strong><\/td><td><strong>08.00 &#8211; 21.00<\/strong><\/td><\/tr><\/tbody><\/table><\/figure>\n\n\n\n<p class=\"wp-block-paragraph\"><\/p>\n<\/div>\n\n\n\n<div class=\"wp-block-column is-layout-flow wp-block-column-is-layout-flow\">\n<h3 class=\"wp-block-heading\">Wo Sie uns finden<\/h3>\n\n\n\n<p class=\"wp-block-paragraph\">HUDY Lezeck\u00e1 st\u011bna \u00dast\u00ed nad Labem<br\/>Pra\u017esk\u00e1 21<br\/>400 01 \u00dast\u00ed nad Labem<br\/><br\/>Tel.: <a href=\"tel:+420%C2%A0603%20566%20582\">+420 <strong>603 566 582<\/strong><\/a><br\/>e-mail: <a href=\"mailto:stena.usti@hudy.cz\">stena.usti@hudy.cz<\/a><\/p>\n<\/div>\n\n\n\n<div class=\"wp-block-column is-layout-flow wp-block-column-is-layout-flow\">\n<h3 class=\"wp-block-heading\">Folgen Sie uns<\/h3>\n\n\n\n<div class=\"wp-block-group social is-nowrap is-layout-flex wp-container-core-group-is-layout-9ba6dbca wp-block-group-is-layout-flex\">\n<figure class=\"wp-block-image size-full is-resized\"><a href=\"https:\/\/www.facebook.com\/HudyLezeckaStenaUsti\" target=\"_blank\" rel=\"noreferrer noopener\"><img decoding=\"async\" src=\"https:\/\/www.hudysteny.cz\/usti\/wp-content\/uploads\/2023\/07\/facebook-b.svg\" alt=\"\" class=\"wp-image-323\" style=\"object-fit:cover;width:32px;height:32px\"\/><\/a><\/figure>\n\n\n\n<figure class=\"wp-block-image size-full is-resized\"><a href=\"https:\/\/www.instagram.com\/hudystena.usti\/\" target=\"_blank\" rel=\"noreferrer noopener\"><img decoding=\"async\" src=\"https:\/\/www.hudysteny.cz\/usti\/wp-content\/uploads\/2023\/07\/instagram-b.svg\" alt=\"\" class=\"wp-image-326\" style=\"object-fit:cover;width:32px;height:32px\"\/><\/a><\/figure>\n<\/div>\n\n\n\n<div style=\"height:30px;width:0px\" aria-hidden=\"true\" class=\"wp-block-spacer mezera_25\"><\/div>\n\n\n\n<h3 class=\"wp-block-heading sms_info desktop_hidden\">Welcher Weg zu uns?<\/h3>\n\n\n\n<p class=\"mb-0 wp-block-paragraph\">Sie k\u00f6nnen uns auf <a href=\"https:\/\/mapy.cz\/s\/jatazagupo\" data-type=\"URL\" data-id=\"https:\/\/mapy.cz\" target=\"_blank\" rel=\"noreferrer noopener\">Maps.cz<\/a> oder <a href=\"https:\/\/maps.app.goo.gl\/VJN1fEU1M91gvUvk7\" data-type=\"URL\" data-id=\"https:\/\/mapy.cz\" target=\"_blank\" rel=\"noreferrer noopener\">Google<\/a> finden<\/p>\n\n\n\n<p class=\"sms_info mobile_hidden wp-block-paragraph\"><a href=\"#sms\" data-type=\"internal\" data-id=\"#sms\">Welcher Weg zu uns? Mit dem Auto und \u00f6ffentlichen Verkehrsmitteln<\/a><\/p>\n\n\n\n<div style=\"height:25px;width:0px\" aria-hidden=\"true\" class=\"wp-block-spacer mezera_25\"><\/div>\n\n\n\n<div class=\"wp-block-group desktop_hidden has-global-padding is-layout-constrained wp-block-group-is-layout-constrained\">\n<div class=\"wp-block-group sms has-global-padding is-layout-constrained wp-block-group-is-layout-constrained\">\n<p class=\"wp-block-paragraph\"><strong>Mit dem Auto <\/strong>&#8211; in Richtung \u00dast\u00ed fahren Sie unter der Eisenbahnbr\u00fccke unter V\u011btru\u0161\u00ed hindurch, 1 km davon entfernt befindet sich auf der linken Seite eine markierte Einfahrt zum Areal. Kostenlose Parkpl\u00e4tze sind vor Ort vorhanden.<\/p>\n\n\n\n<p class=\"wp-block-paragraph\"><strong>\u00d6ffentliche Verkehrsmittel <\/strong>&#8211; an der Mauer befindet sich eine Haltestelle der Linie Nr.85U cukrovaru (auf dem Schild). Der Bus f\u00e4hrt von der Umsteigestelle U divadla ab.<\/p>\n\n\n\n<p class=\"wp-block-paragraph\">Um ein SMS-Ticket zu kaufen, senden Sie eine SMS mit der Form MDJ an 902 06. Die Fahrkarte kostet 18 CZK (+ den Preis der SMS-Nachricht gem\u00e4\u00df Ihrem Tarif beim Betreiber), ist eine Umsteigefahrkarte und gilt 60 Minuten lang in den Zonen 101+111+121+122.<br\/><a rel=\"noreferrer noopener\" href=\"https:\/\/dpmul.cz\/\" data-type=\"link\" data-id=\"https:\/\/dpmul.cz\/\" target=\"_blank\">Fahrpl\u00e4ne online<\/a><\/p>\n<\/div>\n<\/div>\n<\/div>\n<\/div>\n<\/div>\n\n<div style=\"height:65px\" aria-hidden=\"true\" class=\"wp-block-spacer mezera_65\"><\/div>\n\n<div class=\"wp-block-columns eq is-layout-flex wp-container-core-columns-is-layout-9ba6dbca wp-block-columns-is-layout-flex\">\n<div class=\"wp-block-column is-layout-flow wp-block-column-is-layout-flow\">\n<div class=\"wp-block-group box_cenik has-background has-global-padding is-layout-constrained wp-block-group-is-layout-constrained\" style=\"background-color:#f4f4f4\">\n<h2 class=\"wp-block-heading has-text-align-center\">Preisliste<\/h2>\n\n\n\n<div class=\"wp-block-buttons is-content-justification-center is-layout-flex wp-container-core-buttons-is-layout-d9a36c2f wp-block-buttons-is-layout-flex\">\n<div class=\"wp-block-button zelena\"><a class=\"wp-block-button__link wp-element-button\" href=\"https:\/\/www.hudysteny.cz\/usti\/de\/preisliste\/\">Mehr Informationen<\/a><\/div>\n<\/div>\n<\/div>\n<\/div>\n\n\n\n<div class=\"wp-block-column is-layout-flow wp-container-core-column-is-layout-2003d605 wp-block-column-is-layout-flow\">\n<div class=\"wp-block-group box_novinka has-background has-global-padding is-layout-constrained wp-container-core-group-is-layout-050dad78 wp-block-group-is-layout-constrained\" style=\"background-color:#f4f4f4\">\n<div class=\"wp-block-group inner_wrap has-global-padding is-layout-constrained wp-block-group-is-layout-constrained\">\n<h3 class=\"wp-block-heading has-text-align-center\">Nachrichten<\/h3>\n\n\n<div class=\"cff-wrapper\"><div class=\"cff-wrapper-ctn \" ><div id=\"cff\" data-char=\"400\" class=\"cff cff-theme-overlap  cff-mob-cols-1 cff-tab-cols-1  cff-palette-7 cff-timeline-feed cff-all-reviews cff-nojs \" style=\"width:100%; \" data-fb-text=\"Zobrazit na Facebooku\" data-offset=\"\" data-own-token=\"true\" data-grid-pag=\"cursor\" data-restricted=\"true\" data-lb-comments=\"false\" data-pag-num=\"1\" data-cff-shortcode=\"{&quot;feed&quot;: &quot;7&quot;}\" data-postid=\"534\" data-locatornonce=\"a99e9e8c06\" data-cff-theme=\"overlap\" ><svg width=\"24px\" height=\"24px\" version=\"1.1\" xmlns=\"http:\/\/www.w3.org\/2000\/svg\" xmlns:xlink=\"http:\/\/www.w3.org\/1999\/xlink\" class=\"cff-screenreader\" role=\"img\" aria-labelledby=\"metaSVGid metaSVGdesc\"><title id=\"metaSVGid\">Comments Box SVG icons<\/title><desc id=\"metaSVGdesc\">Used for the like, share, comment, and reaction icons<\/desc><defs><linearGradient id=\"angryGrad\" x1=\"0\" x2=\"0\" y1=\"0\" y2=\"1\"><stop offset=\"0%\" stop-color=\"#f9ae9e\" \/><stop offset=\"70%\" stop-color=\"#ffe7a4\" \/><\/linearGradient><linearGradient id=\"likeGrad\"><stop offset=\"25%\" stop-color=\"rgba(0,0,0,0.05)\" \/><stop offset=\"26%\" stop-color=\"rgba(255,255,255,0.7)\" \/><\/linearGradient><linearGradient id=\"likeGradHover\"><stop offset=\"25%\" stop-color=\"#a3caff\" \/><stop offset=\"26%\" stop-color=\"#fff\" \/><\/linearGradient><linearGradient id=\"likeGradDark\"><stop offset=\"25%\" stop-color=\"rgba(255,255,255,0.5)\" \/><stop offset=\"26%\" stop-color=\"rgba(255,255,255,0.7)\" \/><\/linearGradient><\/defs><\/svg><div class=\"cff-posts-wrap\"><\/div><span class=\"cff_resized_image_data\" data-feedid=\"cff_16276681054048627668105404862mecs0000\" data-resized=\"[]\"><\/span><\/div><\/div><div class=\"cff-clear\"><\/div><\/div><style type=\"text\/css\">\n<\/style>\n\n\n<a class=\"novinky_link\" href=\"https:\/\/www.hudysteny.cz\/usti\/de\/nachrichten\/\" title=\"Nachrichten ansehen\" target=\"_parent\"><span>Nachrichten ansehen<\/span><\/a>\n<\/div>\n<\/div>\n<\/div>\n<\/div>\n\n<div style=\"height:65px\" aria-hidden=\"true\" class=\"wp-block-spacer mezera_65\"><\/div>\n\n<h3 class=\"wp-block-heading has-text-align-center\">Grundlegende Parameter der Wand<\/h3>\n\n<p class=\"has-text-align-center wp-block-paragraph\">Die HUDY-Kletterwand \u00dast\u00ed nad Labem befindet sich im Geb\u00e4ude des ehemaligen Zuckerlagers. <br\/>Das Geb\u00e4ude hat Abmessungen von 35 m x 15 m und eine H\u00f6he von 17 m. Die <strong>HUDY-Kletterwand <\/strong>bietet: <strong>140 Routen<\/strong> im Schwierigkeitsgrad <strong>von 2 bis 8a <\/strong>der franz\u00f6sischen Klassifikation, <strong>5 Rollen zur Selbstversicherung<\/strong>, Reisel\u00e4nge <strong>15 m<\/strong> bis <strong>21<\/strong> <strong>m,<\/strong> eine <strong>15 m<\/strong> lange und <strong>4,5 m <\/strong>hohe <strong>Boulderwand<\/strong>, eine <strong>neue moderne Boulderhalle<\/strong> mit einer Kletterfl\u00e4che von <strong>550m2<\/strong> und ca. <strong>130 Boulder<\/strong>, Umkleider\u00e4ume mit Toiletten und Duschen, getrennt f\u00fcr Frauen und M\u00e4nner, <strong>Bar mit einer Kapazit\u00e4t von 45 Pl\u00e4tzen<\/strong>, Schulungszentrum ein <strong>Polygon<\/strong> f\u00fcr das H\u00f6hentraining, zwei <strong>Parkpl\u00e4tze<\/strong> direkt am Geb\u00e4ude mit ca.<strong> 40 Pl\u00e4tzen<\/strong>, <strong>Kletterkurse<\/strong>, <a href=\"http:\/\/www.hudysteny.cz\/usti\/cenik\/pujcovne\">Klettermaterialverleih<\/a>, eine Kinderwand. <\/p>\n\n<p class=\"has-text-align-center wp-block-paragraph\"><strong>Die Gesamtfl\u00e4che des gesamten Komplexes betr\u00e4gt etwa 2 300 m\u00b2.<\/strong> <br\/>Unsere k\u00fcnstliche Kletterwand ist so gebaut, dass sie so abwechslungsreich wie m\u00f6glich ist. Hier finden Sie vertikale, \u00fcberh\u00e4ngende und leichte Kletterprofile. Wir haben die Wand mit Kanten, Fugen und Schornsteinen aufgepeppt, um einen \u00dcbungslauf an echten Felsen durchzuf\u00fchren.<\/p>\n\n<div style=\"height:45px\" aria-hidden=\"true\" class=\"wp-block-spacer mezera_45\"><\/div>\n\n<div class=\"wp-block-buttons is-content-justification-center is-layout-flex wp-container-core-buttons-is-layout-d9a36c2f wp-block-buttons-is-layout-flex\">\n<div class=\"wp-block-button seda\"><a class=\"wp-block-button__link wp-element-button\" href=\"https:\/\/www.hudysteny.cz\/usti\/de\/wand\/liste-der-routen\/\">Liste der Routen<\/a><\/div>\n<\/div>\n\n<div style=\"height:65px\" aria-hidden=\"true\" class=\"wp-block-spacer mezera_65\"><\/div>\n\n<div class=\"wp-block-group alignfull bg_seda has-global-padding is-layout-constrained wp-block-group-is-layout-constrained\">\n\t\t<div id=\"prodejny\">\n            <h2>Der n\u00e4chstgelegene HUDY-Store<\/h2>\n\t\t\t<div class=\"innerwrap owl-carousel owl-theme\">\n    \t<div class=\"item\">\n\t\t\t<h3><a href=\"https:\/\/www.hudy.cz\/hudysport-usti-nad-labem\" target=\"_blank\" rel=\"noopener\">\u00dast\u00ed nad Labem<\/a><\/h3>\n            <!-- wp:paragraph -->\n<p>Masarykova 3125<br>400 01 \u00dast\u00ed nad Labem<\/p>\n<!-- \/wp:paragraph -->\n            <a href=\"tel:+420 475 209 625\">+420 475 209 625<\/a><br>\n            <a href=\"mailto:usti@hudy.cz\">usti@hudy.cz<\/a><br>\n            <a href=\"https:\/\/www.hudy.cz\/hudysport-usti-nad-labem\" target=\"_blank\" class=\"btn btn--ghost\" rel=\"noopener\"><span class=\"btn__inner\">Mehr \u00fcber den Shop<\/span><\/a><br>\n\t\t<\/div>\n    \t<div class=\"item\">\n\t\t\t<h3><a href=\"https:\/\/www.hudy.cz\/hudysport-hrensko\" target=\"_blank\" rel=\"noopener\">H\u0159ensko<\/a><\/h3>\n            <!-- wp:paragraph -->\n<p>H\u0159ensko 131<br>407 17 H\u0159ensko<\/p>\n<!-- \/wp:paragraph -->\n            <a href=\"tel: +420 412 554 086\"> +420 412 554 086<\/a><br>\n            <a href=\"mailto:hrensko@hudy.cz\">hrensko@hudy.cz<\/a><br>\n            <a href=\"https:\/\/www.hudy.cz\/hudysport-hrensko\" target=\"_blank\" class=\"btn btn--ghost\" rel=\"noopener\"><span class=\"btn__inner\">Mehr \u00fcber den Shop<\/span><\/a><br>\n\t\t<\/div>\n    \t<div class=\"item\">\n\t\t\t<h3><a href=\"https:\/\/www.hudy.cz\/hudysport-liberec\" target=\"_blank\" rel=\"noopener\">Liberec<\/a><\/h3>\n            <!-- wp:paragraph -->\n<p>5. Kv\u011btna 15<br>460 01 Liberec<\/p>\n<!-- \/wp:paragraph -->\n            <a href=\"tel: +420 485 105 738\"> +420 485 105 738<\/a><br>\n            <a href=\"mailto:liberec@hudy.cz\">liberec@hudy.cz<\/a><br>\n            <a href=\"https:\/\/www.hudy.cz\/hudysport-liberec\" target=\"_blank\" class=\"btn btn--ghost\" rel=\"noopener\"><span class=\"btn__inner\">Mehr \u00fcber den Shop<\/span><\/a><br>\n\t\t<\/div>\n    \t<div class=\"item\">\n\t\t\t<h3><a href=\"https:\/\/www.hudy.cz\/hudysport-karlovy-vary\" target=\"_blank\" rel=\"noopener\">Karlovy Vary<\/a><\/h3>\n            <!-- wp:paragraph -->\n<p>Z\u00e1padn\u00ed 11<br>360 01 Karlovy Vary<\/p>\n<!-- \/wp:paragraph -->\n            <a href=\"tel:+420 775 128 588\">+420 775 128 588<\/a><br>\n            <a href=\"mailto:karlovyvary@hudy.cz\">karlovyvary@hudy.cz<\/a><br>\n            <a href=\"https:\/\/www.hudy.cz\/hudysport-karlovy-vary\" target=\"_blank\" class=\"btn btn--ghost\" rel=\"noopener\"><span class=\"btn__inner\">Mehr \u00fcber den Shop<\/span><\/a><br>\n\t\t<\/div>\n    \t<div class=\"item\">\n\t\t\t<h3><a href=\"https:\/\/www.hudy.cz\/hudysport-jablonec-nad-nisou\" target=\"_blank\" rel=\"noopener\">Jablonec nad Nisou<\/a><\/h3>\n            <!-- wp:paragraph -->\n<p>Podhorsk\u00e1 22<br>466 01 Jablonec nad Nisou<\/p>\n<!-- \/wp:paragraph -->\n\n<!-- wp:paragraph -->\n<p><\/p>\n<!-- \/wp:paragraph -->\n            <a href=\"tel:+420 483 316 203\">+420 483 316 203<\/a><br>\n            <a href=\"mailto:jablonec@hudy.cz\">jablonec@hudy.cz<\/a><br>\n            <a href=\"https:\/\/www.hudy.cz\/hudysport-jablonec-nad-nisou\" target=\"_blank\" class=\"btn btn--ghost\" rel=\"noopener\"><span class=\"btn__inner\">Mehr \u00fcber den Shop<\/span><\/a><br>\n\t\t<\/div><\/div>\n\t\t<\/div>\n<\/div>\n","protected":false},"excerpt":{"rendered":"<p>Preisliste Nachrichten Grundlegende Parameter der Wand Die HUDY-Kletterwand \u00dast\u00ed nad Labem befindet sich im Geb\u00e4ude des ehemaligen Zuckerlagers. Das Geb\u00e4ude hat Abmessungen von 35 m x 15 m und eine H\u00f6he von 17 m. Die HUDY-Kletterwand bietet: 140 Routen im Schwierigkeitsgrad von 2 bis 8a der franz\u00f6sischen Klassifikation, 5 Rollen zur Selbstversicherung, Reisel\u00e4nge 15 m [&hellip;]<\/p>\n","protected":false},"author":1,"featured_media":0,"parent":0,"menu_order":1,"comment_status":"closed","ping_status":"closed","template":"","meta":{"_acf_changed":false,"_crdt_document":"","footnotes":""},"class_list":["post-534","page","type-page","status-publish","hentry"],"acf":[],"_links":{"self":[{"href":"https:\/\/www.hudysteny.cz\/usti\/de\/wp-json\/wp\/v2\/pages\/534","targetHints":{"allow":["GET"]}}],"collection":[{"href":"https:\/\/www.hudysteny.cz\/usti\/de\/wp-json\/wp\/v2\/pages"}],"about":[{"href":"https:\/\/www.hudysteny.cz\/usti\/de\/wp-json\/wp\/v2\/types\/page"}],"author":[{"embeddable":true,"href":"https:\/\/www.hudysteny.cz\/usti\/de\/wp-json\/wp\/v2\/users\/1"}],"replies":[{"embeddable":true,"href":"https:\/\/www.hudysteny.cz\/usti\/de\/wp-json\/wp\/v2\/comments?post=534"}],"version-history":[{"count":5,"href":"https:\/\/www.hudysteny.cz\/usti\/de\/wp-json\/wp\/v2\/pages\/534\/revisions"}],"predecessor-version":[{"id":1271,"href":"https:\/\/www.hudysteny.cz\/usti\/de\/wp-json\/wp\/v2\/pages\/534\/revisions\/1271"}],"wp:attachment":[{"href":"https:\/\/www.hudysteny.cz\/usti\/de\/wp-json\/wp\/v2\/media?parent=534"}],"curies":[{"name":"wp","href":"https:\/\/api.w.org\/{rel}","templated":true}]}}