{"id":482,"date":"2023-07-17T17:50:06","date_gmt":"2023-07-17T15:50:06","guid":{"rendered":"https:\/\/rozcestnik.hudysteny.cz\/kletternde-waende\/"},"modified":"2023-12-18T12:39:57","modified_gmt":"2023-12-18T11:39:57","slug":"kletternde-waende","status":"publish","type":"page","link":"https:\/\/www.hudysteny.cz\/de\/","title":{"rendered":"Kletterw\u00e4nde"},"content":{"rendered":"\n<div class=\"wp-block-columns rozcestnik is-layout-flex wp-container-core-columns-is-layout-9ba6dbca wp-block-columns-is-layout-flex\">\n<div class=\"wp-block-column is-layout-flow wp-block-column-is-layout-flow\">\n<h2 class=\"wp-block-heading has-primary-background-color has-background\"><a href=\"https:\/\/www.hudysteny.cz\/usti\/de\/\" data-type=\"link\" data-id=\"https:\/\/www.hudysteny.cz\/usti\/\">Kletterwand \u00dast\u00ed<\/a><\/h2>\n\n\n\n<div class=\"wp-block-buttons is-layout-flex wp-block-buttons-is-layout-flex\">\n<div class=\"wp-block-button\"><a class=\"wp-block-button__link wp-element-button\" href=\"https:\/\/www.hudysteny.cz\/usti\/de\/\">Mehr Informationen<\/a><\/div>\n<\/div>\n\n\n\n<p class=\"wp-block-paragraph\">Pra\u017esk\u00e1 21<br>400 01 \u00dast\u00ed nad Labem<br>Tel.: <a href=\"tel:+420%C2%A0603%20566%20582\">+420 603 566 582<\/a><br>email: <a href=\"mailto:stena.usti@hudy.cz\">stena.usti@hudy.cz<\/a><\/p>\n<\/div>\n\n\n\n<div class=\"wp-block-column is-layout-flow wp-block-column-is-layout-flow\">\n<h2 class=\"wp-block-heading has-primary-background-color has-background\"><a href=\"https:\/\/www.hudysteny.cz\/brno\/de\/\" data-type=\"link\" data-id=\"https:\/\/www.hudysteny.cz\/brno\/\">Kletterwand Brno<\/a><\/h2>\n\n\n\n<div class=\"wp-block-buttons is-layout-flex wp-block-buttons-is-layout-flex\">\n<div class=\"wp-block-button\"><a class=\"wp-block-button__link wp-element-button\" href=\"https:\/\/www.hudysteny.cz\/brno\/de\/\">Mehr Informationen<\/a><\/div>\n<\/div>\n\n\n\n<p class=\"wp-block-paragraph\">V\u00edde\u0148sk\u00e1 297\/99<br>639 00 Brno \u2013 \u0160t\u00fd\u0159ice<br>Tel.: <a href=\"tel:+420%20733%20490%20019\">+420 733 490 019<\/a><br>email: <a href=\"mailto:stena.brno@hudy.cz\">stena.brno@hudy.cz<\/a><\/p>\n<\/div>\n\n\n\n<div class=\"wp-block-column is-layout-flow wp-block-column-is-layout-flow\">\n<h2 class=\"wp-block-heading has-primary-background-color has-background\"><a href=\"https:\/\/www.hudysteny.cz\/boulderkarlin\/de\/\" data-type=\"link\" data-id=\"https:\/\/www.hudysteny.cz\/boulderkarlin\/\">Boulder Karl\u00edn<\/a><\/h2>\n\n\n\n<div class=\"wp-block-buttons is-layout-flex wp-block-buttons-is-layout-flex\">\n<div class=\"wp-block-button\"><a class=\"wp-block-button__link wp-element-button\" href=\"https:\/\/www.hudysteny.cz\/boulderkarlin\/de\/\">Mehr Informationen<\/a><\/div>\n<\/div>\n\n\n\n<p class=\"wp-block-paragraph\">K\u0159i\u017e\u00edkova 684\/91a<br>186 00 Praha 8 &#8211; Karl\u00edn<br>Tel.: <a href=\"tel:+420%20220%20920%20029\">+420 220 920 029<\/a><br>email: <a href=\"mailto:info@hudyboulder.cz\">info@hudyboulder.cz<\/a><\/p>\n<\/div>\n<\/div>\n\n\n\n<div style=\"height:65px\" aria-hidden=\"true\" class=\"wp-block-spacer mezera_65\"><\/div>\n\n\n\n<div class=\"wp-block-group alignfull lezci_wrapper bg_seda pt_65 pb_65 has-global-padding is-layout-constrained wp-block-group-is-layout-constrained\">\n<h2 class=\"wp-block-heading has-text-align-center\">Von Kletterern empfohlen<\/h2>\n\n\n\n\t\t<div id=\"lezci\" class=\"owl-carousel owl-theme\">\n\t\t\t\n    \t<div class=\"item\">\n            <img loading=\"lazy\" decoding=\"async\" width=\"320\" height=\"400\" src=\"https:\/\/www.hudysteny.cz\/wp-content\/uploads\/2023\/09\/Jindrich-Hudecek-320x400.webp\" class=\"thumb wp-post-image\" alt=\"\" \/>\n\t\t\t<h3>Jind\u0159ich Hude\u010dek<\/h3>\n            <!-- wp:paragraph {\"translatedWithWPMLTM\":\"1\"} -->\n<p><strong>Begr\u00fcnder von HUDY<\/strong><br\/>Obwohl ich haupts\u00e4chlich Felskletterer bin, bin ich froh, dass es in \u00dast\u00ed nad Labem eine gute Kletterwand gibt, an der ich bei schlechtem Wetter f\u00fcr meine Projekte in Patagonien trainiere.<\/p>\n<!-- \/wp:paragraph -->\n\t\t<\/div>\n    \t<div class=\"item\">\n            <img loading=\"lazy\" decoding=\"async\" width=\"320\" height=\"400\" src=\"https:\/\/www.hudysteny.cz\/wp-content\/uploads\/2023\/09\/Radek-Linerth-320x400.webp\" class=\"thumb wp-post-image\" alt=\"\" \/>\n\t\t\t<h3>Radek Lienerth<\/h3>\n            <!-- wp:paragraph {\"translatedWithWPMLTM\":\"1\"} -->\n<p><strong>UIAGM Bergf\u00fchrer<\/strong><br\/>Die HUDY-Wand in Brno bietet Platz f\u00fcr Freizeitkletterer und professionelles Training. Die Wand bietet auch attraktive Kletterkurse an.<\/p>\n<!-- \/wp:paragraph -->\n\t\t<\/div>\n    \t<div class=\"item\">\n            <img loading=\"lazy\" decoding=\"async\" width=\"320\" height=\"400\" src=\"https:\/\/www.hudysteny.cz\/wp-content\/uploads\/2023\/09\/Richard-Litochleb-320x400.webp\" class=\"thumb wp-post-image\" alt=\"\" \/>\n\t\t\t<h3>Richard Litochleb<\/h3>\n            <!-- wp:paragraph {\"translatedWithWPMLTM\":\"1\"} -->\n<p><strong>bedeutender Kletterer, Erstbegeher und Leiter der Wand in \u00dast\u00ed nad Labem<\/strong><br\/>An der HUDY-Wand in \u00dast\u00ed nad Labem bem\u00fchen wir uns, qualitativ hochwertige Kletterbedingungen f\u00fcr alle Leistungsklassen von Kletterern zu bieten, aber wir denken auch an Familien mit Kindern.<\/p>\n<!-- \/wp:paragraph --><!-- wp:paragraph -->\n<p><\/p>\n<!-- \/wp:paragraph -->\n\t\t<\/div>\n    \t<div class=\"item\">\n            <img loading=\"lazy\" decoding=\"async\" width=\"320\" height=\"400\" src=\"https:\/\/www.hudysteny.cz\/wp-content\/uploads\/2023\/09\/Marek-Holecek-320x400.webp\" class=\"thumb wp-post-image\" alt=\"\" \/>\n\t\t\t<h3>Marek Hole\u010dek<\/h3>\n            <!-- wp:paragraph {\"translatedWithWPMLTM\":\"1\"} -->\n<p><strong>Elite-Alpinist<\/strong><br\/>Man braucht viel Kraft, um einen Traum zu verfolgen, und die HUDY-W\u00e4nde sind der Ort, wo man diese Kraft bekommt.<\/p>\n<!-- \/wp:paragraph -->\n\t\t<\/div>\n    \t<div class=\"item\">\n            <img loading=\"lazy\" decoding=\"async\" width=\"320\" height=\"400\" src=\"https:\/\/www.hudysteny.cz\/wp-content\/uploads\/2023\/09\/Adam-Ondra-320x400.webp\" class=\"thumb wp-post-image\" alt=\"\" \/>\n\t\t\t<h3>Adam Ondra<\/h3>\n            <!-- wp:paragraph {\"translatedWithWPMLTM\":\"1\"} -->\n<p><strong>Der beste Kletterer der Welt<\/strong><br\/>Nur wenige W\u00e4nde auf der Welt bieten so viele schwierige Routen wie die HUDY-Wand in Brno. Aber abgesehen davon kann hier jeder nach Herzenslust und auf interessant gebauten Routen klettern.<\/p>\n<!-- \/wp:paragraph -->\n\t\t<\/div>\n\t\t<\/div>\n<\/div>\n\n\n\n<div style=\"height:65px\" aria-hidden=\"true\" class=\"wp-block-spacer mezera_65\"><\/div>\n\n\n\n<div class=\"wp-block-group radce has-global-padding is-layout-constrained wp-block-group-is-layout-constrained\">\n<h2 class=\"wp-block-heading has-text-align-center\">Klettern an der Wand<\/h2>\n\n\n\n<div class=\"wp-block-columns is-layout-flex wp-container-core-columns-is-layout-9ba6dbca wp-block-columns-is-layout-flex\">\n<div class=\"wp-block-column is-layout-flow wp-block-column-is-layout-flow\">\n<div class=\"wp-block-cover is-light\" style=\"min-height:329px;aspect-ratio:unset;\"><span aria-hidden=\"true\" class=\"wp-block-cover__background has-background-dim-0 has-background-dim\"><\/span><img loading=\"lazy\" decoding=\"async\" width=\"600\" height=\"343\" class=\"wp-block-cover__image-background wp-image-375\" alt=\"\" src=\"https:\/\/www.hudysteny.cz\/wp-content\/uploads\/2023\/07\/bezpecnost.jpg\" data-object-fit=\"cover\" srcset=\"https:\/\/www.hudysteny.cz\/wp-content\/uploads\/2023\/07\/bezpecnost.jpg 600w, https:\/\/www.hudysteny.cz\/wp-content\/uploads\/2023\/07\/bezpecnost-300x172.jpg 300w\" sizes=\"auto, (max-width: 600px) 100vw, 600px\" \/><div class=\"wp-block-cover__inner-container has-global-padding is-layout-constrained wp-block-cover-is-layout-constrained\">\n<div class=\"wp-block-buttons is-content-justification-center is-layout-flex wp-container-core-buttons-is-layout-d9a36c2f wp-block-buttons-is-layout-flex\">\n<div class=\"wp-block-button\"><a class=\"wp-block-button__link wp-element-button\" href=\"https:\/\/www.hudy.cz\/lezeni-na-stene\" target=\"_blank\" rel=\"noreferrer noopener\">\u00d6ffnen Sie den F\u00fchrer<\/a><\/div>\n<\/div>\n<\/div><\/div>\n<\/div>\n\n\n\n<div class=\"wp-block-column is-layout-flow wp-block-column-is-layout-flow\">\n<p class=\"wp-block-paragraph\">Klettern ist ein wunderbarer Sport, um den ganzen K\u00f6rper zu trainieren und den Kopf frei zu bekommen! Um\u011bl\u00e1 lezeck\u00e1 st\u011bna p\u0159edstavuje ide\u00e1ln\u00ed vstup do vertik\u00e1ln\u00edho sv\u011bta. Die k\u00fcnstliche Kletterwand ist der ideale Einstieg in die vertikale Welt. Ob Sie davon tr\u00e4umen, Berge zu erklimmen, unvergessliche Abenteuer an Felst\u00fcrmen zu erleben oder das Klettern im h\u00f6chsten Schwierigkeitsgrad zu trainieren, an der HUDY-Kletterwand sind Sie genau richtig! F\u00fcr Kletterbegeisterte bieten wir einen umfassenden Service &#8211; vom Ausr\u00fcstungsverleih \u00fcber erfahrene Trainer bis hin zu Top-Kletterrouten von f\u00fchrenden tschechischen Erbauern. Wir freuen uns auf Sie!<\/p>\n<\/div>\n<\/div>\n\n\n\n<div style=\"height:65px\" aria-hidden=\"true\" class=\"wp-block-spacer mezera_65\"><\/div>\n<\/div>\n\n\n\n        <div class=\"map_wrapper alignfull\">\n            <div id=\"map\" class=\"alignfull\"><\/div>\n            <div id=\"map_overlay\">Pro posun mapy dr\u017ete kl\u00e1vesu Ctrl a sou\u010dasn\u011b pou\u017eijte kole\u010dko my\u0161i<\/div>\n        <\/div>\n        <script src=\"https:\/\/maps.googleapis.com\/maps\/api\/js?key=AIzaSyC5dcJA339C_6yVesGbOep6fkn21eXpsxk&callback=initMap&v=weekly\" defer><\/script>\n    \n\n\n\n<div class=\"wp-block-group alignfull znacky has-tertiary-background-color has-background has-global-padding is-layout-constrained wp-block-group-is-layout-constrained\"><div class=\"brands-list\">\n\t\t\t<ul class=\"brands-list__list\">\n\t\t\t\n            <li class=\"brands-list__item\">\n                <a href=\"https:\/\/www.hudy.cz\/mammut\" target=\"_blank\" rel=\"noopener\"><img loading=\"lazy\" decoding=\"async\" src=\"https:\/\/www.hudysteny.cz\/wp-content\/uploads\/2023\/09\/95046-1.png\" alt=\"Mammut\" width=\"160\" height=\"80\" class=\"img-box__img w_160\" srcset=\"https:\/\/www.hudysteny.cz\/wp-content\/uploads\/2023\/09\/95046-1.png 1x, https:\/\/www.hudysteny.cz\/wp-content\/uploads\/2023\/09\/95046-2x-1.png 2x\"><\/a>\n            <\/li>\n            <li class=\"brands-list__item\">\n                <a href=\"https:\/\/www.hudy.cz\/millet\" target=\"_blank\" rel=\"noopener\"><img loading=\"lazy\" decoding=\"async\" src=\"https:\/\/www.hudysteny.cz\/wp-content\/uploads\/2023\/09\/72134.png\" alt=\"Millet\" width=\"160\" height=\"80\" class=\"img-box__img w_160\" srcset=\"https:\/\/www.hudysteny.cz\/wp-content\/uploads\/2023\/09\/72134.png 1x, https:\/\/www.hudysteny.cz\/wp-content\/uploads\/2023\/09\/72134-2x.png 2x\"><\/a>\n            <\/li>\n            <li class=\"brands-list__item\">\n                <a href=\"https:\/\/www.hudy.cz\/la-sportiva\" target=\"_blank\" rel=\"noopener\"><img loading=\"lazy\" decoding=\"async\" src=\"https:\/\/www.hudysteny.cz\/wp-content\/uploads\/2023\/09\/34558.png\" alt=\"La Sportiva\" width=\"160\" height=\"80\" class=\"img-box__img w_160\" srcset=\"https:\/\/www.hudysteny.cz\/wp-content\/uploads\/2023\/09\/34558.png 1x, https:\/\/www.hudysteny.cz\/wp-content\/uploads\/2023\/09\/34558-2x.png 2x\"><\/a>\n            <\/li>\n            <li class=\"brands-list__item\">\n                <a href=\"https:\/\/www.hudy.cz\/deuter\" target=\"_blank\" rel=\"noopener\"><img loading=\"lazy\" decoding=\"async\" src=\"https:\/\/www.hudysteny.cz\/wp-content\/uploads\/2023\/09\/121762.png\" alt=\"Deuter\" width=\"160\" height=\"80\" class=\"img-box__img w_160\" srcset=\"https:\/\/www.hudysteny.cz\/wp-content\/uploads\/2023\/09\/121762.png 1x, https:\/\/www.hudysteny.cz\/wp-content\/uploads\/2023\/09\/121762-2x.png 2x\"><\/a>\n            <\/li>\n            <li class=\"brands-list__item\">\n                <a href=\"https:\/\/www.hudy.cz\/the-north-face\" target=\"_blank\" rel=\"noopener\"><img loading=\"lazy\" decoding=\"async\" src=\"https:\/\/www.hudysteny.cz\/wp-content\/uploads\/2023\/09\/95047-1.png\" alt=\"The North Face\" width=\"160\" height=\"80\" class=\"img-box__img w_160\" srcset=\"https:\/\/www.hudysteny.cz\/wp-content\/uploads\/2023\/09\/95047-1.png 1x, https:\/\/www.hudysteny.cz\/wp-content\/uploads\/2023\/09\/95047-2x-2.png 2x\"><\/a>\n            <\/li>\n            <li class=\"brands-list__item\">\n                <a href=\"https:\/\/www.hudy.cz\/fjallraven\" target=\"_blank\" rel=\"noopener\"><img loading=\"lazy\" decoding=\"async\" src=\"https:\/\/www.hudysteny.cz\/wp-content\/uploads\/2023\/09\/106179.png\" alt=\"FJALL RAVEN\" width=\"160\" height=\"80\" class=\"img-box__img w_160\" srcset=\"https:\/\/www.hudysteny.cz\/wp-content\/uploads\/2023\/09\/106179.png 1x, https:\/\/www.hudysteny.cz\/wp-content\/uploads\/2023\/09\/106179-2x.png 2x\"><\/a>\n            <\/li>\n            <li class=\"brands-list__item\">\n                <a href=\"https:\/\/www.hudy.cz\/direct-alpine\" target=\"_blank\" rel=\"noopener\"><img loading=\"lazy\" decoding=\"async\" src=\"https:\/\/www.hudysteny.cz\/wp-content\/uploads\/2023\/09\/34524.png\" alt=\"Direct Alpine\" width=\"160\" height=\"80\" class=\"img-box__img w_160\" srcset=\"https:\/\/www.hudysteny.cz\/wp-content\/uploads\/2023\/09\/34524.png 1x, https:\/\/www.hudysteny.cz\/wp-content\/uploads\/2023\/09\/34524-2x.png 2x\"><\/a>\n            <\/li>\n            <li class=\"brands-list__item\">\n                <a href=\"https:\/\/www.hudy.cz\/rock-empire\" target=\"_blank\" rel=\"noopener\"><img loading=\"lazy\" decoding=\"async\" src=\"https:\/\/www.hudysteny.cz\/wp-content\/uploads\/2023\/09\/79647.png\" alt=\"Rock Empire\" width=\"160\" height=\"80\" class=\"img-box__img w_160\"><\/a>\n            <\/li>\n            <li class=\"brands-list__item\">\n                <a href=\"https:\/\/www.hudy.cz\/patagonia\" target=\"_blank\" rel=\"noopener\"><img loading=\"lazy\" decoding=\"async\" src=\"https:\/\/www.hudysteny.cz\/wp-content\/uploads\/2023\/09\/34582.png\" alt=\"patagonia\" width=\"160\" height=\"80\" class=\"img-box__img w_160\" srcset=\"https:\/\/www.hudysteny.cz\/wp-content\/uploads\/2023\/09\/34582.png 1x, https:\/\/www.hudysteny.cz\/wp-content\/uploads\/2023\/09\/34582-2x.png 2x\"><\/a>\n            <\/li>\n            <li class=\"brands-list__item\">\n                <a href=\"https:\/\/www.hudy.cz\/hanwag\" target=\"_blank\" rel=\"noopener\"><img loading=\"lazy\" decoding=\"async\" src=\"https:\/\/www.hudysteny.cz\/wp-content\/uploads\/2023\/09\/34543.png\" alt=\"Hanwag\" width=\"160\" height=\"80\" class=\"img-box__img w_160\" srcset=\"https:\/\/www.hudysteny.cz\/wp-content\/uploads\/2023\/09\/34543.png 1x, https:\/\/www.hudysteny.cz\/wp-content\/uploads\/2023\/09\/34543-2x.png 2x\"><\/a>\n            <\/li>\n            <li class=\"brands-list__item\">\n                <a href=\"https:\/\/www.hudy.cz\/arcteryx\" target=\"_blank\" rel=\"noopener\"><img loading=\"lazy\" decoding=\"async\" src=\"https:\/\/www.hudysteny.cz\/wp-content\/uploads\/2023\/09\/34495.png\" alt=\"Acteryx\" width=\"160\" height=\"80\" class=\"img-box__img w_160\" srcset=\"https:\/\/www.hudysteny.cz\/wp-content\/uploads\/2023\/09\/34495.png 1x, https:\/\/www.hudysteny.cz\/wp-content\/uploads\/2023\/09\/34495-2x.png 2x\"><\/a>\n            <\/li>\n            <li class=\"brands-list__item\">\n                <a href=\"https:\/\/www.hudy.cz\/icebreaker\" target=\"_blank\" rel=\"noopener\"><img loading=\"lazy\" decoding=\"async\" src=\"https:\/\/www.hudysteny.cz\/wp-content\/uploads\/2023\/09\/166746.png\" alt=\"icebreaker\" width=\"160\" height=\"80\" class=\"img-box__img w_160\" srcset=\"https:\/\/www.hudysteny.cz\/wp-content\/uploads\/2023\/09\/166746.png 1x, https:\/\/www.hudysteny.cz\/wp-content\/uploads\/2023\/09\/166746-2x.png 2x\"><\/a>\n            <\/li>\n            <li class=\"brands-list__item\">\n                <a href=\"https:\/\/www.hudy.cz\/black-diamond\" target=\"_blank\" rel=\"noopener\"><img loading=\"lazy\" decoding=\"async\" src=\"https:\/\/www.hudysteny.cz\/wp-content\/uploads\/2023\/09\/34506.png\" alt=\"Black Diamond\" width=\"160\" height=\"80\" class=\"img-box__img w_160\" srcset=\"https:\/\/www.hudysteny.cz\/wp-content\/uploads\/2023\/09\/34506.png 1x, https:\/\/www.hudysteny.cz\/wp-content\/uploads\/2023\/09\/34506-2x.png 2x\"><\/a>\n            <\/li>\n            <li class=\"brands-list__item\">\n                <a href=\"https:\/\/www.hudy.cz\/devold\" target=\"_blank\" rel=\"noopener\"><img loading=\"lazy\" decoding=\"async\" src=\"https:\/\/www.hudysteny.cz\/wp-content\/uploads\/2023\/12\/devold.png\" alt=\"Devold\" width=\"160\" height=\"80\" class=\"img-box__img w_160\" srcset=\"https:\/\/www.hudysteny.cz\/wp-content\/uploads\/2023\/12\/devold.png 1x, https:\/\/www.hudysteny.cz\/wp-content\/uploads\/2023\/12\/devold-2x.png 2x\"><\/a>\n            <\/li>\n            <li class=\"brands-list__item\">\n                <a href=\"https:\/\/www.hudy.cz\/lowa\" target=\"_blank\" rel=\"noopener\"><img loading=\"lazy\" decoding=\"async\" src=\"https:\/\/www.hudysteny.cz\/wp-content\/uploads\/2023\/09\/34565.png\" alt=\"Lowa\" width=\"160\" height=\"80\" class=\"img-box__img w_160\" srcset=\"https:\/\/www.hudysteny.cz\/wp-content\/uploads\/2023\/09\/34565.png 1x, https:\/\/www.hudysteny.cz\/wp-content\/uploads\/2023\/09\/34565-2x.png 2x\"><\/a>\n            <\/li>\n            <li class=\"brands-list__item\">\n                <a href=\"https:\/\/www.hudy.cz\/skinners\" target=\"_blank\" rel=\"noopener\"><img loading=\"lazy\" decoding=\"async\" src=\"https:\/\/www.hudysteny.cz\/wp-content\/uploads\/2023\/09\/125453.png\" alt=\"Skinners\" width=\"160\" height=\"80\" class=\"img-box__img w_160\" srcset=\"https:\/\/www.hudysteny.cz\/wp-content\/uploads\/2023\/09\/125453.png 1x, https:\/\/www.hudysteny.cz\/wp-content\/uploads\/2023\/09\/125453-2x.png 2x\"><\/a>\n            <\/li>\n            <li class=\"brands-list__item\">\n                <a href=\"https:\/\/www.hudy.cz\/hydro-flask\" target=\"_blank\" rel=\"noopener\"><img loading=\"lazy\" decoding=\"async\" src=\"https:\/\/www.hudysteny.cz\/wp-content\/uploads\/2023\/09\/34546.png\" alt=\"Hydro Flask\" width=\"160\" height=\"80\" class=\"img-box__img w_160\" srcset=\"https:\/\/www.hudysteny.cz\/wp-content\/uploads\/2023\/09\/34546.png 1x, https:\/\/www.hudysteny.cz\/wp-content\/uploads\/2023\/09\/34546-2x.png 2x\"><\/a>\n            <\/li>\n            <li class=\"brands-list__item\">\n                <a href=\"https:\/\/www.hudy.cz\/primus\" target=\"_blank\" rel=\"noopener\"><img loading=\"lazy\" decoding=\"async\" src=\"https:\/\/www.hudysteny.cz\/wp-content\/uploads\/2023\/09\/34588-1.png\" alt=\"Primus\" width=\"160\" height=\"80\" class=\"img-box__img w_160\"><\/a>\n            <\/li>\n\t\t\t<\/ul>\n\t\t<\/div>\n<\/div>\n","protected":false},"excerpt":{"rendered":"<p>Kletterwand \u00dast\u00ed Pra\u017esk\u00e1 21400 01 \u00dast\u00ed nad LabemTel.: +420 603 566 582email: stena.usti@hudy.cz Kletterwand Brno V\u00edde\u0148sk\u00e1 297\/99639 00 Brno \u2013 \u0160t\u00fd\u0159iceTel.: +420 733 490 019email: stena.brno@hudy.cz Boulder Karl\u00edn K\u0159i\u017e\u00edkova 684\/91a186 00 Praha 8 &#8211; Karl\u00ednTel.: +420 220 920 029email: info@hudyboulder.cz Von Kletterern empfohlen Klettern an der Wand Klettern ist ein wunderbarer Sport, um den ganzen [&hellip;]<\/p>\n","protected":false},"author":1,"featured_media":0,"parent":0,"menu_order":1,"comment_status":"closed","ping_status":"closed","template":"","meta":{"_acf_changed":false,"_crdt_document":"","footnotes":""},"class_list":["post-482","page","type-page","status-publish","hentry"],"acf":[],"_links":{"self":[{"href":"https:\/\/www.hudysteny.cz\/de\/wp-json\/wp\/v2\/pages\/482","targetHints":{"allow":["GET"]}}],"collection":[{"href":"https:\/\/www.hudysteny.cz\/de\/wp-json\/wp\/v2\/pages"}],"about":[{"href":"https:\/\/www.hudysteny.cz\/de\/wp-json\/wp\/v2\/types\/page"}],"author":[{"embeddable":true,"href":"https:\/\/www.hudysteny.cz\/de\/wp-json\/wp\/v2\/users\/1"}],"replies":[{"embeddable":true,"href":"https:\/\/www.hudysteny.cz\/de\/wp-json\/wp\/v2\/comments?post=482"}],"version-history":[{"count":5,"href":"https:\/\/www.hudysteny.cz\/de\/wp-json\/wp\/v2\/pages\/482\/revisions"}],"predecessor-version":[{"id":811,"href":"https:\/\/www.hudysteny.cz\/de\/wp-json\/wp\/v2\/pages\/482\/revisions\/811"}],"wp:attachment":[{"href":"https:\/\/www.hudysteny.cz\/de\/wp-json\/wp\/v2\/media?parent=482"}],"curies":[{"name":"wp","href":"https:\/\/api.w.org\/{rel}","templated":true}]}}