{"id":953,"date":"2023-11-14T12:03:07","date_gmt":"2023-11-14T11:03:07","guid":{"rendered":"https:\/\/dev-brno.hudysteny.cz\/?page_id=953"},"modified":"2025-11-03T15:53:02","modified_gmt":"2025-11-03T14:53:02","slug":"https-www-hudysteny-cz-brno-krouzky-a-lekce-detske-krouzky-i-pololeti-2023-2024","status":"publish","type":"page","link":"https:\/\/www.hudysteny.cz\/brno\/krouzky-a-lekce\/https-www-hudysteny-cz-brno-krouzky-a-lekce-detske-krouzky-i-pololeti-2023-2024\/","title":{"rendered":"Pololetn\u00ed d\u011btsk\u00e9 krou\u017eky"},"content":{"rendered":"\n<p class=\"wp-block-paragraph\">Informace p\u0159ihla\u0161ov\u00e1n\u00ed do lezeck\u00fdch krou\u017ek\u016f na aktu\u00e1ln\u00ed pololet\u00ed v\u010dten\u011b p\u0159ihla\u0161ovac\u00edho formul\u00e1\u0159e a voln\u00fdch m\u00edst ve skupin\u00e1ch &#8211; \u00a0<a href=\"https:\/\/mladez.lokalka.eu\/prihlasovani-do-krouzku\/\" rel=\"noopener\">P\u0159ihla\u0161ov\u00e1n\u00ed do krou\u017ek\u016f I. pololet\u00ed 2025\/2026<\/a><\/p>\n\n\n\n<p class=\"wp-block-paragraph\">D\u011btsk\u00e9 krou\u017eky jsou ur\u010deny jak pro d\u011bti, kter\u00e9 cht\u011bj\u00ed lezen\u00ed vyzkou\u0161et, sezn\u00e1mit se s&nbsp;lezeck\u00fdm pohybem, tak jsou ur\u010deny d\u011btem, kter\u00e9 ji\u017e lezen\u00ed znaj\u00ed, v\u011bnuj\u00ed se mu a cht\u011bj\u00ed se v&nbsp;n\u011bm d\u00e1le rozv\u00edjet. Ve spolupr\u00e1ci s&nbsp;<a href=\"https:\/\/www.lokalka.eu\/\" rel=\"noopener\">Horolezeck\u00fdm odd\u00edlem Lokomotiva Brno<\/a>&nbsp;pak realizujeme \u010dinnost tr\u00e9ninkov\u00fdch skupin, kter\u00e9 jsou zam\u011b\u0159eny na rozvoj z\u00e1vodn\u00edch forem sportovn\u00edho lezen\u00ed a sout\u011b\u017en\u00ed lezen\u00ed ml\u00e1de\u017ee s podporou Statut\u00e1rn\u00edho m\u011bsta Brna a NSA.<\/p>\n\n\n\n<p class=\"wp-block-paragraph\">D\u011btsk\u00e9 krou\u017eky \u010dlen\u00edme jak v\u011bkov\u011b, tak zejm\u00e9na podle dovednosti a zam\u011b\u0159en\u00ed.<\/p>\n\n\n\n<p class=\"wp-block-paragraph\">Hlavn\u00edm c\u00edlem krou\u017ek\u016f pro&nbsp;<strong>za\u010d\u00e1te\u010dn\u00edky a pokro\u010dil\u00e9<\/strong>&nbsp;nen\u00ed vychov\u00e1vat vrcholov\u00e9 sportovce, ale to aby se va\u0161e d\u011bti aktivn\u00ed formou bavili a lezen\u00ed se pro n\u011b stalo nejprve hrou a mo\u017en\u00e1 \u010dasem i n\u011b\u010d\u00edm v\u00edc. U&nbsp;<strong>tr\u00e9ninkov\u00fdch skupin<\/strong>&nbsp;n\u00e1m pak jde nikoli o co nejrychlej\u0161\u00ed dosa\u017een\u00ed v\u00fdsledk\u016f v&nbsp;ml\u00e1de\u017enick\u00fdch kategori\u00edch, ale p\u0159edev\u0161\u00edm zdrav\u00fd a vyrovnan\u00fd rozvoj souboru pohybov\u00fdch dovednost\u00ed pro sportovn\u00ed lezen\u00ed a vybudov\u00e1n\u00ed co nejlep\u0161\u00edch p\u0159edpoklad\u016f pro v\u00fdsledky v&nbsp;juniorsk\u00fdch a pozd\u011bji seniorsk\u00fdch kategori\u00ed<\/p>\n\n\n\n<p class=\"wp-block-paragraph\">Disponujeme v p\u0159\u00edpad\u011b pot\u0159eby odd\u011blen\u00fdm v\u00fdukov\u00fdm sektorem od hlavn\u00edho lezeck\u00e9ho prostoru. Instrukto\u0159i tak maj\u00ed pro d\u011bti klidn\u00fd a samostatn\u00fd prostor. Pro rozvoj sportovn\u00edho lezen\u00ed pak na\u0161e st\u011bna disponuje od \u00fanora 2021 ve spolupr\u00e1ci s&nbsp;\u010cesk\u00fdm horolezeck\u00fdm svazem prostorem n\u00e1rodn\u00edho sportovn\u00edho centra jak pro lezen\u00ed na obt\u00ed\u017enost, tak pro lezen\u00ed na rychlost.<\/p>\n\n\n\n<p class=\"wp-block-paragraph\">Pro kurzy vyu\u017e\u00edv\u00e1me tak\u00e9 boulderingovou st\u011bnu, kter\u00e1 je uzp\u016fsobena pro lezeck\u00e9 hry a tak\u00e9 ze v\u0161ech st\u011bn v Brn\u011b disponujeme nov\u011b ji\u017e t\u0159in\u00e1cti samojisti\u010di, kter\u00e9 maxim\u00e1ln\u011b zefektiv\u0148uj\u00ed lezeck\u00fd \u010das d\u011bt\u00ed p\u0159i maxim\u00e1ln\u00ed bezpe\u010dnosti.<\/p>\n\n\n\n<p class=\"wp-block-paragraph\">Kurzy pro<strong>&nbsp;za\u010d\u00e1te\u010dn\u00edky<\/strong>&nbsp;jsou zam\u011b\u0159eny zejm\u00e9na na z\u00e1kladn\u00ed lezeck\u00fd pohyb a bezpe\u010dnostn\u00ed n\u00e1vyky.<\/p>\n\n\n\n<p class=\"wp-block-paragraph\">Kurzy pro&nbsp;<strong>pokro\u010dil\u00e9<\/strong>&nbsp;zahrnuj\u00ed krom dal\u0161\u00edho rozvoje lezeck\u00e9 dovednosti i rozvoj technick\u00fdch dovednost\u00ed jako sla\u0148ov\u00e1n\u00ed, z\u00e1klady lanov\u00e9 techniky i z\u00e1klady treninku.<\/p>\n\n\n\n<p class=\"wp-block-paragraph\">Pro kurzy za\u010d\u00e1te\u010dn\u00edk\u016f a pokro\u010dil\u00fdch se v p\u0159\u00edpad\u011b dotaz\u016f obracejte na&nbsp;<strong>Honzu Han\u00e1ka <a href=\"mailto:mladezlokomotiva@gmail.com\">mladezlokomotiva@gmail.com<\/a><\/strong>&nbsp;<\/p>\n\n\n\n<p class=\"wp-block-paragraph\">Kurzy&nbsp;<strong>treninkov\u00e9&nbsp;<\/strong>jsou zam\u011b\u0159eny zejm\u00e9na na rozvoj lezeck\u00e9 dovednosti s d\u016frazem na spr\u00e1vn\u00e9 veden\u00ed tr\u00e9ninku, rozvoje silov\u00fdch a pohyblivostn\u00edch schopnost\u00ed, ale tak\u00e9 odpov\u00eddaj\u00edc\u00edho kompenza\u010dn\u00edho cvi\u010den\u00ed. D\u011bti za\u0159azen\u00e9 do treninkov\u00e9 skupiny funguj\u00ed v re\u017eimu individu\u00e1ln\u00edch treninkov\u00fdch pl\u00e1n\u016f u star\u0161\u00edch 2012, trenikov\u00fdch r\u00e1mc\u016f u mlad\u0161\u00edch 2012. \u00da\u010dast d\u011bt\u00ed v trenikov\u00e9 skupin\u011b je podpo\u0159ena z rozpo\u010dtu HO Lokomotiva Brno.&nbsp;<\/p>\n\n\n\n<p class=\"wp-block-paragraph\">Pro konzultaci za\u0159azen\u00ed do kondi\u010dn\u00edch a treninkov\u00fdch skupin se pros\u00edm obracejte na Radka Lienertha&nbsp;<strong><a href=\"mailto:zoban@seznam.cz\">zoban@seznam.cz<\/a><\/strong><\/p>\n\n\n\n<p class=\"wp-block-paragraph\">Kurzy jsou vedeny instruktory s&nbsp;pedagogickou prax\u00ed a vzd\u011bl\u00e1n\u00edm v&nbsp;problematice lezen\u00ed na um\u011bl\u00fdch st\u011bn\u00e1ch. Mimo jejich osobn\u00ed kvalifikace zahrnuj\u00edc\u00ed studium na FSpS MU Brno, kurzy M\u0160MT a tren\u00e9rsk\u00e9 kurzy \u010cHS prob\u00edh\u00e1 jejich pr\u016fb\u011b\u017en\u00e9 do\u0161kolov\u00e1n\u00ed a vz\u00e1jemn\u00e9 konzultace.<\/p>\n\n\n\n<p class=\"wp-block-paragraph\">Od podzimu 2020 jsou v\u0161echny d\u011bti v&nbsp;na\u0161ich lezeck\u00fdch krou\u017ec\u00edch \u010dleny \u010cesk\u00e9ho horolezeck\u00e9ho svazu a Horolezeck\u00e9ho odd\u00edlu Lokomotiva Brno.<\/p>\n\n\n\n<p class=\"wp-block-paragraph\">&#8211;&nbsp;&nbsp;&nbsp;&nbsp;&nbsp;&nbsp; D\u011bti jsou v&nbsp;r\u00e1mci sv\u00e9 \u010dinnosti \u00farazov\u011b poji\u0161t\u011bny<a href=\"https:\/\/www.horosvaz.cz\/sluzby-pro-cleny\/pojisteni-pro-cleny\/urazove-pojisteni\/\" rel=\"noopener\">&nbsp;(https:\/\/www.horosvaz.cz\/pojisteni-pro-cleny\/urazove-pojisteni\/)<\/a><\/p>\n\n\n\n<p class=\"wp-block-paragraph\">&#8211;&nbsp;&nbsp;&nbsp;&nbsp;&nbsp;&nbsp; D\u011bti provozuj\u00ed svou \u010dinnost v&nbsp;r\u00e1mci organizovan\u00e9ho sportu, lze uplatnit jako bonus u p\u0159ihl\u00e1\u0161ek na st\u0159edn\u00ed \u0161koly<\/p>\n\n\n\n<p class=\"wp-block-paragraph\">&#8211;&nbsp;&nbsp;&nbsp;&nbsp;&nbsp;&nbsp; U za\u010d\u00e1te\u010dn\u00edk\u016f, pokro\u010dil\u00fdch a kondi\u010dn\u00edho lezen\u00ed maj\u00ed d\u011bti v&nbsp;kurzovn\u00e9m 1ks odd\u00edlov\u00e9ho trika, u tr\u00e9ninkov\u00fdch skupin bude zvolen materi\u00e1l podle domluvy (z\u0159ejm\u011b lehk\u00e1 mikina + triko pro kluky\/t\u00edlko pro d\u00edvky)<\/p>\n\n\n\n<p class=\"wp-block-paragraph\">&#8211;&nbsp;&nbsp;&nbsp;&nbsp;&nbsp;&nbsp; D\u011bti v\u0161ech na\u0161ich krou\u017ek\u016f neplat\u00ed startovn\u00e9&nbsp; na z\u00e1vodech organizovan\u00fdch HO Lokomotiva Brno v&nbsp;sezon\u011b 2024\/2025&nbsp;<\/p>\n\n\n\n<p class=\"wp-block-paragraph\">&#8211;&nbsp;&nbsp;&nbsp;&nbsp;&nbsp;&nbsp; U tr\u00e9ninkov\u00fdch skupin maj\u00ed d\u011bti z rozpo\u010dtu odd\u00edlu hrazeno startovn\u00e9 na z\u00e1vodech \u010cHS (1. liga, 2. liga i 3. liga), z rozpo\u010dtu odd\u00edlu je pak hrazen tren\u00e9r, kter\u00fd se z\u00e1vod\u016f \u00fa\u010dastn\u00ed. D\u00e1le jsou z rozpo\u010dtu odd\u00edlu hrazeni kondi\u010dn\u00ed tren\u00e9r, fyzioterapeutick\u00fd dohled a , dopl\u0148uj\u00edc\u00ed treninky Parkouru nebo boulderingu na ciz\u00edch st\u011bn\u00e1ch. 1 x ro\u010dn\u011b hrazen p\u0159\u00edsp\u011bvek ve v\u0161i 600,- k\u010d na sportovn\u00ed zdravotn\u00ed prohl\u00eddku. Za d\u011bti je uhrazena z rozpo\u010dtu odd\u00edlu&nbsp; z\u00e1vodn\u00ed licence \u010cHS.<\/p>\n","protected":false},"excerpt":{"rendered":"<p>Informace p\u0159ihla\u0161ov\u00e1n\u00ed do lezeck\u00fdch krou\u017ek\u016f na aktu\u00e1ln\u00ed pololet\u00ed v\u010dten\u011b p\u0159ihla\u0161ovac\u00edho formul\u00e1\u0159e a voln\u00fdch m\u00edst ve skupin\u00e1ch &#8211; \u00a0P\u0159ihla\u0161ov\u00e1n\u00ed do krou\u017ek\u016f I. pololet\u00ed 2025\/2026 D\u011btsk\u00e9 krou\u017eky jsou ur\u010deny jak pro d\u011bti, kter\u00e9 cht\u011bj\u00ed lezen\u00ed vyzkou\u0161et, sezn\u00e1mit se s&nbsp;lezeck\u00fdm pohybem, tak jsou ur\u010deny d\u011btem, kter\u00e9 ji\u017e lezen\u00ed znaj\u00ed, v\u011bnuj\u00ed se mu a cht\u011bj\u00ed se v&nbsp;n\u011bm d\u00e1le rozv\u00edjet. [&hellip;]<\/p>\n","protected":false},"author":1,"featured_media":0,"parent":33,"menu_order":37,"comment_status":"closed","ping_status":"closed","template":"","meta":{"_acf_changed":false,"_crdt_document":"","footnotes":""},"class_list":["post-953","page","type-page","status-publish","hentry"],"acf":[],"_links":{"self":[{"href":"https:\/\/www.hudysteny.cz\/brno\/wp-json\/wp\/v2\/pages\/953","targetHints":{"allow":["GET"]}}],"collection":[{"href":"https:\/\/www.hudysteny.cz\/brno\/wp-json\/wp\/v2\/pages"}],"about":[{"href":"https:\/\/www.hudysteny.cz\/brno\/wp-json\/wp\/v2\/types\/page"}],"author":[{"embeddable":true,"href":"https:\/\/www.hudysteny.cz\/brno\/wp-json\/wp\/v2\/users\/1"}],"replies":[{"embeddable":true,"href":"https:\/\/www.hudysteny.cz\/brno\/wp-json\/wp\/v2\/comments?post=953"}],"version-history":[{"count":5,"href":"https:\/\/www.hudysteny.cz\/brno\/wp-json\/wp\/v2\/pages\/953\/revisions"}],"predecessor-version":[{"id":1221,"href":"https:\/\/www.hudysteny.cz\/brno\/wp-json\/wp\/v2\/pages\/953\/revisions\/1221"}],"up":[{"embeddable":true,"href":"https:\/\/www.hudysteny.cz\/brno\/wp-json\/wp\/v2\/pages\/33"}],"wp:attachment":[{"href":"https:\/\/www.hudysteny.cz\/brno\/wp-json\/wp\/v2\/media?parent=953"}],"curies":[{"name":"wp","href":"https:\/\/api.w.org\/{rel}","templated":true}]}}