{"id":940,"date":"2023-11-14T11:59:34","date_gmt":"2023-11-14T10:59:34","guid":{"rendered":"https:\/\/dev-brno.hudysteny.cz\/?page_id=940"},"modified":"2026-01-27T17:53:22","modified_gmt":"2026-01-27T16:53:22","slug":"hudy-climbing-academy","status":"publish","type":"page","link":"https:\/\/www.hudysteny.cz\/brno\/krouzky-a-lekce\/hudy-climbing-academy\/","title":{"rendered":"HUDY Climbing Academy pro jaro 2026"},"content":{"rendered":"\n<h2 class=\"wp-block-heading\">Zahajujeme v t\u00fddnu od 16.2.2026 konec 27.5.2026<\/h2>\n\n\n\n<p class=\"wp-block-paragraph\"><\/p>\n\n\n\n<h3 class=\"wp-block-heading\">Pond\u011bl\u00ed 19:00 &#8211; 21:00 -skupina pokro\u010dil\u00ed<\/h3>\n\n\n\n<h3 class=\"wp-block-heading\">St\u0159eda 19:00 &#8211; 21:00 &#8211; skupina  pokro\u010dil\u00ed<\/h3>\n\n\n\n<h3 class=\"wp-block-heading\">Update \u010dasu a datumu zah\u00e1jen\u00ed kurzu, museli jsme upravit podle mo\u017enost\u00ed lektor\u016f<\/h3>\n\n\n\n<p class=\"wp-block-paragraph\"><strong>Lezete, ale cht\u011bli byste se o lezen\u00ed a horolezectv\u00ed dozv\u011bd\u011bt v\u00edc?<\/strong><\/p>\n\n\n\n<p class=\"wp-block-paragraph\"><strong>Lezete, ale ob\u010das se tak trochu pl\u00e1c\u00e1te a nejste si jist\u00ed?<\/strong><\/p>\n\n\n\n<p class=\"wp-block-paragraph\"><strong>Lezete, ale z ji\u0161t\u011bn\u00ed, p\u00e1d\u016f, navazov\u00e1n\u00ed v\u0161eho kolem v\u00e1m jde hlava okolo, nato\u017e pr\u00e1ce s materi\u00e1lem pro vlastn\u00ed ji\u0161t\u011bn\u00ed?<\/strong><\/p>\n\n\n\n<p class=\"wp-block-paragraph\"><strong>Lezete na st\u011bn\u011b, ale chcete se posunout i ven?<\/strong><\/p>\n\n\n\n<p class=\"wp-block-paragraph\"><strong>M\u00e1te probl\u00e9m se v lezen\u00ed posunout, zlep\u0161it se v technice, \u010di d\u00e1t sv\u00e9 p\u0159\u00edprav\u011b odpov\u00eddaj\u00edc\u00ed r\u00e1mec?<\/strong><\/p>\n\n\n\n<p class=\"wp-block-paragraph\"><strong>Pak by&nbsp; HUDY Climbing Academy mohla b\u00fdt&nbsp;pr\u00e1v\u011b pro v\u00e1s.<\/strong><\/p>\n\n\n\n<h3 class=\"wp-block-heading\">Co je HUDY Climbing Academy<\/h3>\n\n\n\n<p class=\"wp-block-paragraph\">Pololetn\u00ed kurz lezen\u00ed na um\u011bl\u00e9 st\u011bn\u011b, kde se ale nau\u010d\u00edte i v\u011bci do skal.<\/p>\n\n\n\n<p class=\"wp-block-paragraph\">V pr\u016fb\u011bhu kurzu budeme l\u00e9zt, sezn\u00e1m\u00edte se se spr\u00e1vn\u00fdm lezeck\u00fdm pohybem, prob\u011bhnou boulderingov\u00e9 i vytrvalostn\u00ed tr\u00e9ninky, procvi\u010d\u00edme metodiku. Navazov\u00e1n\u00ed, ji\u0161t\u011bn\u00ed, osv\u011b\u017een\u00ed u\u017e\u00edvan\u00e9ho, novinky a techtipy do budoucna.<\/p>\n\n\n\n<p class=\"wp-block-paragraph\">Vyu\u017eijeme n\u00e1\u0161 nov\u00fd lezeck\u00fd polygon, nau\u010d\u00edte se dob\u00edrat, sla\u0148ovat a v\u016fbec \u0159adu u\u017eite\u010dn\u00fdch v\u011bc\u00ed pro pohyb na um\u011bl\u00e9 st\u011bn\u011b, ale tak\u00e9 mimo ni.<\/p>\n\n\n\n<p class=\"wp-block-paragraph\">Ve skupin\u011b za\u010d\u00e1te\u010dn\u00edk\u016f se pojdou v\u011bci od z\u00e1klad\u016f, n\u011bco opakov\u00e1n\u00ed z\u00e1kladn\u00edch v\u011bc\u00ed, ale i nov\u00e9 techtipy. <\/p>\n\n\n\n<p class=\"wp-block-paragraph\">Ve skupin\u011b pokro\u010dil\u00ed nav\u00e1\u017eeme na pololet\u00ed za\u010d\u00e1te\u010dnick\u00e9ho kurzu, budeme se v\u011bnovat dal\u0161\u00edmu rozvoji lezeck\u00e9 techniky jak na boulderu, tak lan\u011b.  V\u00edce se zam\u011b\u0159\u00edme na problematiku v\u00edced\u00e9lek (upevn\u00edme a rozvineme pr\u00e1ci na \u0161tandu, zejm\u00e9na st\u0159\u00edd\u00e1n\u00ed a ji\u0161t\u011bn\u00ed prvolezce ze stanovi\u0161t\u011b), skaln\u00ed z\u00e1chrany a sebez\u00e1chrany. Daleko v\u00edc  bude v\u0161e sm\u011b\u0159ov\u00e1no k pohybu ve skal\u00e1ch. Sezn\u00e1m\u00edte se se sportovn\u00edm drytoolingem, \u010dek\u00e1 v\u00e1s v\u00fdjezd do skal.<\/p>\n\n\n\n<p class=\"wp-block-paragraph\">Ve skupin\u011b trenink se zam\u011b\u0159\u00edme na rozvoj va\u0161\u00ed lezeck\u00e9 dovednosti a polo\u017e\u00edme z\u00e1klady va\u0161emu pravideln\u00e9mu treninku.<\/p>\n\n\n\n<p class=\"wp-block-paragraph\">Cel\u00fd kurz je zast\u0159e\u0161en zku\u0161en\u00fdm sportovn\u00edm i horsk\u00fdm lezcem , horsk\u00fdm v\u016fdcem&nbsp;Radkem Lienerthem. Vlastn\u00ed v\u00fduku pak vedou \u010dlenov\u00e9 \u010cesk\u00e9 asociace horsk\u00fdch v\u016fdc\u016f ve vzd\u011bl\u00e1v\u00e1n\u00ed, instrukto\u0159i a tren\u00e9\u0159i HUDY lezeck\u00e9 st\u011bny Brno.<\/p>\n\n\n\n<p class=\"wp-block-paragraph\"><\/p>\n\n\n\n<h3 class=\"wp-block-heading\">Od kdy, do kdy, co by?<\/h3>\n\n\n\n<p class=\"wp-block-paragraph\">Pro kurz je vyps\u00e1na jedna skupina,  maxim\u00e1ln\u011b 8 \u00fa\u010dastn\u00edk\u016f. <\/p>\n\n\n\n<p class=\"wp-block-paragraph\">Startujeme v t\u00fddnu od pond\u011bl\u00ed\u00a0\u00a0<strong>16.2.2026<\/strong>\u00a0a v\u00fduku, kter\u00e1 prob\u011bhne ve v\u0161ech t\u00fddnech\u00a0<strong>krom\u011b sv\u00e1tk\u016f <\/strong>(<strong>6.4.2026 velikono\u010dn\u00ed pond\u011bl\u00ed <\/strong>),\u00a0zakon\u010d\u00edme v t\u00fddnu od\u00a0<strong>25.5.2026<\/strong>.\u00a0<\/p>\n\n\n\n<p class=\"wp-block-paragraph\">Cena zahrnuje  &#8211; veden\u00ed kurzu, vstupy na st\u011bnu, <strong>jednodenn\u00ed lezen\u00ed ve skaln\u00edch oblastech v okol\u00ed Brna<\/strong>, zap\u016fj\u010den\u00ed nezbytn\u00e9ho vybaven\u00ed, DPH. Ka\u017ed\u00fd frekventant kurzu m\u00e1 n\u00e1rok&nbsp; po celou dobu kurzu na slevu 15% na ve\u0161ker\u00fd sortiment na\u0161eho obchodu s lezeck\u00fdm vybaven\u00edm.<\/p>\n\n\n\n<p class=\"wp-block-paragraph\">Hlavn\u00ed t\u00e9mata pro vypsan\u00fd kurz:<\/p>\n\n\n\n<ul class=\"wp-block-list\">\n<li>zdokonalen\u00fd lezeck\u00fd pohyb &#8211; boulder, st\u011bna<\/li>\n\n\n\n<li>z\u00e1klady jednod\u00e9lkov\u00e9ho a v\u00edced\u00e9lkov\u00e9ho lezen\u00ed<\/li>\n\n\n\n<li>ji\u0161t\u011bn\u00ed s vyu\u017eit\u00edm HMS, ATC a pom\u016fcek s podporou brzdn\u00e9 s\u00edly<\/li>\n\n\n\n<li>n\u00e1cvik p\u00e1du a chyt\u00e1n\u00ed p\u00e1du<\/li>\n\n\n\n<li>z\u00e1klady z\u00e1chrany a sebez\u00e1chrany v eskaln\u00edm prost\u0159ed\u00ed<\/li>\n\n\n\n<li>kurz je koncipov\u00e1n tak, aby vedl k pln\u00e9 samostatnosti v prostoru lezeck\u00e9 st\u011bny a skaln\u00edch oblast\u00ed sportovn\u00edho charakteru<\/li>\n\n\n\n<li>na spr\u00e1vn\u011b nastaven\u00fdch z\u00e1kladech se d\u00e1 stav\u011bt d\u00e1l<\/li>\n<\/ul>\n\n\n\n<h3 class=\"wp-block-heading\">P\u0159ihla\u0161ov\u00e1n\u00ed<\/h3>\n\n\n\n<p class=\"wp-block-paragraph\">Podm\u00ednkou pro p\u0159ijet\u00ed do kurzu HCA za\u010d\u00e1te\u010dn\u00edci je pouze z\u00e1jem o to se u\u010dit a l\u00e9zt. P\u0159edchoz\u00ed zku\u0161enost m\u016f\u017ee b\u00fdt v\u00fdhodou, nen\u00ed v\u0161ak nezbytn\u00e1.<\/p>\n\n\n\n<p class=\"wp-block-paragraph\">Podm\u00ednkou pro p\u0159ijet\u00ed do kurzu HCA TRENINK je znalost a dovednost ji\u0161t\u011bn\u00ed, navazov\u00e1n\u00ed a bezpe\u010dn\u00e9ho lezen\u00ed na prvn\u00edm<\/p>\n\n\n\n<p class=\"wp-block-paragraph\"><\/p>\n\n\n\n<p class=\"wp-block-paragraph\"><\/p>\n\n\n\n<p class=\"wp-block-paragraph\"><strong><a href=\"https:\/\/forms.gle\/kXNKBsT8HjZ4LUNt8\" rel=\"noopener\">On line p\u0159ihl\u00e1\u0161ka<\/a><\/strong><\/p>\n\n\n\n<figure class=\"wp-block-table\"><table><tbody><tr><td>HCA &#8211; Pond\u011bl\u00ed  + 1 x jednodenn\u00ed skaln\u00ed v\u00fdjezd v okol\u00ed Brna<br>Podle domluvy mo\u017enost v\u00edcedenn\u00edho v\u00fdjezdu do skaln\u00edch oblast\u00ed Slovinska\/Chorvatska, nen\u00ed zahrnuto v cen\u011b HCA<\/td><td>19:00 &#8211; 21:00<\/td><td>8500,-K\u010d<\/td><\/tr><tr><td>HCA &#8211; St\u0159eda  + 1 x jednodenn\u00ed skaln\u00ed v\u00fdjezd v okol\u00ed Brna<br>Podle domluvy mo\u017enost v\u00edcedenn\u00edho v\u00fdjezdu do skaln\u00edch oblast\u00ed Slovinska\/Chorvatska, nen\u00ed zahrnuto v cen\u011b HCA<br><br><\/td><td>19:00 &#8211; 21:00<\/td><td>8500,-K\u010d<\/td><\/tr><tr><td><\/td><td><\/td><td><\/td><\/tr><\/tbody><\/table><\/figure>\n\n\n\n<p class=\"wp-block-paragraph\">Po zasl\u00e1n\u00ed p\u0159ihl\u00e1\u0161ky v\u00e1m bude vystavena faktura, pros\u00edm uhra\u010fte podle jej\u00edch pokyn\u016f<\/p>\n\n\n\n<figure class=\"wp-block-gallery has-nested-images columns-3 is-cropped wp-block-gallery-1 is-layout-flex wp-block-gallery-is-layout-flex\">\n<figure class=\"wp-block-image size-large\"><img loading=\"lazy\" decoding=\"async\" width=\"321\" height=\"241\" data-id=\"941\" src=\"https:\/\/www.hudysteny.cz\/brno\/wp-content\/uploads\/2023\/11\/csm_20151106_182712_81a3bdde84.jpg\" alt=\"Vyzkou\u0161\u00edte nov\u00e9 v\u011bci\" class=\"wp-image-941\" srcset=\"https:\/\/www.hudysteny.cz\/brno\/wp-content\/uploads\/2023\/11\/csm_20151106_182712_81a3bdde84.jpg 321w, https:\/\/www.hudysteny.cz\/brno\/wp-content\/uploads\/2023\/11\/csm_20151106_182712_81a3bdde84-300x225.jpg 300w\" sizes=\"auto, (max-width: 321px) 100vw, 321px\" \/><figcaption class=\"wp-element-caption\">Vyzkou\u0161\u00edte nov\u00e9 v\u011bci<\/figcaption><\/figure>\n\n\n\n<figure class=\"wp-block-image size-large\"><img loading=\"lazy\" decoding=\"async\" width=\"321\" height=\"241\" data-id=\"944\" src=\"https:\/\/www.hudysteny.cz\/brno\/wp-content\/uploads\/2023\/11\/csm_IMG_0506_5531a8aa01.jpg\" alt=\"Naberete s\u00edlu i techniku\" class=\"wp-image-944\" srcset=\"https:\/\/www.hudysteny.cz\/brno\/wp-content\/uploads\/2023\/11\/csm_IMG_0506_5531a8aa01.jpg 321w, https:\/\/www.hudysteny.cz\/brno\/wp-content\/uploads\/2023\/11\/csm_IMG_0506_5531a8aa01-300x225.jpg 300w\" sizes=\"auto, (max-width: 321px) 100vw, 321px\" \/><figcaption class=\"wp-element-caption\">Naberete s\u00edlu i techniku<\/figcaption><\/figure>\n\n\n\n<figure class=\"wp-block-image size-large\"><img loading=\"lazy\" decoding=\"async\" width=\"321\" height=\"181\" data-id=\"947\" src=\"https:\/\/www.hudysteny.cz\/brno\/wp-content\/uploads\/2023\/11\/csm_IMG_1101_cecb3b04a9.jpg\" alt=\"Spr\u00e1vn\u00e9 n\u00e1vyky ocen\u00edte i venku\" class=\"wp-image-947\" srcset=\"https:\/\/www.hudysteny.cz\/brno\/wp-content\/uploads\/2023\/11\/csm_IMG_1101_cecb3b04a9.jpg 321w, https:\/\/www.hudysteny.cz\/brno\/wp-content\/uploads\/2023\/11\/csm_IMG_1101_cecb3b04a9-300x169.jpg 300w\" sizes=\"auto, (max-width: 321px) 100vw, 321px\" \/><figcaption class=\"wp-element-caption\">Spr\u00e1vn\u00e9 n\u00e1vyky ocen\u00edte i venku<\/figcaption><\/figure>\n<\/figure>\n","protected":false},"excerpt":{"rendered":"<p>Zahajujeme v t\u00fddnu od 16.2.2026 konec 27.5.2026 Pond\u011bl\u00ed 19:00 &#8211; 21:00 -skupina pokro\u010dil\u00ed St\u0159eda 19:00 &#8211; 21:00 &#8211; skupina pokro\u010dil\u00ed Update \u010dasu a datumu zah\u00e1jen\u00ed kurzu, museli jsme upravit podle mo\u017enost\u00ed lektor\u016f Lezete, ale cht\u011bli byste se o lezen\u00ed a horolezectv\u00ed dozv\u011bd\u011bt v\u00edc? Lezete, ale ob\u010das se tak trochu pl\u00e1c\u00e1te a nejste si jist\u00ed? Lezete, [&hellip;]<\/p>\n","protected":false},"author":1,"featured_media":0,"parent":33,"menu_order":28,"comment_status":"closed","ping_status":"closed","template":"","meta":{"_acf_changed":false,"_crdt_document":"","footnotes":""},"class_list":["post-940","page","type-page","status-publish","hentry"],"acf":[],"_links":{"self":[{"href":"https:\/\/www.hudysteny.cz\/brno\/wp-json\/wp\/v2\/pages\/940","targetHints":{"allow":["GET"]}}],"collection":[{"href":"https:\/\/www.hudysteny.cz\/brno\/wp-json\/wp\/v2\/pages"}],"about":[{"href":"https:\/\/www.hudysteny.cz\/brno\/wp-json\/wp\/v2\/types\/page"}],"author":[{"embeddable":true,"href":"https:\/\/www.hudysteny.cz\/brno\/wp-json\/wp\/v2\/users\/1"}],"replies":[{"embeddable":true,"href":"https:\/\/www.hudysteny.cz\/brno\/wp-json\/wp\/v2\/comments?post=940"}],"version-history":[{"count":4,"href":"https:\/\/www.hudysteny.cz\/brno\/wp-json\/wp\/v2\/pages\/940\/revisions"}],"predecessor-version":[{"id":1248,"href":"https:\/\/www.hudysteny.cz\/brno\/wp-json\/wp\/v2\/pages\/940\/revisions\/1248"}],"up":[{"embeddable":true,"href":"https:\/\/www.hudysteny.cz\/brno\/wp-json\/wp\/v2\/pages\/33"}],"wp:attachment":[{"href":"https:\/\/www.hudysteny.cz\/brno\/wp-json\/wp\/v2\/media?parent=940"}],"curies":[{"name":"wp","href":"https:\/\/api.w.org\/{rel}","templated":true}]}}