{"id":918,"date":"2023-11-14T11:29:21","date_gmt":"2023-11-14T10:29:21","guid":{"rendered":"https:\/\/dev-brno.hudysteny.cz\/?page_id=918"},"modified":"2023-11-14T11:53:34","modified_gmt":"2023-11-14T10:53:34","slug":"seznamovaci-lezecky-kurz","status":"publish","type":"page","link":"https:\/\/www.hudysteny.cz\/brno\/krouzky-a-lekce\/seznamovaci-lezecky-kurz\/","title":{"rendered":"Seznamovac\u00ed lezeck\u00fd kurz"},"content":{"rendered":"\n<p class=\"wp-block-paragraph\">Kurz je ur\u010den zejm\u00e9na t\u011bm, kter\u00e9 lezen\u00ed na um\u011bl\u00e9 lezeck\u00e9 st\u011bn\u011b zaj\u00edm\u00e1, ale maj\u00ed obavu zda odpov\u00edd\u00e1 jejich kondice nebo si nedok\u00e1\u017e\u00ed v\u016fbec p\u0159edstavit o \u010dem lezen\u00ed na um\u011bl\u00e9 st\u011bn\u011b m\u016f\u017ee b\u00fdt.<\/p>\n\n\n\n<p class=\"wp-block-paragraph\">V r\u00e1mci kurzu se sezn\u00e1m\u00edte se z\u00e1klady lezeck\u00e9ho pohybu, vyzkou\u0161\u00edte si ji\u0161t\u011bn\u00ed a budete se tak moci l\u00e9pe rozhodnout zda je lezen\u00ed t\u00edm&nbsp; prav\u00fdm sportem pro v\u00e1s.<\/p>\n\n\n\n<p class=\"wp-block-paragraph\">Cena zahrnuje veden\u00ed kurzu \u0159\u00e1dn\u011b pro\u0161kolen\u00fdm a odpov\u00eddaj\u00edc\u00edm zp\u016fsobem certifikovan\u00fdm instruktorem, zap\u016fj\u010den\u00ed vybaven\u00ed (<a href=\"http:\/\/www.hudy.cz\/lezeni_vybaveni\/?fCB=23\" rel=\"noopener\">\u00favazky a hardware ROCK EMPIRE<\/a>,&nbsp;<a href=\"http:\/\/www.hudy.cz\/lezecky\/?fb=11\" rel=\"noopener\">leze\u010dky LA SPORTIVA<\/a>) a vstup na st\u011bnu.<\/p>\n\n\n\n<p class=\"wp-block-paragraph\"><strong>Lokalita realizace kurzu:<\/strong>&nbsp;<a href=\"http:\/\/www.hudysteny.cz\/brno\" target=\"_blank\" rel=\"noreferrer noopener\">HUDY st\u011bna Brno<\/a><\/p>\n\n\n\n<p class=\"wp-block-paragraph\"><strong>\u010casov\u00fd rozvrh kurzu:<\/strong>\u00a0cca 2 hod lezeck\u00e9 aktivity na st\u011bn\u011b<\/p>\n\n\n\n<p class=\"wp-block-paragraph\"><strong>Cena kurzu:<\/strong><\/p>\n\n\n\n<figure class=\"wp-block-table\"><table><tbody><tr><td><strong>po\u010det host\u016f \/cena za osobu<\/strong><\/td><td><strong>cena na osobu<\/strong><\/td><\/tr><tr><td>1<\/td><td>1500,-K\u010d<\/td><\/tr><tr><td>2<\/td><td>950,- K\u010d<\/td><\/tr><tr><td>3<\/td><td>850,- K\u010d<\/td><\/tr><tr><td>4<\/td><td>750,-K\u010d<\/td><\/tr><tr><td><strong>zv\u00fdhodn\u011bn\u00fd rodinn\u00fd kurz<\/strong><\/td><td><strong>cena celkem<\/strong><\/td><\/tr><tr><td>rodina (2 dosp\u011bl\u00ed + max.t\u0159i d\u011bti)<\/td><td>2690,- K\u010d<\/td><\/tr><\/tbody><\/table><\/figure>\n\n\n\n<p class=\"wp-block-paragraph\"><em>doporu\u010den\u00e1 velikost skupiny je do 2 osob, 4 osoby jsou absolutn\u00ed maximum<\/em><\/p>\n\n\n\n<p class=\"wp-block-paragraph\"><strong>Zp\u016fsob platby: hotov\u011b nebo p\u0159evodem na \u00fa\u010det &#8211;&nbsp;2052788329\/0800; nelze platit kartou.<\/strong><\/p>\n\n\n\n<p class=\"wp-block-paragraph\">Kurz je veden horsk\u00fdm v\u016fdcem UIAGM \/ HMG nebo lezeck\u00fdm instruktorem &#8222;lezen\u00ed na um\u011bl\u00e9 st\u011bn\u011b M\u0160MT&#8220;.<br><br>Podm\u00ednkou pro p\u0159ijet\u00ed do kurzu je pouze va\u0161e chu\u0165 zkusit n\u011bco nov\u00e9ho. Nen\u00ed vy\u017eadov\u00e1na \u017e\u00e1dn\u00e1 p\u0159edchoz\u00ed znalost a zku\u0161enost s provozov\u00e1n\u00edm horolezeck\u00e9ho sportu.<\/p>\n\n\n\n<p class=\"wp-block-paragraph\"><strong>Pro zaji\u0161t\u011bn\u00ed instruktora n\u00e1s kontaktujte nejm\u00e9n\u011b dva dny p\u0159edem.<\/strong><\/p>\n\n\n\n<figure class=\"wp-block-gallery has-nested-images columns-3 is-cropped wp-block-gallery-1 is-layout-flex wp-block-gallery-is-layout-flex\">\n<figure class=\"wp-block-image size-large\"><a href=\"https:\/\/www.hudysteny.cz\/brno\/wp-content\/uploads\/2023\/11\/HUDYstena_019.jpg\"><img loading=\"lazy\" decoding=\"async\" width=\"800\" height=\"533\" data-id=\"925\" src=\"https:\/\/www.hudysteny.cz\/brno\/wp-content\/uploads\/2023\/11\/HUDYstena_019.jpg\" alt=\"\" class=\"wp-image-925\" srcset=\"https:\/\/www.hudysteny.cz\/brno\/wp-content\/uploads\/2023\/11\/HUDYstena_019.jpg 800w, https:\/\/www.hudysteny.cz\/brno\/wp-content\/uploads\/2023\/11\/HUDYstena_019-300x200.jpg 300w, https:\/\/www.hudysteny.cz\/brno\/wp-content\/uploads\/2023\/11\/HUDYstena_019-768x512.jpg 768w\" sizes=\"auto, (max-width: 800px) 100vw, 800px\" \/><\/a><\/figure>\n\n\n\n<figure class=\"wp-block-image size-large\"><a href=\"https:\/\/www.hudysteny.cz\/brno\/wp-content\/uploads\/2023\/11\/HUDYstena_006.jpg\"><img loading=\"lazy\" decoding=\"async\" width=\"800\" height=\"533\" data-id=\"922\" src=\"https:\/\/www.hudysteny.cz\/brno\/wp-content\/uploads\/2023\/11\/HUDYstena_006.jpg\" alt=\"\" class=\"wp-image-922\" srcset=\"https:\/\/www.hudysteny.cz\/brno\/wp-content\/uploads\/2023\/11\/HUDYstena_006.jpg 800w, https:\/\/www.hudysteny.cz\/brno\/wp-content\/uploads\/2023\/11\/HUDYstena_006-300x200.jpg 300w, https:\/\/www.hudysteny.cz\/brno\/wp-content\/uploads\/2023\/11\/HUDYstena_006-768x512.jpg 768w\" sizes=\"auto, (max-width: 800px) 100vw, 800px\" \/><\/a><\/figure>\n\n\n\n<figure class=\"wp-block-image size-large\"><a href=\"https:\/\/www.hudysteny.cz\/brno\/wp-content\/uploads\/2023\/11\/HUDYstena_031.jpg\"><img loading=\"lazy\" decoding=\"async\" width=\"800\" height=\"533\" data-id=\"919\" src=\"https:\/\/www.hudysteny.cz\/brno\/wp-content\/uploads\/2023\/11\/HUDYstena_031.jpg\" alt=\"\" class=\"wp-image-919\" srcset=\"https:\/\/www.hudysteny.cz\/brno\/wp-content\/uploads\/2023\/11\/HUDYstena_031.jpg 800w, https:\/\/www.hudysteny.cz\/brno\/wp-content\/uploads\/2023\/11\/HUDYstena_031-300x200.jpg 300w, https:\/\/www.hudysteny.cz\/brno\/wp-content\/uploads\/2023\/11\/HUDYstena_031-768x512.jpg 768w\" sizes=\"auto, (max-width: 800px) 100vw, 800px\" \/><\/a><\/figure>\n<\/figure>\n","protected":false},"excerpt":{"rendered":"<p>Kurz je ur\u010den zejm\u00e9na t\u011bm, kter\u00e9 lezen\u00ed na um\u011bl\u00e9 lezeck\u00e9 st\u011bn\u011b zaj\u00edm\u00e1, ale maj\u00ed obavu zda odpov\u00edd\u00e1 jejich kondice nebo si nedok\u00e1\u017e\u00ed v\u016fbec p\u0159edstavit o \u010dem lezen\u00ed na um\u011bl\u00e9 st\u011bn\u011b m\u016f\u017ee b\u00fdt. V r\u00e1mci kurzu se sezn\u00e1m\u00edte se z\u00e1klady lezeck\u00e9ho pohybu, vyzkou\u0161\u00edte si ji\u0161t\u011bn\u00ed a budete se tak moci l\u00e9pe rozhodnout zda je lezen\u00ed t\u00edm&nbsp; [&hellip;]<\/p>\n","protected":false},"author":1,"featured_media":0,"parent":33,"menu_order":17,"comment_status":"closed","ping_status":"closed","template":"","meta":{"_acf_changed":false,"_crdt_document":"","footnotes":""},"class_list":["post-918","page","type-page","status-publish","hentry"],"acf":[],"_links":{"self":[{"href":"https:\/\/www.hudysteny.cz\/brno\/wp-json\/wp\/v2\/pages\/918","targetHints":{"allow":["GET"]}}],"collection":[{"href":"https:\/\/www.hudysteny.cz\/brno\/wp-json\/wp\/v2\/pages"}],"about":[{"href":"https:\/\/www.hudysteny.cz\/brno\/wp-json\/wp\/v2\/types\/page"}],"author":[{"embeddable":true,"href":"https:\/\/www.hudysteny.cz\/brno\/wp-json\/wp\/v2\/users\/1"}],"replies":[{"embeddable":true,"href":"https:\/\/www.hudysteny.cz\/brno\/wp-json\/wp\/v2\/comments?post=918"}],"version-history":[{"count":1,"href":"https:\/\/www.hudysteny.cz\/brno\/wp-json\/wp\/v2\/pages\/918\/revisions"}],"predecessor-version":[{"id":928,"href":"https:\/\/www.hudysteny.cz\/brno\/wp-json\/wp\/v2\/pages\/918\/revisions\/928"}],"up":[{"embeddable":true,"href":"https:\/\/www.hudysteny.cz\/brno\/wp-json\/wp\/v2\/pages\/33"}],"wp:attachment":[{"href":"https:\/\/www.hudysteny.cz\/brno\/wp-json\/wp\/v2\/media?parent=918"}],"curies":[{"name":"wp","href":"https:\/\/api.w.org\/{rel}","templated":true}]}}