{"id":56,"date":"2023-06-22T22:36:12","date_gmt":"2023-06-22T20:36:12","guid":{"rendered":"https:\/\/dev-brno.hudysteny.cz\/?page_id=56"},"modified":"2023-11-10T22:08:44","modified_gmt":"2023-11-10T21:08:44","slug":"obchodni-a-platebni-podminky","status":"publish","type":"page","link":"https:\/\/www.hudysteny.cz\/brno\/obchodni-a-platebni-podminky\/","title":{"rendered":"Obchodn\u00ed a platebn\u00ed podm\u00ednky"},"content":{"rendered":"\n<p class=\"wp-block-paragraph\"><strong>Spole\u010dnost: <\/strong><br>HUDY lezeck\u00e1 st\u011bna Brno, V\u00edde\u0148sk\u00e1 297\/99, Brno \u2013 \u0160t\u00fd\u0159ice<br><br><strong>V\u0161eobecn\u00e9 obchodn\u00ed podm\u00ednky:<\/strong><br>Tyto obchodn\u00ed podm\u00ednky plat\u00ed pro n\u00e1kup slu\u017eeb a zbo\u017e\u00ed na provozovn\u011b HUDY lezeck\u00e1 st\u011bna Brno nebo p\u0159es str\u00e1nky <a href=\"http:\/\/www.hudysteny.cz\/brno\/cenik\">www.hudysteny.cz\/brno\/<\/a> (prod\u00e1vaj\u00edc\u00ed), jeho\u017e provozovatelem je spole\u010dnost Boulder area s.r.o. Podm\u00ednky bl\u00ed\u017ee vymezuj\u00ed a up\u0159es\u0148uj\u00ed pr\u00e1va a povinnosti prod\u00e1vaj\u00edc\u00edho a jeho z\u00e1kazn\u00edk\u016f (spot\u0159ebitel\u016f, resp. kupuj\u00edc\u00edch). <\/p>\n\n\n\n<p class=\"wp-block-paragraph\">Kontaktn\u00ed \u00fadaje na prod\u00e1vaj\u00edc\u00edho: E-mail: <a href=\"mailto:info@hudyboulder.cz\"><a href=\"mailto:stena.brno@hudy.cz\">stena.brno@hudy.cz<\/a><\/a>, Tel: \u00a0<a href=\"tel:+420%C2%A0733 490 019\">+420\u00a0733 490 019<\/a><\/p>\n\n\n\n<p class=\"wp-block-paragraph\">Prodej na\u0161ich slu\u017eeb m\u016f\u017ee prob\u00edhat jen prost\u0159ednictv\u00edm odkaz\u016f uveden\u00fdch na na\u0161ich str\u00e1nk\u00e1ch <a href=\"http:\/\/www.hudysteny.cz\/brno\/cenik\">www.hudysteny.cz\/brno\/<\/a>  nebo p\u0159\u00edmo v na\u0161\u00ed provozovn\u011b HUDY lezeck\u00e1 st\u011bna Brno, V\u00edde\u0148sk\u00e1 297\/99, Brno \u2013 \u0160t\u00fd\u0159ice.<\/p>\n\n\n\n<p class=\"wp-block-paragraph\">V\u0161echny na\u0161e ceny jsou platn\u00e9 dle platn\u00e9ho cen\u00edku uveden\u00e9ho na na\u0161ich str\u00e1nk\u00e1ch <a href=\"http:\/\/www.hudysteny.cz\/brno\/cenik\">www.hudysteny.cz\/brno\/cenik<\/a> a to v\u010detn\u011b p\u0159\u00edslu\u0161n\u00fdch slev. K zaplacen\u00ed slu\u017eeb doch\u00e1z\u00ed p\u0159ed samotn\u00fdm \u010derp\u00e1n\u00edm slu\u017eby. V p\u0159\u00edpad\u011b vyu\u017e\u00edv\u00e1n\u00ed va\u0161eho nabit\u00e9ho kreditu je cena slu\u017eby ode\u010dtena a\u017e po jej\u00edm ukon\u010den\u00ed. Syst\u00e9m ode\u010d\u00edt\u00e1 a \u00fa\u010dtuje slu\u017eby na \u010d\u00e1sti v\u017edy p\u0159i odchodu z placen\u00e9ho prostoru. <\/p>\n\n\n\n<p class=\"wp-block-paragraph\">V p\u0159\u00edpad\u011b slo\u017een\u00e9ho kreditu je mo\u017en\u00e9 tento kredit jen vy\u010derpat, nen\u00ed jej mo\u017en\u00e9 vr\u00e1tit a vyplatit zp\u00e1tky. <\/p>\n\n\n\n<p class=\"wp-block-paragraph\">N\u011bkter\u00e9 zv\u00fdhodn\u011bn\u00e9 slu\u017eby je mo\u017en\u00e9 vyu\u017e\u00edt jen p\u0159i p\u0159edchoz\u00edm dobit\u00ed kreditu (nap\u0159. Zkr\u00e1cen\u00fd vstup). <\/p>\n\n\n\n<p class=\"wp-block-paragraph\">Z\u00e1kazn\u00edk je povinen si s\u00e1m hl\u00eddat \u010das vyu\u017e\u00edv\u00e1n\u00ed slu\u017eby a p\u0159i p\u0159ekro\u010den\u00ed rozsahu zaplacen\u00e9 slu\u017eby je povinen doplatit spot\u0159ebovanou slu\u017ebu provozovateli. V p\u0159\u00edpad\u011b \u010derp\u00e1n\u00ed kreditu k tomu dojde automaticky. Pokud z\u00e1kazn\u00edk nem\u00e1 dostate\u010dn\u00fd kredit nebo platil slu\u017ebu jednor\u00e1zov\u011b, bude zam\u011bstnancem upozorn\u011bn na p\u0159ekro\u010den\u00ed zaplacen\u00e9ho rozsahu slu\u017eeb a po\u017e\u00e1d\u00e1n o doplacen\u00ed. <\/p>\n\n\n\n<p class=\"wp-block-paragraph\"><strong>Pokud z\u00e1kazn\u00edk opust\u00ed sportovi\u0161t\u011b s t\u00edm, \u017ee je jeho kredit nedostate\u010dn\u00fd na uhrazen\u00ed vyu\u017eit\u00fdch slu\u017eeb, tak mu bude p\u0159\u00edslu\u0161n\u00e1 \u010d\u00e1stka ode\u010dtena automaticky po dobit\u00ed kreditu!! <\/strong><\/p>\n\n\n\n<p class=\"wp-block-paragraph\">Slevy dle cen\u00edku jsou platn\u00e9 pouze na slu\u017eby typu vstupn\u00e9, p\u016fj\u010dovn\u00e9. Slevy neplat\u00ed na konzumaci j\u00eddla \u010di pit\u00ed. <\/p>\n\n\n\n<p class=\"wp-block-paragraph\">Kupuj\u00edc\u00ed odesl\u00e1n\u00edm a zaplacen\u00edm slu\u017eeb nebo dobit\u00edm kreditu potvrzuje, \u017ee se sezn\u00e1mil a souhlas\u00ed s t\u011bmito obchodn\u00edmi podm\u00ednkami a reklama\u010dn\u00edm \u0159\u00e1dem.<\/p>\n\n\n\n<div style=\"height:40px\" aria-hidden=\"true\" class=\"wp-block-spacer\"><\/div>\n\n\n\n<h3 class=\"wp-block-heading has-text-align-center\">Reklama\u010dn\u00ed podm\u00ednky (vr\u00e1cen\u00ed zbo\u017e\u00ed, pen\u011bz)<\/h3>\n\n\n\n<h5 class=\"wp-block-heading\"><strong>Jak reklamaci ohl\u00e1sit <\/strong><\/h5>\n\n\n\n<p class=\"wp-block-paragraph\">Reklamaci vy\u00fa\u010dtov\u00e1n\u00ed p\u0159i platb\u011b p\u0159evodem m\u016f\u017ee z\u00e1kazn\u00edk uplatnit do 30 dn\u016f ode dne, kdy mu byla slu\u017eba vy\u00fa\u010dtov\u00e1na nebo vy\u00fa\u010dtov\u00e1n\u00ed doru\u010deno, a to e-mailem na <a href=\"mailto:info@hudyboulder.cz\"><\/a><a href=\"mailto:info@hudyboulder.cz\"><\/a><a href=\"mailto:stena.brno@hudy.cz\">stena.brno@hudy.cz<\/a> <\/p>\n\n\n\n<p class=\"wp-block-paragraph\">Reklamaci kvality slu\u017eeb je mo\u017en\u00e9 prov\u00e9st e-mailem <a href=\"mailto:info@hudyboulder.cz\"><\/a><a href=\"mailto:stena.brno@hudy.cz\">stena.brno@hudy.cz<\/a>. Je nutn\u00e9 takto u\u010dinit nejpozd\u011bji do 3 dn\u016f od poskytnut\u00ed reklamovan\u00e9 slu\u017eby. <\/p>\n\n\n\n<p class=\"wp-block-paragraph\">Reklamace bude \u0159e\u0161ena bez zbyte\u010dn\u00e9ho odkladu, nejpozd\u011bji do 30 dn\u016f ode dne uplatn\u011bn\u00ed reklamace, pokud se poskytovatel se z\u00e1kazn\u00edkem nedohodnou jinak.<\/p>\n\n\n\n<p class=\"wp-block-paragraph\"><\/p>\n\n\n\n<h5 class=\"wp-block-heading\">N\u00e1le\u017eitosti reklamace<\/h5>\n\n\n\n<p class=\"wp-block-paragraph\">1. Jm\u00e9no a p\u0159\u00edjmen\u00ed z\u00e1kazn\u00edka: <\/p>\n\n\n\n<p class=\"wp-block-paragraph\">2. Kontaktn\u00ed \u00fadaje: e-mail, adresa pro doru\u010den\u00ed po\u0161ty, tel. \u010d\u00edslo: <\/p>\n\n\n\n<p class=\"wp-block-paragraph\">3. Dobu, kdy byla p\u0159\u00edslu\u0161n\u00e1 slu\u017eba \u010derp\u00e1na (datum, hodina): <\/p>\n\n\n\n<p class=\"wp-block-paragraph\">4. Zp\u016fsob \u00fahrady slu\u017eby: <\/p>\n\n\n\n<p class=\"wp-block-paragraph\">5. Kopie da\u0148ov\u00e9ho dokladu potvrzuj\u00edc\u00ed n\u00e1kup slu\u017eby: <\/p>\n\n\n\n<p class=\"wp-block-paragraph\">6. Popis reklamovan\u00e9 slu\u017eby, resp. v \u010dem nebyla spln\u011bna slu\u017eba <\/p>\n\n\n\n<p class=\"wp-block-paragraph\">7. Datum reklamace a podpis:<\/p>\n\n\n\n<p class=\"wp-block-paragraph\"><\/p>\n\n\n\n<p class=\"wp-block-paragraph\"><strong>Informace z\u00e1kazn\u00edkovi o v\u00fdsledku reklamace: <\/strong><br>Z\u00e1kazn\u00edk bude kontaktov\u00e1n ve lh\u016ft\u011b pro reklamaci p\u00edsemn\u011b nebo e-mailem o v\u00fdsledku reklama\u010dn\u00edho \u0159\u00edzen\u00ed. <\/p>\n\n\n\n<p class=\"wp-block-paragraph\"><\/p>\n\n\n\n<p class=\"wp-block-paragraph\"><strong>Vr\u00e1cen\u00ed platby za reklamovanou slu\u017ebu:<\/strong> <br>V p\u0159\u00edpad\u011b uzn\u00e1n\u00ed reklamace bude z\u00e1kazn\u00edkovi \u010d\u00e1stka za reklamovanou slu\u017ebu vr\u00e1cena n\u00e1sledovn\u011b.<br>1. N\u00e1hradn\u00edm \u010derp\u00e1n\u00edm stejn\u00e9 nebo podobn\u00e9 slu\u017eby v jin\u00e9m term\u00ednu. Po vz\u00e1jemn\u00e9 dohod\u011b. <\/p>\n\n\n\n<p class=\"wp-block-paragraph\">2. V hotovosti na recepci st\u011bny HUDY lezeck\u00e1 st\u011bna Brno. \u010c\u00e1stka bude vyplacena proti p\u00edsemn\u00e9mu potvrzen\u00ed o p\u0159evzet\u00ed vyplacen\u00e9 \u010d\u00e1stky. <\/p>\n\n\n\n<p class=\"wp-block-paragraph\">3. P\u0159evodem na \u00fa\u010det z\u00e1kazn\u00edka.<\/p>\n\n\n\n<div style=\"height:40px\" aria-hidden=\"true\" class=\"wp-block-spacer\"><\/div>\n\n\n\n<h3 class=\"wp-block-heading has-text-align-center\">Dodac\u00ed a platebn\u00ed podm\u00ednky<\/h3>\n\n\n\n<p class=\"wp-block-paragraph\">V\u0161echny slu\u017eby lezeck\u00e9 st\u011bny jsou zpoplatn\u011bny dle platn\u00e9ho cen\u00edku: <a href=\"http:\/\/www.hudysteny.cz\/brno\/cenik\">www.hudysteny.cz\/brno\/cenik<\/a> <\/p>\n\n\n\n<p class=\"wp-block-paragraph\">Platba za slu\u017eby, na lezeck\u00e9 st\u011bn\u011b HUDY lezeck\u00e1 st\u011bna Brno, je mo\u017en\u00e1 n\u00e1sleduj\u00edc\u00edmi zp\u016fsoby: <\/p>\n\n\n\n<ul class=\"wp-block-list\">\n<li>V hotovosti na recepci. Lze vyu\u017e\u00edt pro zaplacen\u00ed v\u0161ech slu\u017eeb. <\/li>\n\n\n\n<li>Platebn\u00ed kartou prost\u0159ednictv\u00edm termin\u00e1lu spole\u010dnosti ComGate Payments, a.s. na recepci. Lze vyu\u017e\u00edt pro zaplacen\u00ed v\u0161ech slu\u017eeb. <\/li>\n\n\n\n<li>Bankovn\u00edm p\u0159evodem. Bankovn\u00edm p\u0159evodem lze platit na z\u00e1klad\u011b vystaven\u00e9 faktury. <\/li>\n\n\n\n<li>Prost\u0159ednictv\u00edm platebn\u00ed br\u00e1ny spole\u010dnosti ComGate Payments, a.s. Lze vyu\u017e\u00edt pro dobit\u00ed kreditu. (Preferovan\u00e1 varianta)<\/li>\n<\/ul>\n\n\n\n<p class=\"wp-block-paragraph\"><\/p>\n\n\n\n<h5 class=\"wp-block-heading\">Kredit<\/h5>\n\n\n\n<ul class=\"wp-block-list\">\n<li>Pro zjednodu\u0161en\u00ed plateb a u\u0161et\u0159en\u00ed \u010dasu na recepci nab\u00edz\u00edme mo\u017enost dobit\u00ed kreditu, ze kter\u00e9ho je n\u00e1sledn\u011b mo\u017en\u00e9 hradit vstupy, p\u016fj\u010dovn\u00e9, lekce, platit ob\u010derstven\u00ed na baru a dal\u0161\u00ed.<\/li>\n\n\n\n<li>P\u0159i slo\u017een\u00e9m kreditu je mo\u017en\u00e9 \u010derpat vstupn\u00e9 automaticky bez nutnosti opakovan\u00fdch plateb na recepci. P\u0159i slo\u017een\u00ed kreditu \u010derp\u00e1 z\u00e1kazn\u00edk zv\u00fdhodn\u011bn\u00e9 vstupn\u00e9 (viz aktu\u00e1ln\u011b platn\u00fd cen\u00edk <a href=\"http:\/\/www.hudysteny.cz\/boulderkarlin\/cenik\"><\/a><a href=\"http:\/\/www.hudysteny.cz\/brno\/cenik\"><\/a><a href=\"http:\/\/www.hudysteny.cz\/brno\/cenik\">www.hudysteny.cz\/brno\/cenik<\/a>). Kredit lze uhradit mimo jin\u00e9 i prost\u0159ednictv\u00edm platebn\u00ed br\u00e1ny spole\u010dnosti ComGate Payments, a.s. Tuto mo\u017enost naleznete na va\u0161em osobn\u00edm \u00fa\u010dtu vytvo\u0159en\u00e9m p\u0159i registraci pod n\u00e1zvem &#8222;Dob\u00edt platebn\u00ed kartou&#8220;.<\/li>\n\n\n\n<li>Minim\u00e1ln\u00ed \u010d\u00e1stka slo\u017een\u00ed kreditu v hotovosti a kartou je 1000,- K\u010d. <\/li>\n\n\n\n<li>P\u0159i platb\u011b prost\u0159ednictv\u00edm platebn\u00ed br\u00e1ny nen\u00ed limit stanoven. <\/li>\n\n\n\n<li>Platnost kreditu je omezena na 24 m\u011bs\u00edc\u016f. Platnost slevy zalo\u017een\u00e9 na v\u00fd\u0161i kreditu je 365 dn\u00ed, tj. jeden kalend\u00e1\u0159n\u00ed rok.<\/li>\n\n\n\n<li>Kredit je mo\u017en\u00e9 pouze vy\u010derpat. Nelze jej vyplatit zp\u011bt!<\/li>\n<\/ul>\n","protected":false},"excerpt":{"rendered":"<p>Spole\u010dnost: HUDY lezeck\u00e1 st\u011bna Brno, V\u00edde\u0148sk\u00e1 297\/99, Brno \u2013 \u0160t\u00fd\u0159ice V\u0161eobecn\u00e9 obchodn\u00ed podm\u00ednky:Tyto obchodn\u00ed podm\u00ednky plat\u00ed pro n\u00e1kup slu\u017eeb a zbo\u017e\u00ed na provozovn\u011b HUDY lezeck\u00e1 st\u011bna Brno nebo p\u0159es str\u00e1nky www.hudysteny.cz\/brno\/ (prod\u00e1vaj\u00edc\u00ed), jeho\u017e provozovatelem je spole\u010dnost Boulder area s.r.o. Podm\u00ednky bl\u00ed\u017ee vymezuj\u00ed a up\u0159es\u0148uj\u00ed pr\u00e1va a povinnosti prod\u00e1vaj\u00edc\u00edho a jeho z\u00e1kazn\u00edk\u016f (spot\u0159ebitel\u016f, resp. kupuj\u00edc\u00edch). Kontaktn\u00ed [&hellip;]<\/p>\n","protected":false},"author":1,"featured_media":0,"parent":0,"menu_order":62,"comment_status":"closed","ping_status":"closed","template":"","meta":{"_acf_changed":false,"_crdt_document":"","footnotes":""},"class_list":["post-56","page","type-page","status-publish","hentry"],"acf":[],"_links":{"self":[{"href":"https:\/\/www.hudysteny.cz\/brno\/wp-json\/wp\/v2\/pages\/56","targetHints":{"allow":["GET"]}}],"collection":[{"href":"https:\/\/www.hudysteny.cz\/brno\/wp-json\/wp\/v2\/pages"}],"about":[{"href":"https:\/\/www.hudysteny.cz\/brno\/wp-json\/wp\/v2\/types\/page"}],"author":[{"embeddable":true,"href":"https:\/\/www.hudysteny.cz\/brno\/wp-json\/wp\/v2\/users\/1"}],"replies":[{"embeddable":true,"href":"https:\/\/www.hudysteny.cz\/brno\/wp-json\/wp\/v2\/comments?post=56"}],"version-history":[{"count":4,"href":"https:\/\/www.hudysteny.cz\/brno\/wp-json\/wp\/v2\/pages\/56\/revisions"}],"predecessor-version":[{"id":899,"href":"https:\/\/www.hudysteny.cz\/brno\/wp-json\/wp\/v2\/pages\/56\/revisions\/899"}],"wp:attachment":[{"href":"https:\/\/www.hudysteny.cz\/brno\/wp-json\/wp\/v2\/media?parent=56"}],"curies":[{"name":"wp","href":"https:\/\/api.w.org\/{rel}","templated":true}]}}