{"id":35,"date":"2023-06-22T16:09:05","date_gmt":"2023-06-22T14:09:05","guid":{"rendered":"https:\/\/dev-brno.hudysteny.cz\/?page_id=35"},"modified":"2026-03-16T15:27:45","modified_gmt":"2026-03-16T14:27:45","slug":"cenik","status":"publish","type":"page","link":"https:\/\/www.hudysteny.cz\/brno\/cenik\/","title":{"rendered":"Cen\u00edk"},"content":{"rendered":"\n<h2 class=\"wp-block-heading\">Vstupn\u00e9 a permanentky na st\u011bnu<\/h2>\n\n\n\n<p class=\"wp-block-paragraph\"><em>Pozn\u00e1mka: Vstupn\u00e9 na st\u011bnu zahrnuje i&nbsp;vstup na boulder.<\/em><\/p>\n\n\n\n<p class=\"wp-block-paragraph\">Pro uhrazen\u00ed vstupu na st\u011bnu je mo\u017en\u00e9 vyu\u017e\u00edt hotovost, platebn\u00ed kartu, vybran\u00e9 produkty pap\u00edrov\u00fdch pouk\u00e1zek&nbsp;SODEXO a EDENRED. Takt\u00e9\u017e je mo\u017en\u00e9 pou\u017e\u00edt pro \u00fahradu syst\u00e9m Benefit partner a Benefity a.s..<\/p>\n\n\n\n<p class=\"wp-block-paragraph\"><strong>V\u0161echny typy vstup\u016f jsou zv\u00fdhodn\u011bny pro dr\u017eitele HUDY partner karet, tuto kartu bezplatn\u011b z\u00edsk\u00e1v\u00e1te registrac\u00ed na&nbsp;<a href=\"https:\/\/www.hudy.cz\/registrace\" rel=\"noopener\">www.hudy.cz<\/a><\/strong><\/p>\n\n\n\n<figure class=\"wp-block-table\"><table><tbody><tr><td>Po &#8211; P\u00e1<\/td><td>8:00 &#8211; 15:00<\/td><td>15:00 &#8211; 22:00<\/td><\/tr><tr><td>So &#8211; Ne, sv\u00e1tky<\/td><td><\/td><td>08:00 &#8211; 22:00<\/td><\/tr><tr><td><\/td><td>normal \/&nbsp;<strong>HUDY partner&nbsp;<\/strong><\/td><td>normal \/&nbsp;<strong>HUDY partner&nbsp;<\/strong><\/td><\/tr><tr><td>Dosp\u011bl\u00ed<\/td><td>210,- K\u010d \/&nbsp;<strong>203,- K\u010d<\/strong><\/td><td>275,- K\u010d \/\u00a0<strong>266,- K\u010d<\/strong><\/td><\/tr><tr><td>Studenti*<\/td><td>185,- K\u010d \/&nbsp;<strong>179,- K\u010d<\/strong><\/td><td>240,- K\u010d \/\u00a0<strong>232,- K\u010d<\/strong><\/td><\/tr><tr><td>D\u011bti**<\/td><td>130,- K\u010d \/&nbsp;<strong>126,- K\u010d<\/strong><\/td><td>185,- K\u010d \/\u00a0<strong>179,- K\u010d<\/strong><\/td><\/tr><tr><td>Senio\u0159i (nad 60 let)<\/td><td>130,- K\u010d \/<strong>&nbsp;126,- K\u010d<\/strong><\/td><td>185,- K\u010d \/&nbsp;<strong>179,- K\u010d<\/strong><\/td><\/tr><tr><td>Rodinn\u00e9 vstupn\u00e9 ***&nbsp; &nbsp;&nbsp;<\/td><td>560,- K\u010d \/&nbsp;<strong>543,- K\u010d<\/strong><\/td><td>740,- K\u010d \/&nbsp;<strong>717,- K\u010d<\/strong><\/td><\/tr><tr><td>Jisti\u010d****<\/td><td>100,- K\u010d \/<strong>&nbsp;100,- K\u010d<\/strong><\/td><td>100,- K\u010d \/&nbsp;<strong>100,- K\u010d<\/strong><\/td><\/tr><\/tbody><\/table><\/figure>\n\n\n\n<p class=\"wp-block-paragraph\">* Studenti se mus\u00ed pro obdr\u017een\u00ed studentsk\u00e9ho vstupn\u00e9ho prok\u00e1zat pr\u016fkazem ISIC s platnou zn\u00e1mkou pro dan\u00fd kalend\u00e1\u0159n\u00ed rok<\/p>\n\n\n\n<p class=\"wp-block-paragraph\">**D\u011bti do 6 let v doprovodu plat\u00edc\u00edch rodi\u010d\u016f maj\u00ed vstup zdarma<\/p>\n\n\n\n<p class=\"wp-block-paragraph\">*** Rodinn\u00e9 vstupn\u00e9 zahrnuje dva dosp\u011bl\u00e9 + max. 3 d\u011bt\u00ed do 15 let<\/p>\n\n\n\n<p class=\"wp-block-paragraph\">**** Jist\u00edc\u00ed doprovod lezouc\u00edho d\u00edt\u011bte do 6 let<\/p>\n\n\n\n<p class=\"wp-block-paragraph\">Tarifn\u00ed p\u00e1smo plat\u00ed v okam\u017eiku \u00fahrady vstupn\u00e9ho.<\/p>\n\n\n\n<h2 class=\"wp-block-heading\">Permanentky na st\u011bnu<\/h2>\n\n\n\n<p class=\"wp-block-paragraph\">Studenti se p\u0159i vstupu se studentskou permanentkou mus\u00ed prok\u00e1zat&nbsp; pr\u016fkazem ISIC s platnou zn\u00e1mkou na dan\u00fd kalend\u00e1\u0159n\u00ed rok.<\/p>\n\n\n\n<figure class=\"wp-block-table\"><table><tbody><tr><td><\/td><td>Dosp\u011bl\u00ed<\/td><td>Studenti&nbsp; &nbsp;&nbsp;<\/td><td>&nbsp;D\u011bti\/Senio\u0159i &nbsp;<\/td><td>Platnost<\/td><\/tr><tr><td><\/td><td><strong>HUDY partner<\/strong>&nbsp;\/ normal<\/td><td><strong>HUDY partner<\/strong>&nbsp;\/ normal<\/td><td><strong>&nbsp;HUDY partner<\/strong>&nbsp;\/ normal &nbsp;<\/td><td><\/td><\/tr><tr><td>10 vstup\u016f&nbsp; &nbsp; &nbsp;&nbsp;<\/td><td><strong>2536,-&nbsp;K\u010d (1 vstup 254,- K\u010d)<\/strong>&nbsp;\/ 2615,- K\u010d &nbsp; &nbsp; (1 vstup 262,- K\u010d)<\/td><td><strong>2211,- K\u010d (1 vstup 221,- K\u010d)<\/strong>&nbsp;\/ 2280,- K\u010d (1 vstup 228,- K\u010d)<\/td><td><strong>1707,- K\u010d (1 vstup 171,-&nbsp;K\u010d)<\/strong>&nbsp;\/ 1760,- K\u010d (1 vstup 176,- K\u010d)<\/td><td>Rok od prodeje &nbsp; &nbsp;<\/td><\/tr><tr><td>20 vstup\u016f<\/td><td><strong>4801,- K\u010d (1 vstup 240,- K\u010d)<\/strong>&nbsp;\/ 4950,- K\u010d&nbsp;(1 vstup 248,- K\u010d)&nbsp; &nbsp;<\/td><td><strong>4190,-K\u010d (1 vstup 210,- K\u010d)<\/strong>&nbsp;\/ 4320,- K\u010d &nbsp;(1 vstup 216,- K\u010d)<\/td><td><\/td><td>Rok od prodeje<\/td><\/tr><tr><td>30 vstup\u016f<\/td><td><strong>6804,- K\u010d (1 vstup 227,- K\u010d)<\/strong>&nbsp;\/ 7015,- K\u010d&nbsp;(1 vstup 234,- K\u010d)<\/td><td><strong>5936,- K\u010d (1 vstup 198,- K\u010d)<\/strong>&nbsp;\/ 6120,- K\u010d &nbsp;(1 vstup 204,- K\u010d)<\/td><td>&nbsp; &nbsp; &nbsp; &nbsp; &nbsp; &nbsp; &nbsp; &nbsp; &nbsp;<\/td><td>Rok od prodeje<\/td><\/tr><\/tbody><\/table><\/figure>\n\n\n\n<h3 class=\"wp-block-heading\">Dopoledn\u00ed permanentky na st\u011bnu<\/h3>\n\n\n\n<p class=\"wp-block-paragraph\">Dopoledn\u00ed permanentky. Permanentka je platn\u00e1 ve&nbsp;<strong>v\u0161edn\u00ed dny pond\u011bl\u00ed a\u017e p\u00e1tek od 8 do 15:00.<\/strong>&nbsp;Permanentka je platn\u00e1 pouze pro dopoledn\u00ed vstupy, nen\u00ed mo\u017en\u00e9 ji kombinovat se vstupy v hlavn\u00edm n\u00e1v\u0161t\u011bvn\u00edm \u010dase od 15:00 do 22:00. Studenti se p\u0159i vyu\u017eit\u00ed permanentky mus\u00ed prok\u00e1zat pr\u016fkazem ISIC.<\/p>\n\n\n\n<figure class=\"wp-block-table\"><table><tbody><tr><td><\/td><td>Dosp\u011bl\u00ed<\/td><td>Studenti&nbsp; &nbsp;<\/td><td>D\u011bti\/Senio\u0159i &nbsp; &nbsp; &nbsp; &nbsp; &nbsp; &nbsp; &nbsp; &nbsp; &nbsp; &nbsp; &nbsp; &nbsp; &nbsp; &nbsp; &nbsp;&nbsp;<\/td><td>Platnost<\/td><\/tr><tr><td><\/td><td><strong>HUDY partner<\/strong>&nbsp;\/ normal<\/td><td><strong>HUDY partner<\/strong>&nbsp;\/ normal<\/td><td><strong>HUDY partner<\/strong>&nbsp;\/ normal &nbsp;&nbsp;&nbsp;<\/td><td><\/td><\/tr><tr><td>10 vstup\u016f&nbsp; &nbsp; &nbsp;&nbsp;<\/td><td><strong>1950,- K\u010d (1 vstup&nbsp; 195,- K\u010d)<\/strong>&nbsp;\/ 2000,- K\u010d (1 vstup 200,- K\u010d)<\/td><td><strong>1710,- K\u010d (1 vstup 171,-&nbsp;K\u010d)<\/strong>&nbsp;\/ 1760,- K\u010d (1 vstup 176,- K\u010d)<\/td><td><\/td><td>Rok od prodeje &nbsp; &nbsp;<\/td><\/tr><\/tbody><\/table><\/figure>\n\n\n\n<h2 class=\"wp-block-heading\">&nbsp;<\/h2>\n\n\n\n<h2 class=\"wp-block-heading\">Vstupn\u00e9 a permanentky na boulder<\/h2>\n\n\n\n<p class=\"wp-block-paragraph\"><em>Pozn\u00e1mka: Vstupn\u00e9 na boulder zahrnuje pouze vstup boulder.<\/em><\/p>\n\n\n\n<figure class=\"wp-block-table\"><table><tbody><tr><td>&nbsp;<\/td><td>&nbsp;<\/td><td>&nbsp;<\/td><\/tr><tr><td>Po &#8211; P\u00e1<\/td><td>8:00 &#8211; 15:00<\/td><td>15:00 &#8211; 22:00<\/td><\/tr><tr><td>So &#8211; Ne, sv\u00e1tky<\/td><td><\/td><td>10:00 &#8211; 22:00<\/td><\/tr><tr><td><\/td><td>normal \/&nbsp;<strong>HUDY partner<\/strong><\/td><td>normal \/&nbsp;<strong>HUDY partner<\/strong><\/td><\/tr><tr><td>Dosp\u011bl\u00ed<\/td><td>175,- K\u010d \/&nbsp;<strong>169,- K\u010d<\/strong><\/td><td>225,- K\u010d \/&nbsp;<strong>218,- K\u010d<\/strong><\/td><\/tr><tr><td>Studenti*<\/td><td>145,- K\u010d \/&nbsp;<strong>140,- K\u010d<\/strong><\/td><td>190,- K\u010d \/&nbsp;<strong>184,- K\u010d<\/strong><\/td><\/tr><tr><td>D\u011bti**<\/td><td>90,- K\u010d \/&nbsp;<strong>87,- K\u010d<\/strong><\/td><td>115,- K\u010d \/&nbsp;<strong>111,- K\u010d<\/strong><\/td><\/tr><tr><td>Senio\u0159i (nad 60 let)<\/td><td>90,- K\u010d \/&nbsp;<strong>87,- K\u010d<\/strong><\/td><td>115,- K\u010d \/&nbsp;<strong>111,- K\u010d<\/strong><\/td><\/tr><\/tbody><\/table><\/figure>\n\n\n\n<h2 class=\"wp-block-heading\">&nbsp;<\/h2>\n\n\n\n<h2 class=\"wp-block-heading\">Permanentky na boulder<\/h2>\n\n\n\n<p class=\"wp-block-paragraph\">Studenti se p\u0159i vstupu se studentskou permanentkou mus\u00ed prok\u00e1zat&nbsp; pr\u016fkazem ISIC s platnou zn\u00e1mkou na dan\u00fd kalend\u00e1\u0159n\u00ed rok.<\/p>\n\n\n\n<figure class=\"wp-block-table\"><table><tbody><tr><td><\/td><td>Dosp\u011bl\u00ed<\/td><td>Studenti<\/td><td>Platnost<\/td><\/tr><tr><td><\/td><td><strong>HUDY partner<\/strong>&nbsp;\/ normal<\/td><td><strong>HUDY partner<\/strong>&nbsp;\/ normal<\/td><td><\/td><\/tr><tr><td>10 vstup\u016f&nbsp; &nbsp; &nbsp;&nbsp;<\/td><td><strong>2072,-\u00a0K\u010d (1 vstup 207,- K\u010d)<\/strong>\u00a0\/ 2137,- K\u010d (1 vstup 214,- K\u010d)<\/td><td><strong>1750,- K\u010d (1 vstup 175,- K\u010d)<\/strong>\u00a0\/ 1805,- K\u010d \u00a0(1 vstup 181,- K\u010d)<\/td><td>Rok od prodeje &nbsp;<\/td><\/tr><\/tbody><\/table><\/figure>\n\n\n\n<h3 class=\"wp-block-heading\">Dopoledn\u00ed permanentky na boulder<\/h3>\n\n\n\n<p class=\"wp-block-paragraph\">Dopoledn\u00ed permanentky. Permanentka je platn\u00e1 ve&nbsp;<strong>v\u0161edn\u00ed dny pond\u011bl\u00ed a\u017e p\u00e1tek od 8 do 15 hodin.<\/strong>&nbsp;Permanentka je platn\u00e1 pouze pro dopoledn\u00ed vstupy, nen\u00ed mo\u017en\u00e9 ji kombinovat se vstupy v hlavn\u00edm n\u00e1v\u0161t\u011bvn\u00edm \u010dase od 15:00 do 22:00. Studenti se p\u0159i vyu\u017eit\u00ed permanentky mus\u00ed prok\u00e1zat pr\u016fkazem ISIC.<\/p>\n\n\n\n<figure class=\"wp-block-table\"><table><tbody><tr><td><\/td><td>Dosp\u011bl\u00ed<\/td><td>Studenti&nbsp; &nbsp;<\/td><td>Platnost<\/td><\/tr><tr><td><\/td><td><strong>HUDY partner<\/strong>&nbsp;\/ normal<\/td><td><strong>HUDY partner<\/strong>&nbsp;\/ normal<\/td><td><\/td><\/tr><tr><td>10 vstup\u016f&nbsp; &nbsp; &nbsp;&nbsp;<\/td><td><strong>1613,- K\u010d (1 vstup&nbsp; 161,- K\u010d)<\/strong>&nbsp;\/ 1663,- K\u010d (1 vstup 166,- K\u010d)<\/td><td><strong>1336,- K\u010d (1 vstup 134,-&nbsp;K\u010d)<\/strong>&nbsp;\/ 1378,- K\u010d&nbsp; (1 vstup 138,- K\u010d)<\/td><td>Rok od prodeje &nbsp; &nbsp;<\/td><\/tr><\/tbody><\/table><\/figure>\n\n\n\n<p class=\"wp-block-paragraph\">Uveden\u00e9 ceny jsou platn\u00e9 od 1.2.2026, zm\u011bny v cen\u00edku v pr\u016fb\u011bhu roku vyhrazeny.<\/p>\n\n\n\n<div style=\"height:80px\" aria-hidden=\"true\" class=\"wp-block-spacer\"><\/div>\n\n\n\n<div class=\"wp-block-group alignfull bg_seda pt_65 pb_65 has-global-padding is-layout-constrained wp-block-group-is-layout-constrained\">\n<div class=\"wp-block-group oteviracka has-global-padding is-layout-constrained wp-block-group-is-layout-constrained\">\n<div class=\"wp-block-columns is-layout-flex wp-container-core-columns-is-layout-9ba6dbca wp-block-columns-is-layout-flex\">\n<div class=\"wp-block-column is-layout-flow wp-block-column-is-layout-flow\">\n<h3 class=\"wp-block-heading\">Otev\u00edrac\u00ed doba<\/h3>\n\n\n\n<figure class=\"wp-block-table noborder\"><table><tbody><tr><td>Pond\u011bl\u00ed<\/td><td>8.00 &#8211; 22.00<\/td><\/tr><tr><td>\u00dater\u00fd<\/td><td>8.00 &#8211; 22.00<\/td><\/tr><tr><td>St\u0159eda<\/td><td>8.00 &#8211; 22.00<\/td><\/tr><tr><td>\u010ctvrtek<\/td><td>8.00 &#8211; 22.00<\/td><\/tr><tr><td>P\u00e1tek<\/td><td>8.00 &#8211; 22.00<\/td><\/tr><tr><td>Sobota a ned\u011ble<\/td><td>8.00 &#8211; 22.00<\/td><\/tr><\/tbody><\/table><\/figure>\n<\/div>\n\n\n\n<div class=\"wp-block-column is-layout-flow wp-block-column-is-layout-flow\">\n<h3 class=\"wp-block-heading\">Kde n\u00e1s najdete<\/h3>\n\n\n\n<p class=\"wp-block-paragraph\">HUDY lezeck\u00e1 st\u011bna Brno<br>V\u00edde\u0148sk\u00e1 297\/99<br>Brno \u2013 \u0160t\u00fd\u0159ice<br><br>Tel.: <a href=\"tel:+420733490019\">+420\u00a0733 490 019<\/a><br>email: <a href=\"mailto:stena.brno@hudy.cz\">stena.brno@hudy.cz<\/a><\/p>\n<\/div>\n\n\n\n<div class=\"wp-block-column is-layout-flow wp-block-column-is-layout-flow\">\n<h3 class=\"wp-block-heading\">Sledujte n\u00e1s<\/h3>\n\n\n\n<div class=\"wp-block-group social is-nowrap is-layout-flex wp-container-core-group-is-layout-9ba6dbca wp-block-group-is-layout-flex\">\n<figure class=\"wp-block-image size-full is-resized\"><a href=\"https:\/\/www.facebook.com\/HudyLezeckaStenaBrno\" target=\"_blank\" rel=\"noreferrer noopener\"><img decoding=\"async\" src=\"https:\/\/www.hudysteny.cz\/brno\/wp-content\/uploads\/2023\/07\/facebook-b.svg\" alt=\"\" class=\"wp-image-323\" style=\"object-fit:cover;width:32px;height:32px\"\/><\/a><\/figure>\n\n\n\n<figure class=\"wp-block-image size-full is-resized\"><a href=\"https:\/\/www.instagram.com\/hudystenabrno\/\" target=\"_blank\" rel=\"noreferrer noopener\"><img decoding=\"async\" src=\"https:\/\/www.hudysteny.cz\/brno\/wp-content\/uploads\/2023\/07\/instagram-b.svg\" alt=\"\" class=\"wp-image-326\" style=\"object-fit:cover;width:32px;height:32px\"\/><\/a><\/figure>\n<\/div>\n\n\n\n<div style=\"height:30px;width:0px\" aria-hidden=\"true\" class=\"wp-block-spacer mezera_25\"><\/div>\n\n\n\n<h3 class=\"wp-block-heading sms_info desktop_hidden\">Kudy k n\u00e1m?<\/h3>\n\n\n\n<p class=\"mb-0 wp-block-paragraph\">Najdete n\u00e1s na <a href=\"https:\/\/mapy.cz\/s\/cudosakeje\" data-type=\"link\" data-id=\"https:\/\/mapy.cz\/s\/cudosakeje\" target=\"_blank\" rel=\"noreferrer noopener\">Mapy.cz<\/a> nebo <a href=\"https:\/\/maps.app.goo.gl\/gtk6k5E9CTaRg4jC7\" data-type=\"link\" data-id=\"https:\/\/maps.app.goo.gl\/gtk6k5E9CTaRg4jC7\" target=\"_blank\" rel=\"noreferrer noopener\">Google<\/a><\/p>\n\n\n\n<div style=\"height:25px;width:0px\" aria-hidden=\"true\" class=\"wp-block-spacer mezera_25\"><\/div>\n<\/div>\n<\/div>\n<\/div>\n<\/div>\n","protected":false},"excerpt":{"rendered":"<p>Vstupn\u00e9 a permanentky na st\u011bnu Pozn\u00e1mka: Vstupn\u00e9 na st\u011bnu zahrnuje i&nbsp;vstup na boulder. Pro uhrazen\u00ed vstupu na st\u011bnu je mo\u017en\u00e9 vyu\u017e\u00edt hotovost, platebn\u00ed kartu, vybran\u00e9 produkty pap\u00edrov\u00fdch pouk\u00e1zek&nbsp;SODEXO a EDENRED. Takt\u00e9\u017e je mo\u017en\u00e9 pou\u017e\u00edt pro \u00fahradu syst\u00e9m Benefit partner a Benefity a.s.. V\u0161echny typy vstup\u016f jsou zv\u00fdhodn\u011bny pro dr\u017eitele HUDY partner karet, tuto kartu bezplatn\u011b [&hellip;]<\/p>\n","protected":false},"author":1,"featured_media":0,"parent":0,"menu_order":50,"comment_status":"closed","ping_status":"closed","template":"","meta":{"_acf_changed":false,"_crdt_document":"","footnotes":""},"class_list":["post-35","page","type-page","status-publish","hentry"],"acf":[],"_links":{"self":[{"href":"https:\/\/www.hudysteny.cz\/brno\/wp-json\/wp\/v2\/pages\/35","targetHints":{"allow":["GET"]}}],"collection":[{"href":"https:\/\/www.hudysteny.cz\/brno\/wp-json\/wp\/v2\/pages"}],"about":[{"href":"https:\/\/www.hudysteny.cz\/brno\/wp-json\/wp\/v2\/types\/page"}],"author":[{"embeddable":true,"href":"https:\/\/www.hudysteny.cz\/brno\/wp-json\/wp\/v2\/users\/1"}],"replies":[{"embeddable":true,"href":"https:\/\/www.hudysteny.cz\/brno\/wp-json\/wp\/v2\/comments?post=35"}],"version-history":[{"count":5,"href":"https:\/\/www.hudysteny.cz\/brno\/wp-json\/wp\/v2\/pages\/35\/revisions"}],"predecessor-version":[{"id":1254,"href":"https:\/\/www.hudysteny.cz\/brno\/wp-json\/wp\/v2\/pages\/35\/revisions\/1254"}],"wp:attachment":[{"href":"https:\/\/www.hudysteny.cz\/brno\/wp-json\/wp\/v2\/media?parent=35"}],"curies":[{"name":"wp","href":"https:\/\/api.w.org\/{rel}","templated":true}]}}