{"id":31,"date":"2023-06-22T16:07:09","date_gmt":"2023-06-22T14:07:09","guid":{"rendered":"https:\/\/dev-brno.hudysteny.cz\/?page_id=31"},"modified":"2025-11-11T19:04:09","modified_gmt":"2025-11-11T18:04:09","slug":"stena","status":"publish","type":"page","link":"https:\/\/www.hudysteny.cz\/brno\/","title":{"rendered":"Lezeck\u00e1 st\u011bna Brno"},"content":{"rendered":"\n<div class=\"wp-block-group oteviracka has-global-padding is-layout-constrained wp-block-group-is-layout-constrained\">\n<div class=\"wp-block-columns is-layout-flex wp-container-core-columns-is-layout-9ba6dbca wp-block-columns-is-layout-flex\">\n<div class=\"wp-block-column is-layout-flow wp-block-column-is-layout-flow\">\n<h3 class=\"wp-block-heading\">Otev\u00edrac\u00ed doba<\/h3>\n\n\n\n<figure class=\"wp-block-table noborder\"><table><tbody><tr><td>Pond\u011bl\u00ed<\/td><td>8.00 &#8211; 22.00<\/td><\/tr><tr><td>\u00dater\u00fd<\/td><td>8.00 &#8211; 22.00<\/td><\/tr><tr><td>St\u0159eda<\/td><td>8.00 &#8211; 22.00<\/td><\/tr><tr><td>\u010ctvrtek<\/td><td>8.00 &#8211; 22.00<\/td><\/tr><tr><td>P\u00e1tek<\/td><td>8.00 &#8211; 22.00<\/td><\/tr><tr><td>Sobota a ned\u011ble<\/td><td>8.00 &#8211; 22.00<\/td><\/tr><\/tbody><\/table><\/figure>\n<\/div>\n\n\n\n<div class=\"wp-block-column is-layout-flow wp-block-column-is-layout-flow\">\n<h3 class=\"wp-block-heading\">Kde n\u00e1s najdete<\/h3>\n\n\n\n<p class=\"wp-block-paragraph\">HUDY lezeck\u00e1 st\u011bna Brno<br>V\u00edde\u0148sk\u00e1 297\/99<br>Brno \u2013 \u0160t\u00fd\u0159ice<br><br>Tel.: <a href=\"tel:+420733490019\">+420\u00a0733 490 019<\/a><br>email: <a href=\"mailto:stena.brno@hudy.cz\">stena.brno@hudy.cz<\/a><\/p>\n<\/div>\n\n\n\n<div class=\"wp-block-column is-layout-flow wp-block-column-is-layout-flow\">\n<h3 class=\"wp-block-heading\">Sledujte n\u00e1s<\/h3>\n\n\n\n<div class=\"wp-block-group social is-nowrap is-layout-flex wp-container-core-group-is-layout-9ba6dbca wp-block-group-is-layout-flex\">\n<figure class=\"wp-block-image size-full is-resized\"><a href=\"https:\/\/www.facebook.com\/HudyLezeckaStenaBrno\" target=\"_blank\" rel=\"noreferrer noopener\"><img decoding=\"async\" src=\"https:\/\/www.hudysteny.cz\/brno\/wp-content\/uploads\/2023\/07\/facebook-b.svg\" alt=\"\" class=\"wp-image-323\" style=\"object-fit:cover;width:32px;height:32px\"\/><\/a><\/figure>\n\n\n\n<figure class=\"wp-block-image size-full is-resized\"><a href=\"https:\/\/www.instagram.com\/hudystenabrno\/\" target=\"_blank\" rel=\"noreferrer noopener\"><img decoding=\"async\" src=\"https:\/\/www.hudysteny.cz\/brno\/wp-content\/uploads\/2023\/07\/instagram-b.svg\" alt=\"\" class=\"wp-image-326\" style=\"object-fit:cover;width:32px;height:32px\"\/><\/a><\/figure>\n<\/div>\n\n\n\n<div style=\"height:30px;width:0px\" aria-hidden=\"true\" class=\"wp-block-spacer mezera_25\"><\/div>\n\n\n\n<h3 class=\"wp-block-heading sms_info desktop_hidden\">Kudy k n\u00e1m?<\/h3>\n\n\n\n<p class=\"mb-0 wp-block-paragraph\">Najdete n\u00e1s na <a href=\"https:\/\/mapy.cz\/s\/cudosakeje\" data-type=\"link\" data-id=\"https:\/\/mapy.cz\/s\/cudosakeje\" target=\"_blank\" rel=\"noreferrer noopener\">Mapy.cz<\/a> nebo <a href=\"https:\/\/maps.app.goo.gl\/gtk6k5E9CTaRg4jC7\" data-type=\"link\" data-id=\"https:\/\/maps.app.goo.gl\/gtk6k5E9CTaRg4jC7\" target=\"_blank\" rel=\"noreferrer noopener\">Google<\/a><\/p>\n\n\n\n<div style=\"height:25px;width:0px\" aria-hidden=\"true\" class=\"wp-block-spacer mezera_25\"><\/div>\n<\/div>\n<\/div>\n<\/div>\n\n\n\n<div style=\"height:65px\" aria-hidden=\"true\" class=\"wp-block-spacer mezera_65\"><\/div>\n\n\n\n<div class=\"wp-block-columns eq is-layout-flex wp-container-core-columns-is-layout-9ba6dbca wp-block-columns-is-layout-flex\">\n<div class=\"wp-block-column is-layout-flow wp-block-column-is-layout-flow\">\n<div class=\"wp-block-group box_cenik has-background has-global-padding is-layout-constrained wp-block-group-is-layout-constrained\" style=\"background-color:#f4f4f4\">\n<h2 class=\"wp-block-heading has-text-align-center\">Cen\u00edk<\/h2>\n\n\n\n<div class=\"wp-block-buttons is-content-justification-center is-layout-flex wp-container-core-buttons-is-layout-d9a36c2f wp-block-buttons-is-layout-flex\">\n<div class=\"wp-block-button zelena\"><a class=\"wp-block-button__link wp-element-button\" href=\"https:\/\/www.hudysteny.cz\/brno\/cenik\/\">V\u00edce informac\u00ed<\/a><\/div>\n<\/div>\n<\/div>\n<\/div>\n\n\n\n<div class=\"wp-block-column is-layout-flow wp-container-core-column-is-layout-2003d605 wp-block-column-is-layout-flow\">\n<div class=\"wp-block-group box_novinka has-background has-global-padding is-layout-constrained wp-container-core-group-is-layout-050dad78 wp-block-group-is-layout-constrained\" style=\"background-color:#f4f4f4\">\n<div class=\"wp-block-group inner_wrap has-global-padding is-layout-constrained wp-block-group-is-layout-constrained\">\n<h3 class=\"wp-block-heading has-text-align-center\">Novinky<\/h3>\n\n\n<div class=\"cff-wrapper\"><div class=\"cff-wrapper-ctn \" ><div id=\"cff\" data-char=\"400\" class=\"cff cff-theme-overlap  cff-mob-cols-1 cff-tab-cols-1  cff-palette-7 cff-timeline-feed cff-doing-gdpr cff-all-reviews cff-nojs \" style=\"width:100%; \" data-fb-text=\"Zobrazit na Facebooku\" data-offset=\"\" data-own-token=\"true\" data-grid-pag=\"cursor\" data-restricted=\"true\" data-lb-comments=\"false\" data-pag-num=\"8\" data-cff-shortcode=\"{&quot;feed&quot;: &quot;7&quot;}\" data-postid=\"31\" data-locatornonce=\"b20f16756a\" data-cff-theme=\"overlap\"  data-cff-flags=\"gdpr,overrideBlockCDN\"><svg width=\"24px\" height=\"24px\" version=\"1.1\" xmlns=\"http:\/\/www.w3.org\/2000\/svg\" xmlns:xlink=\"http:\/\/www.w3.org\/1999\/xlink\" class=\"cff-screenreader\" role=\"img\" aria-labelledby=\"metaSVGid metaSVGdesc\"><title id=\"metaSVGid\">Comments Box SVG icons<\/title><desc id=\"metaSVGdesc\">Used for the like, share, comment, and reaction icons<\/desc><defs><linearGradient id=\"angryGrad\" x1=\"0\" x2=\"0\" y1=\"0\" y2=\"1\"><stop offset=\"0%\" stop-color=\"#f9ae9e\" \/><stop offset=\"70%\" stop-color=\"#ffe7a4\" \/><\/linearGradient><linearGradient id=\"likeGrad\"><stop offset=\"25%\" stop-color=\"rgba(0,0,0,0.05)\" \/><stop offset=\"26%\" stop-color=\"rgba(255,255,255,0.7)\" \/><\/linearGradient><linearGradient id=\"likeGradHover\"><stop offset=\"25%\" stop-color=\"#a3caff\" \/><stop offset=\"26%\" stop-color=\"#fff\" \/><\/linearGradient><linearGradient id=\"likeGradDark\"><stop offset=\"25%\" stop-color=\"rgba(255,255,255,0.5)\" \/><stop offset=\"26%\" stop-color=\"rgba(255,255,255,0.7)\" \/><\/linearGradient><\/defs><\/svg><div class=\"cff-posts-wrap\"><div class=\"cff-item cff-photo-post cff-album author-hudy-lezeck-st-na-brno cff-1559914954240140 cff-new\" id=\"cff_1559914954240140_1548921050569812\" data-page-id=\"1559914954240140\" data-cff-timestamp=\"1775748611\" data-object-id=\"1548921050569812\" data-cff-from=\"1559914954240140\" style=\"border-bottom: 0px solid #fff; z-index: 17;\"><p  class=\"cff-post-text\">\n\t<span class=\"cff-text\" data-color=\"\">Chce\u0161 tohle tri\u010dko? \ud83d\udc55\ud83d\udd25<br \/>M\u016f\u017ee b\u00fdt tvoje!<br \/>Sta\u010d\u00ed p\u0159ij\u00edt z\u00e1vodit ve st\u0159edu 15. 4. \ud83e\uddd7\u200d\u2640\ufe0f<br \/><br \/>\ud83d\udc49 Tri\u010dka u\u017e jsou te\u010f na st\u011bn\u011b k vyzkou\u0161en\u00ed!<br \/>Zastav se na HUDY, omrkni je na\u017eivo a vyber si spr\u00e1vnou velikost \ud83d\udc4c<br \/><br \/>\ud83d\udcb8 Startovn\u00e9 do ned\u011ble jen 500 K\u010d<br \/>(ve startovn\u00e9m m\u00e1\u0161: tri\u010dko, odpoledn\u00ed vstup na st\u011bnu, ty\u010dinku i pivo\/limo \ud83d\ude4c)<br \/><br \/>\ud83d\udc49 Registrace: <a href=\"https:\/\/forms.gle\/fwZH3snuZMTEtqSC6\" rel=\"noopener\">forms.gle\/fwZH3snuZMTEtqSC6<\/a> \t<\/span>\n\t<span class=\"cff-expand\">... <a href=\"#\" ><span class=\"cff-more\">Zobrazit v\u00edce<\/span><span class=\"cff-less\">Zobrazit m\u00e9n\u011b<\/span><\/a><\/span>\n<\/p>\n<div class=\"cff-date  cff-date-below\" >\n\t 09. 04. 2026 <\/div>\n<div class=\"cff-meta-wrap\">\n\t<\/div>\n<\/div><div class=\"cff-item cff-photo-post author-hudy-lezeck-st-na-brno cff-1559914954240140 cff-new\" id=\"cff_1559914954240140_1547267624068488\" data-page-id=\"1559914954240140\" data-cff-timestamp=\"1775581321\" data-object-id=\"1547267607401823\" data-cff-from=\"1559914954240140\" style=\"border-bottom: 0px solid #fff; z-index: 16;\"><p  class=\"cff-post-text\">\n\t<span class=\"cff-text\" data-color=\"\">Budou z\u00e1vody na Hudy! A tentokr\u00e1t na lan\u011b! \ud83e\udea2St\u0159eda 15.4. od 15:30.<br \/>P\u0159ihla\u0161uj se tady \u27a1 <a href=\"https:\/\/1url.cz\/6eNav\" rel=\"noopener\">1url.cz\/6eNav<\/a><br \/>Na m\u00edst\u011b bude i testova\u010dka leze\u010dek La Sportiva. K vyzkou\u0161en\u00ed budou Ondra Comp, Skwama Lite a Solution ve velikostech 35 - 43.<br \/>P\u0159ihla\u0161 se a poj\u010f si s n\u00e1ma u\u017e\u00edt lezeck\u00e9 odpoledne \ud83d\udcaa\ud83d\udc9a \t<\/span>\n\t<span class=\"cff-expand\">... <a href=\"#\" ><span class=\"cff-more\">Zobrazit v\u00edce<\/span><span class=\"cff-less\">Zobrazit m\u00e9n\u011b<\/span><\/a><\/span>\n<\/p>\n<div class=\"cff-date  cff-date-below\" >\n\t 07. 04. 2026 <\/div>\n<div class=\"cff-meta-wrap\">\n\t<\/div>\n<\/div><div class=\"cff-item cff-photo-post author-hudy-lezeck-st-na-brno cff-1559914954240140 cff-new\" id=\"cff_1559914954240140_1542345577894026\" data-page-id=\"1559914954240140\" data-cff-timestamp=\"1775111437\" data-object-id=\"1542345564560694\" data-cff-from=\"1559914954240140\" style=\"border-bottom: 0px solid #fff; z-index: 15;\"><p  class=\"cff-post-text\">\n\t<span class=\"cff-text\" data-color=\"\">Dneska je zelen\u00fd \u010dtvrtek a my m\u00e1me zelen\u00fd pivo! \ud83c\udf7a \u2618\ufe0f P\u0159ij\u010f si zal\u00e9zt a dej si jedno \ud83d\ude09 \t<\/span>\n\t<span class=\"cff-expand\">... <a href=\"#\" ><span class=\"cff-more\">Zobrazit v\u00edce<\/span><span class=\"cff-less\">Zobrazit m\u00e9n\u011b<\/span><\/a><\/span>\n<\/p>\n<div class=\"cff-date  cff-date-below\" >\n\t 02. 04. 2026 <\/div>\n<div class=\"cff-meta-wrap\">\n\t<\/div>\n<\/div><div class=\"cff-item cff-photo-post author-hudy-lezeck-st-na-brno cff-1559914954240140 cff-new\" id=\"cff_1559914954240140_1537173148411269\" data-page-id=\"1559914954240140\" data-cff-timestamp=\"1774625421\" data-object-id=\"1537173121744605\" data-cff-from=\"1559914954240140\" style=\"border-bottom: 0px solid #fff; z-index: 14;\"><p  class=\"cff-post-text\">\n\t<span class=\"cff-text\" data-color=\"\">\u26a0 V are\u00e1lu HUDY st\u011bny v sobotu bude odst\u00e1vka vody. Je n\u00e1m to l\u00edto, ale od 8:00 do asi 16:00 v\u00e1m neud\u011bl\u00e1me kafe, sprchu si ned\u00e1te, z\u00e1chod bude na kybl\u00ed\u010dek  s vodou...<br \/>Ale m\u00e1me i dobr\u00e9 zpr\u00e1vy! M\u00e1me otev\u0159eno a v\u0161echny chyty budou st\u00e1le na sv\u00fdch m\u00edstech. Tak\u017ee rozhodn\u011b jste v\u00edt\u00e1ni! \ud83e\uddd7\u200d\u2640\ufe0f<br \/>I p\u0159i poln\u00edch podm\u00ednk\u00e1ch \ud83e\udd2b\ud83e\udd70 \t<\/span>\n\t<span class=\"cff-expand\">... <a href=\"#\" ><span class=\"cff-more\">Zobrazit v\u00edce<\/span><span class=\"cff-less\">Zobrazit m\u00e9n\u011b<\/span><\/a><\/span>\n<\/p>\n<div class=\"cff-date  cff-date-below\" >\n\t 27. 03. 2026 <\/div>\n<div class=\"cff-meta-wrap\">\n\t<\/div>\n<\/div><div class=\"cff-item cff-photo-post author-hudy-lezeck-st-na-brno cff-1559914954240140 cff-new\" id=\"cff_1559914954240140_1535193298609254\" data-page-id=\"1559914954240140\" data-cff-timestamp=\"1774456226\" data-object-id=\"1535193271942590\" data-cff-from=\"1559914954240140\" style=\"border-bottom: 0px solid #fff; z-index: 13;\"><p  class=\"cff-post-text\">\n\t<span class=\"cff-text\" data-color=\"\">V\u00edte, \u017ee m\u00e1me na HUDY st\u011bn\u011b i jednu sp\u00e1ru? \ud83e\udd32<br \/>\ud83d\udc38\u017d\u00e1ba tak akor\u00e1t. Co je ale novinka, \u017ee u n\u00e1s m\u00e1me zbrusu novou z\u00e1silku od  Bobra. Sp\u00e1rov\u00e9 rukavice k zap\u016fj\u010den\u00ed na baru. Ide\u00e1ln\u00ed i pro ty, kdo uva\u017euje o koupi a nemaj\u00ed si je kde zkusit. Velikosti v\u0161echny - od XS po L.<br \/>P\u0159ij\u010f vyzkou\u0161et! S\u00edla s V\u00e1mi!\ud83e\udd8b\ud83d\udc9a \t<\/span>\n\t<span class=\"cff-expand\">... <a href=\"#\" ><span class=\"cff-more\">Zobrazit v\u00edce<\/span><span class=\"cff-less\">Zobrazit m\u00e9n\u011b<\/span><\/a><\/span>\n<\/p>\n<div class=\"cff-date  cff-date-below\" >\n\t 25. 03. 2026 <\/div>\n<div class=\"cff-meta-wrap\">\n\t<\/div>\n<\/div><\/div><span class=\"cff_resized_image_data\" data-feedid=\"cff_155991495424015991495424014011mecs0000\" data-resized=\"[]\"><\/span><\/div><\/div><div class=\"cff-clear\"><\/div><\/div><style type=\"text\/css\">\n<\/style>\n\n\n<a class=\"novinky_link\" href=\"https:\/\/www.hudysteny.cz\/brno\/novinky\/\" title=\"Zobrazit novinky\" target=\"_parent\"><span>Zobrazit novinky<\/span><\/a>\n<\/div>\n<\/div>\n<\/div>\n<\/div>\n\n\n\n<div style=\"height:65px\" aria-hidden=\"true\" class=\"wp-block-spacer mezera_65\"><\/div>\n\n\n\n<h3 class=\"wp-block-heading has-text-align-center\">Z\u00e1kladn\u00ed parametry st\u011bny<\/h3>\n\n\n\n<p class=\"has-text-align-center wp-block-paragraph\">Hlavn\u00ed lezeck\u00e1 hala se rozkl\u00e1d\u00e1 na plo\u0161e&nbsp;<strong>60&nbsp;m x 12,5 m&nbsp;<\/strong>a nab\u00edz\u00ed lezeck\u00e9 linie v&nbsp;d\u00e9lce&nbsp;<strong>11,5 a\u017e 22 m<\/strong>. Poskytuje lezen\u00ed jak v&nbsp;uklon\u011bn\u00fdch strukturovan\u00fdch profilech, tak lezen\u00ed v&nbsp;profilech kolm\u00fdch a p\u0159evisl\u00fdch. P\u0159evislost hlavn\u00edho sportovn\u00edho profilu \u201eGrotta\u201c dosahuje \u00factyhodn\u00fdch&nbsp;<strong>8 m,&nbsp;<\/strong>u sportovn\u00edho profilu N\u00e1rodn\u00edho treninkov\u00e9ho centra pak 8,5 m a cesty v obt\u00ed\u017enosti a\u017e 9a stav\u011bn\u00e9 certifikovan\u00fdmi \u010desk\u00fdmi i zahrani\u010dn\u00edmi stav\u011b\u010di \u010cHS \/ IFSC. Celkem se zde na&nbsp;<strong>2700 m&nbsp;<\/strong>\u010dtvere\u010dn\u00edch lezeck\u00e9 plochy nach\u00e1z\u00ed&nbsp;<strong>125 lini\u00ed ji\u0161t\u011bn\u00ed<\/strong>. V z\u00e1v\u011bru \u010d\u00e1sti N\u00e1rodn\u00edho sportovn\u00edho centra jsou&nbsp;<strong>dv\u011b certifikovan\u00e9 dr\u00e1hy na rychlolezen\u00ed&nbsp;<\/strong>v\u010detn\u011b samonavij\u00e1k\u016f a \u010dasom\u00edry.&nbsp;<strong>Celkem 18 jist\u00edc\u00edh lini\u00ed je vykryto jist\u00edc\u00edmi samonavij\u00e1ky<\/strong>.<\/p>\n\n\n\n<p class=\"wp-block-paragraph\">Boulderingov\u00e1 st\u011bna o plo\u0161e 400 m \u010dtvere\u010dn\u00edch a v\u00fd\u0161ce 4,5 m nab\u00edz\u00ed&nbsp;<strong>90-110 stav\u011bn\u00fdch<\/strong>&nbsp;barevn\u011b odli\u0161en\u00fdch bouldr\u016f v obt\u00ed\u017enostech&nbsp;<strong>V0-V10<\/strong>.<\/p>\n\n\n\n<div style=\"height:45px\" aria-hidden=\"true\" class=\"wp-block-spacer mezera_45\"><\/div>\n\n\n\n<div class=\"wp-block-buttons is-content-justification-center is-layout-flex wp-container-core-buttons-is-layout-9b8700ad wp-block-buttons-is-layout-flex\" style=\"margin-top:0;margin-bottom:0\">\n<div class=\"wp-block-button seda\"><a class=\"wp-block-button__link wp-element-button\" href=\"http:\/\/www.climbhere.cz\/cs\/10001-hudy-lezecka-stena-brno\/cesty\" target=\"_blank\" rel=\"noreferrer noopener\">Seznam cest<\/a><\/div>\n\n\n\n<div class=\"wp-block-button seda\"><a class=\"wp-block-button__link wp-element-button\" href=\"http:\/\/www.climbhere.cz\/cs\/10001-hudy-lezecka-stena-brno\/bouldery\" target=\"_blank\" rel=\"noreferrer noopener\">Seznam boulder\u016f<\/a><\/div>\n<\/div>\n\n\n\n<div style=\"height:65px\" aria-hidden=\"true\" class=\"wp-block-spacer mezera_65\"><\/div>\n\n\n\n<div class=\"wp-block-group alignfull bg_seda has-global-padding is-layout-constrained wp-block-group-is-layout-constrained\">\n        <div id=\"prodejny\">\n            <h2>Nejbli\u017e\u0161\u00ed HUDY prodejny<\/h2>\n            <div class=\"innerwrap owl-carousel owl-theme\">\n        <div class=\"item\">\n            <h3><a href=\"https:\/\/www.hudy.cz\/hudysport-brno-veveri\" target=\"_blank\" rel=\"noopener\">Brno Veve\u0159\u00ed<\/a><\/h3>\n            <!-- wp:paragraph -->\n<p>Veve\u0159\u00ed 13<br>602 00 Brno 2<\/p>\n<!-- \/wp:paragraph -->\n            <a href=\"tel:+420 733 147 683\">+420 733 147 683<\/a><br>\n            <a href=\"mailto:brno.veveri@hudy.cz\">brno.veveri@hudy.cz<\/a><br>\n            <a href=\"https:\/\/www.hudy.cz\/hudysport-brno-veveri\" target=\"_blank\" class=\"btn btn--ghost\" rel=\"noopener\"><span class=\"btn__inner\">V\u00edce o prodejn\u011b<\/span><\/a><br>\n        <\/div>\n        <div class=\"item\">\n            <h3><a href=\"https:\/\/www.hudy.cz\/hudysport-brno-starobrnenska\" target=\"_blank\" rel=\"noopener\">Brno Starobrn\u011bnsk\u00e1<\/a><\/h3>\n            <!-- wp:paragraph -->\n<p>Starobrn\u011bnsk\u00e1 6<br>602 00 Brno 2<\/p>\n<!-- \/wp:paragraph -->\n            <a href=\"tel:+420 604 294 374\">+420 604 294 374<\/a><br>\n            <a href=\"mailto:brno.starobrnenska@hudy.cz\">brno.starobrnenska@hudy.cz<\/a><br>\n            <a href=\"https:\/\/www.hudy.cz\/hudysport-brno-starobrnenska\" target=\"_blank\" class=\"btn btn--ghost\" rel=\"noopener\"><span class=\"btn__inner\">V\u00edce o prodejn\u011b<\/span><\/a><br>\n        <\/div>\n        <div class=\"item\">\n            <h3><a href=\"https:\/\/www.hudy.cz\/hudysport-zlin\" target=\"_blank\" rel=\"noopener\">Zl\u00edn<\/a><\/h3>\n            <!-- wp:paragraph -->\n<p>Vodn\u00ed 453<br>760 01 Zl\u00edn<\/p>\n<!-- \/wp:paragraph -->\n            <a href=\"tel:+420 602 700 012\">+420 602 700 012<\/a><br>\n            <a href=\"mailto:zlin@hudy.cz\">zlin@hudy.cz<\/a><br>\n            <a href=\"https:\/\/www.hudy.cz\/hudysport-zlin\" target=\"_blank\" class=\"btn btn--ghost\" rel=\"noopener\"><span class=\"btn__inner\">V\u00edce o prodejn\u011b<\/span><\/a><br>\n        <\/div>\n        <div class=\"item\">\n            <h3><a href=\"https:\/\/www.hudy.cz\/hudysport-olomouc\" target=\"_blank\" rel=\"noopener\">Olomouc<\/a><\/h3>\n            <!-- wp:paragraph -->\n<p>Ostru\u017enick\u00e1 19<br>779 00 Olomouc<\/p>\n<!-- \/wp:paragraph -->\n            <a href=\"tel:+420 731 685 697\">+420 731 685 697<\/a><br>\n            <a href=\"mailto:olomouc@hudy.cz\">olomouc@hudy.cz<\/a><br>\n            <a href=\"https:\/\/www.hudy.cz\/hudysport-olomouc\" target=\"_blank\" class=\"btn btn--ghost\" rel=\"noopener\"><span class=\"btn__inner\">V\u00edce o prodejn\u011b<\/span><\/a><br>\n        <\/div>\n        <div class=\"item\">\n            <h3><a href=\"https:\/\/www.hudy.cz\/hudysport-jihlava\" target=\"_blank\" rel=\"noopener\">Jihlava<\/a><\/h3>\n            <!-- wp:paragraph -->\n<p>Kosm\u00e1kova 21<br>586 01 Jihlava<\/p>\n<!-- \/wp:paragraph -->\n            <a href=\"tel:+420 567 312 233\">+420 567 312 233<\/a><br>\n            <a href=\"mailto:jihlava@hudy.cz\">jihlava@hudy.cz<\/a><br>\n            <a href=\"https:\/\/www.hudy.cz\/hudysport-jihlava\" target=\"_blank\" class=\"btn btn--ghost\" rel=\"noopener\"><span class=\"btn__inner\">V\u00edce o prodejn\u011b<\/span><\/a><br>\n        <\/div><\/div>\n        <\/div>\n<\/div>\n","protected":false},"excerpt":{"rendered":"<p>Cen\u00edk Novinky Z\u00e1kladn\u00ed parametry st\u011bny Hlavn\u00ed lezeck\u00e1 hala se rozkl\u00e1d\u00e1 na plo\u0161e&nbsp;60&nbsp;m x 12,5 m&nbsp;a nab\u00edz\u00ed lezeck\u00e9 linie v&nbsp;d\u00e9lce&nbsp;11,5 a\u017e 22 m. Poskytuje lezen\u00ed jak v&nbsp;uklon\u011bn\u00fdch strukturovan\u00fdch profilech, tak lezen\u00ed v&nbsp;profilech kolm\u00fdch a p\u0159evisl\u00fdch. P\u0159evislost hlavn\u00edho sportovn\u00edho profilu \u201eGrotta\u201c dosahuje \u00factyhodn\u00fdch&nbsp;8 m,&nbsp;u sportovn\u00edho profilu N\u00e1rodn\u00edho treninkov\u00e9ho centra pak 8,5 m a cesty v obt\u00ed\u017enosti a\u017e [&hellip;]<\/p>\n","protected":false},"author":1,"featured_media":0,"parent":0,"menu_order":1,"comment_status":"closed","ping_status":"closed","template":"","meta":{"_acf_changed":false,"_crdt_document":"","footnotes":""},"class_list":["post-31","page","type-page","status-publish","hentry"],"acf":[],"_links":{"self":[{"href":"https:\/\/www.hudysteny.cz\/brno\/wp-json\/wp\/v2\/pages\/31","targetHints":{"allow":["GET"]}}],"collection":[{"href":"https:\/\/www.hudysteny.cz\/brno\/wp-json\/wp\/v2\/pages"}],"about":[{"href":"https:\/\/www.hudysteny.cz\/brno\/wp-json\/wp\/v2\/types\/page"}],"author":[{"embeddable":true,"href":"https:\/\/www.hudysteny.cz\/brno\/wp-json\/wp\/v2\/users\/1"}],"replies":[{"embeddable":true,"href":"https:\/\/www.hudysteny.cz\/brno\/wp-json\/wp\/v2\/comments?post=31"}],"version-history":[{"count":4,"href":"https:\/\/www.hudysteny.cz\/brno\/wp-json\/wp\/v2\/pages\/31\/revisions"}],"predecessor-version":[{"id":689,"href":"https:\/\/www.hudysteny.cz\/brno\/wp-json\/wp\/v2\/pages\/31\/revisions\/689"}],"wp:attachment":[{"href":"https:\/\/www.hudysteny.cz\/brno\/wp-json\/wp\/v2\/media?parent=31"}],"curies":[{"name":"wp","href":"https:\/\/api.w.org\/{rel}","templated":true}]}}