{"id":971,"date":"2023-11-14T11:59:34","date_gmt":"2023-11-14T10:59:34","guid":{"rendered":"https:\/\/dev-brno.hudysteny.cz\/clubs-and-lessons\/hudy-climbing-academy\/"},"modified":"2026-02-07T09:34:56","modified_gmt":"2026-02-07T08:34:56","slug":"hudy-climbing-academy","status":"publish","type":"page","link":"https:\/\/www.hudysteny.cz\/brno\/en\/clubs-and-lessons\/hudy-climbing-academy\/","title":{"rendered":"HUDY Climbing Academy pro jaro 2026"},"content":{"rendered":"\n<h2 class=\"wp-block-heading\">Start 16.2.2026, end 27.5.2026<\/h2>\n\n<p class=\"wp-block-paragraph\"><\/p>\n\n<h3 class=\"wp-block-heading\">Monday 19:00 &#8211; 21:00 For advanced participants (not beginners)<\/h3>\n\n<h3 class=\"wp-block-heading\">Wednesday 19:00 &#8211; 21:00 For advanced participants (not beginners)<\/h3>\n\n<h3 class=\"wp-block-heading\">Update time and date of start<\/h3>\n\n<p class=\"wp-block-paragraph\"><strong>Do you climb but would like to learn more about climbing and mountaineering?<\/strong><\/p>\n\n<p class=\"wp-block-paragraph\"><strong>Are you climbing but sometimes you&#8217;re a bit shaky and unsure?<\/strong><\/p>\n\n<p class=\"wp-block-paragraph\"><strong>Are you climbing, but belaying, falling, tying everything around you makes your head spin, let alone working with material for your own belay?<\/strong><\/p>\n\n<p class=\"wp-block-paragraph\"><strong>Are you climbing on the wall but want to move out?<\/strong><\/p>\n\n<p class=\"wp-block-paragraph\"><strong>Do you have a problem to move up in climbing, to improve your technique, or to give your training the appropriate framework?<\/strong><\/p>\n\n<p class=\"wp-block-paragraph\"><strong>Then the HUDY Climbing Academy could be for you.<\/strong><\/p>\n\n<h3 class=\"wp-block-heading\">What is HUDY Climbing Academy<\/h3>\n\n<p class=\"wp-block-paragraph\">Half-year course of climbing on an artificial wall, where you will also learn things for the rocks.<\/p>\n\n<p class=\"wp-block-paragraph\">During the course we will climb, you will learn about the correct climbing movement, bouldering and endurance training, we will practice the methodology. Establishing, securing, refreshing the used, news and techtips for the future.<\/p>\n\n<p class=\"wp-block-paragraph\">We will use our new climbing polygon, you will learn how to conquer, rappel and many useful things for moving on the artificial wall, but also outside it.<\/p>\n\n<p class=\"wp-block-paragraph\">In the beginners group we will go over things from the basics, some repetition of basic things, but also new techniques.  <\/p>\n\n<p class=\"wp-block-paragraph\">Ve skupin\u011b pokro\u010dil\u00ed nav\u00e1\u017eeme na pololet\u00ed za\u010d\u00e1te\u010dnick\u00e9ho kurzu, budeme se v\u011bnovat dal\u0161\u00edmu rozvoji lezeck\u00e9 techniky jak na boulderu, tak lan\u011b. V\u00edce se zam\u011b\u0159\u00edme na problematiku v\u00edced\u00e9lek (upevn\u00edme a rozvineme pr\u00e1ci na \u0161tandu, zejm\u00e9na st\u0159\u00edd\u00e1n\u00ed a ji\u0161t\u011bn\u00ed prvolezce ze stanovi\u0161t\u011b), skaln\u00ed z\u00e1chrany a sebez\u00e1chrany. Daleko v\u00edc bude v\u0161e sm\u011b\u0159ov\u00e1no k pohybu ve skal\u00e1ch. Sezn\u00e1m\u00edte se se sportovn\u00edm drytoolingem, \u010dek\u00e1 v\u00e1s v\u00fdjezd do skal.   <\/p>\n\n<p class=\"wp-block-paragraph\">In the training group we will focus on developing your climbing skills and laying the foundations for your regular training.<\/p>\n\n<p class=\"wp-block-paragraph\">The whole course is covered by an experienced sport and mountain climber, mountain guide Radek Lienerth. The actual teaching is then led by members of the Czech Association of Mountain Leaders in Education, instructors and trainers of HUDY climbing wall Brno.<\/p>\n\n<p class=\"wp-block-paragraph\"><\/p>\n\n<h3 class=\"wp-block-heading\">Since when, until when, what would?<\/h3>\n\n<p class=\"wp-block-paragraph\">There is one group for the course, with a maximum of 8 participants.  <\/p>\n\n<p class=\"wp-block-paragraph\">Startujeme v t\u00fddnu od pond\u011bl\u00ed <strong>16.2.2026<\/strong> a v\u00fduku, kter\u00e1 prob\u011bhne ve v\u0161ech t\u00fddnech <strong>krom\u011b sv\u00e1tk\u016f <\/strong>(<strong>6.4.2026 velikono\u010dn\u00ed pond\u011bl\u00ed <\/strong>), zakon\u010d\u00edme v t\u00fddnu od <strong>25.5.2026<\/strong>. <\/p>\n\n<p class=\"wp-block-paragraph\">course instruction, wall entry fees, one day of climbing in rock areas in the vicinity of Brno, rental of the necessary equipment, and VAT.<br\/> Each course participant is entitled to a 15% discount on all products in our climbing equipment shop for the entire course.<\/p>\n\n<p class=\"wp-block-paragraph\">Main topics for the course:<\/p>\n\n<ul class=\"wp-block-list\">\n<li>Advanced climbing movement \u2013 bouldering and indoor climbing<\/li>\n\n\n\n<li>basics sigle and multipitch climbing<\/li>\n\n\n\n<li>belaying using HMS, ATC and braking force aids<\/li>\n\n\n\n<li>practice of falling and catching a fall<\/li>\n\n\n\n<li>rescue technics and selfrescue technics in rock climbing terrain<\/li>\n\n\n\n<li>The course is designed to prepare participants for full independence in indoor climbing facilities and in outdoor sport climbing areas.<\/li>\n\n\n\n<li>building on the right foundations<\/li>\n<\/ul>\n\n<h3 class=\"wp-block-heading\">Login<\/h3>\n\n<p class=\"wp-block-paragraph\">The only condition for admission to the HCA beginners course is an interest in learning and climbing. Previous experience may be an advantage, but is not essential. <\/p>\n\n<p class=\"wp-block-paragraph\">The prerequisite for admission to the HCA TRAINING course is the knowledge and skill of belaying, belaying and safe climbing on the first<\/p>\n\n<p class=\"wp-block-paragraph\"><\/p>\n\n<p class=\"wp-block-paragraph\"><\/p>\n\n<p class=\"wp-block-paragraph\"><strong><a href=\"https:\/\/forms.gle\/kXNKBsT8HjZ4LUNt8\" rel=\"noopener\">On line application form<\/a><\/strong><\/p>\n\n<figure class=\"wp-block-table\"><table><tbody><tr><td>HCA \u2013 Mondays + one-day outdoor climbing trip in the Brno area<br\/>A multi-day trip to climbing areas in Slovenia or Croatia can be arranged separately and is not included in the course price.<\/td><td>19:00 &#8211; 21:00<\/td><td>8500,-K\u010d<\/td><\/tr><tr><td>HCA \u2013 Wednesday + one-day outdoor climbing trip in the Brno area<br\/>A multi-day trip to climbing areas in Slovenia or Croatia can be arranged separately and is not included in the course price.<br\/><br\/><\/td><td>19:00 &#8211; 21:00<\/td><td>8500,-K\u010d<\/td><\/tr><tr><td><\/td><td><\/td><td><\/td><\/tr><\/tbody><\/table><\/figure>\n\n<p class=\"wp-block-paragraph\">Once you have submitted your application, you will be issued with an invoice, please pay according to its instructions<\/p>\n\n<figure class=\"wp-block-gallery has-nested-images columns-3 is-cropped wp-block-gallery-1 is-layout-flex wp-block-gallery-is-layout-flex\">\n<figure class=\"wp-block-image size-large\"><img loading=\"lazy\" decoding=\"async\" width=\"321\" height=\"241\" data-id=\"941\" src=\"https:\/\/www.hudysteny.cz\/brno\/wp-content\/uploads\/2023\/11\/csm_20151106_182712_81a3bdde84.jpg\" alt=\"Try new things\" class=\"wp-image-941\" srcset=\"https:\/\/www.hudysteny.cz\/brno\/wp-content\/uploads\/2023\/11\/csm_20151106_182712_81a3bdde84.jpg 321w, https:\/\/www.hudysteny.cz\/brno\/wp-content\/uploads\/2023\/11\/csm_20151106_182712_81a3bdde84-300x225.jpg 300w\" sizes=\"auto, (max-width: 321px) 100vw, 321px\" \/><figcaption class=\"wp-element-caption\">Try new things<\/figcaption><\/figure>\n\n\n\n<figure class=\"wp-block-image size-large\"><img loading=\"lazy\" decoding=\"async\" width=\"321\" height=\"241\" data-id=\"944\" src=\"https:\/\/www.hudysteny.cz\/brno\/wp-content\/uploads\/2023\/11\/csm_IMG_0506_5531a8aa01.jpg\" alt=\"You will gain strength and technique\" class=\"wp-image-944\" srcset=\"https:\/\/www.hudysteny.cz\/brno\/wp-content\/uploads\/2023\/11\/csm_IMG_0506_5531a8aa01.jpg 321w, https:\/\/www.hudysteny.cz\/brno\/wp-content\/uploads\/2023\/11\/csm_IMG_0506_5531a8aa01-300x225.jpg 300w\" sizes=\"auto, (max-width: 321px) 100vw, 321px\" \/><figcaption class=\"wp-element-caption\">You will gain strength and technique<\/figcaption><\/figure>\n\n\n\n<figure class=\"wp-block-image size-large\"><img loading=\"lazy\" decoding=\"async\" width=\"321\" height=\"181\" data-id=\"947\" src=\"https:\/\/www.hudysteny.cz\/brno\/wp-content\/uploads\/2023\/11\/csm_IMG_1101_cecb3b04a9.jpg\" alt=\"You'll appreciate good habits outdoors too\" class=\"wp-image-947\" srcset=\"https:\/\/www.hudysteny.cz\/brno\/wp-content\/uploads\/2023\/11\/csm_IMG_1101_cecb3b04a9.jpg 321w, https:\/\/www.hudysteny.cz\/brno\/wp-content\/uploads\/2023\/11\/csm_IMG_1101_cecb3b04a9-300x169.jpg 300w\" sizes=\"auto, (max-width: 321px) 100vw, 321px\" \/><figcaption class=\"wp-element-caption\">You&#8217;ll appreciate good habits outdoors too<\/figcaption><\/figure>\n<\/figure>\n","protected":false},"excerpt":{"rendered":"<p>Start 16.2.2026, end 27.5.2026 Monday 19:00 &#8211; 21:00 For advanced participants (not beginners) Wednesday 19:00 &#8211; 21:00 For advanced participants (not beginners) Update time and date of start Do you climb but would like to learn more about climbing and mountaineering? Are you climbing but sometimes you&#8217;re a bit shaky and unsure? Are you climbing, [&hellip;]<\/p>\n","protected":false},"author":1,"featured_media":0,"parent":723,"menu_order":28,"comment_status":"closed","ping_status":"closed","template":"","meta":{"_acf_changed":false,"_crdt_document":"","footnotes":""},"class_list":["post-971","page","type-page","status-publish","hentry"],"acf":[],"_links":{"self":[{"href":"https:\/\/www.hudysteny.cz\/brno\/en\/wp-json\/wp\/v2\/pages\/971","targetHints":{"allow":["GET"]}}],"collection":[{"href":"https:\/\/www.hudysteny.cz\/brno\/en\/wp-json\/wp\/v2\/pages"}],"about":[{"href":"https:\/\/www.hudysteny.cz\/brno\/en\/wp-json\/wp\/v2\/types\/page"}],"author":[{"embeddable":true,"href":"https:\/\/www.hudysteny.cz\/brno\/en\/wp-json\/wp\/v2\/users\/1"}],"replies":[{"embeddable":true,"href":"https:\/\/www.hudysteny.cz\/brno\/en\/wp-json\/wp\/v2\/comments?post=971"}],"version-history":[{"count":5,"href":"https:\/\/www.hudysteny.cz\/brno\/en\/wp-json\/wp\/v2\/pages\/971\/revisions"}],"predecessor-version":[{"id":1252,"href":"https:\/\/www.hudysteny.cz\/brno\/en\/wp-json\/wp\/v2\/pages\/971\/revisions\/1252"}],"up":[{"embeddable":true,"href":"https:\/\/www.hudysteny.cz\/brno\/en\/wp-json\/wp\/v2\/pages\/723"}],"wp:attachment":[{"href":"https:\/\/www.hudysteny.cz\/brno\/en\/wp-json\/wp\/v2\/media?parent=971"}],"curies":[{"name":"wp","href":"https:\/\/api.w.org\/{rel}","templated":true}]}}