{"id":753,"date":"2023-06-22T16:09:05","date_gmt":"2023-06-22T14:09:05","guid":{"rendered":"https:\/\/dev-brno.hudysteny.cz\/price-list\/"},"modified":"2026-02-07T09:39:34","modified_gmt":"2026-02-07T08:39:34","slug":"price-list","status":"publish","type":"page","link":"https:\/\/www.hudysteny.cz\/brno\/en\/price-list\/","title":{"rendered":"Price list"},"content":{"rendered":"\n<h2 class=\"wp-block-heading\">Admission and season tickets for the wall<\/h2>\n\n<p class=\"wp-block-paragraph\"><em>Note: Admission to the wall includes entry to the bouldering area.<\/em><\/p>\n\n<p class=\"wp-block-paragraph\">Cash, credit card, selected SODEXO and EDENRED paper voucher products can be used to pay for entry to the wall. It is also possible to use the Benefit partner and Benefity a.s. system for payment.<\/p>\n\n<p class=\"wp-block-paragraph\"><strong>All types of admissions are discounted for HUDY partner card holders, you can get this card for free by registering at <a href=\"https:\/\/www.hudy.cz\/registrace\" rel=\"noopener\">www.hudy.cz<\/a><\/strong><\/p>\n\n<figure class=\"wp-block-table\"><table><tbody><tr><td>Mon &#8211; Fri<\/td><td>8:00 &#8211; 15:00<\/td><td>15:00 &#8211; 22:00<\/td><\/tr><tr><td>Sat &#8211; Sun, holidays<\/td><td><\/td><td>08:00 &#8211; 22:00<\/td><\/tr><tr><td><\/td><td>normal \/ <strong>HUDY partner <\/strong> <\/td><td>normal \/ <strong>HUDY partner <\/strong> <\/td><\/tr><tr><td>Adults<\/td><td>210,- K\u010d \/ 203,- K\u010d<br\/><\/td><td>275,- K\u010d \/ <strong>256,- K\u010d<\/strong><\/td><\/tr><tr><td>Students*<\/td><td>185,- K\u010d \/ <strong>179,- K\u010d<\/strong><\/td><td>240,- K\u010d \/ <strong>209,- K\u010d<\/strong><\/td><\/tr><tr><td>Children**<\/td><td>130,- K\u010d \/ <strong>126,- K\u010d<\/strong><\/td><td>185,- K\u010d \/ <strong>156,- K\u010d<\/strong><\/td><\/tr><tr><td>Seniors (over 60 years)<\/td><td>130,- K\u010d \/<strong> 126,- K\u010d<\/strong><\/td><td>185,- K\u010d \/ <strong>179,- K\u010d<\/strong><\/td><\/tr><tr><td>Family admission *** <\/td><td>560,- K\u010d \/ <strong>543,- K\u010d<\/strong><\/td><td>740,- K\u010d \/ <strong>717,- K\u010d<\/strong><\/td><\/tr><tr><td>Belayer****<\/td><td>100,- K\u010d \/<strong> 100,- K\u010d<\/strong><\/td><td>100,- K\u010d \/ <strong>100,- K\u010d<\/strong><\/td><\/tr><\/tbody><\/table><\/figure>\n\n<p class=\"wp-block-paragraph\">* Students must present their ISIC card with a valid stamp for the calendar year to receive the student admission fee<\/p>\n\n<p class=\"wp-block-paragraph\">**Children up to 6 years of age accompanied by paying parents are admitted free of charge<\/p>\n\n<p class=\"wp-block-paragraph\">*** Family admission includes two adults + max. 3 children under 15<\/p>\n\n<p class=\"wp-block-paragraph\">**** Belay escort for climbing child up to 6 years<\/p>\n\n<p class=\"wp-block-paragraph\">The tariff band is valid at the time of payment of the entrance fee.<\/p>\n\n<h2 class=\"wp-block-heading\">Wall passes<\/h2>\n\n<p class=\"wp-block-paragraph\">Students entering with a student pass must show their ISIC card with a valid stamp for the calendar year.<\/p>\n\n<figure class=\"wp-block-table\"><table><tbody><tr><td><\/td><td>Adults<\/td><td>Students <\/td><td> Children\/Seniors <\/td><td>Validity<\/td><\/tr><tr><td><\/td><td><strong>HUDY partner<\/strong> \/ normal<\/td><td><strong>HUDY partner<\/strong> \/ normal<\/td><td> <strong> HUDY partner<\/strong> \/ normal <\/td><td><\/td><\/tr><tr><td>10 inputs <\/td><td><strong>2536,- K\u010d (1 vstup 254,- K\u010d)<\/strong> \/ 2615,- K\u010d (1 vstup 262,- K\u010d)<\/td><td><strong>2211,- K\u010d (1 vstup 221,- K\u010d)<\/strong> \/ 2280,- K\u010d (1 vstup 228,- K\u010d)<\/td><td><strong>1707,- K\u010d (1 vstup 171,- K\u010d)<\/strong> \/ 1760,- K\u010d (1 vstup 176,- K\u010d)<\/td><td>One year since the sale <\/td><\/tr><tr><td>20 inputs<\/td><td><strong>4801,- K\u010d (1 vstup 240,- K\u010d)<\/strong> \/ 4950,- K\u010d (1 vstup 248,- K\u010d) <\/td><td><strong>4190,-K\u010d (1 vstup 210,- K\u010d)<\/strong> \/ 4320,- K\u010d (1 vstup 216,- K\u010d)<\/td><td><\/td><td>One year since the sale<\/td><\/tr><tr><td>30 entries<\/td><td><strong>6804,- K\u010d (1 vstup 227,- K\u010d)<\/strong> \/ 7015,- K\u010d (1 vstup 234,- K\u010d)<\/td><td><strong>5936,- K\u010d (1 vstup 198,- K\u010d)<\/strong> \/ 6120,- K\u010d (1 vstup 204,- K\u010d)<\/td><td>\u00a0 \u00a0 \u00a0 \u00a0 \u00a0 \u00a0 \u00a0 \u00a0 \u00a0<\/td><td>One year since the sale<\/td><\/tr><\/tbody><\/table><\/figure>\n\n<h3 class=\"wp-block-heading\">Morning passes for the wall<\/h3>\n\n<p class=\"wp-block-paragraph\">Morning passes. The pass is valid on <strong>weekdays Monday to Friday from 8am to 3pm.<\/strong> The pass is valid for morning admissions only, it cannot be combined with admissions during the main visiting hours from 15:00 to 22:00. Students must show their ISIC card when using the season pass.<\/p>\n\n<figure class=\"wp-block-table\"><table><tbody><tr><td><\/td><td>Adults<\/td><td>Students <\/td><td>Children\/Seniors <\/td><td>Validity<\/td><\/tr><tr><td><\/td><td><strong>HUDY partner<\/strong> \/ normal<\/td><td><strong>HUDY partner<\/strong> \/ normal<\/td><td><strong>HUDY partner<\/strong> \/ normal <\/td><td><\/td><\/tr><tr><td>10 inputs <\/td><td><strong>1950,- K\u010d (1 vstup 195,- K\u010d)<\/strong> \/ 2000,- K\u010d (1 vstup 200,- K\u010d)<\/td><td><strong>1710,- K\u010d (1 vstup 171,- K\u010d)<\/strong> \/ 1760,- K\u010d (1 vstup 176,- K\u010d)<\/td><td><\/td><td>One year since the sale <\/td><\/tr><\/tbody><\/table><\/figure>\n\n<h2 class=\"wp-block-heading\">\u00a0<\/h2>\n\n<h2 class=\"wp-block-heading\">Admission and season tickets for bouldering<\/h2>\n\n<p class=\"wp-block-paragraph\"><em>Note: Admission to the bouldering area includes only the bouldering entrance.<\/em><\/p>\n\n<figure class=\"wp-block-table\"><table><tbody><tr><td>\u00a0<\/td><td>\u00a0<\/td><td>\u00a0<\/td><\/tr><tr><td>Mon &#8211; Fri<\/td><td>8:00 &#8211; 15:00<\/td><td>15:00 &#8211; 22:00<\/td><\/tr><tr><td>Sat &#8211; Sun, holidays<\/td><td><\/td><td>10:00 &#8211; 22:00<\/td><\/tr><tr><td><\/td><td>normal \/ <strong>HUDY partner<\/strong><\/td><td>normal \/ <strong>HUDY partner<\/strong><\/td><\/tr><tr><td>Adults<\/td><td>175,- K\u010d \/ <strong>169,- K\u010d<\/strong><\/td><td>225,- K\u010d \/ <strong>218,- K\u010d<\/strong><\/td><\/tr><tr><td>Students*<\/td><td>145,- K\u010d \/ <strong>140,- K\u010d<\/strong><\/td><td>190,- K\u010d \/ <strong>184,- K\u010d<\/strong><\/td><\/tr><tr><td>Children**<\/td><td>90,- K\u010d \/ <strong>87,- K\u010d<\/strong><\/td><td>115,- K\u010d \/ <strong>111,- K\u010d<\/strong><\/td><\/tr><tr><td>Seniors (over 60 years)<\/td><td>90,- K\u010d \/ <strong>87,- K\u010d<\/strong><\/td><td>115,- K\u010d \/ <strong>111,- K\u010d<\/strong><\/td><\/tr><\/tbody><\/table><\/figure>\n\n<h2 class=\"wp-block-heading\">\u00a0<\/h2>\n\n<h2 class=\"wp-block-heading\">Bouldering passes<\/h2>\n\n<p class=\"wp-block-paragraph\">Students entering with a student pass must show their ISIC card with a valid stamp for the calendar year.<\/p>\n\n<figure class=\"wp-block-table\"><table><tbody><tr><td><\/td><td>Adults<\/td><td>Students<\/td><td>Validity<\/td><\/tr><tr><td><\/td><td><strong>HUDY partner<\/strong> \/ normal<\/td><td><strong>HUDY partner<\/strong> \/ normal<\/td><td><\/td><\/tr><tr><td>10 inputs <\/td><td><strong>2072,- K\u010d (1 vstup 207,- K\u010d)<\/strong> \/ 2140,- K\u010d (1 vstup 214,- K\u010d)<\/td><td><strong>1750,- K\u010d (1 vstup 175,- K\u010d)<\/strong> \/ 1810,- K\u010d (1 vstup 181,- K\u010d)<\/td><td>One year since the sale <\/td><\/tr><\/tbody><\/table><\/figure>\n\n<h3 class=\"wp-block-heading\">Morning passes for bouldering<\/h3>\n\n<p class=\"wp-block-paragraph\">Morning passes. The pass is valid on <strong>weekdays Monday to Friday from 8 am to 3 pm.<\/strong> The pass is valid for morning admissions only, it cannot be combined with admissions during the main visiting hours from 15:00 to 22:00. Students must show their ISIC card when using the season pass.<\/p>\n\n<figure class=\"wp-block-table\"><table><tbody><tr><td><\/td><td>Adults<\/td><td>Students <\/td><td>Validity<\/td><\/tr><tr><td><\/td><td><strong>HUDY partner<\/strong> \/ normal<\/td><td><strong>HUDY partner<\/strong> \/ normal<\/td><td><\/td><\/tr><tr><td>10 inputs <\/td><td><strong>1613,- K\u010d (1 vstup 161,- K\u010d)<\/strong> \/ 1663,- K\u010d (1 vstup 166,- K\u010d)<\/td><td><strong>1336,- K\u010d (1 vstup 134,- K\u010d)<\/strong> \/ 1378,- K\u010d (1 vstup 138,- K\u010d)<\/td><td>One year since the sale <\/td><\/tr><\/tbody><\/table><\/figure>\n\n<p class=\"wp-block-paragraph\">Prices listed are valid from 1 February 2026. We reserve the right to make changes to the price list during the year.<\/p>\n\n<div style=\"height:80px\" aria-hidden=\"true\" class=\"wp-block-spacer\"><\/div>\n\n<div class=\"wp-block-group alignfull bg_seda pt_65 pb_65 has-global-padding is-layout-constrained wp-block-group-is-layout-constrained\">\n<div class=\"wp-block-group oteviracka has-global-padding is-layout-constrained wp-block-group-is-layout-constrained\">\n<div class=\"wp-block-columns is-layout-flex wp-container-core-columns-is-layout-9ba6dbca wp-block-columns-is-layout-flex\">\n<div class=\"wp-block-column is-layout-flow wp-block-column-is-layout-flow\">\n<h3 class=\"wp-block-heading\">Opening hours<\/h3>\n\n\n\n<figure class=\"wp-block-table noborder\"><table><tbody><tr><td>Monday<\/td><td>8.00 &#8211; 22.00<\/td><\/tr><tr><td>Tuesday<\/td><td>8.00 &#8211; 22.00<\/td><\/tr><tr><td>Wednesday<\/td><td>8.00 &#8211; 22.00<\/td><\/tr><tr><td>Thursday<\/td><td>8.00 &#8211; 22.00<\/td><\/tr><tr><td>Friday<\/td><td>8.00 &#8211; 22.00<\/td><\/tr><tr><td>Saturday and Sunday<\/td><td>8.00 &#8211; 22.00<\/td><\/tr><\/tbody><\/table><\/figure>\n<\/div>\n\n\n\n<div class=\"wp-block-column is-layout-flow wp-block-column-is-layout-flow\">\n<h3 class=\"wp-block-heading\">Where to find us<\/h3>\n\n\n\n<p class=\"wp-block-paragraph\">HUDY climbing wall Brno<br\/>V\u00edde\u0148sk\u00e1 297\/99<br\/>Brno &#8211; \u0160t\u00fd\u0159ice<br\/><br\/>Tel: <a href=\"tel:+420733490019\">+420 733 490 019<\/a><br\/>Email: <a href=\"mailto:stena.brno@hudy.cz\">stena.brno@hudy.cz<\/a><\/p>\n<\/div>\n\n\n\n<div class=\"wp-block-column is-layout-flow wp-block-column-is-layout-flow\">\n<h3 class=\"wp-block-heading\">Follow us<\/h3>\n\n\n\n<div class=\"wp-block-group social is-nowrap is-layout-flex wp-container-core-group-is-layout-9ba6dbca wp-block-group-is-layout-flex\">\n<figure class=\"wp-block-image size-full is-resized\"><a href=\"https:\/\/www.facebook.com\/HudyLezeckaStenaBrno\" target=\"_blank\" rel=\"noreferrer noopener\"><img decoding=\"async\" src=\"https:\/\/www.hudysteny.cz\/brno\/wp-content\/uploads\/2023\/07\/facebook-b.svg\" alt=\"\" class=\"wp-image-323\" style=\"object-fit:cover;width:32px;height:32px\"\/><\/a><\/figure>\n\n\n\n<figure class=\"wp-block-image size-full is-resized\"><a href=\"https:\/\/www.instagram.com\/hudystenabrno\/\" target=\"_blank\" rel=\"noreferrer noopener\"><img decoding=\"async\" src=\"https:\/\/www.hudysteny.cz\/brno\/wp-content\/uploads\/2023\/07\/instagram-b.svg\" alt=\"\" class=\"wp-image-326\" style=\"object-fit:cover;width:32px;height:32px\"\/><\/a><\/figure>\n<\/div>\n\n\n\n<div style=\"height:30px;width:0px\" aria-hidden=\"true\" class=\"wp-block-spacer mezera_25\"><\/div>\n\n\n\n<h3 class=\"wp-block-heading sms_info desktop_hidden\">Which way to us?<\/h3>\n\n\n\n<p class=\"mb-0 wp-block-paragraph\">You can find us on <a href=\"https:\/\/mapy.cz\/s\/cudosakeje\" data-type=\"link\" data-id=\"https:\/\/mapy.cz\/s\/cudosakeje\" target=\"_blank\" rel=\"noreferrer noopener\">Maps.cz<\/a> or <a href=\"https:\/\/maps.app.goo.gl\/gtk6k5E9CTaRg4jC7\" data-type=\"link\" data-id=\"https:\/\/maps.app.goo.gl\/gtk6k5E9CTaRg4jC7\" target=\"_blank\" rel=\"noreferrer noopener\">Google<\/a><\/p>\n\n\n\n<div style=\"height:25px;width:0px\" aria-hidden=\"true\" class=\"wp-block-spacer mezera_25\"><\/div>\n<\/div>\n<\/div>\n<\/div>\n<\/div>\n","protected":false},"excerpt":{"rendered":"<p>Admission and season tickets for the wall Note: Admission to the wall includes entry to the bouldering area. Cash, credit card, selected SODEXO and EDENRED paper voucher products can be used to pay for entry to the wall. It is also possible to use the Benefit partner and Benefity a.s. system for payment. All types [&hellip;]<\/p>\n","protected":false},"author":1,"featured_media":0,"parent":0,"menu_order":50,"comment_status":"closed","ping_status":"closed","template":"","meta":{"_acf_changed":false,"_crdt_document":"","footnotes":""},"class_list":["post-753","page","type-page","status-publish","hentry"],"acf":[],"_links":{"self":[{"href":"https:\/\/www.hudysteny.cz\/brno\/en\/wp-json\/wp\/v2\/pages\/753","targetHints":{"allow":["GET"]}}],"collection":[{"href":"https:\/\/www.hudysteny.cz\/brno\/en\/wp-json\/wp\/v2\/pages"}],"about":[{"href":"https:\/\/www.hudysteny.cz\/brno\/en\/wp-json\/wp\/v2\/types\/page"}],"author":[{"embeddable":true,"href":"https:\/\/www.hudysteny.cz\/brno\/en\/wp-json\/wp\/v2\/users\/1"}],"replies":[{"embeddable":true,"href":"https:\/\/www.hudysteny.cz\/brno\/en\/wp-json\/wp\/v2\/comments?post=753"}],"version-history":[{"count":5,"href":"https:\/\/www.hudysteny.cz\/brno\/en\/wp-json\/wp\/v2\/pages\/753\/revisions"}],"predecessor-version":[{"id":1253,"href":"https:\/\/www.hudysteny.cz\/brno\/en\/wp-json\/wp\/v2\/pages\/753\/revisions\/1253"}],"wp:attachment":[{"href":"https:\/\/www.hudysteny.cz\/brno\/en\/wp-json\/wp\/v2\/media?parent=753"}],"curies":[{"name":"wp","href":"https:\/\/api.w.org\/{rel}","templated":true}]}}