{"id":743,"date":"2023-06-22T16:09:56","date_gmt":"2023-06-22T14:09:56","guid":{"rendered":"https:\/\/dev-brno.hudysteny.cz\/contact\/"},"modified":"2023-12-18T21:42:17","modified_gmt":"2023-12-18T20:42:17","slug":"contact","status":"publish","type":"page","link":"https:\/\/www.hudysteny.cz\/brno\/en\/contact\/","title":{"rendered":"Contact"},"content":{"rendered":"\n<div class=\"wp-block-group oteviracka has-global-padding is-layout-constrained wp-block-group-is-layout-constrained\">\n<div class=\"wp-block-columns is-layout-flex wp-container-core-columns-is-layout-9ba6dbca wp-block-columns-is-layout-flex\">\n<div class=\"wp-block-column is-layout-flow wp-block-column-is-layout-flow\">\n<h3 class=\"wp-block-heading\">Opening hours<\/h3>\n\n\n\n<figure class=\"wp-block-table noborder\"><table><tbody><tr><td>Monday<\/td><td>8.00 &#8211; 22.00<\/td><\/tr><tr><td>Tuesday<\/td><td>8.00 &#8211; 22.00<\/td><\/tr><tr><td>Wednesday<\/td><td>8.00 &#8211; 22.00<\/td><\/tr><tr><td>Thursday<\/td><td>8.00 &#8211; 22.00<\/td><\/tr><tr><td>Friday<\/td><td>8.00 &#8211; 22.00<\/td><\/tr><tr><td>Saturday and Sunday<\/td><td>8.00 &#8211; 22.00<\/td><\/tr><\/tbody><\/table><\/figure>\n<\/div>\n\n\n\n<div class=\"wp-block-column is-layout-flow wp-block-column-is-layout-flow\">\n<h3 class=\"wp-block-heading\">Where to find us<\/h3>\n\n\n\n<p class=\"wp-block-paragraph\">HUDY climbing wall Brno<br\/>V\u00edde\u0148sk\u00e1 297\/99<br\/>Brno &#8211; \u0160t\u00fd\u0159ice<br\/><br\/>Tel: <a href=\"tel:+420733490019\">+420 733 490 019<\/a><br\/>Email: <a href=\"mailto:stena.brno@hudy.cz\">stena.brno@hudy.cz<\/a><\/p>\n<\/div>\n\n\n\n<div class=\"wp-block-column is-layout-flow wp-block-column-is-layout-flow\">\n<h3 class=\"wp-block-heading\">Follow us<\/h3>\n\n\n\n<div class=\"wp-block-group social is-nowrap is-layout-flex wp-container-core-group-is-layout-9ba6dbca wp-block-group-is-layout-flex\">\n<figure class=\"wp-block-image size-full is-resized\"><a href=\"https:\/\/www.facebook.com\/HudyLezeckaStenaBrno\" target=\"_blank\" rel=\"noreferrer noopener\"><img decoding=\"async\" src=\"https:\/\/www.hudysteny.cz\/brno\/wp-content\/uploads\/2023\/07\/facebook-b.svg\" alt=\"\" class=\"wp-image-323\" style=\"object-fit:cover;width:32px;height:32px\"\/><\/a><\/figure>\n\n\n\n<figure class=\"wp-block-image size-full is-resized\"><a href=\"https:\/\/www.instagram.com\/hudystenabrno\/\" target=\"_blank\" rel=\"noreferrer noopener\"><img decoding=\"async\" src=\"https:\/\/www.hudysteny.cz\/brno\/wp-content\/uploads\/2023\/07\/instagram-b.svg\" alt=\"\" class=\"wp-image-326\" style=\"object-fit:cover;width:32px;height:32px\"\/><\/a><\/figure>\n<\/div>\n\n\n\n<div style=\"height:30px;width:0px\" aria-hidden=\"true\" class=\"wp-block-spacer mezera_25\"><\/div>\n\n\n\n<h3 class=\"wp-block-heading sms_info desktop_hidden\">Which way to us?<\/h3>\n\n\n\n<p class=\"mb-0 wp-block-paragraph\">You can find us on <a href=\"https:\/\/mapy.cz\/s\/cudosakeje\" data-type=\"link\" data-id=\"https:\/\/mapy.cz\/s\/cudosakeje\" target=\"_blank\" rel=\"noreferrer noopener\">Maps.cz<\/a> or <a href=\"https:\/\/maps.app.goo.gl\/gtk6k5E9CTaRg4jC7\" data-type=\"link\" data-id=\"https:\/\/maps.app.goo.gl\/gtk6k5E9CTaRg4jC7\" target=\"_blank\" rel=\"noreferrer noopener\">Google<\/a><\/p>\n\n\n\n<div style=\"height:25px;width:0px\" aria-hidden=\"true\" class=\"wp-block-spacer mezera_25\"><\/div>\n<\/div>\n<\/div>\n<\/div>\n\n\n\n<div style=\"height:65px\" aria-hidden=\"true\" class=\"wp-block-spacer mezera_65\"><\/div>\n\n\n\n<h3 class=\"wp-block-heading has-text-align-center\">Photo gallery<\/h3>\n\n\n\n<div class=\"wp-block-group fotogalerie has-global-padding is-layout-constrained wp-block-group-is-layout-constrained\">\n<figure class=\"wp-block-gallery has-nested-images columns-3 is-cropped wp-block-gallery-1 is-layout-flex wp-block-gallery-is-layout-flex\">\n<figure class=\"wp-block-image size-large\"><img loading=\"lazy\" decoding=\"async\" width=\"361\" height=\"667\" data-id=\"1026\" src=\"https:\/\/www.hudysteny.cz\/brno\/wp-content\/uploads\/2023\/11\/HUDY_lezecka_stena_Brno22.jpg\" alt=\"\" class=\"wp-image-1026\" srcset=\"https:\/\/www.hudysteny.cz\/brno\/wp-content\/uploads\/2023\/11\/HUDY_lezecka_stena_Brno22.jpg 361w, https:\/\/www.hudysteny.cz\/brno\/wp-content\/uploads\/2023\/11\/HUDY_lezecka_stena_Brno22-162x300.jpg 162w\" sizes=\"auto, (max-width: 361px) 100vw, 361px\" \/><\/figure>\n\n\n\n<figure class=\"wp-block-image size-large\"><img loading=\"lazy\" decoding=\"async\" width=\"444\" height=\"667\" data-id=\"1023\" src=\"https:\/\/www.hudysteny.cz\/brno\/wp-content\/uploads\/2023\/11\/HUDY_lezecka_stena_Brno15.jpg\" alt=\"\" class=\"wp-image-1023\" srcset=\"https:\/\/www.hudysteny.cz\/brno\/wp-content\/uploads\/2023\/11\/HUDY_lezecka_stena_Brno15.jpg 444w, https:\/\/www.hudysteny.cz\/brno\/wp-content\/uploads\/2023\/11\/HUDY_lezecka_stena_Brno15-200x300.jpg 200w\" sizes=\"auto, (max-width: 444px) 100vw, 444px\" \/><\/figure>\n\n\n\n<figure class=\"wp-block-image size-large\"><img loading=\"lazy\" decoding=\"async\" width=\"700\" height=\"525\" data-id=\"1020\" src=\"https:\/\/www.hudysteny.cz\/brno\/wp-content\/uploads\/2023\/11\/HUDY_lezecka_stena_Brno10.jpg\" alt=\"\" class=\"wp-image-1020\" srcset=\"https:\/\/www.hudysteny.cz\/brno\/wp-content\/uploads\/2023\/11\/HUDY_lezecka_stena_Brno10.jpg 700w, https:\/\/www.hudysteny.cz\/brno\/wp-content\/uploads\/2023\/11\/HUDY_lezecka_stena_Brno10-300x225.jpg 300w\" sizes=\"auto, (max-width: 700px) 100vw, 700px\" \/><\/figure>\n\n\n\n<figure class=\"wp-block-image size-large\"><img loading=\"lazy\" decoding=\"async\" width=\"700\" height=\"525\" data-id=\"1032\" src=\"https:\/\/www.hudysteny.cz\/brno\/wp-content\/uploads\/2023\/11\/hudy-lezecka-stena-brno12.jpg\" alt=\"\" class=\"wp-image-1032\" srcset=\"https:\/\/www.hudysteny.cz\/brno\/wp-content\/uploads\/2023\/11\/hudy-lezecka-stena-brno12.jpg 700w, https:\/\/www.hudysteny.cz\/brno\/wp-content\/uploads\/2023\/11\/hudy-lezecka-stena-brno12-300x225.jpg 300w\" sizes=\"auto, (max-width: 700px) 100vw, 700px\" \/><\/figure>\n\n\n\n<figure class=\"wp-block-image size-large\"><img loading=\"lazy\" decoding=\"async\" width=\"1024\" height=\"768\" data-id=\"1035\" src=\"https:\/\/www.hudysteny.cz\/brno\/wp-content\/uploads\/2023\/11\/IMG_20210723_124245-1024x768.jpg\" alt=\"\" class=\"wp-image-1035\" srcset=\"https:\/\/www.hudysteny.cz\/brno\/wp-content\/uploads\/2023\/11\/IMG_20210723_124245-1024x768.jpg 1024w, https:\/\/www.hudysteny.cz\/brno\/wp-content\/uploads\/2023\/11\/IMG_20210723_124245-300x225.jpg 300w, https:\/\/www.hudysteny.cz\/brno\/wp-content\/uploads\/2023\/11\/IMG_20210723_124245-768x576.jpg 768w, https:\/\/www.hudysteny.cz\/brno\/wp-content\/uploads\/2023\/11\/IMG_20210723_124245-1536x1152.jpg 1536w, https:\/\/www.hudysteny.cz\/brno\/wp-content\/uploads\/2023\/11\/IMG_20210723_124245-2048x1536.jpg 2048w\" sizes=\"auto, (max-width: 1024px) 100vw, 1024px\" \/><\/figure>\n\n\n\n<figure class=\"wp-block-image size-large\"><img loading=\"lazy\" decoding=\"async\" width=\"444\" height=\"667\" data-id=\"1029\" src=\"https:\/\/www.hudysteny.cz\/brno\/wp-content\/uploads\/2023\/11\/HUDY_lezecka_stena_Brno23.jpg\" alt=\"\" class=\"wp-image-1029\" srcset=\"https:\/\/www.hudysteny.cz\/brno\/wp-content\/uploads\/2023\/11\/HUDY_lezecka_stena_Brno23.jpg 444w, https:\/\/www.hudysteny.cz\/brno\/wp-content\/uploads\/2023\/11\/HUDY_lezecka_stena_Brno23-200x300.jpg 200w\" sizes=\"auto, (max-width: 444px) 100vw, 444px\" \/><\/figure>\n\n\n\n<figure class=\"wp-block-image size-large\"><img loading=\"lazy\" decoding=\"async\" width=\"700\" height=\"525\" data-id=\"1017\" src=\"https:\/\/www.hudysteny.cz\/brno\/wp-content\/uploads\/2023\/11\/HUDY_lezecka_stena_Brno06.jpg\" alt=\"\" class=\"wp-image-1017\" srcset=\"https:\/\/www.hudysteny.cz\/brno\/wp-content\/uploads\/2023\/11\/HUDY_lezecka_stena_Brno06.jpg 700w, https:\/\/www.hudysteny.cz\/brno\/wp-content\/uploads\/2023\/11\/HUDY_lezecka_stena_Brno06-300x225.jpg 300w\" sizes=\"auto, (max-width: 700px) 100vw, 700px\" \/><\/figure>\n\n\n\n<figure class=\"wp-block-image size-large\"><img loading=\"lazy\" decoding=\"async\" width=\"700\" height=\"525\" data-id=\"1014\" src=\"https:\/\/www.hudysteny.cz\/brno\/wp-content\/uploads\/2023\/11\/HUDY_lezecka_stena_Brno04.jpg\" alt=\"\" class=\"wp-image-1014\" srcset=\"https:\/\/www.hudysteny.cz\/brno\/wp-content\/uploads\/2023\/11\/HUDY_lezecka_stena_Brno04.jpg 700w, https:\/\/www.hudysteny.cz\/brno\/wp-content\/uploads\/2023\/11\/HUDY_lezecka_stena_Brno04-300x225.jpg 300w\" sizes=\"auto, (max-width: 700px) 100vw, 700px\" \/><\/figure>\n\n\n\n<figure class=\"wp-block-image size-large\"><img loading=\"lazy\" decoding=\"async\" width=\"1024\" height=\"682\" data-id=\"1011\" src=\"https:\/\/www.hudysteny.cz\/brno\/wp-content\/uploads\/2023\/11\/24837245_2046658655565765_8212447954355066701_o-1024x682.jpg\" alt=\"\" class=\"wp-image-1011\" srcset=\"https:\/\/www.hudysteny.cz\/brno\/wp-content\/uploads\/2023\/11\/24837245_2046658655565765_8212447954355066701_o-1024x682.jpg 1024w, https:\/\/www.hudysteny.cz\/brno\/wp-content\/uploads\/2023\/11\/24837245_2046658655565765_8212447954355066701_o-300x200.jpg 300w, https:\/\/www.hudysteny.cz\/brno\/wp-content\/uploads\/2023\/11\/24837245_2046658655565765_8212447954355066701_o-768x511.jpg 768w, https:\/\/www.hudysteny.cz\/brno\/wp-content\/uploads\/2023\/11\/24837245_2046658655565765_8212447954355066701_o-1536x1022.jpg 1536w, https:\/\/www.hudysteny.cz\/brno\/wp-content\/uploads\/2023\/11\/24837245_2046658655565765_8212447954355066701_o.jpg 1920w\" sizes=\"auto, (max-width: 1024px) 100vw, 1024px\" \/><\/figure>\n\n\n\n<figure class=\"wp-block-image size-large\"><img loading=\"lazy\" decoding=\"async\" width=\"1024\" height=\"768\" data-id=\"1047\" src=\"https:\/\/www.hudysteny.cz\/brno\/wp-content\/uploads\/2023\/11\/IMG_20210723_131648-1024x768.jpg\" alt=\"\" class=\"wp-image-1047\" srcset=\"https:\/\/www.hudysteny.cz\/brno\/wp-content\/uploads\/2023\/11\/IMG_20210723_131648-1024x768.jpg 1024w, https:\/\/www.hudysteny.cz\/brno\/wp-content\/uploads\/2023\/11\/IMG_20210723_131648-300x225.jpg 300w, https:\/\/www.hudysteny.cz\/brno\/wp-content\/uploads\/2023\/11\/IMG_20210723_131648-768x576.jpg 768w, https:\/\/www.hudysteny.cz\/brno\/wp-content\/uploads\/2023\/11\/IMG_20210723_131648-1536x1152.jpg 1536w, https:\/\/www.hudysteny.cz\/brno\/wp-content\/uploads\/2023\/11\/IMG_20210723_131648-2048x1536.jpg 2048w\" sizes=\"auto, (max-width: 1024px) 100vw, 1024px\" \/><\/figure>\n\n\n\n<figure class=\"wp-block-image size-large\"><img loading=\"lazy\" decoding=\"async\" width=\"1024\" height=\"768\" data-id=\"1044\" src=\"https:\/\/www.hudysteny.cz\/brno\/wp-content\/uploads\/2023\/11\/IMG_20210723_131548-1024x768.jpg\" alt=\"\" class=\"wp-image-1044\" srcset=\"https:\/\/www.hudysteny.cz\/brno\/wp-content\/uploads\/2023\/11\/IMG_20210723_131548-1024x768.jpg 1024w, https:\/\/www.hudysteny.cz\/brno\/wp-content\/uploads\/2023\/11\/IMG_20210723_131548-300x225.jpg 300w, https:\/\/www.hudysteny.cz\/brno\/wp-content\/uploads\/2023\/11\/IMG_20210723_131548-768x576.jpg 768w, https:\/\/www.hudysteny.cz\/brno\/wp-content\/uploads\/2023\/11\/IMG_20210723_131548-1536x1152.jpg 1536w, https:\/\/www.hudysteny.cz\/brno\/wp-content\/uploads\/2023\/11\/IMG_20210723_131548-2048x1536.jpg 2048w\" sizes=\"auto, (max-width: 1024px) 100vw, 1024px\" \/><\/figure>\n\n\n\n<figure class=\"wp-block-image size-large\"><img loading=\"lazy\" decoding=\"async\" width=\"1024\" height=\"768\" data-id=\"1041\" src=\"https:\/\/www.hudysteny.cz\/brno\/wp-content\/uploads\/2023\/11\/IMG_20210723_124606-1024x768.jpg\" alt=\"\" class=\"wp-image-1041\" srcset=\"https:\/\/www.hudysteny.cz\/brno\/wp-content\/uploads\/2023\/11\/IMG_20210723_124606-1024x768.jpg 1024w, https:\/\/www.hudysteny.cz\/brno\/wp-content\/uploads\/2023\/11\/IMG_20210723_124606-300x225.jpg 300w, https:\/\/www.hudysteny.cz\/brno\/wp-content\/uploads\/2023\/11\/IMG_20210723_124606-768x576.jpg 768w, https:\/\/www.hudysteny.cz\/brno\/wp-content\/uploads\/2023\/11\/IMG_20210723_124606-1536x1152.jpg 1536w, https:\/\/www.hudysteny.cz\/brno\/wp-content\/uploads\/2023\/11\/IMG_20210723_124606-2048x1536.jpg 2048w\" sizes=\"auto, (max-width: 1024px) 100vw, 1024px\" \/><\/figure>\n<\/figure>\n<\/div>\n\n\n\n<div style=\"height:65px\" aria-hidden=\"true\" class=\"wp-block-spacer mezera_65\"><\/div>\n\n\n\n        <div id=\"map\" class=\"alignfull\"><\/div>\n        <script src=\"https:\/\/maps.googleapis.com\/maps\/api\/js?key=AIzaSyC5dcJA339C_6yVesGbOep6fkn21eXpsxk&callback=initMap&v=weekly\" defer><\/script>\n    \n\n\n\n<div style=\"height:45px\" aria-hidden=\"true\" class=\"wp-block-spacer mezera_45\"><\/div>\n\n\n\n<div class=\"wp-block-group odpovedna_osoba bg_seda has-global-padding is-layout-constrained wp-block-group-is-layout-constrained\">\n<div class=\"wp-block-columns is-layout-flex wp-container-core-columns-is-layout-9ba6dbca wp-block-columns-is-layout-flex\">\n<div class=\"wp-block-column is-layout-flow wp-block-column-is-layout-flow\" style=\"flex-basis:33.33%\">\n<figure class=\"wp-block-image size-full\"><img loading=\"lazy\" decoding=\"async\" width=\"500\" height=\"639\" src=\"https:\/\/www.hudysteny.cz\/brno\/wp-content\/uploads\/2023\/11\/radek-lienerth-export.jpg\" alt=\"\" class=\"wp-image-786\" srcset=\"https:\/\/www.hudysteny.cz\/brno\/wp-content\/uploads\/2023\/11\/radek-lienerth-export.jpg 500w, https:\/\/www.hudysteny.cz\/brno\/wp-content\/uploads\/2023\/11\/radek-lienerth-export-235x300.jpg 235w\" sizes=\"auto, (max-width: 500px) 100vw, 500px\" \/><\/figure>\n<\/div>\n\n\n\n<div class=\"wp-block-column is-layout-flow wp-block-column-is-layout-flow\" style=\"flex-basis:66.66%\">\n<h3 class=\"wp-block-heading has-text-align-left\">Responsible person<\/h3>\n\n\n\n<h4 class=\"wp-block-heading\">Radek Lienerth<\/h4>\n\n\n\n<p class=\"wp-block-paragraph\">&#8220;Every day in the mountains brings new experiences and new experiences. The mountains sometimes ask a lot of us, but they give us much more back. All we have to do is stay open to their grandeur and listen. If you want to join me, I will be happy to accompany you from the peaks of the Adr\u0161pach towers, to the peaks of the Tatras and the Alps, to the roof of the world, the Himalayas. Every other climb that has left a trace of the experience in my mind whether in the Tatras, Dolomites or Chamonix.&#8221;<\/p>\n\n\n\n<p class=\"wp-block-paragraph\"><\/p>\n\n\n\n<p class=\"external wp-block-paragraph\"><a href=\"https:\/\/www.hudy.cz\/horsky-vudce-radek-lienerth\" target=\"_blank\" rel=\"noreferrer noopener\">More Information<\/a><\/p>\n\n\n\n<p class=\"wp-block-paragraph\">Phone: <a href=\"tel:+420%20603%20566%20582\">+420 603 566 582<\/a><br>E-mail: <a href=\"mailto:stena.brno@hudy.cz\">stena.brno@hudy.cz<\/a><\/p>\n<\/div>\n<\/div>\n<\/div>\n\n\n\n<div style=\"height:65px\" aria-hidden=\"true\" class=\"wp-block-spacer mezera_65\"><\/div>\n\n\n\n<div class=\"wp-block-group alignfull virtualni_prohlidka has-global-padding is-layout-constrained wp-block-group-is-layout-constrained\">\n<div class=\"wp-block-buttons is-content-justification-center is-layout-flex wp-container-core-buttons-is-layout-d9a36c2f wp-block-buttons-is-layout-flex\">\n<div class=\"wp-block-button bila\"><a class=\"wp-block-button__link wp-element-button\" href=\"https:\/\/www.google.com\/maps\/@49.1749696,16.600876,3a,75y,346.69h,101.8t\/data=!3m7!1e1!3m5!1sAF1QipPMMi6P-HMssqr6SnW5hXTkBq2p-OZh7MIW52Cd!2e10!3e12!7i10000!8i5000?entry=ttu\" target=\"_blank\" rel=\"noreferrer noopener\">Virtual Tour<\/a><\/div>\n<\/div>\n<\/div>\n\n\n\n<div style=\"height:65px\" aria-hidden=\"true\" class=\"wp-block-spacer mezera_65 hidden\"><\/div>\n\n\n\n<p class=\"wp-block-paragraph\"><\/p>\n","protected":false},"excerpt":{"rendered":"<p>Photo gallery Responsible person Radek Lienerth &#8220;Every day in the mountains brings new experiences and new experiences. The mountains sometimes ask a lot of us, but they give us much more back. All we have to do is stay open to their grandeur and listen. If you want to join me, I will be happy [&hellip;]<\/p>\n","protected":false},"author":1,"featured_media":0,"parent":0,"menu_order":57,"comment_status":"closed","ping_status":"closed","template":"","meta":{"_acf_changed":false,"_crdt_document":"","footnotes":""},"class_list":["post-743","page","type-page","status-publish","hentry"],"acf":[],"_links":{"self":[{"href":"https:\/\/www.hudysteny.cz\/brno\/en\/wp-json\/wp\/v2\/pages\/743","targetHints":{"allow":["GET"]}}],"collection":[{"href":"https:\/\/www.hudysteny.cz\/brno\/en\/wp-json\/wp\/v2\/pages"}],"about":[{"href":"https:\/\/www.hudysteny.cz\/brno\/en\/wp-json\/wp\/v2\/types\/page"}],"author":[{"embeddable":true,"href":"https:\/\/www.hudysteny.cz\/brno\/en\/wp-json\/wp\/v2\/users\/1"}],"replies":[{"embeddable":true,"href":"https:\/\/www.hudysteny.cz\/brno\/en\/wp-json\/wp\/v2\/comments?post=743"}],"version-history":[{"count":4,"href":"https:\/\/www.hudysteny.cz\/brno\/en\/wp-json\/wp\/v2\/pages\/743\/revisions"}],"predecessor-version":[{"id":1117,"href":"https:\/\/www.hudysteny.cz\/brno\/en\/wp-json\/wp\/v2\/pages\/743\/revisions\/1117"}],"wp:attachment":[{"href":"https:\/\/www.hudysteny.cz\/brno\/en\/wp-json\/wp\/v2\/media?parent=743"}],"curies":[{"name":"wp","href":"https:\/\/api.w.org\/{rel}","templated":true}]}}