{"id":695,"date":"2023-06-22T16:07:09","date_gmt":"2023-06-22T14:07:09","guid":{"rendered":"https:\/\/dev-brno.hudysteny.cz\/climbing-wall-brno\/"},"modified":"2023-11-09T08:00:39","modified_gmt":"2023-11-09T07:00:39","slug":"wall","status":"publish","type":"page","link":"https:\/\/www.hudysteny.cz\/brno\/en\/","title":{"rendered":"Climbing wall Brno"},"content":{"rendered":"\n<div class=\"wp-block-group oteviracka has-global-padding is-layout-constrained wp-block-group-is-layout-constrained\">\n<div class=\"wp-block-columns is-layout-flex wp-container-core-columns-is-layout-9ba6dbca wp-block-columns-is-layout-flex\">\n<div class=\"wp-block-column is-layout-flow wp-block-column-is-layout-flow\">\n<h3 class=\"wp-block-heading\">Opening hours<\/h3>\n\n\n\n<figure class=\"wp-block-table noborder\"><table><tbody><tr><td>Monday<\/td><td>8.00 &#8211; 22.00<\/td><\/tr><tr><td>Tuesday<\/td><td>8.00 &#8211; 22.00<\/td><\/tr><tr><td>Wednesday<\/td><td>8.00 &#8211; 22.00<\/td><\/tr><tr><td>Thursday<\/td><td>8.00 &#8211; 22.00<\/td><\/tr><tr><td>Friday<\/td><td>8.00 &#8211; 22.00<\/td><\/tr><tr><td>Saturday and Sunday<\/td><td>8.00 &#8211; 22.00<\/td><\/tr><\/tbody><\/table><\/figure>\n<\/div>\n\n\n\n<div class=\"wp-block-column is-layout-flow wp-block-column-is-layout-flow\">\n<h3 class=\"wp-block-heading\">Where to find us<\/h3>\n\n\n\n<p class=\"wp-block-paragraph\">HUDY climbing wall Brno<br\/>V\u00edde\u0148sk\u00e1 297\/99<br\/>Brno &#8211; \u0160t\u00fd\u0159ice<br\/><br\/>Tel: <a href=\"tel:+420733490019\">+420 733 490 019<\/a><br\/>Email: <a href=\"mailto:stena.brno@hudy.cz\">stena.brno@hudy.cz<\/a><\/p>\n<\/div>\n\n\n\n<div class=\"wp-block-column is-layout-flow wp-block-column-is-layout-flow\">\n<h3 class=\"wp-block-heading\">Follow us<\/h3>\n\n\n\n<div class=\"wp-block-group social is-nowrap is-layout-flex wp-container-core-group-is-layout-9ba6dbca wp-block-group-is-layout-flex\">\n<figure class=\"wp-block-image size-full is-resized\"><a href=\"https:\/\/www.facebook.com\/HudyLezeckaStenaBrno\" target=\"_blank\" rel=\"noreferrer noopener\"><img decoding=\"async\" src=\"https:\/\/www.hudysteny.cz\/brno\/wp-content\/uploads\/2023\/07\/facebook-b.svg\" alt=\"\" class=\"wp-image-323\" style=\"object-fit:cover;width:32px;height:32px\"\/><\/a><\/figure>\n\n\n\n<figure class=\"wp-block-image size-full is-resized\"><a href=\"https:\/\/www.instagram.com\/hudystenabrno\/\" target=\"_blank\" rel=\"noreferrer noopener\"><img decoding=\"async\" src=\"https:\/\/www.hudysteny.cz\/brno\/wp-content\/uploads\/2023\/07\/instagram-b.svg\" alt=\"\" class=\"wp-image-326\" style=\"object-fit:cover;width:32px;height:32px\"\/><\/a><\/figure>\n<\/div>\n\n\n\n<div style=\"height:30px;width:0px\" aria-hidden=\"true\" class=\"wp-block-spacer mezera_25\"><\/div>\n\n\n\n<h3 class=\"wp-block-heading sms_info desktop_hidden\">Which way to us?<\/h3>\n\n\n\n<p class=\"mb-0 wp-block-paragraph\">You can find us on <a href=\"https:\/\/mapy.cz\/s\/cudosakeje\" data-type=\"link\" data-id=\"https:\/\/mapy.cz\/s\/cudosakeje\" target=\"_blank\" rel=\"noreferrer noopener\">Maps.cz<\/a> or <a href=\"https:\/\/maps.app.goo.gl\/gtk6k5E9CTaRg4jC7\" data-type=\"link\" data-id=\"https:\/\/maps.app.goo.gl\/gtk6k5E9CTaRg4jC7\" target=\"_blank\" rel=\"noreferrer noopener\">Google<\/a><\/p>\n\n\n\n<div style=\"height:25px;width:0px\" aria-hidden=\"true\" class=\"wp-block-spacer mezera_25\"><\/div>\n<\/div>\n<\/div>\n<\/div>\n\n<div style=\"height:65px\" aria-hidden=\"true\" class=\"wp-block-spacer mezera_65\"><\/div>\n\n<div class=\"wp-block-columns eq is-layout-flex wp-container-core-columns-is-layout-9ba6dbca wp-block-columns-is-layout-flex\">\n<div class=\"wp-block-column is-layout-flow wp-block-column-is-layout-flow\">\n<div class=\"wp-block-group box_cenik has-background has-global-padding is-layout-constrained wp-block-group-is-layout-constrained\" style=\"background-color:#f4f4f4\">\n<h2 class=\"wp-block-heading has-text-align-center\">Price list<\/h2>\n\n\n\n<div class=\"wp-block-buttons is-content-justification-center is-layout-flex wp-container-core-buttons-is-layout-d9a36c2f wp-block-buttons-is-layout-flex\">\n<div class=\"wp-block-button zelena\"><a class=\"wp-block-button__link wp-element-button\" href=\"https:\/\/www.hudysteny.cz\/brno\/en\/price-list\/\">More Information<\/a><\/div>\n<\/div>\n<\/div>\n<\/div>\n\n\n\n<div class=\"wp-block-column is-layout-flow wp-container-core-column-is-layout-2003d605 wp-block-column-is-layout-flow\">\n<div class=\"wp-block-group box_novinka has-background has-global-padding is-layout-constrained wp-container-core-group-is-layout-050dad78 wp-block-group-is-layout-constrained\" style=\"background-color:#f4f4f4\">\n<div class=\"wp-block-group inner_wrap has-global-padding is-layout-constrained wp-block-group-is-layout-constrained\">\n<h3 class=\"wp-block-heading has-text-align-center\">News<\/h3>\n\n\n<div class=\"cff-wrapper\"><div class=\"cff-wrapper-ctn \" ><div id=\"cff\" data-char=\"400\" class=\"cff cff-theme-overlap  cff-mob-cols-1 cff-tab-cols-1  cff-palette-7 cff-timeline-feed cff-doing-gdpr cff-all-reviews cff-nojs \" style=\"width:100%; \" data-fb-text=\"Zobrazit na Facebooku\" data-offset=\"\" data-own-token=\"true\" data-grid-pag=\"cursor\" data-restricted=\"true\" data-lb-comments=\"false\" data-pag-num=\"8\" data-cff-shortcode=\"{&quot;feed&quot;: &quot;7&quot;}\" data-postid=\"695\" data-locatornonce=\"110d172b1a\" data-cff-theme=\"overlap\"  data-cff-flags=\"gdpr,overrideBlockCDN\"><svg width=\"24px\" height=\"24px\" version=\"1.1\" xmlns=\"http:\/\/www.w3.org\/2000\/svg\" xmlns:xlink=\"http:\/\/www.w3.org\/1999\/xlink\" class=\"cff-screenreader\" role=\"img\" aria-labelledby=\"metaSVGid metaSVGdesc\"><title id=\"metaSVGid\">Comments Box SVG icons<\/title><desc id=\"metaSVGdesc\">Used for the like, share, comment, and reaction icons<\/desc><defs><linearGradient id=\"angryGrad\" x1=\"0\" x2=\"0\" y1=\"0\" y2=\"1\"><stop offset=\"0%\" stop-color=\"#f9ae9e\" \/><stop offset=\"70%\" stop-color=\"#ffe7a4\" \/><\/linearGradient><linearGradient id=\"likeGrad\"><stop offset=\"25%\" stop-color=\"rgba(0,0,0,0.05)\" \/><stop offset=\"26%\" stop-color=\"rgba(255,255,255,0.7)\" \/><\/linearGradient><linearGradient id=\"likeGradHover\"><stop offset=\"25%\" stop-color=\"#a3caff\" \/><stop offset=\"26%\" stop-color=\"#fff\" \/><\/linearGradient><linearGradient id=\"likeGradDark\"><stop offset=\"25%\" stop-color=\"rgba(255,255,255,0.5)\" \/><stop offset=\"26%\" stop-color=\"rgba(255,255,255,0.7)\" \/><\/linearGradient><\/defs><\/svg><div class=\"cff-posts-wrap\"><div class=\"cff-item cff-photo-post author-hudy-lezeck-st-na-brno cff-1559914954240140 cff-new\" id=\"cff_1559914954240140_1542345577894026\" data-page-id=\"1559914954240140\" data-cff-timestamp=\"1775111437\" data-object-id=\"1542345564560694\" data-cff-from=\"1559914954240140\" style=\"border-bottom: 0px solid #fff; z-index: 17;\"><p  class=\"cff-post-text\">\n\t<span class=\"cff-text\" data-color=\"\">Dneska je zelen\u00fd \u010dtvrtek a my m\u00e1me zelen\u00fd pivo! \ud83c\udf7a \u2618\ufe0f P\u0159ij\u010f si zal\u00e9zt a dej si jedno \ud83d\ude09 \t<\/span>\n\t<span class=\"cff-expand\">... <a href=\"#\" ><span class=\"cff-more\">Zobrazit v\u00edce<\/span><span class=\"cff-less\">Zobrazit m\u00e9n\u011b<\/span><\/a><\/span>\n<\/p>\n<div class=\"cff-date  cff-date-below\" >\n\t 02. 04. 2026 <\/div>\n<div class=\"cff-meta-wrap\">\n\t<\/div>\n<\/div><div class=\"cff-item cff-photo-post author-hudy-lezeck-st-na-brno cff-1559914954240140 cff-new\" id=\"cff_1559914954240140_1537173148411269\" data-page-id=\"1559914954240140\" data-cff-timestamp=\"1774625421\" data-object-id=\"1537173121744605\" data-cff-from=\"1559914954240140\" style=\"border-bottom: 0px solid #fff; z-index: 16;\"><p  class=\"cff-post-text\">\n\t<span class=\"cff-text\" data-color=\"\">\u26a0 V are\u00e1lu HUDY st\u011bny v sobotu bude odst\u00e1vka vody. Je n\u00e1m to l\u00edto, ale od 8:00 do asi 16:00 v\u00e1m neud\u011bl\u00e1me kafe, sprchu si ned\u00e1te, z\u00e1chod bude na kybl\u00ed\u010dek  s vodou...<br \/>Ale m\u00e1me i dobr\u00e9 zpr\u00e1vy! M\u00e1me otev\u0159eno a v\u0161echny chyty budou st\u00e1le na sv\u00fdch m\u00edstech. Tak\u017ee rozhodn\u011b jste v\u00edt\u00e1ni! \ud83e\uddd7\u200d\u2640\ufe0f<br \/>I p\u0159i poln\u00edch podm\u00ednk\u00e1ch \ud83e\udd2b\ud83e\udd70 \t<\/span>\n\t<span class=\"cff-expand\">... <a href=\"#\" ><span class=\"cff-more\">Zobrazit v\u00edce<\/span><span class=\"cff-less\">Zobrazit m\u00e9n\u011b<\/span><\/a><\/span>\n<\/p>\n<div class=\"cff-date  cff-date-below\" >\n\t 27. 03. 2026 <\/div>\n<div class=\"cff-meta-wrap\">\n\t<\/div>\n<\/div><div class=\"cff-item cff-photo-post author-hudy-lezeck-st-na-brno cff-1559914954240140 cff-new\" id=\"cff_1559914954240140_1535193298609254\" data-page-id=\"1559914954240140\" data-cff-timestamp=\"1774456226\" data-object-id=\"1535193271942590\" data-cff-from=\"1559914954240140\" style=\"border-bottom: 0px solid #fff; z-index: 15;\"><p  class=\"cff-post-text\">\n\t<span class=\"cff-text\" data-color=\"\">V\u00edte, \u017ee m\u00e1me na HUDY st\u011bn\u011b i jednu sp\u00e1ru? \ud83e\udd32<br \/>\ud83d\udc38\u017d\u00e1ba tak akor\u00e1t. Co je ale novinka, \u017ee u n\u00e1s m\u00e1me zbrusu novou z\u00e1silku od  Bobra. Sp\u00e1rov\u00e9 rukavice k zap\u016fj\u010den\u00ed na baru. Ide\u00e1ln\u00ed i pro ty, kdo uva\u017euje o koupi a nemaj\u00ed si je kde zkusit. Velikosti v\u0161echny - od XS po L.<br \/>P\u0159ij\u010f vyzkou\u0161et! S\u00edla s V\u00e1mi!\ud83e\udd8b\ud83d\udc9a \t<\/span>\n\t<span class=\"cff-expand\">... <a href=\"#\" ><span class=\"cff-more\">Zobrazit v\u00edce<\/span><span class=\"cff-less\">Zobrazit m\u00e9n\u011b<\/span><\/a><\/span>\n<\/p>\n<div class=\"cff-date  cff-date-below\" >\n\t 25. 03. 2026 <\/div>\n<div class=\"cff-meta-wrap\">\n\t<\/div>\n<\/div><div class=\"cff-item cff-photo-post author-hudy-lezeck-st-na-brno cff-1559914954240140 cff-new\" id=\"cff_1559914954240140_1523136403148277\" data-page-id=\"1559914954240140\" data-cff-timestamp=\"1773333004\" data-object-id=\"1523136353148282\" data-cff-from=\"1559914954240140\" style=\"border-bottom: 0px solid #fff; z-index: 14;\"><p  class=\"cff-post-text\">\n\t<span class=\"cff-text\" data-color=\"\">\ud83c\udfeb \u0160koln\u00ed Boulder Poh\u00e1r 2026 m\u00ed\u0159\u00ed do Brna!<br \/><br \/>Na HUDY st\u011bn\u011b se uskute\u010dn\u00ed kvalifika\u010dn\u00ed kolo pro Brno a okol\u00ed v r\u00e1mci celorepublikov\u00e9ho z\u00e1vodu \u0160koln\u00ed boulder poh\u00e1r.<br \/><br \/>\ud83e\uddd7\u200d\u2640\ufe0f Ur\u010deno pro ro\u010dn\u00edky 2011\u20132014 (11-15 let)<br \/>\ud83d\udcc5 20.\u201324. 4. 2026<br \/>\ud83d\udccd HUDY st\u011bna Brno<br \/><br \/>\ud83d\udc49 Leze\u0161 a chod\u00ed\u0161 je\u0161t\u011b do \u0161koly?<br \/>\u0158ekni o z\u00e1vodu sv\u00e9mu u\u010diteli nebo t\u011blocvik\u00e1\u0159i a p\u0159ihlaste se jako \u0161kola!<br \/><br \/>Nejlep\u0161\u00ed z\u00e1vodn\u00edci postoup\u00ed do fin\u00e1le v Praze. \t<\/span>\n\t<span class=\"cff-expand\">... <a href=\"#\" ><span class=\"cff-more\">Zobrazit v\u00edce<\/span><span class=\"cff-less\">Zobrazit m\u00e9n\u011b<\/span><\/a><\/span>\n<\/p>\n<div class=\"cff-date  cff-date-below\" >\n\t 12. 03. 2026 <\/div>\n<div class=\"cff-meta-wrap\">\n\t<\/div>\n<\/div><div class=\"cff-item cff-photo-post cff-album author-hudy-lezeck-st-na-brno cff-1559914954240140 cff-new\" id=\"cff_1559914954240140_1521423773319540\" data-page-id=\"1559914954240140\" data-cff-timestamp=\"1773160204\" data-object-id=\"1521423773319540\" data-cff-from=\"1559914954240140\" style=\"border-bottom: 0px solid #fff; z-index: 13;\"><p  class=\"cff-post-text\">\n\t<span class=\"cff-text\" data-color=\"\">Najde\u0161 t\u0159in\u00e1ct rozd\u00edl\u016f? \ud83d\udc9a\ud83d\udd0d<br \/>P\u0159esn\u011b tolik cest p\u0159ibylo jenom na pil\u00ed\u0159i - stav\u011bl Listy a \u0160t\u011bpa. Klasa p\u0159\u00edzniv\u00e1 od 4a do 6b+. Zapisuj v <a href=\"https:\/\/facebook.com\/217367488134588\" rel=\"nofollow noopener\">ClimbLife<\/a> <br \/>S\u00edla s v\u00e1mi! \ud83d\udcaa \t<\/span>\n\t<span class=\"cff-expand\">... <a href=\"#\" ><span class=\"cff-more\">Zobrazit v\u00edce<\/span><span class=\"cff-less\">Zobrazit m\u00e9n\u011b<\/span><\/a><\/span>\n<\/p>\n<div class=\"cff-date  cff-date-below\" >\n\t 10. 03. 2026 <\/div>\n<div class=\"cff-meta-wrap\">\n\t<\/div>\n<\/div><\/div><span class=\"cff_resized_image_data\" data-feedid=\"cff_155991495424015991495424014011mecs0000\" data-resized=\"[]\"><\/span><\/div><\/div><div class=\"cff-clear\"><\/div><\/div><style type=\"text\/css\">\n<\/style>\n\n\n<a class=\"novinky_link\" href=\"https:\/\/www.hudysteny.cz\/brno\/en\/news\/\" title=\"View news\" target=\"_parent\"><span>View news<\/span><\/a>\n<\/div>\n<\/div>\n<\/div>\n<\/div>\n\n<div style=\"height:65px\" aria-hidden=\"true\" class=\"wp-block-spacer mezera_65\"><\/div>\n\n<h3 class=\"wp-block-heading has-text-align-center\">Basic parameters of the wall<\/h3>\n\n<p class=\"has-text-align-center wp-block-paragraph\">The main climbing hall covers an area <strong>of 60 m x 12.5 m <\/strong>and offers climbing lines from <strong>11.5 to 22 m<\/strong> in length. It provides climbing in both inclined structured profiles and climbing in perpendicular and overhanging profiles. The overhang of the main sports profile &#8220;Grotta&#8221; reaches a respectable <strong>8 m, the <\/strong>sports profile of the National Training Centre is 8.5 m and the routes in difficulty up to 9a are built by certified Czech and foreign builders of the \u010cHS \/ IFSC. In total, there are <strong>125 belay lines<\/strong> on <strong>2700 <\/strong>square metres of climbing area. At the end of the National Sports Centre there are <strong>two certified speed skating tracks <\/strong>including self-winding machines and a timing system. A <strong>total of 18 belay lines are covered with belay self-winders<\/strong>.<\/p>\n\n<p class=\"wp-block-paragraph\">The bouldering wall with an area of 400 square meters and a height of 4.5 meters offers <strong>90-110 colorful<\/strong> boulders in difficulty levels <strong>V0-V10<\/strong>.<\/p>\n\n<div style=\"height:45px\" aria-hidden=\"true\" class=\"wp-block-spacer mezera_45\"><\/div>\n\n<div class=\"wp-block-buttons is-content-justification-center is-layout-flex wp-container-core-buttons-is-layout-9b8700ad wp-block-buttons-is-layout-flex\" style=\"margin-top:0;margin-bottom:0\">\n<div class=\"wp-block-button seda\"><a class=\"wp-block-button__link wp-element-button\" href=\"http:\/\/www.climbhere.cz\/cs\/10001-hudy-lezecka-stena-brno\/cesty\" target=\"_blank\" rel=\"noreferrer noopener\">List of roads<\/a><\/div>\n\n\n\n<div class=\"wp-block-button seda\"><a class=\"wp-block-button__link wp-element-button\" href=\"http:\/\/www.climbhere.cz\/cs\/10001-hudy-lezecka-stena-brno\/bouldery\" target=\"_blank\" rel=\"noreferrer noopener\">List of boulders<\/a><\/div>\n<\/div>\n\n<div style=\"height:65px\" aria-hidden=\"true\" class=\"wp-block-spacer mezera_65\"><\/div>\n\n<div class=\"wp-block-group alignfull bg_seda has-global-padding is-layout-constrained wp-block-group-is-layout-constrained\">\n        <div id=\"prodejny\">\n            <h2>The nearest HUDY store<\/h2>\n            <div class=\"innerwrap owl-carousel owl-theme\">\n        <div class=\"item\">\n            <h3><a href=\"https:\/\/www.hudy.cz\/hudysport-brno-veveri\" target=\"_blank\" rel=\"noopener\">Brno Veve\u0159\u00ed<\/a><\/h3>\n            <!-- wp:paragraph -->\n<p>Veve\u0159\u00ed 13<br>602 00 Brno 2<\/p>\n<!-- \/wp:paragraph -->\n            <a href=\"tel:+420 733 147 683\">+420 733 147 683<\/a><br>\n            <a href=\"mailto:brno.veveri@hudy.cz\">brno.veveri@hudy.cz<\/a><br>\n            <a href=\"https:\/\/www.hudy.cz\/hudysport-brno-veveri\" target=\"_blank\" class=\"btn btn--ghost\" rel=\"noopener\"><span class=\"btn__inner\">About the store<\/span><\/a><br>\n        <\/div>\n        <div class=\"item\">\n            <h3><a href=\"https:\/\/www.hudy.cz\/hudysport-brno-starobrnenska\" target=\"_blank\" rel=\"noopener\">Brno Starobrn\u011bnsk\u00e1<\/a><\/h3>\n            <!-- wp:paragraph -->\n<p>Starobrn\u011bnsk\u00e1 6<br>602 00 Brno 2<\/p>\n<!-- \/wp:paragraph -->\n            <a href=\"tel:+420 604 294 374\">+420 604 294 374<\/a><br>\n            <a href=\"mailto:brno.starobrnenska@hudy.cz\">brno.starobrnenska@hudy.cz<\/a><br>\n            <a href=\"https:\/\/www.hudy.cz\/hudysport-brno-starobrnenska\" target=\"_blank\" class=\"btn btn--ghost\" rel=\"noopener\"><span class=\"btn__inner\">About the store<\/span><\/a><br>\n        <\/div>\n        <div class=\"item\">\n            <h3><a href=\"https:\/\/www.hudy.cz\/hudysport-zlin\" target=\"_blank\" rel=\"noopener\">Zl\u00edn<\/a><\/h3>\n            <!-- wp:paragraph -->\n<p>Vodn\u00ed 453<br>760 01 Zl\u00edn<\/p>\n<!-- \/wp:paragraph -->\n            <a href=\"tel:+420 602 700 012\">+420 602 700 012<\/a><br>\n            <a href=\"mailto:zlin@hudy.cz\">zlin@hudy.cz<\/a><br>\n            <a href=\"https:\/\/www.hudy.cz\/hudysport-zlin\" target=\"_blank\" class=\"btn btn--ghost\" rel=\"noopener\"><span class=\"btn__inner\">About the store<\/span><\/a><br>\n        <\/div>\n        <div class=\"item\">\n            <h3><a href=\"https:\/\/www.hudy.cz\/hudysport-olomouc\" target=\"_blank\" rel=\"noopener\">Olomouc<\/a><\/h3>\n            <!-- wp:paragraph -->\n<p>Ostru\u017enick\u00e1 19<br>779 00 Olomouc<\/p>\n<!-- \/wp:paragraph -->\n            <a href=\"tel:+420 731 685 697\">+420 731 685 697<\/a><br>\n            <a href=\"mailto:olomouc@hudy.cz\">olomouc@hudy.cz<\/a><br>\n            <a href=\"https:\/\/www.hudy.cz\/hudysport-olomouc\" target=\"_blank\" class=\"btn btn--ghost\" rel=\"noopener\"><span class=\"btn__inner\">About the store<\/span><\/a><br>\n        <\/div>\n        <div class=\"item\">\n            <h3><a href=\"https:\/\/www.hudy.cz\/hudysport-jihlava\" target=\"_blank\" rel=\"noopener\">Jihlava<\/a><\/h3>\n            <!-- wp:paragraph -->\n<p>Kosm\u00e1kova 21<br>586 01 Jihlava<\/p>\n<!-- \/wp:paragraph -->\n            <a href=\"tel:+420 567 312 233\">+420 567 312 233<\/a><br>\n            <a href=\"mailto:jihlava@hudy.cz\">jihlava@hudy.cz<\/a><br>\n            <a href=\"https:\/\/www.hudy.cz\/hudysport-jihlava\" target=\"_blank\" class=\"btn btn--ghost\" rel=\"noopener\"><span class=\"btn__inner\">About the store<\/span><\/a><br>\n        <\/div><\/div>\n        <\/div>\n<\/div>\n","protected":false},"excerpt":{"rendered":"<p>Price list News Basic parameters of the wall The main climbing hall covers an area of 60 m x 12.5 m and offers climbing lines from 11.5 to 22 m in length. It provides climbing in both inclined structured profiles and climbing in perpendicular and overhanging profiles. The overhang of the main sports profile &#8220;Grotta&#8221; [&hellip;]<\/p>\n","protected":false},"author":1,"featured_media":0,"parent":0,"menu_order":1,"comment_status":"closed","ping_status":"closed","template":"","meta":{"_acf_changed":false,"_crdt_document":"","footnotes":""},"class_list":["post-695","page","type-page","status-publish","hentry"],"acf":[],"_links":{"self":[{"href":"https:\/\/www.hudysteny.cz\/brno\/en\/wp-json\/wp\/v2\/pages\/695","targetHints":{"allow":["GET"]}}],"collection":[{"href":"https:\/\/www.hudysteny.cz\/brno\/en\/wp-json\/wp\/v2\/pages"}],"about":[{"href":"https:\/\/www.hudysteny.cz\/brno\/en\/wp-json\/wp\/v2\/types\/page"}],"author":[{"embeddable":true,"href":"https:\/\/www.hudysteny.cz\/brno\/en\/wp-json\/wp\/v2\/users\/1"}],"replies":[{"embeddable":true,"href":"https:\/\/www.hudysteny.cz\/brno\/en\/wp-json\/wp\/v2\/comments?post=695"}],"version-history":[{"count":2,"href":"https:\/\/www.hudysteny.cz\/brno\/en\/wp-json\/wp\/v2\/pages\/695\/revisions"}],"predecessor-version":[{"id":805,"href":"https:\/\/www.hudysteny.cz\/brno\/en\/wp-json\/wp\/v2\/pages\/695\/revisions\/805"}],"wp:attachment":[{"href":"https:\/\/www.hudysteny.cz\/brno\/en\/wp-json\/wp\/v2\/media?parent=695"}],"curies":[{"name":"wp","href":"https:\/\/api.w.org\/{rel}","templated":true}]}}