{"id":981,"date":"2023-11-14T12:03:07","date_gmt":"2023-11-14T11:03:07","guid":{"rendered":"https:\/\/dev-brno.hudysteny.cz\/vereine-und-unterricht\/kinderclubs-1-haelfte-des-jahres-2023-2024\/"},"modified":"2025-11-11T18:52:21","modified_gmt":"2025-11-11T17:52:21","slug":"kinderclubs-1-haelfte-des-jahres-2023-2024","status":"publish","type":"page","link":"https:\/\/www.hudysteny.cz\/brno\/de\/vereine-und-unterricht\/kinderclubs-1-haelfte-des-jahres-2023-2024\/","title":{"rendered":"Halbj\u00e4hrliche Kinderclubs"},"content":{"rendered":"\n<p class=\"wp-block-paragraph\">Informationen zur Anmeldung zu Klettergruppen f\u00fcr das laufende Semester, einschlie\u00dflich des Anmeldeformulars und freier Pl\u00e4tze in Gruppen &#8211; <a href=\"https:\/\/mladez.lokalka.eu\/prihlasovani-do-krouzku\/\" rel=\"noopener\">Anmeldung zu Klettergruppen I. Semester 2025\/2026<\/a><\/p>\n\n<p class=\"wp-block-paragraph\">Die Kinderringe sind sowohl f\u00fcr Kinder gedacht, die das Klettern ausprobieren und sich mit der Kletterbewegung vertraut machen wollen, als auch f\u00fcr Kinder, die das Klettern bereits kennen, sich damit besch\u00e4ftigen und sich weiterentwickeln wollen. In Zusammenarbeit mit dem <a href=\"https:\/\/www.lokalka.eu\/\" rel=\"noopener\">Kletterklub Lokomotiva Brno<\/a> f\u00fchren wir mit Unterst\u00fctzung der Statutarstadt Br\u00fcnn und der NSA die Aktivit\u00e4ten von Trainingsgruppen durch, die sich auf die Entwicklung von wettbewerbsf\u00e4higen Formen des Sportkletterns und des Wettkampfkletterns f\u00fcr Jugendliche konzentrieren.<\/p>\n\n<p class=\"wp-block-paragraph\">Die Kinderclubs sind nach Alter und vor allem nach F\u00e4higkeiten und Schwerpunkten unterteilt.<\/p>\n\n<p class=\"wp-block-paragraph\">Das Hauptziel der Clubs f\u00fcr <strong>Anf\u00e4nger und Fortgeschrittene<\/strong> ist es nicht, Spitzensportler auszubilden, sondern daf\u00fcr zu sorgen, dass Ihre Kinder Spa\u00df an der Bewegung haben und das Klettern f\u00fcr sie zun\u00e4chst zu einem Spiel und sp\u00e4ter vielleicht zu etwas mehr wird. Bei den <strong>Trainingsgruppen<\/strong> geht es uns nicht darum, m\u00f6glichst schnell Ergebnisse in den Jugendkategorien zu erzielen, sondern vor allem um die gesunde und ausgewogene Entwicklung einer Reihe von Bewegungsfertigkeiten f\u00fcr das Sportklettern und um die Schaffung bestm\u00f6glicher Voraussetzungen f\u00fcr Ergebnisse in den Junioren- und sp\u00e4teren Seniorenkategorien.<\/p>\n\n<p class=\"wp-block-paragraph\">Bei Bedarf haben wir einen vom Hauptkletterbereich getrennten Unterrichtsbereich. So haben die Lehrkr\u00e4fte einen ruhigen und separaten Raum f\u00fcr die Kinder. F\u00fcr die Entwicklung des Sportkletterns wird unsere Wand ab Februar 2021 in Zusammenarbeit mit dem tschechischen Kletterverband den Platz eines nationalen Sportzentrums f\u00fcr Schwierigkeits- und Speedklettern erhalten.<\/p>\n\n<p class=\"wp-block-paragraph\">F\u00fcr die Kurse nutzen wir auch eine Boulderwand, die f\u00fcr Kletterspiele geeignet ist, und von allen W\u00e4nden in Br\u00fcnn haben wir dreizehn neue Selbstbauger\u00e4te, die die Kletterzeit der Kinder so effizient wie m\u00f6glich machen und gleichzeitig maximale Sicherheit gew\u00e4hrleisten.<\/p>\n\n<p class=\"wp-block-paragraph\">Die Kurse f\u00fcr<strong> Anf\u00e4nger<\/strong> konzentrieren sich vor allem auf die grundlegenden Kletterbewegungen und die Sicherheitsgewohnheiten.<\/p>\n\n<p class=\"wp-block-paragraph\">Die Kurse <strong>f\u00fcr Fortgeschrittene<\/strong> umfassen neben der Weiterentwicklung der Kletterf\u00e4higkeiten auch die Entwicklung technischer Fertigkeiten wie Abseilen, grundlegende Seiltechnik und Grundausbildung.<\/p>\n\n<p class=\"wp-block-paragraph\">F\u00fcr Kurse f\u00fcr Anf\u00e4nger und Fortgeschrittene wenden Sie sich bitte an <strong>Honza Han\u00e1k <a href=\"mailto:mladezlokomotiva@gmail.com\">mladezlokomotiva@gmail.com<\/a><\/strong> <\/p>\n\n<p class=\"wp-block-paragraph\">Die <strong>Kurse <\/strong>sind haupts\u00e4chlich auf die Entwicklung der Kletterf\u00e4higkeiten ausgerichtet, wobei der Schwerpunkt auf der richtigen Trainingssteuerung, der Entwicklung von Kraft- und Beweglichkeitsf\u00e4higkeiten, aber auch auf geeigneten Ausgleichs\u00fcbungen liegt. Die Kinder, die der Trainingsgruppe zugewiesen werden, arbeiten im Modus der individuellen Trainingspl\u00e4ne f\u00fcr \u00e4ltere 2012, Trainingsrahmen f\u00fcr j\u00fcngere 2012. Die Teilnahme der Kinder an der Trainingsgruppe wird aus dem Budget von HO Lokomotiva Brno unterst\u00fctzt. <\/p>\n\n<p class=\"wp-block-paragraph\">F\u00fcr Beratung \u00fcber Fitness- und Trainingsgruppen kontaktieren Sie bitte Radek Lienerth <strong><a href=\"mailto:zoban@seznam.cz\">zoban@seznam.cz<\/a><\/strong><\/p>\n\n<p class=\"wp-block-paragraph\">Die Kurse werden von Ausbildern geleitet, die \u00fcber p\u00e4dagogische Erfahrung und eine Ausbildung im Klettern an k\u00fcnstlichen W\u00e4nden verf\u00fcgen. Neben ihrer pers\u00f6nlichen Qualifikation, die ein Studium an der FSpS MU Br\u00fcnn, Kurse des Ministeriums f\u00fcr Bildung und Wissenschaft und Coaching-Kurse der \u010cHS umfasst, werden sie kontinuierlich geschult und beraten.<\/p>\n\n<p class=\"wp-block-paragraph\">Ab Herbst 2020 sind alle Kinder in unseren Kletterclubs Mitglieder des Tschechischen Bergsteigerverbandes und des Kletterclubs Lokomotiva Brno.<\/p>\n\n<p class=\"wp-block-paragraph\">&#8211; Die Kinder sind im Rahmen ihrer T\u00e4tigkeit unfallversichert<a href=\"https:\/\/www.horosvaz.cz\/sluzby-pro-cleny\/pojisteni-pro-cleny\/urazove-pojisteni\/\" rel=\"noopener\"> (https:\/\/www.horosvaz.cz\/pojisteni-pro-cleny\/urazove-pojisteni\/)<\/a><\/p>\n\n<p class=\"wp-block-paragraph\">&#8211; Kinder, die im organisierten Sport aktiv sind, k\u00f6nnen als Bonus bei Bewerbungen f\u00fcr weiterf\u00fchrende Schulen geltend gemacht werden<\/p>\n\n<p class=\"wp-block-paragraph\">&#8211; Bei Anf\u00e4ngern, Fortgeschrittenen und Fitnesskletterern ist 1 St\u00fcck des Teamshirts in der Kursgeb\u00fchr enthalten, bei Trainingsgruppen wird das Material nach Absprache gew\u00e4hlt (voraussichtlich leichtes Sweatshirt + T-Shirt f\u00fcr Jungen \/ Tank Top f\u00fcr M\u00e4dchen)<\/p>\n\n<p class=\"wp-block-paragraph\">&#8211; Kinder aller unserer Vereine zahlen keine Startgeb\u00fchr f\u00fcr Rennen, die von HO Lokomotiva Brno in der Saison 2024\/2025 organisiert werden.  <\/p>\n\n<p class=\"wp-block-paragraph\">&#8211; F\u00fcr die Trainingsgruppen werden die Startgeb\u00fchren f\u00fcr die \u010cHS-Wettbewerbe aus dem Clubbudget bezahlt (1. Liga, 2. Liga und 3. Liga), wird der Trainer, der an den Wettbewerben teilnimmt, aus dem Budget des Vereins bezahlt. Das Budget deckt auch einen Fitnesstrainer, physiotherapeutische Betreuung und zus\u00e4tzliches Parkour- oder Bouldertraining an fremden W\u00e4nden ab. 1 x j\u00e4hrlicher Beitrag von 600,- CZK f\u00fcr die sportliche Gesundheitsuntersuchung. F\u00fcr Kinder wird aus dem Budget der Sektion der \u010cHS-Rennlizenz bezahlt.<\/p>\n","protected":false},"excerpt":{"rendered":"<p>Informationen zur Anmeldung zu Klettergruppen f\u00fcr das laufende Semester, einschlie\u00dflich des Anmeldeformulars und freier Pl\u00e4tze in Gruppen &#8211; Anmeldung zu Klettergruppen I. Semester 2025\/2026 Die Kinderringe sind sowohl f\u00fcr Kinder gedacht, die das Klettern ausprobieren und sich mit der Kletterbewegung vertraut machen wollen, als auch f\u00fcr Kinder, die das Klettern bereits kennen, sich damit besch\u00e4ftigen [&hellip;]<\/p>\n","protected":false},"author":1,"featured_media":0,"parent":724,"menu_order":37,"comment_status":"closed","ping_status":"closed","template":"","meta":{"_acf_changed":false,"_crdt_document":"","footnotes":""},"class_list":["post-981","page","type-page","status-publish","hentry"],"acf":[],"_links":{"self":[{"href":"https:\/\/www.hudysteny.cz\/brno\/de\/wp-json\/wp\/v2\/pages\/981","targetHints":{"allow":["GET"]}}],"collection":[{"href":"https:\/\/www.hudysteny.cz\/brno\/de\/wp-json\/wp\/v2\/pages"}],"about":[{"href":"https:\/\/www.hudysteny.cz\/brno\/de\/wp-json\/wp\/v2\/types\/page"}],"author":[{"embeddable":true,"href":"https:\/\/www.hudysteny.cz\/brno\/de\/wp-json\/wp\/v2\/users\/1"}],"replies":[{"embeddable":true,"href":"https:\/\/www.hudysteny.cz\/brno\/de\/wp-json\/wp\/v2\/comments?post=981"}],"version-history":[{"count":5,"href":"https:\/\/www.hudysteny.cz\/brno\/de\/wp-json\/wp\/v2\/pages\/981\/revisions"}],"predecessor-version":[{"id":1233,"href":"https:\/\/www.hudysteny.cz\/brno\/de\/wp-json\/wp\/v2\/pages\/981\/revisions\/1233"}],"up":[{"embeddable":true,"href":"https:\/\/www.hudysteny.cz\/brno\/de\/wp-json\/wp\/v2\/pages\/724"}],"wp:attachment":[{"href":"https:\/\/www.hudysteny.cz\/brno\/de\/wp-json\/wp\/v2\/media?parent=981"}],"curies":[{"name":"wp","href":"https:\/\/api.w.org\/{rel}","templated":true}]}}