{"id":973,"date":"2023-11-14T11:59:34","date_gmt":"2023-11-14T10:59:34","guid":{"rendered":"https:\/\/dev-brno.hudysteny.cz\/vereine-und-unterricht\/hudy-kletter-akademie\/"},"modified":"2025-09-02T21:00:49","modified_gmt":"2025-09-02T19:00:49","slug":"hudy-kletter-akademie","status":"publish","type":"page","link":"https:\/\/www.hudysteny.cz\/brno\/de\/vereine-und-unterricht\/hudy-kletter-akademie\/","title":{"rendered":"HUDY-Kletterakademie f\u00fcr Herbst 2025"},"content":{"rendered":"\n<h2 class=\"wp-block-heading\">Wir beginnen in der Woche vom 22.9.2025 &#8211; <strong>aufgrund des gro\u00dfen Interesses f\u00fcgen wir den Termin hinzu<\/strong> <\/h2>\n\n<h3 class=\"wp-block-heading\">Montag 18:30 &#8211; 20:30 &#8211; Anf\u00e4nger-\/Mittelstufengruppe<\/h3>\n\n<h3 class=\"wp-block-heading\">Mittwoch 19:00 &#8211; 21:00 &#8211; Anf\u00e4nger-\/Mittelstufengruppe<\/h3>\n\n<h3 class=\"wp-block-heading\">Mittwoch 19:00 &#8211; 21:00 &#8211; Gruppe f\u00fcr Fortgeschrittene &#8211; TRAINING<\/h3>\n\n<p class=\"wp-block-paragraph\"><strong>Sie klettern und m\u00f6chten mehr \u00fcber Klettern und Bergsteigen erfahren?<\/strong><\/p>\n\n<p class=\"wp-block-paragraph\"><strong>Sie klettern, aber manchmal sind Sie etwas wackelig und unsicher?<\/strong><\/p>\n\n<p class=\"wp-block-paragraph\"><strong>Sie klettern, aber das Sichern, das Fallen, das Binden von allem, was Sie umgibt, macht Ihnen Kopfzerbrechen, ganz zu schweigen von der Arbeit mit Material f\u00fcr Ihre eigene Sicherung?<\/strong><\/p>\n\n<p class=\"wp-block-paragraph\"><strong>Sie klettern an der Wand, wollen aber ausziehen?<\/strong><\/p>\n\n<p class=\"wp-block-paragraph\"><strong>Haben Sie ein Problem damit, im Klettern aufzusteigen, Ihre Technik zu verbessern oder Ihrem Training den richtigen Rahmen zu geben?<\/strong><\/p>\n\n<p class=\"wp-block-paragraph\"><strong>Dann k\u00f6nnte die HUDY Kletterakademie genau das Richtige f\u00fcr dich sein.<\/strong><\/p>\n\n<h3 class=\"wp-block-heading\">Was ist die HUDY-Kletterakademie<\/h3>\n\n<p class=\"wp-block-paragraph\">Halbj\u00e4hriger Kletterkurs an einer k\u00fcnstlichen Wand, bei dem man auch etwas f\u00fcr den Felsen lernt.<\/p>\n\n<p class=\"wp-block-paragraph\">W\u00e4hrend des Kurses werden wir klettern, Sie lernen die richtige Kletterbewegung, Bouldern und Ausdauertraining, wir \u00fcben die Methodik. Aufbau, Sicherung, Auffrischung des Gewohnten, Neuigkeiten und Techniktipps f\u00fcr die Zukunft.<\/p>\n\n<p class=\"wp-block-paragraph\">Wir werden unser neues Kletterpolygon benutzen, du wirst lernen, wie man erobert, abseilt und viele n\u00fctzliche Dinge, um sich an der k\u00fcnstlichen Wand, aber auch au\u00dferhalb davon, zu bewegen.<\/p>\n\n<p class=\"wp-block-paragraph\">In der Anf\u00e4ngergruppe gehen wir auf die Grundlagen ein, wiederholen einige grundlegende Dinge, aber auch neue Techniken.  <\/p>\n\n<p class=\"wp-block-paragraph\">In der Trainingsgruppe werden wir uns auf die Entwicklung Ihrer Kletterf\u00e4higkeiten konzentrieren und die Grundlagen f\u00fcr Ihr regelm\u00e4\u00dfiges Training legen.<\/p>\n\n<p class=\"wp-block-paragraph\">Der gesamte Kurs wird von einem erfahrenen Sport- und Bergsteiger, dem Bergf\u00fchrer Radek Lienerth, geleitet. Der eigentliche Unterricht wird dann von Mitgliedern des Tschechischen Verbandes der Bergf\u00fchrer in der Ausbildung, Ausbildern und Trainern der HUDY-Kletterwand Br\u00fcnn geleitet.<\/p>\n\n<p class=\"wp-block-paragraph\"><\/p>\n\n<h3 class=\"wp-block-heading\">Seit wann, bis wann, was w\u00e4re?<\/h3>\n\n<p class=\"wp-block-paragraph\">Es gibt eine Gruppe f\u00fcr den Kurs, mit maximal 8 Teilnehmern.  <\/p>\n\n<p class=\"wp-block-paragraph\">Wir beginnen in der Woche von Montag, den <strong>22.9.2025<\/strong> und beenden den Unterricht, der in allen Wochen <strong>au\u00dfer Feiertagen und Ferien<\/strong> (= unterrichtsfrei<strong>(27.10.2025 &#8211; Herbstferien, 17.11.2025 Feiertage und 29.12.2025 Weihnachten, <\/strong>) in der Woche vom <strong>26.1.2026<\/strong> stattfinden wird.  <\/p>\n\n<p class=\"wp-block-paragraph\">Im Preis inbegriffen sind 16 Unterrichtsstunden in einer Montagsgruppe &#8211; Kursleitung, Eintritte in die Wand, Verleih der notwendigen Ausr\u00fcstung, Mehrwertsteuer. Jeder Kursteilnehmer hat w\u00e4hrend des gesamten Kurses Anspruch auf 15% Rabatt auf alle Produkte in unserem Kletterausr\u00fcstungsshop.<\/p>\n\n<p class=\"wp-block-paragraph\">Hauptthemen des Kurses:<\/p>\n\n<ul class=\"wp-block-list\">\n<li>Grundlegende Kletterbewegungen &#8211; Felsen, Wand<\/li>\n\n\n\n<li>TR Binden und Sichern<\/li>\n\n\n\n<li>Sichern des Erstkletterers<\/li>\n\n\n\n<li>Sicherung mit HMS, ATC und Bremskraftunterst\u00fctzung<\/li>\n\n\n\n<li>\u00dcbung des Fallens und Auffangens eines Sturzes<\/li>\n\n\n\n<li>der Kurs ist so konzipiert, dass er zu voller Unabh\u00e4ngigkeit im Bereich der Kletterwand f\u00fchrt<\/li>\n\n\n\n<li>auf den richtigen Grundlagen aufbauen<\/li>\n<\/ul>\n\n<h3 class=\"wp-block-heading\">Anmeldung<\/h3>\n\n<p class=\"wp-block-paragraph\">Die einzige Voraussetzung f\u00fcr die Zulassung zum HCA-Anf\u00e4ngerkurs ist ein Interesse am Lernen und Klettern. Vorkenntnisse k\u00f6nnen von Vorteil sein, sind aber nicht unbedingt erforderlich. <\/p>\n\n<p class=\"wp-block-paragraph\">Voraussetzung f\u00fcr die Zulassung zum HCA TRAINING Kurs ist das Wissen und die F\u00e4higkeit des Sicherns, des Sicherns und des sicheren Kletterns am ersten<\/p>\n\n<p class=\"wp-block-paragraph\"><\/p>\n\n<p class=\"wp-block-paragraph\"><\/p>\n\n<p class=\"wp-block-paragraph\"><strong><a href=\"https:\/\/forms.gle\/kXNKBsT8HjZ4LUNt8\" rel=\"noopener\">Online-Antragsformular<\/a><\/strong><\/p>\n\n<figure class=\"wp-block-table\"><table><tbody><tr><td>HCA &#8211; Montag (15 Lektionen) + 1 x eint\u00e4giger Kletterausflug in der Umgebung von Br\u00fcnn<br\/>Nach Absprache M\u00f6glichkeit eines mehrt\u00e4gigen Ausflugs in die Felsgebiete von Slowenien\/Kroatien, nicht im Preis des HCA enthalten<\/td><td>18:30 &#8211; 20:30<\/td><td>7950,-CZK<\/td><\/tr><tr><td>HCA &#8211; Mittwoch (15 Lektionen) + 1 x eint\u00e4giger Kletterausflug in der Umgebung von Br\u00fcnn<br\/>Nach Absprache M\u00f6glichkeit eines mehrt\u00e4gigen Ausflugs in die Felsgebiete von Slowenien\/Kroatien, nicht im Preis des HCA enthalten<br\/><br\/><\/td><td>19:00 &#8211; 21:00<\/td><td>7950,-CZK<\/td><\/tr><tr><td>TRAINING &#8211; Mittwoch (15 Lektionen) + 1 x eint\u00e4giger Kletterausflug rund um Br\u00fcnn<br\/>Nach Absprache M\u00f6glichkeit eines mehrt\u00e4gigen Ausflugs in die Felsgebiete Sloweniens\/Kroatiens, nicht im Preis des HCA enthalten<\/td><td>19:00 &#8211; 21:00<\/td><td>7950,-CZK<\/td><\/tr><\/tbody><\/table><\/figure>\n\n<p class=\"wp-block-paragraph\">Sobald Sie Ihren Antrag eingereicht haben, erhalten Sie eine Rechnung, die Sie bitte gem\u00e4\u00df den darin enthaltenen Anweisungen bezahlen.<\/p>\n\n<figure class=\"wp-block-gallery has-nested-images columns-3 is-cropped wp-block-gallery-1 is-layout-flex wp-block-gallery-is-layout-flex\">\n<figure class=\"wp-block-image size-large\"><img loading=\"lazy\" decoding=\"async\" width=\"321\" height=\"241\" data-id=\"941\" src=\"https:\/\/www.hudysteny.cz\/brno\/wp-content\/uploads\/2023\/11\/csm_20151106_182712_81a3bdde84.jpg\" alt=\"Neue Dinge ausprobieren\" class=\"wp-image-941\" srcset=\"https:\/\/www.hudysteny.cz\/brno\/wp-content\/uploads\/2023\/11\/csm_20151106_182712_81a3bdde84.jpg 321w, https:\/\/www.hudysteny.cz\/brno\/wp-content\/uploads\/2023\/11\/csm_20151106_182712_81a3bdde84-300x225.jpg 300w\" sizes=\"auto, (max-width: 321px) 100vw, 321px\" \/><figcaption class=\"wp-element-caption\">Neue Dinge ausprobieren<\/figcaption><\/figure>\n\n\n\n<figure class=\"wp-block-image size-large\"><img loading=\"lazy\" decoding=\"async\" width=\"321\" height=\"241\" data-id=\"944\" src=\"https:\/\/www.hudysteny.cz\/brno\/wp-content\/uploads\/2023\/11\/csm_IMG_0506_5531a8aa01.jpg\" alt=\"Sie werden an Kraft und Technik gewinnen\" class=\"wp-image-944\" srcset=\"https:\/\/www.hudysteny.cz\/brno\/wp-content\/uploads\/2023\/11\/csm_IMG_0506_5531a8aa01.jpg 321w, https:\/\/www.hudysteny.cz\/brno\/wp-content\/uploads\/2023\/11\/csm_IMG_0506_5531a8aa01-300x225.jpg 300w\" sizes=\"auto, (max-width: 321px) 100vw, 321px\" \/><figcaption class=\"wp-element-caption\">Sie werden an Kraft und Technik gewinnen<\/figcaption><\/figure>\n\n\n\n<figure class=\"wp-block-image size-large\"><img loading=\"lazy\" decoding=\"async\" width=\"321\" height=\"181\" data-id=\"947\" src=\"https:\/\/www.hudysteny.cz\/brno\/wp-content\/uploads\/2023\/11\/csm_IMG_1101_cecb3b04a9.jpg\" alt=\"Sie werden gute Gewohnheiten auch im Freien zu sch&#xE4;tzen wissen\" class=\"wp-image-947\" srcset=\"https:\/\/www.hudysteny.cz\/brno\/wp-content\/uploads\/2023\/11\/csm_IMG_1101_cecb3b04a9.jpg 321w, https:\/\/www.hudysteny.cz\/brno\/wp-content\/uploads\/2023\/11\/csm_IMG_1101_cecb3b04a9-300x169.jpg 300w\" sizes=\"auto, (max-width: 321px) 100vw, 321px\" \/><figcaption class=\"wp-element-caption\">Sie werden gute Gewohnheiten auch im Freien zu sch\u00e4tzen wissen<\/figcaption><\/figure>\n<\/figure>\n","protected":false},"excerpt":{"rendered":"<p>Wir beginnen in der Woche vom 22.9.2025 &#8211; aufgrund des gro\u00dfen Interesses f\u00fcgen wir den Termin hinzu Montag 18:30 &#8211; 20:30 &#8211; Anf\u00e4nger-\/Mittelstufengruppe Mittwoch 19:00 &#8211; 21:00 &#8211; Anf\u00e4nger-\/Mittelstufengruppe Mittwoch 19:00 &#8211; 21:00 &#8211; Gruppe f\u00fcr Fortgeschrittene &#8211; TRAINING Sie klettern und m\u00f6chten mehr \u00fcber Klettern und Bergsteigen erfahren? Sie klettern, aber manchmal sind Sie [&hellip;]<\/p>\n","protected":false},"author":1,"featured_media":0,"parent":724,"menu_order":28,"comment_status":"closed","ping_status":"closed","template":"","meta":{"_acf_changed":false,"_crdt_document":"","footnotes":""},"class_list":["post-973","page","type-page","status-publish","hentry"],"acf":[],"_links":{"self":[{"href":"https:\/\/www.hudysteny.cz\/brno\/de\/wp-json\/wp\/v2\/pages\/973","targetHints":{"allow":["GET"]}}],"collection":[{"href":"https:\/\/www.hudysteny.cz\/brno\/de\/wp-json\/wp\/v2\/pages"}],"about":[{"href":"https:\/\/www.hudysteny.cz\/brno\/de\/wp-json\/wp\/v2\/types\/page"}],"author":[{"embeddable":true,"href":"https:\/\/www.hudysteny.cz\/brno\/de\/wp-json\/wp\/v2\/users\/1"}],"replies":[{"embeddable":true,"href":"https:\/\/www.hudysteny.cz\/brno\/de\/wp-json\/wp\/v2\/comments?post=973"}],"version-history":[{"count":4,"href":"https:\/\/www.hudysteny.cz\/brno\/de\/wp-json\/wp\/v2\/pages\/973\/revisions"}],"predecessor-version":[{"id":1219,"href":"https:\/\/www.hudysteny.cz\/brno\/de\/wp-json\/wp\/v2\/pages\/973\/revisions\/1219"}],"up":[{"embeddable":true,"href":"https:\/\/www.hudysteny.cz\/brno\/de\/wp-json\/wp\/v2\/pages\/724"}],"wp:attachment":[{"href":"https:\/\/www.hudysteny.cz\/brno\/de\/wp-json\/wp\/v2\/media?parent=973"}],"curies":[{"name":"wp","href":"https:\/\/api.w.org\/{rel}","templated":true}]}}