{"id":969,"date":"2023-11-14T11:56:06","date_gmt":"2023-11-14T10:56:06","guid":{"rendered":"https:\/\/dev-brno.hudysteny.cz\/vereine-und-unterricht\/grundkurs-des-kletterns-an-der-kuenstlichen-wand\/"},"modified":"2023-11-14T13:06:11","modified_gmt":"2023-11-14T12:06:11","slug":"grundkurs-des-kletterns-an-der-kuenstlichen-wand","status":"publish","type":"page","link":"https:\/\/www.hudysteny.cz\/brno\/de\/vereine-und-unterricht\/grundkurs-des-kletterns-an-der-kuenstlichen-wand\/","title":{"rendered":"Grundkurs des Kletterns an der k\u00fcnstlichen Wand"},"content":{"rendered":"\n<p class=\"wp-block-paragraph\"><strong>Kursinhalt:<\/strong> 4 Lektionen zu je 2 Stunden<br\/><br\/>1) Grundlegendes Klettermaterial f\u00fcr die Bewegung an einer k\u00fcnstlichen Kletterwand beim Sichern mit einem Seil. Kletterbewegung auf verschiedenen Profilen, Technik und Taktik der Kletterbewegung. Grundlagen des Sicherns TR, Sicherungsger\u00e4te und deren Verwendung (Gurt, Seil, Eimer). Pitching und Fundamentknoten, Kommunikation, Partnercheck.<br\/>2) Aufriggen und Sichern mit HMS bei Verwendung des oberen Seils. Grundlegende Kommunikation beim Klettern am oberen Seil. Klettertaktik beim Klettern l\u00e4ngerer Routen, Wahl des Ansatzes. Das Problem der Ausl\u00f6sung \u00fcber HMS. \u00dcben Sie das Sichern mit einem Eimer.<br\/>3) Einf\u00fchrung in die Erstbesteigung. Ineinandergreifende Sicherungspunkte, Seilf\u00fchrung, Seil- und Klettererposition. Training am oberen Standplatz. Erste Solokletterei als Erstbesteigung.<br\/>4) Verbesserung des Kletterns in der Erstbegeherposition, Erstbegeher-Taktik, F\u00fchren in verschiedenen Profilen. \u00dcben Sie das Fallen und Auffangen eines Sturzes beim Sichern mit einem Eimer.<br\/><br\/><strong>Nach Absolvierung des Kurses und Bestehen der Abschlusspr\u00fcfung ist der Teilnehmer in der Lage, sich selbstst\u00e4ndig an den k\u00fcnstlichen W\u00e4nden zu bewegen. Er beherrscht die Eimersicherungstechnik und kann sich sicher und korrekt einbinden. Er verf\u00fcgt \u00fcber die Grundlagen der Klettertechnik und -taktik f\u00fcr den Bedarf einer k\u00fcnstlichen Kletterwand in der Top-Rope-Kletterposition und in der Erstbegehungsposition.<\/strong><\/p>\n\n<p class=\"wp-block-paragraph\"><strong>Der Teilnehmer erh\u00e4lt ein <a href=\"http:\/\/www.climbingschool.cz\/var\/uploads\/files\/000000\/000029\/Umela_stena.pdf\" rel=\"noopener\">Zertifikat \u00fcber den<\/a> Abschluss des Kurses und das Bestehen der Pr\u00fcfung.<\/strong><\/p>\n\n<p class=\"wp-block-paragraph\"><strong>Ort des Kurses:<\/strong> <a href=\"http:\/\/www.hudysteny.cz\/brno\" target=\"_blank\" rel=\"noreferrer noopener\">HUDY-Kletterwand Br\u00fcnn<\/a><\/p>\n\n<p class=\"wp-block-paragraph\"><br\/><strong>Stundenplan:<\/strong> 8 Unterrichtsstunden, aufgeteilt in 4 Unterrichtseinheiten. Der Kurs wird idealerweise in zwei Unterrichtsstunden pro Woche durchgef\u00fchrt. F\u00fcr geschlossene Gruppen und Einzelunterricht bieten wir den Kurs je nach Bedarf tags\u00fcber oder abends an. <\/p>\n\n<p class=\"wp-block-paragraph\"><strong>Preis des Kurses:<\/strong> Der Preis beinhaltet die Durchf\u00fchrung des Kurses durch einen ordnungsgem\u00e4\u00df ausgebildeten und zertifizierten Ausbilder, den Verleih der Ausr\u00fcstung<a href=\"http:\/\/www.hudy.cz\/lezeni_vybaveni\/?fCB=23\" rel=\"noopener\">(ROCK EMPIRE-Gurte und -Hardware<\/a>, <a href=\"http:\/\/www.hudy.cz\/lezecky\/?fb=11\" rel=\"noopener\">LA SPORTIVA-Klettergurte<\/a>), den Eintritt in die Wand und die Ausstellung einer Bescheinigung \u00fcber den Abschluss des Kurses. Der Preis enth\u00e4lt die Mehrwertsteuer. Der Preis beinhaltet keine Versicherung.<\/p>\n\n<p class=\"wp-block-paragraph\"><strong>Zahlungsweise: Barzahlung oder Bank\u00fcberweisung &#8211; 2052788329\/0800; keine Kartenzahlung m\u00f6glich.<\/strong><\/p>\n\n<p class=\"wp-block-paragraph\"><strong>Bitte setzen Sie sich mindestens zwei Tage im Voraus mit uns in Verbindung, um einen Kursleiter zu vereinbaren.<\/strong><\/p>\n\n<figure class=\"wp-block-table\"><table><tbody><tr><td><strong> Anzahl der G\u00e4ste \/ Preis pro Person<\/strong><\/td><td><strong>Preis<\/strong><\/td><\/tr><tr><td>1<\/td><td>5290,- CZK<\/td><\/tr><tr><td>2<\/td><td>3690,- CZK<\/td><\/tr><tr><td>3<\/td><td>3190,- CZK<\/td><\/tr><tr><td>4<\/td><td>2890,- CZK<\/td><\/tr><\/tbody><\/table><\/figure>\n\n<figure class=\"wp-block-gallery has-nested-images columns-3 is-cropped wp-block-gallery-1 is-layout-flex wp-block-gallery-is-layout-flex\">\n<figure class=\"wp-block-image size-large\"><a href=\"https:\/\/www.hudysteny.cz\/brno\/wp-content\/uploads\/2023\/11\/HUDYstena_027.jpg\"><img loading=\"lazy\" decoding=\"async\" width=\"800\" height=\"533\" data-id=\"936\" src=\"https:\/\/www.hudysteny.cz\/brno\/wp-content\/uploads\/2023\/11\/HUDYstena_027.jpg\" alt=\"\" class=\"wp-image-936\" srcset=\"https:\/\/www.hudysteny.cz\/brno\/wp-content\/uploads\/2023\/11\/HUDYstena_027.jpg 800w, https:\/\/www.hudysteny.cz\/brno\/wp-content\/uploads\/2023\/11\/HUDYstena_027-300x200.jpg 300w, https:\/\/www.hudysteny.cz\/brno\/wp-content\/uploads\/2023\/11\/HUDYstena_027-768x512.jpg 768w\" sizes=\"auto, (max-width: 800px) 100vw, 800px\" \/><\/a><\/figure>\n\n\n\n<figure class=\"wp-block-image size-large\"><a href=\"https:\/\/www.hudysteny.cz\/brno\/wp-content\/uploads\/2023\/11\/HUDYstena_028.jpg\"><img loading=\"lazy\" decoding=\"async\" width=\"800\" height=\"533\" data-id=\"933\" src=\"https:\/\/www.hudysteny.cz\/brno\/wp-content\/uploads\/2023\/11\/HUDYstena_028.jpg\" alt=\"\" class=\"wp-image-933\" srcset=\"https:\/\/www.hudysteny.cz\/brno\/wp-content\/uploads\/2023\/11\/HUDYstena_028.jpg 800w, https:\/\/www.hudysteny.cz\/brno\/wp-content\/uploads\/2023\/11\/HUDYstena_028-300x200.jpg 300w, https:\/\/www.hudysteny.cz\/brno\/wp-content\/uploads\/2023\/11\/HUDYstena_028-768x512.jpg 768w\" sizes=\"auto, (max-width: 800px) 100vw, 800px\" \/><\/a><\/figure>\n\n\n\n<figure class=\"wp-block-image size-large\"><a href=\"https:\/\/www.hudysteny.cz\/brno\/wp-content\/uploads\/2023\/11\/HUDYstena_010.jpg\"><img loading=\"lazy\" decoding=\"async\" width=\"800\" height=\"533\" data-id=\"930\" src=\"https:\/\/www.hudysteny.cz\/brno\/wp-content\/uploads\/2023\/11\/HUDYstena_010.jpg\" alt=\"\" class=\"wp-image-930\" srcset=\"https:\/\/www.hudysteny.cz\/brno\/wp-content\/uploads\/2023\/11\/HUDYstena_010.jpg 800w, https:\/\/www.hudysteny.cz\/brno\/wp-content\/uploads\/2023\/11\/HUDYstena_010-300x200.jpg 300w, https:\/\/www.hudysteny.cz\/brno\/wp-content\/uploads\/2023\/11\/HUDYstena_010-768x512.jpg 768w\" sizes=\"auto, (max-width: 800px) 100vw, 800px\" \/><\/a><\/figure>\n<\/figure>\n","protected":false},"excerpt":{"rendered":"<p>Kursinhalt: 4 Lektionen zu je 2 Stunden 1) Grundlegendes Klettermaterial f\u00fcr die Bewegung an einer k\u00fcnstlichen Kletterwand beim Sichern mit einem Seil. Kletterbewegung auf verschiedenen Profilen, Technik und Taktik der Kletterbewegung. Grundlagen des Sicherns TR, Sicherungsger\u00e4te und deren Verwendung (Gurt, Seil, Eimer). Pitching und Fundamentknoten, Kommunikation, Partnercheck.2) Aufriggen und Sichern mit HMS bei Verwendung des [&hellip;]<\/p>\n","protected":false},"author":1,"featured_media":0,"parent":724,"menu_order":18,"comment_status":"closed","ping_status":"closed","template":"","meta":{"_acf_changed":false,"_crdt_document":"","footnotes":""},"class_list":["post-969","page","type-page","status-publish","hentry"],"acf":[],"_links":{"self":[{"href":"https:\/\/www.hudysteny.cz\/brno\/de\/wp-json\/wp\/v2\/pages\/969","targetHints":{"allow":["GET"]}}],"collection":[{"href":"https:\/\/www.hudysteny.cz\/brno\/de\/wp-json\/wp\/v2\/pages"}],"about":[{"href":"https:\/\/www.hudysteny.cz\/brno\/de\/wp-json\/wp\/v2\/types\/page"}],"author":[{"embeddable":true,"href":"https:\/\/www.hudysteny.cz\/brno\/de\/wp-json\/wp\/v2\/users\/1"}],"replies":[{"embeddable":true,"href":"https:\/\/www.hudysteny.cz\/brno\/de\/wp-json\/wp\/v2\/comments?post=969"}],"version-history":[{"count":1,"href":"https:\/\/www.hudysteny.cz\/brno\/de\/wp-json\/wp\/v2\/pages\/969\/revisions"}],"predecessor-version":[{"id":970,"href":"https:\/\/www.hudysteny.cz\/brno\/de\/wp-json\/wp\/v2\/pages\/969\/revisions\/970"}],"up":[{"embeddable":true,"href":"https:\/\/www.hudysteny.cz\/brno\/de\/wp-json\/wp\/v2\/pages\/724"}],"wp:attachment":[{"href":"https:\/\/www.hudysteny.cz\/brno\/de\/wp-json\/wp\/v2\/media?parent=969"}],"curies":[{"name":"wp","href":"https:\/\/api.w.org\/{rel}","templated":true}]}}