{"id":965,"date":"2023-11-14T11:29:21","date_gmt":"2023-11-14T10:29:21","guid":{"rendered":"https:\/\/dev-brno.hudysteny.cz\/vereine-und-unterricht\/einfuehrungskurs-klettern\/"},"modified":"2023-11-14T13:03:08","modified_gmt":"2023-11-14T12:03:08","slug":"einfuehrungskurs-klettern","status":"publish","type":"page","link":"https:\/\/www.hudysteny.cz\/brno\/de\/vereine-und-unterricht\/einfuehrungskurs-klettern\/","title":{"rendered":"Einf\u00fchrungskurs Klettern"},"content":{"rendered":"\n<p class=\"wp-block-paragraph\">Der Kurs ist vor allem f\u00fcr diejenigen gedacht, die sich f\u00fcr das Klettern an einer k\u00fcnstlichen Kletterwand interessieren, aber Bedenken haben, ob es ihrer Fitness entspricht oder keine Ahnung haben, was Klettern an einer k\u00fcnstlichen Wand \u00fcberhaupt ist.<\/p>\n\n<p class=\"wp-block-paragraph\">W\u00e4hrend des Kurses lernen Sie die Grundlagen der Kletterbewegung kennen, probieren das Sichern aus und k\u00f6nnen besser entscheiden, ob Klettern der richtige Sport f\u00fcr Sie ist.<\/p>\n\n<p class=\"wp-block-paragraph\">Im Preis inbegriffen sind die Durchf\u00fchrung des Kurses durch einen ausgebildeten und zertifizierten Instruktor, der Verleih der Ausr\u00fcstung<a href=\"http:\/\/www.hudy.cz\/lezeni_vybaveni\/?fCB=23\" rel=\"noopener\">(ROCK EMPIRE-Gurte und -Hardware<\/a>, <a href=\"http:\/\/www.hudy.cz\/lezecky\/?fb=11\" rel=\"noopener\">LA SPORTIVA-Kletterschuhe<\/a>) und der Eintritt in die Wand.<\/p>\n\n<p class=\"wp-block-paragraph\"><strong>Ort des Kurses:<\/strong> <a href=\"http:\/\/www.hudysteny.cz\/brno\" target=\"_blank\" rel=\"noreferrer noopener\">HUDY-Wand Br\u00fcnn<\/a><\/p>\n\n<p class=\"wp-block-paragraph\"><strong>Kursablauf:<\/strong> ca. 2 Stunden Kletteraktivit\u00e4ten an der Wand<\/p>\n\n<p class=\"wp-block-paragraph\"><strong>Preis des Kurses:<\/strong><\/p>\n\n<figure class=\"wp-block-table\"><table><tbody><tr><td><strong>Anzahl der G\u00e4ste \/Preis pro Person<\/strong><\/td><td><strong>Preis pro Person<\/strong><\/td><\/tr><tr><td>1<\/td><td>1500,-CZK<\/td><\/tr><tr><td>2<\/td><td>950,- CZK<\/td><\/tr><tr><td>3<\/td><td>850,- CZK<\/td><\/tr><tr><td>4<\/td><td>750,-CZK<\/td><\/tr><tr><td><strong>Erm\u00e4\u00dfigter Familienkurs<\/strong><\/td><td><strong>Gesamtpreis<\/strong><\/td><\/tr><tr><td>Familie (2 Erwachsene + max. 3 Kinder)<\/td><td>2690,- CZK<\/td><\/tr><\/tbody><\/table><\/figure>\n\n<p class=\"wp-block-paragraph\"><em>Die empfohlene Gruppengr\u00f6\u00dfe betr\u00e4gt bis zu 2 Personen, 4 Personen sind das absolute Maximum.<\/em><\/p>\n\n<p class=\"wp-block-paragraph\"><strong>Zahlungsweise: Barzahlung oder Bank\u00fcberweisung &#8211; 2052788329\/0800; keine Kartenzahlung m\u00f6glich.<\/strong><\/p>\n\n<p class=\"wp-block-paragraph\">Der Kurs wird von einem Bergf\u00fchrer der UIAGM \/ HMG oder einem Kletterlehrer &#8222;Klettern an der k\u00fcnstlichen Wand des Bildungsministeriums&#8220; geleitet.<br\/><br\/>Die einzige Bedingung f\u00fcr die Zulassung zum Kurs ist Ihre Bereitschaft, etwas Neues auszuprobieren. Es sind keine Vorkenntnisse oder Erfahrungen im Bergsteigen erforderlich.<\/p>\n\n<p class=\"wp-block-paragraph\"><strong>Bitte setzen Sie sich mindestens zwei Tage im Voraus mit uns in Verbindung, um einen Kursleiter zu vereinbaren.<\/strong><\/p>\n\n<figure class=\"wp-block-gallery has-nested-images columns-3 is-cropped wp-block-gallery-1 is-layout-flex wp-block-gallery-is-layout-flex\">\n<figure class=\"wp-block-image size-large\"><a href=\"https:\/\/www.hudysteny.cz\/brno\/wp-content\/uploads\/2023\/11\/HUDYstena_019.jpg\"><img loading=\"lazy\" decoding=\"async\" width=\"800\" height=\"533\" data-id=\"925\" src=\"https:\/\/www.hudysteny.cz\/brno\/wp-content\/uploads\/2023\/11\/HUDYstena_019.jpg\" alt=\"\" class=\"wp-image-925\" srcset=\"https:\/\/www.hudysteny.cz\/brno\/wp-content\/uploads\/2023\/11\/HUDYstena_019.jpg 800w, https:\/\/www.hudysteny.cz\/brno\/wp-content\/uploads\/2023\/11\/HUDYstena_019-300x200.jpg 300w, https:\/\/www.hudysteny.cz\/brno\/wp-content\/uploads\/2023\/11\/HUDYstena_019-768x512.jpg 768w\" sizes=\"auto, (max-width: 800px) 100vw, 800px\" \/><\/a><\/figure>\n\n\n\n<figure class=\"wp-block-image size-large\"><a href=\"https:\/\/www.hudysteny.cz\/brno\/wp-content\/uploads\/2023\/11\/HUDYstena_006.jpg\"><img loading=\"lazy\" decoding=\"async\" width=\"800\" height=\"533\" data-id=\"922\" src=\"https:\/\/www.hudysteny.cz\/brno\/wp-content\/uploads\/2023\/11\/HUDYstena_006.jpg\" alt=\"\" class=\"wp-image-922\" srcset=\"https:\/\/www.hudysteny.cz\/brno\/wp-content\/uploads\/2023\/11\/HUDYstena_006.jpg 800w, https:\/\/www.hudysteny.cz\/brno\/wp-content\/uploads\/2023\/11\/HUDYstena_006-300x200.jpg 300w, https:\/\/www.hudysteny.cz\/brno\/wp-content\/uploads\/2023\/11\/HUDYstena_006-768x512.jpg 768w\" sizes=\"auto, (max-width: 800px) 100vw, 800px\" \/><\/a><\/figure>\n\n\n\n<figure class=\"wp-block-image size-large\"><a href=\"https:\/\/www.hudysteny.cz\/brno\/wp-content\/uploads\/2023\/11\/HUDYstena_031.jpg\"><img loading=\"lazy\" decoding=\"async\" width=\"800\" height=\"533\" data-id=\"919\" src=\"https:\/\/www.hudysteny.cz\/brno\/wp-content\/uploads\/2023\/11\/HUDYstena_031.jpg\" alt=\"\" class=\"wp-image-919\" srcset=\"https:\/\/www.hudysteny.cz\/brno\/wp-content\/uploads\/2023\/11\/HUDYstena_031.jpg 800w, https:\/\/www.hudysteny.cz\/brno\/wp-content\/uploads\/2023\/11\/HUDYstena_031-300x200.jpg 300w, https:\/\/www.hudysteny.cz\/brno\/wp-content\/uploads\/2023\/11\/HUDYstena_031-768x512.jpg 768w\" sizes=\"auto, (max-width: 800px) 100vw, 800px\" \/><\/a><\/figure>\n<\/figure>\n","protected":false},"excerpt":{"rendered":"<p>Der Kurs ist vor allem f\u00fcr diejenigen gedacht, die sich f\u00fcr das Klettern an einer k\u00fcnstlichen Kletterwand interessieren, aber Bedenken haben, ob es ihrer Fitness entspricht oder keine Ahnung haben, was Klettern an einer k\u00fcnstlichen Wand \u00fcberhaupt ist. W\u00e4hrend des Kurses lernen Sie die Grundlagen der Kletterbewegung kennen, probieren das Sichern aus und k\u00f6nnen besser [&hellip;]<\/p>\n","protected":false},"author":1,"featured_media":0,"parent":724,"menu_order":15,"comment_status":"closed","ping_status":"closed","template":"","meta":{"_acf_changed":false,"_crdt_document":"","footnotes":""},"class_list":["post-965","page","type-page","status-publish","hentry"],"acf":[],"_links":{"self":[{"href":"https:\/\/www.hudysteny.cz\/brno\/de\/wp-json\/wp\/v2\/pages\/965","targetHints":{"allow":["GET"]}}],"collection":[{"href":"https:\/\/www.hudysteny.cz\/brno\/de\/wp-json\/wp\/v2\/pages"}],"about":[{"href":"https:\/\/www.hudysteny.cz\/brno\/de\/wp-json\/wp\/v2\/types\/page"}],"author":[{"embeddable":true,"href":"https:\/\/www.hudysteny.cz\/brno\/de\/wp-json\/wp\/v2\/users\/1"}],"replies":[{"embeddable":true,"href":"https:\/\/www.hudysteny.cz\/brno\/de\/wp-json\/wp\/v2\/comments?post=965"}],"version-history":[{"count":1,"href":"https:\/\/www.hudysteny.cz\/brno\/de\/wp-json\/wp\/v2\/pages\/965\/revisions"}],"predecessor-version":[{"id":966,"href":"https:\/\/www.hudysteny.cz\/brno\/de\/wp-json\/wp\/v2\/pages\/965\/revisions\/966"}],"up":[{"embeddable":true,"href":"https:\/\/www.hudysteny.cz\/brno\/de\/wp-json\/wp\/v2\/pages\/724"}],"wp:attachment":[{"href":"https:\/\/www.hudysteny.cz\/brno\/de\/wp-json\/wp\/v2\/media?parent=965"}],"curies":[{"name":"wp","href":"https:\/\/api.w.org\/{rel}","templated":true}]}}