{"id":757,"date":"2023-06-22T16:09:05","date_gmt":"2023-06-22T14:09:05","guid":{"rendered":"https:\/\/dev-brno.hudysteny.cz\/preisliste\/"},"modified":"2024-01-08T14:19:56","modified_gmt":"2024-01-08T13:19:56","slug":"preisliste","status":"publish","type":"page","link":"https:\/\/www.hudysteny.cz\/brno\/de\/preisliste\/","title":{"rendered":"Preisliste"},"content":{"rendered":"\n<h2 class=\"wp-block-heading\">Eintritts- und Dauerkarten f\u00fcr die Mauer<\/h2>\n\n<p class=\"wp-block-paragraph\"><em>Hinweis: Der Eintritt zur Wand beinhaltet auch den Zutritt zum Boulderbereich.<\/em><\/p>\n\n<p class=\"wp-block-paragraph\">Der Eintritt zur Wand kann mit Bargeld, Kreditkarte, ausgew\u00e4hlten SODEXO- und EDENRED-Papiergutscheinprodukten bezahlt werden. Es ist auch m\u00f6glich, das System von Benefit Partner und Benefity a.s. f\u00fcr die Zahlung zu nutzen.<\/p>\n\n<p class=\"wp-block-paragraph\"><strong>Alle Arten von Eintritten sind f\u00fcr Inhaber der HUDY-Partnerkarte erm\u00e4\u00dfigt. Sie k\u00f6nnen diese Karte kostenlos erhalten, wenn Sie sich unter <a href=\"https:\/\/www.hudy.cz\/registrace\" rel=\"noopener\">www.hudy.cz<\/a> registrieren.<\/strong><\/p>\n\n<figure class=\"wp-block-table\"><table><tbody><tr><td>Mo &#8211; Fr<\/td><td>8:00 &#8211; 15:00<\/td><td>15:00 &#8211; 22:00<\/td><\/tr><tr><td>Sa &#8211; So, Feiertage<\/td><td><\/td><td>10:00 &#8211; 22:00<\/td><\/tr><tr><td><\/td><td>normal \/ <strong>HUDY-Partner <\/strong> <\/td><td>normal \/ <strong>HUDY-Partner <\/strong> <\/td><\/tr><tr><td>Erwachsene<\/td><td>195,- CZK \/ <strong>185,- CZK<\/strong><\/td><td>265,- CZK \/ <strong>251,- CZK<\/strong><\/td><\/tr><tr><td>Sch\u00fcler*innen<\/td><td>160,- CZK \/ <strong>152,- CZK<\/strong><\/td><td>210,- CZK \/ <strong>199,- CZK<\/strong><\/td><\/tr><tr><td>Kinder**<\/td><td>100,- CZK \/ <strong>95<\/strong><strong>,- CZK<\/strong><\/td><td>145,- CZK \/ <strong>137,- CZK<\/strong><\/td><\/tr><tr><td>Senioren (\u00fcber 60 Jahre)<\/td><td>100,- CZK \/<strong> 95,- CZK<\/strong><\/td><td>145,- CZK \/ <strong>137,- CZK<\/strong><\/td><\/tr><tr><td>Familienzulassung *** <\/td><td>470,- CZK \/ <strong>446<\/strong><strong>,- CZK<\/strong><\/td><td>660,- CZK \/ <strong>627<\/strong><strong>,- CZK<\/strong><\/td><\/tr><tr><td>Stromkreisunterbrecher****<\/td><td>80,- CZK \/<strong> 80,- CZK<\/strong><\/td><td>80,- CZK \/ <strong>90,- CZK<\/strong><\/td><\/tr><\/tbody><\/table><\/figure>\n\n<p class=\"wp-block-paragraph\">* Studenten m\u00fcssen ihre ISIC-Karte mit einem f\u00fcr das Kalenderjahr g\u00fcltigen Stempel vorlegen, um die Studentenaufnahmegeb\u00fchr zu erhalten<\/p>\n\n<p class=\"wp-block-paragraph\">**Kinder bis zu 6 Jahren in Begleitung zahlender Eltern haben freien Eintritt<\/p>\n\n<p class=\"wp-block-paragraph\">*** Der Familieneintritt umfasst zwei Erwachsene + max. 3 Kinder unter 15 Jahren<\/p>\n\n<p class=\"wp-block-paragraph\">**** Sicherungsbegleiter f\u00fcr kletternde Kinder bis zu 6 Jahren<\/p>\n\n<p class=\"wp-block-paragraph\">Das Tarifband ist zum Zeitpunkt der Zahlung des Eintrittspreises g\u00fcltig.<\/p>\n\n<h2 class=\"wp-block-heading\">Mauerdurchg\u00e4nge<\/h2>\n\n<p class=\"wp-block-paragraph\">Studenten, die mit einem Studentenausweis einreisen, m\u00fcssen ihre ISIC-Karte mit einem f\u00fcr das Kalenderjahr g\u00fcltigen Stempel vorzeigen.<\/p>\n\n<figure class=\"wp-block-table\"><table><tbody><tr><td><\/td><td>Erwachsene<\/td><td>Studenten <\/td><td> Kinder\/Senioren <\/td><td>G\u00fcltigkeit<\/td><\/tr><tr><td><\/td><td><strong>HUDY-Partner<\/strong> \/ normal<\/td><td><strong>HUDY-Partner<\/strong> \/ normal<\/td><td> <strong> HUDY-Partner<\/strong> \/ normal <\/td><td><\/td><\/tr><tr><td>10 Eing\u00e4nge <\/td><td><strong>2392,- CZK (1 Eintrag 239,- CZK)<\/strong> \/ 2518,- CZK (1 Eintrag 252,- CZK)<\/td><td><strong>1895,- CZK (1 Eintrag 190,- CZK)<\/strong> \/ 1995,- CZK (1 Eintrag 200,- CZK)<\/td><td><strong>1263,- CZK (1 Eintrag 126,- CZK)<\/strong> \/ 1330,- CZK (1 Eintrag 133,- CZK)<\/td><td>Ein Jahr seit dem Verkauf <\/td><\/tr><tr><td>20 Eing\u00e4nge<\/td><td><strong>4531,- CZK (1 Eintrag 227,- CZK)<\/strong> \/ 4770,- CZK (1 Eintrag 239,- CZK) <\/td><td><strong>3591,- CZK (1 Eintrag 180,- CZK)<\/strong> \/ 3780,- CZK (1 Eintrag 179,- CZK)<\/td><td><\/td><td>Ein Jahr seit dem Verkauf<\/td><\/tr><tr><td>30 Eintr\u00e4ge<\/td><td><strong>6420,- CZK (1 Eintrag 214,- CZK)<\/strong> \/ 6758,- CZK (1 Eintrag 225,- CZK)<\/td><td><strong>5087,- CZK (1 Eintrag 170,- CZK)<\/strong> \/ 5355,- CZK (1 Eintrag 179,- CZK)<\/td><td>\u00a0 \u00a0 \u00a0 \u00a0 \u00a0 \u00a0 \u00a0 \u00a0 \u00a0<\/td><td>Ein Jahr seit dem Verkauf<\/td><\/tr><\/tbody><\/table><\/figure>\n\n<h3 class=\"wp-block-heading\">Morgenp\u00e4sse f\u00fcr die Mauer<\/h3>\n\n<p class=\"wp-block-paragraph\">Der Morgen vergeht. Der Pass ist an Werktagen <strong>von Montag bis Freitag von 8 bis 15 Uhr<\/strong> g\u00fcltig Werktagen von Montag bis Freitag von 8 bis 15 Uhr Der Pass gilt nur f\u00fcr Eintritte am Vormittag, er kann nicht mit Eintritten w\u00e4hrend der Hauptbesuchszeit von 15:00 bis 22:00 Uhr kombiniert werden. Studenten m\u00fcssen ihre ISIC-Karte vorzeigen, wenn sie die Saisonkarte benutzen.<\/p>\n\n<figure class=\"wp-block-table\"><table><tbody><tr><td><\/td><td>Erwachsene<\/td><td>Studenten <\/td><td>Kinder\/Senioren <\/td><td>G\u00fcltigkeit<\/td><\/tr><tr><td><\/td><td><strong>HUDY-Partner<\/strong> \/ normal<\/td><td><strong>HUDY-Partner<\/strong> \/ normal<\/td><td><strong>HUDY-Partner<\/strong> \/ normal <\/td><td><\/td><\/tr><tr><td>10 Eing\u00e4nge <\/td><td><strong>1760,- CZK (1 Eintrag 176,- CZK)<\/strong> \/ 1853,- CZK (1 Eintrag 185,- CZK)<\/td><td><strong>1444,- CZK (1 Eintrag 144,- CZK)<\/strong> \/ 1520,- CZK (1 Eintrag 152,- CZK)<\/td><td><\/td><td>Ein Jahr seit dem Verkauf <\/td><\/tr><\/tbody><\/table><\/figure>\n\n<h2 class=\"wp-block-heading\">\u00a0<\/h2>\n\n<h2 class=\"wp-block-heading\">Eintritts- und Dauerkarten zum Bouldern<\/h2>\n\n<p class=\"wp-block-paragraph\"><em>Hinweis: Der Eintritt in den Boulderbereich umfasst nur den Eingang zum Bouldern.<\/em><\/p>\n\n<figure class=\"wp-block-table\"><table><tbody><tr><td>\u00a0<\/td><td>\u00a0<\/td><td>\u00a0<\/td><\/tr><tr><td>Mo &#8211; Fr<\/td><td>8:00 &#8211; 15:00<\/td><td>15:00 &#8211; 22:00<\/td><\/tr><tr><td>Sa &#8211; So, Feiertage<\/td><td><\/td><td>10:00 &#8211; 22:00<\/td><\/tr><tr><td><\/td><td>normal \/ <strong>HUDY-Partner<\/strong><\/td><td>normal \/ <strong>HUDY-Partner<\/strong><\/td><\/tr><tr><td>Erwachsene<\/td><td>175,- CZK \/ <strong>166,- CZK<\/strong><\/td><td>225,- CZK \/ <strong>213<\/strong><strong>,- CZK<\/strong><\/td><\/tr><tr><td>Sch\u00fcler*innen<\/td><td>145,- CZK \/ <strong>137<\/strong><strong>,- CZK<\/strong><\/td><td>190,- CZK \/ <strong>180<\/strong><strong>,- CZK<\/strong><\/td><\/tr><tr><td>Kinder**<\/td><td>90,- CZK \/ <strong>85<\/strong><strong>,- CZK<\/strong><\/td><td>115,- CZK \/ <strong>109<\/strong><strong>,- CZK<\/strong><\/td><\/tr><tr><td>Senioren (\u00fcber 60 Jahre)<\/td><td>90,- CZK \/ <strong>85<\/strong><strong>,- CZK<\/strong><\/td><td>115,- CZK \/ <strong>109<\/strong><strong>,- CZK<\/strong><\/td><\/tr><\/tbody><\/table><\/figure>\n\n<h2 class=\"wp-block-heading\">\u00a0<\/h2>\n\n<h2 class=\"wp-block-heading\">Boulderp\u00e4sse<\/h2>\n\n<p class=\"wp-block-paragraph\">Studenten, die mit einem Studentenausweis einreisen, m\u00fcssen ihre ISIC-Karte mit einem f\u00fcr das Kalenderjahr g\u00fcltigen Stempel vorzeigen.<\/p>\n\n<figure class=\"wp-block-table\"><table><tbody><tr><td><\/td><td>Erwachsene<\/td><td>Studenten<\/td><td>G\u00fcltigkeit<\/td><\/tr><tr><td><\/td><td><strong>HUDY-Partner<\/strong> \/ normal<\/td><td><strong>HUDY-Partner<\/strong> \/ normal<\/td><td><\/td><\/tr><tr><td>10 Eing\u00e4nge <\/td><td><strong>2030,- CZK (1 Eintrag 203,- CZK)<\/strong> \/ 2137,- CZK (1 Eintrag 214,- CZK)<\/td><td><strong>1714,- CZK (1 Eintrag 171,- CZK)<\/strong> \/ 1805,- CZK (1 Eintrag 181,- CZK)<\/td><td>Ein Jahr seit dem Verkauf <\/td><\/tr><\/tbody><\/table><\/figure>\n\n<h3 class=\"wp-block-heading\">Morgenp\u00e4sse zum Bouldern<\/h3>\n\n<p class=\"wp-block-paragraph\">Der Morgen vergeht. Der Pass ist an Werktagen <strong>von Montag bis Freitag von 8 bis 15 Uhr<\/strong> g\u00fcltig Werktagen von Montag bis Freitag von 8 bis 15 Uhr Der Pass gilt nur f\u00fcr Eintritte am Vormittag, er kann nicht mit Eintritten w\u00e4hrend der Hauptbesuchszeit von 15:00 bis 22:00 Uhr kombiniert werden. Studenten m\u00fcssen ihre ISIC-Karte vorzeigen, wenn sie die Saisonkarte benutzen.<\/p>\n\n<figure class=\"wp-block-table\"><table><tbody><tr><td><\/td><td>Erwachsene<\/td><td>Studenten <\/td><td>G\u00fcltigkeit<\/td><\/tr><tr><td><\/td><td><strong>HUDY-Partner<\/strong> \/ normal<\/td><td><strong>HUDY-Partner<\/strong> \/ normal<\/td><td><\/td><\/tr><tr><td>10 Eing\u00e4nge <\/td><td><strong>1579,- CZK (1 Eintrag 157,- CZK)<\/strong> \/ 1663,- CZK (1 Eintrag 166,- CZK)<\/td><td><strong>1309,- CZK (1 Eintrag 130,- CZK)<\/strong> \/ 1378,- CZK (1 Eintrag 137,- CZK)<\/td><td>Ein Jahr seit dem Verkauf <\/td><\/tr><\/tbody><\/table><\/figure>\n\n<p class=\"wp-block-paragraph\">Die Preise gelten ab 1.10.2022, unterj\u00e4hrige \u00c4nderungen der Preisliste sind vorbehalten.<\/p>\n\n<div style=\"height:80px\" aria-hidden=\"true\" class=\"wp-block-spacer\"><\/div>\n\n<div class=\"wp-block-group alignfull bg_seda pt_65 pb_65 has-global-padding is-layout-constrained wp-block-group-is-layout-constrained\">\n<div class=\"wp-block-group oteviracka has-global-padding is-layout-constrained wp-block-group-is-layout-constrained\">\n<div class=\"wp-block-columns is-layout-flex wp-container-core-columns-is-layout-9ba6dbca wp-block-columns-is-layout-flex\">\n<div class=\"wp-block-column is-layout-flow wp-block-column-is-layout-flow\">\n<h3 class=\"wp-block-heading\">Die \u00d6ffnungszeiten<\/h3>\n\n\n\n<figure class=\"wp-block-table noborder\"><table><tbody><tr><td>Montag<\/td><td>8.00 &#8211; 22.00<\/td><\/tr><tr><td>Dienstag<\/td><td>8.00 &#8211; 22.00<\/td><\/tr><tr><td>Mittwoch<\/td><td>8.00 &#8211; 22.00<\/td><\/tr><tr><td>Donnerstag<\/td><td>8.00 &#8211; 22.00<\/td><\/tr><tr><td>Freitag<\/td><td>8.00 &#8211; 22.00<\/td><\/tr><tr><td>Samstag und Sonntag<\/td><td>8.00 &#8211; 22.00<\/td><\/tr><\/tbody><\/table><\/figure>\n<\/div>\n\n\n\n<div class=\"wp-block-column is-layout-flow wp-block-column-is-layout-flow\">\n<h3 class=\"wp-block-heading\">Wo Sie uns finden<\/h3>\n\n\n\n<p class=\"wp-block-paragraph\">HUDY-Kletterwand Br\u00fcnn<br\/>V\u00edde\u0148sk\u00e1 297\/99<br\/>Br\u00fcnn &#8211; \u0160t\u00fd\u0159ice<br\/><br\/>Tel.: <a href=\"tel:+420733490019\">+420 733 490 019<\/a><br\/>email: <a href=\"mailto:stena.brno@hudy.cz\">stena.brno@hudy.cz<\/a><\/p>\n<\/div>\n\n\n\n<div class=\"wp-block-column is-layout-flow wp-block-column-is-layout-flow\">\n<h3 class=\"wp-block-heading\">Folgen Sie uns<\/h3>\n\n\n\n<div class=\"wp-block-group social is-nowrap is-layout-flex wp-container-core-group-is-layout-9ba6dbca wp-block-group-is-layout-flex\">\n<figure class=\"wp-block-image size-full is-resized\"><a href=\"https:\/\/www.facebook.com\/HudyLezeckaStenaBrno\" target=\"_blank\" rel=\"noreferrer noopener\"><img decoding=\"async\" src=\"https:\/\/www.hudysteny.cz\/brno\/wp-content\/uploads\/2023\/07\/facebook-b.svg\" alt=\"\" class=\"wp-image-323\" style=\"object-fit:cover;width:32px;height:32px\"\/><\/a><\/figure>\n\n\n\n<figure class=\"wp-block-image size-full is-resized\"><a href=\"https:\/\/www.instagram.com\/hudystenabrno\/\" target=\"_blank\" rel=\"noreferrer noopener\"><img decoding=\"async\" src=\"https:\/\/www.hudysteny.cz\/brno\/wp-content\/uploads\/2023\/07\/instagram-b.svg\" alt=\"\" class=\"wp-image-326\" style=\"object-fit:cover;width:32px;height:32px\"\/><\/a><\/figure>\n<\/div>\n\n\n\n<div style=\"height:30px;width:0px\" aria-hidden=\"true\" class=\"wp-block-spacer mezera_25\"><\/div>\n\n\n\n<h3 class=\"wp-block-heading sms_info desktop_hidden\">Welcher Weg zu uns?<\/h3>\n\n\n\n<p class=\"mb-0 wp-block-paragraph\">Sie k\u00f6nnen uns auf <a href=\"https:\/\/mapy.cz\/s\/cudosakeje\" data-type=\"link\" data-id=\"https:\/\/mapy.cz\/s\/cudosakeje\" target=\"_blank\" rel=\"noreferrer noopener\">Maps.cz<\/a> oder <a href=\"https:\/\/maps.app.goo.gl\/gtk6k5E9CTaRg4jC7\" data-type=\"link\" data-id=\"https:\/\/maps.app.goo.gl\/gtk6k5E9CTaRg4jC7\" target=\"_blank\" rel=\"noreferrer noopener\">Google<\/a> finden<\/p>\n\n\n\n<div style=\"height:25px;width:0px\" aria-hidden=\"true\" class=\"wp-block-spacer mezera_25\"><\/div>\n<\/div>\n<\/div>\n<\/div>\n<\/div>\n","protected":false},"excerpt":{"rendered":"<p>Eintritts- und Dauerkarten f\u00fcr die Mauer Hinweis: Der Eintritt zur Wand beinhaltet auch den Zutritt zum Boulderbereich. Der Eintritt zur Wand kann mit Bargeld, Kreditkarte, ausgew\u00e4hlten SODEXO- und EDENRED-Papiergutscheinprodukten bezahlt werden. Es ist auch m\u00f6glich, das System von Benefit Partner und Benefity a.s. f\u00fcr die Zahlung zu nutzen. Alle Arten von Eintritten sind f\u00fcr Inhaber [&hellip;]<\/p>\n","protected":false},"author":1,"featured_media":0,"parent":0,"menu_order":50,"comment_status":"closed","ping_status":"closed","template":"","meta":{"_acf_changed":false,"_crdt_document":"","footnotes":""},"class_list":["post-757","page","type-page","status-publish","hentry"],"acf":[],"_links":{"self":[{"href":"https:\/\/www.hudysteny.cz\/brno\/de\/wp-json\/wp\/v2\/pages\/757","targetHints":{"allow":["GET"]}}],"collection":[{"href":"https:\/\/www.hudysteny.cz\/brno\/de\/wp-json\/wp\/v2\/pages"}],"about":[{"href":"https:\/\/www.hudysteny.cz\/brno\/de\/wp-json\/wp\/v2\/types\/page"}],"author":[{"embeddable":true,"href":"https:\/\/www.hudysteny.cz\/brno\/de\/wp-json\/wp\/v2\/users\/1"}],"replies":[{"embeddable":true,"href":"https:\/\/www.hudysteny.cz\/brno\/de\/wp-json\/wp\/v2\/comments?post=757"}],"version-history":[{"count":3,"href":"https:\/\/www.hudysteny.cz\/brno\/de\/wp-json\/wp\/v2\/pages\/757\/revisions"}],"predecessor-version":[{"id":1003,"href":"https:\/\/www.hudysteny.cz\/brno\/de\/wp-json\/wp\/v2\/pages\/757\/revisions\/1003"}],"wp:attachment":[{"href":"https:\/\/www.hudysteny.cz\/brno\/de\/wp-json\/wp\/v2\/media?parent=757"}],"curies":[{"name":"wp","href":"https:\/\/api.w.org\/{rel}","templated":true}]}}