{"id":699,"date":"2023-09-04T18:00:11","date_gmt":"2023-09-04T16:00:11","guid":{"rendered":"https:\/\/dev-brno.hudysteny.cz\/lezecka-stena-usti\/wand-parameter\/"},"modified":"2025-08-10T19:50:34","modified_gmt":"2025-08-10T17:50:34","slug":"wand-parameter","status":"publish","type":"page","link":"https:\/\/www.hudysteny.cz\/brno\/de\/wand\/wand-parameter\/","title":{"rendered":"Kletterhalle-Parameter"},"content":{"rendered":"\n<h3 class=\"wp-block-heading\">Hauptkletterwand<\/h3>\n\n<p class=\"wp-block-paragraph\">Die Hauptkletterhalle umfasst eine Fl\u00e4che <strong>von 60 m x 12,5 m <\/strong>und bietet Kletterlinien von <strong>11,5 bis 22 m<\/strong> L\u00e4nge. Es erm\u00f6glicht sowohl das Klettern in geneigten strukturierten Profilen als auch das Klettern in senkrechten und \u00fcberh\u00e4ngenden Profilen. Der \u00dcberhang des Hauptsportprofils &#8222;Grotta&#8220; erreicht beachtliche <strong>8 m, das <\/strong>Sportprofil des Nationalen Trainingszentrums ist 8,5 m hoch und die Routen im Schwierigkeitsgrad bis 9a werden von zertifizierten tschechischen und ausl\u00e4ndischen Baumeistern des \u010cHS \/ IFSC gebaut. Insgesamt gibt es <strong>3000 <\/strong>Quadratmeter Kletterfl\u00e4che mit <strong>135 Sicherungsleinen<\/strong> in allen Sektoren der Kletterwand. Am Ende des Nationalen Sportzentrums befinden sich <strong>zwei zertifizierte Eisschnelllaufbahnen <\/strong>mit Selbstaufrollern und einem Zeitmesssystem. <strong>Insgesamt 44 Sicherungslinien (etwa 100 Wege sind mit Selbstaufrollern versehen)<\/strong>.<\/p>\n\n<div style=\"height:65px\" aria-hidden=\"true\" class=\"wp-block-spacer\"><\/div>\n\n<h3 class=\"wp-block-heading\">Boulderwand<\/h3>\n\n<p class=\"wp-block-paragraph\">Die Boulderwand mit einer Fl\u00e4che von <strong>400 Quadratmetern<\/strong> und einer H\u00f6he von 4,5 Metern bietet <strong>90-110 bunte<\/strong> Boulder in den Schwierigkeitsstufen <strong>V0-V10<\/strong>.<\/p>\n\n<div style=\"height:65px\" aria-hidden=\"true\" class=\"wp-block-spacer\"><\/div>\n\n<h3 class=\"wp-block-heading\">Eingangskaninchen<\/h3>\n\n<p class=\"wp-block-paragraph\">Weitere 9 Kletterlinien im <strong>Schr\u00e4gprofil<\/strong> und insgesamt 7 Kletterlinien f\u00fcr die kleinsten Besucher befinden sich vor dem Eingang zur Haupthalle. Der gesamte Bereich wird auch von zwei <strong>selbstfahrenden Fahrzeugen auf den Traversen<\/strong> befahren.<\/p>\n\n<div style=\"height:65px\" aria-hidden=\"true\" class=\"wp-block-spacer\"><\/div>\n\n<h3 class=\"wp-block-heading\">Lehrbereich<\/h3>\n\n<p class=\"wp-block-paragraph\">Der Lehrbereich <strong>&#8222;Galerie&#8220;<\/strong> besteht aus 10 Linien in einem senkrechten, leicht strukturierten Profil, das vor allem <strong>f\u00fcr den Unterricht konzipiert wurde f\u00fcr den Unterricht<\/strong>. In diesem Teil der Wand gibt es mehrere Sicherungsstationen, an denen die Grundlagen f\u00fcr die <strong>Bewegung im nat\u00fcrlichen Felsgel\u00e4nde<\/strong> vermittelt werden. Der Ausbildungsbereich umfasst auch ein einfaches <strong>Polygon<\/strong> zum Erlernen von Hochhausarbeiten mit Seiltechnik.<\/p>\n","protected":false},"excerpt":{"rendered":"<p>Hauptkletterwand Die Hauptkletterhalle umfasst eine Fl\u00e4che von 60 m x 12,5 m und bietet Kletterlinien von 11,5 bis 22 m L\u00e4nge. Es erm\u00f6glicht sowohl das Klettern in geneigten strukturierten Profilen als auch das Klettern in senkrechten und \u00fcberh\u00e4ngenden Profilen. Der \u00dcberhang des Hauptsportprofils &#8222;Grotta&#8220; erreicht beachtliche 8 m, das Sportprofil des Nationalen Trainingszentrums ist 8,5 [&hellip;]<\/p>\n","protected":false},"author":1,"featured_media":0,"parent":534,"menu_order":2,"comment_status":"closed","ping_status":"closed","template":"","meta":{"_acf_changed":false,"_crdt_document":"","footnotes":""},"class_list":["post-699","page","type-page","status-publish","hentry"],"acf":[],"_links":{"self":[{"href":"https:\/\/www.hudysteny.cz\/brno\/de\/wp-json\/wp\/v2\/pages\/699","targetHints":{"allow":["GET"]}}],"collection":[{"href":"https:\/\/www.hudysteny.cz\/brno\/de\/wp-json\/wp\/v2\/pages"}],"about":[{"href":"https:\/\/www.hudysteny.cz\/brno\/de\/wp-json\/wp\/v2\/types\/page"}],"author":[{"embeddable":true,"href":"https:\/\/www.hudysteny.cz\/brno\/de\/wp-json\/wp\/v2\/users\/1"}],"replies":[{"embeddable":true,"href":"https:\/\/www.hudysteny.cz\/brno\/de\/wp-json\/wp\/v2\/comments?post=699"}],"version-history":[{"count":3,"href":"https:\/\/www.hudysteny.cz\/brno\/de\/wp-json\/wp\/v2\/pages\/699\/revisions"}],"predecessor-version":[{"id":1167,"href":"https:\/\/www.hudysteny.cz\/brno\/de\/wp-json\/wp\/v2\/pages\/699\/revisions\/1167"}],"up":[{"embeddable":true,"href":"https:\/\/www.hudysteny.cz\/brno\/de\/wp-json\/wp\/v2\/pages\/534"}],"wp:attachment":[{"href":"https:\/\/www.hudysteny.cz\/brno\/de\/wp-json\/wp\/v2\/media?parent=699"}],"curies":[{"name":"wp","href":"https:\/\/api.w.org\/{rel}","templated":true}]}}