{"id":475,"date":"2023-09-21T11:34:58","date_gmt":"2023-09-21T09:34:58","guid":{"rendered":"https:\/\/dev-karlin.hudysteny.cz\/?page_id=475"},"modified":"2024-09-02T11:48:45","modified_gmt":"2024-09-02T09:48:45","slug":"lezeni-s-instruktorem","status":"publish","type":"page","link":"https:\/\/www.hudysteny.cz\/boulderkarlin\/krouzky-a-lekce\/lezeni-s-instruktorem\/","title":{"rendered":"Lezen\u00ed s instruktorem"},"content":{"rendered":"\n<p class=\"wp-block-paragraph\">Chcete si vyzkou\u0161et bouldering pod dohledem n\u011bkoho zku\u0161en\u00e9ho, ale nec\u00edt\u00edte se na cel\u00fd kurz? Mo\u017en\u00e1 pr\u00e1v\u011b pro V\u00e1s bude ide\u00e1ln\u00ed lezen\u00ed s&nbsp;instruktorem. Instruktor V\u00e1m vysv\u011btl\u00ed v\u0161e, co budete na za\u010d\u00e1tek pot\u0159ebovat v\u011bd\u011bt a dle Va\u0161ich schopnost\u00ed V\u00e1s navede, jak spr\u00e1vn\u011b pokra\u010dovat v&nbsp;tr\u00e9ninku.<\/p>\n\n\n\n<div style=\"height:60px\" aria-hidden=\"true\" class=\"wp-block-spacer\"><\/div>\n\n\n\n<h3 class=\"wp-block-heading\">CEN\u00cdK<\/h3>\n\n\n\n<figure class=\"wp-block-table\"><table><tbody><tr><td>&nbsp;<\/td><td><strong>1 hodina\/ 1 osoba<\/strong><\/td><td><strong>2 hodiny\/ 1osoba<\/strong><\/td><\/tr><tr><td><strong>V\u0161edn\u00ed den<\/strong><\/td><td>700,- K\u010d<\/td><td>1300,- K\u010d<\/td><\/tr><tr><td><strong>V\u00edkend\/sv\u00e1tek<\/strong><\/td><td>800,- K\u010d<\/td><td>1500,- K\u010d<\/td><\/tr><\/tbody><\/table><\/figure>\n\n\n\n<p class=\"wp-block-paragraph\"><strong>V\u0161echny ceny jsou po\u010d\u00edtan\u00e9 v\u010detn\u011b vstupn\u00e9ho.<\/strong><\/p>\n\n\n\n<div style=\"height:60px\" aria-hidden=\"true\" class=\"wp-block-spacer\"><\/div>\n\n\n\n<h3 class=\"wp-block-heading\">P\u0158IHL\u00c1\u0160EN\u00cd A PLATBA LEKC\u00cd S INSTRUKTOREM<\/h3>\n\n\n\n<p class=\"wp-block-paragraph\">V&nbsp;p\u0159\u00edpad\u011b z\u00e1jmu o lezen\u00ed s&nbsp;instruktorem je pot\u0159eba postupovat n\u00e1sledovn\u011b:<\/p>\n\n\n\n<ol class=\"wp-block-list\">\n<li>Napsat e-mail na&nbsp;<a href=\"mailto:kurzy@hudyboulder.cz\"><u>kurzy<\/u><u>@<\/u><u>hudyboulder.cz<\/u><\/a>, do p\u0159edm\u011btu uv\u00e9st \u201eZ\u00e1jem o Lezen\u00ed s instruktorem \u2013 jm\u00e9no a p\u0159\u00edjmen\u00ed\u201c. Do zpr\u00e1vy napsat o jak\u00fd term\u00edn a \u010das m\u00e1te z\u00e1jem, p\u0159\u00edpadn\u011b uv\u00e9st dal\u0161\u00ed individu\u00e1ln\u00ed po\u017eadavky.<\/li>\n\n\n\n<li>V&nbsp;odpov\u011bdi V\u00e1m d\u00e1me v\u011bd\u011bt dostupnost term\u00ednu a potvrd\u00edme instruktora.<br><br><\/li>\n\n\n\n<li>Objednan\u00e9 slu\u017eby instruktora je pot\u0159eba zaplatit nejpozd\u011bji 3 dny p\u0159ed samotnou lekc\u00ed u n\u00e1s na recepci, nebo je mo\u017en\u00e9 tuto slu\u017ebu zaplatit z&nbsp;nahran\u00e9ho kreditu str\u017een\u00edm odpov\u00eddaj\u00edc\u00ed sumy z&nbsp;\u00fa\u010dtu klienta, kter\u00fd objedn\u00e1vku zadal. V&nbsp;p\u0159\u00edpad\u011b platby z kreditu je pot\u0159eba:\n<ul class=\"wp-block-list\">\n<li>vytvo\u0159it si registraci v&nbsp;na\u0161em syst\u00e9mu, odkaz najdete na na\u0161ich str\u00e1nk\u00e1ch:&nbsp;<a href=\"https:\/\/www.hudysteny.cz\/boulderkarlin\">https:\/\/www.hudysteny.cz\/boulderkarlin<\/a><br><a href=\"https:\/\/www.memberzone.cz\/hudyboulder\/Account\/SignIn.aspx\" rel=\"noopener\">https:\/\/www.memberzone.cz\/hudyboulder\/Account\/SignIn.aspx<\/a><\/li>\n\n\n\n<li><a><\/a>nahr\u00e1t kredit v&nbsp;po\u017eadovan\u00e9 v\u00fd\u0161i lekce na tento \u00fa\u010det a e-mailem za\u017e\u00e1dat o platbu z kreditu<\/li>\n<\/ul>\n<\/li>\n\n\n\n<li>Jako potvrzen\u00ed platby slou\u017e\u00ed \u00fa\u010dtenka p\u0159i platb\u011b na recepci nebo p\u0159i platb\u011b z kreditu je tento pohyb vid\u011bt v&nbsp;na\u0161em syst\u00e9mu.<\/li>\n<\/ol>\n","protected":false},"excerpt":{"rendered":"<p>Chcete si vyzkou\u0161et bouldering pod dohledem n\u011bkoho zku\u0161en\u00e9ho, ale nec\u00edt\u00edte se na cel\u00fd kurz? Mo\u017en\u00e1 pr\u00e1v\u011b pro V\u00e1s bude ide\u00e1ln\u00ed lezen\u00ed s&nbsp;instruktorem. Instruktor V\u00e1m vysv\u011btl\u00ed v\u0161e, co budete na za\u010d\u00e1tek pot\u0159ebovat v\u011bd\u011bt a dle Va\u0161ich schopnost\u00ed V\u00e1s navede, jak spr\u00e1vn\u011b pokra\u010dovat v&nbsp;tr\u00e9ninku. CEN\u00cdK &nbsp; 1 hodina\/ 1 osoba 2 hodiny\/ 1osoba V\u0161edn\u00ed den 700,- K\u010d [&hellip;]<\/p>\n","protected":false},"author":1,"featured_media":0,"parent":33,"menu_order":17,"comment_status":"closed","ping_status":"closed","template":"","meta":{"_acf_changed":false,"_crdt_document":"","footnotes":""},"class_list":["post-475","page","type-page","status-publish","hentry"],"acf":[],"_links":{"self":[{"href":"https:\/\/www.hudysteny.cz\/boulderkarlin\/wp-json\/wp\/v2\/pages\/475","targetHints":{"allow":["GET"]}}],"collection":[{"href":"https:\/\/www.hudysteny.cz\/boulderkarlin\/wp-json\/wp\/v2\/pages"}],"about":[{"href":"https:\/\/www.hudysteny.cz\/boulderkarlin\/wp-json\/wp\/v2\/types\/page"}],"author":[{"embeddable":true,"href":"https:\/\/www.hudysteny.cz\/boulderkarlin\/wp-json\/wp\/v2\/users\/1"}],"replies":[{"embeddable":true,"href":"https:\/\/www.hudysteny.cz\/boulderkarlin\/wp-json\/wp\/v2\/comments?post=475"}],"version-history":[{"count":3,"href":"https:\/\/www.hudysteny.cz\/boulderkarlin\/wp-json\/wp\/v2\/pages\/475\/revisions"}],"predecessor-version":[{"id":2476,"href":"https:\/\/www.hudysteny.cz\/boulderkarlin\/wp-json\/wp\/v2\/pages\/475\/revisions\/2476"}],"up":[{"embeddable":true,"href":"https:\/\/www.hudysteny.cz\/boulderkarlin\/wp-json\/wp\/v2\/pages\/33"}],"wp:attachment":[{"href":"https:\/\/www.hudysteny.cz\/boulderkarlin\/wp-json\/wp\/v2\/media?parent=475"}],"curies":[{"name":"wp","href":"https:\/\/api.w.org\/{rel}","templated":true}]}}