{"id":469,"date":"2023-09-21T11:03:07","date_gmt":"2023-09-21T09:03:07","guid":{"rendered":"https:\/\/dev-karlin.hudysteny.cz\/?page_id=469"},"modified":"2024-09-02T11:59:55","modified_gmt":"2024-09-02T09:59:55","slug":"individualni-kurzy-boulderingu","status":"publish","type":"page","link":"https:\/\/www.hudysteny.cz\/boulderkarlin\/krouzky-a-lekce\/individualni-kurzy-boulderingu\/","title":{"rendered":"Individu\u00e1ln\u00ed kurzy boulderingu"},"content":{"rendered":"\n<p class=\"wp-block-paragraph\">Na tomto kurzu V\u00e1m vysv\u011btl\u00edme, co je to bouldering, p\u0159ibl\u00ed\u017e\u00edme jeho klasifikaci, nau\u010d\u00edme V\u00e1s pracovat se sv\u00fdm t\u011blem a efektivn\u011b vyu\u017e\u00edvat t\u011b\u017ei\u0161t\u011b. Pokud ji\u017e s&nbsp;lezen\u00edm m\u00e1te zku\u0161enosti a chcete se zlep\u0161ovat, p\u0159iprav\u00edme hodiny na m\u00edru dle Va\u0161\u00ed pot\u0159eby (zlep\u0161en\u00ed s\u00edly, techniky, v\u00fdbu\u0161nosti \u010di koordinace). P\u0159i popt\u00e1vce uve\u010fte, co od kurzu o\u010dek\u00e1v\u00e1te, abychom byli schopni zabezpe\u010dit vhodn\u00e9 instruktory.<\/p>\n\n\n\n<div style=\"height:60px\" aria-hidden=\"true\" class=\"wp-block-spacer\"><\/div>\n\n\n\n<h3 class=\"wp-block-heading\">CEN\u00cdK<\/h3>\n\n\n\n<figure class=\"wp-block-table\"><table><tbody><tr><td>&nbsp;<\/td><td><strong>5 lekc\u00ed x 2 hodiny\/1 osoba<\/strong><\/td><td><strong>5 lekc\u00ed x 2 hodiny\/1 osoba<\/strong><\/td><\/tr><tr><td>&nbsp;<\/td><td><strong>V\u0161edn\u00ed den<\/strong><\/td><td><strong>V\u00edkend<\/strong><\/td><\/tr><tr><td><strong>Individu\u00e1ln\u00ed<\/strong><\/td><td>4500,- K\u010d<\/td><td>5500,- K\u010d<\/td><\/tr><tr><td><strong>2 osoby v&nbsp;kurzu<\/strong><\/td><td>3500,- K\u010d<\/td><td>4500,- K\u010d<\/td><\/tr><tr><td><strong>3 osoby v kurzu<\/strong><\/td><td>3000,- K\u010d<\/td><td>4000,- K\u010d<\/td><\/tr><tr><td><strong>4 osoby v&nbsp;kurzu<\/strong><\/td><td>2500,-K\u010d<\/td><td>3000,- K\u010d<\/td><\/tr><\/tbody><\/table><\/figure>\n\n\n\n<figure class=\"wp-block-table\"><table><tbody><tr><td>&nbsp;<\/td><td><strong>10 lekc\u00ed x 1 hodina\/1 osoba<\/strong><\/td><td><strong>10 lekc\u00ed x 1 hodina\/1 osoba<\/strong><\/td><\/tr><tr><td>&nbsp;<\/td><td><strong>V\u0161edn\u00ed den<\/strong><\/td><td><strong>V\u00edkend<\/strong><\/td><\/tr><tr><td><strong>Individu\u00e1ln\u00ed<\/strong><\/td><td>5000,- K\u010d<\/td><td>5800,- K\u010d<\/td><\/tr><tr><td><strong>2 osoby v&nbsp;kurzu<\/strong><\/td><td>4000,- K\u010d<\/td><td>4500,- K\u010d<\/td><\/tr><tr><td><strong>3 osoby v kurzu<\/strong><\/td><td>3500,- K\u010d<\/td><td>4000,- K\u010d<\/td><\/tr><tr><td><strong>4 osoby v&nbsp;kurzu<\/strong><\/td><td>3000,-K\u010d<\/td><td>3400,- K\u010d<\/td><\/tr><\/tbody><\/table><\/figure>\n\n\n\n<p class=\"wp-block-paragraph\"><strong>Cena kurzu zahrnuje vstupy na st\u011bnu, slu\u017eby instruktora a zap\u016fj\u010den\u00ed pot\u0159ebn\u00e9ho vybaven\u00ed.<br>Nen\u00ed tedy ji\u017e pot\u0159eba nic dopl\u00e1cet.<\/strong><\/p>\n\n\n\n<div style=\"height:60px\" aria-hidden=\"true\" class=\"wp-block-spacer\"><\/div>\n\n\n\n<h3 class=\"wp-block-heading\">P\u0158IHL\u00c1\u0160EN\u00cd A PLATBA INDIVIDU\u00c1LN\u00cdCH KURZ\u016e<\/h3>\n\n\n\n<p class=\"wp-block-paragraph\">V&nbsp;p\u0159\u00edpad\u011b z\u00e1jmu o kurz je pot\u0159eba postupovat n\u00e1sledovn\u011b:<\/p>\n\n\n\n<ol class=\"wp-block-list\">\n<li>Napsat e-mail na&nbsp;<a href=\"mailto:kurzy@hudyboulder.cz\"><u>kurzy<\/u><u>@<\/u><u>hudyboulder.cz<\/u><\/a>, do p\u0159edm\u011btu uv\u00e9st \u201ePopt\u00e1vka kurzu \u2013 jm\u00e9no a p\u0159\u00edjmen\u00ed\u201c. Do zpr\u00e1vy napsat po\u017eadovan\u00e9 datumy a \u010dasy lekc\u00ed, v\u00e1\u0161 c\u00edl kurzu a po\u010det osob (ide\u00e1ln\u011b 5 t\u00fddn\u016f ve stejn\u00fd den a hodinu, nicm\u00e9n\u011b lze upravit na m\u00edru).<\/li>\n\n\n\n<li>Po\u010dkat na potvrzen\u00ed, jestli jsme schopni zabezpe\u010dit instruktora.<\/li>\n\n\n\n<li>Objednan\u00e9 slu\u017eby instruktora je pot\u0159eba zaplatit nejpozd\u011bji 3 dny p\u0159ed prvn\u00ed lekc\u00ed u n\u00e1s na recepci, nebo je mo\u017en\u00e9 tuto slu\u017ebu zaplatit z\u00a0nahran\u00e9ho kreditu str\u017een\u00edm odpov\u00eddaj\u00edc\u00ed sumy z\u00a0\u00fa\u010dtu klienta, kter\u00fd objedn\u00e1vku zadal. V\u00a0p\u0159\u00edpad\u011b platby z kreditu je pot\u0159eba vytvo\u0159it si \u00fa\u010det p\u0159es <a href=\"https:\/\/www.memberzone.cz\/hudyboulder\/Account\/SignIn.aspx\" rel=\"noopener\">https:\/\/www.memberzone.cz\/hudyboulder\/Account\/SignIn.aspx<\/a> a na tento \u00fa\u010det nahr\u00e1t p\u0159\u00edslu\u0161nou sumu za kurz. <\/li>\n\n\n\n<li>N\u00e1sledn\u011b mailem informovat, \u017ee prost\u0159edky byly nahr\u00e1ny a chcete zaplatit objednanou slu\u017ebu. <\/li>\n\n\n\n<li>Jako potvrzen\u00ed platby slou\u017e\u00ed \u00fa\u010dtenka p\u0159i platb\u011b na recepci nebo p\u0159i platb\u011b z kreditu je tento pohyb vid\u011bt v\u00a0na\u0161em syst\u00e9mu a ve va\u0161em \u00fa\u010dtu.<\/li>\n<\/ol>\n","protected":false},"excerpt":{"rendered":"<p>Na tomto kurzu V\u00e1m vysv\u011btl\u00edme, co je to bouldering, p\u0159ibl\u00ed\u017e\u00edme jeho klasifikaci, nau\u010d\u00edme V\u00e1s pracovat se sv\u00fdm t\u011blem a efektivn\u011b vyu\u017e\u00edvat t\u011b\u017ei\u0161t\u011b. Pokud ji\u017e s&nbsp;lezen\u00edm m\u00e1te zku\u0161enosti a chcete se zlep\u0161ovat, p\u0159iprav\u00edme hodiny na m\u00edru dle Va\u0161\u00ed pot\u0159eby (zlep\u0161en\u00ed s\u00edly, techniky, v\u00fdbu\u0161nosti \u010di koordinace). P\u0159i popt\u00e1vce uve\u010fte, co od kurzu o\u010dek\u00e1v\u00e1te, abychom byli schopni zabezpe\u010dit [&hellip;]<\/p>\n","protected":false},"author":1,"featured_media":0,"parent":33,"menu_order":31,"comment_status":"closed","ping_status":"closed","template":"","meta":{"_acf_changed":false,"_crdt_document":"","footnotes":""},"class_list":["post-469","page","type-page","status-publish","hentry"],"acf":[],"_links":{"self":[{"href":"https:\/\/www.hudysteny.cz\/boulderkarlin\/wp-json\/wp\/v2\/pages\/469","targetHints":{"allow":["GET"]}}],"collection":[{"href":"https:\/\/www.hudysteny.cz\/boulderkarlin\/wp-json\/wp\/v2\/pages"}],"about":[{"href":"https:\/\/www.hudysteny.cz\/boulderkarlin\/wp-json\/wp\/v2\/types\/page"}],"author":[{"embeddable":true,"href":"https:\/\/www.hudysteny.cz\/boulderkarlin\/wp-json\/wp\/v2\/users\/1"}],"replies":[{"embeddable":true,"href":"https:\/\/www.hudysteny.cz\/boulderkarlin\/wp-json\/wp\/v2\/comments?post=469"}],"version-history":[{"count":4,"href":"https:\/\/www.hudysteny.cz\/boulderkarlin\/wp-json\/wp\/v2\/pages\/469\/revisions"}],"predecessor-version":[{"id":2478,"href":"https:\/\/www.hudysteny.cz\/boulderkarlin\/wp-json\/wp\/v2\/pages\/469\/revisions\/2478"}],"up":[{"embeddable":true,"href":"https:\/\/www.hudysteny.cz\/boulderkarlin\/wp-json\/wp\/v2\/pages\/33"}],"wp:attachment":[{"href":"https:\/\/www.hudysteny.cz\/boulderkarlin\/wp-json\/wp\/v2\/media?parent=469"}],"curies":[{"name":"wp","href":"https:\/\/api.w.org\/{rel}","templated":true}]}}