{"id":467,"date":"2023-09-20T13:09:59","date_gmt":"2023-09-20T11:09:59","guid":{"rendered":"https:\/\/dev-karlin.hudysteny.cz\/?page_id=467"},"modified":"2026-02-16T12:28:52","modified_gmt":"2026-02-16T11:28:52","slug":"primestske-tabory","status":"publish","type":"page","link":"https:\/\/www.hudysteny.cz\/boulderkarlin\/krouzky-a-lekce\/primestske-tabory\/","title":{"rendered":"P\u0159\u00edm\u011bstsk\u00e9 t\u00e1bory"},"content":{"rendered":"\n<p class=\"wp-block-paragraph\">P\u0159\u00edm\u011bstsk\u00fd t\u00e1bor\/kurz je koncipov\u00e1n pro d\u011bti ve v\u011bku 8\u201315 let. P\u0159ede\u0161l\u00e1 zku\u0161enost s lezen\u00edm nen\u00ed nutnou podm\u00ednkou pro \u00fa\u010dast. Ka\u017ed\u00fd den od 8.00 do 17.00 se d\u011btem budou v\u011bnovat kvalifikovan\u00ed instrukto\u0159i lezen\u00ed, kte\u0159\u00ed jsou odborn\u011b vy\u0161kolen\u00ed dle metodiky akreditovan\u00e9 M\u0160MT \u010cR a kte\u0159\u00ed maj\u00ed dlouholet\u00e9 zku\u0161enosti s veden\u00edm d\u011btsk\u00fd lezeck\u00fdch kurz\u016f a p\u0159\u00edpravou aktivit v p\u0159\u00edrod\u011b.<br>Pro d\u011bti bude p\u0159ipraven r\u016fznorod\u00fd sportovn\u011b pozn\u00e1vac\u00ed program nejen na boulderov\u00e9 st\u011bn\u011b, kde budou pod veden\u00edm instruktor\u016f zdokonalovat sv\u00e9 lezeck\u00e9 dovednosti a znalosti, ale v z\u00e1vislosti na po\u010das\u00ed p\u0159edpokl\u00e1d\u00e1me venkovn\u00ed aktivity (orienta\u010dn\u00ed hra v jednom z pra\u017esk\u00fdch park\u016f, n\u00e1v\u0161t\u011bva venkovn\u00ed lezeck\u00e9 st\u011bny a lanov\u00e9ho parku, celodenn\u00ed v\u00fdlet do p\u0159\u00edrody). Program mimo prostory st\u011bny se m\u016f\u017ee m\u011bnit v z\u00e1vislosti na po\u010das\u00ed, velikosti a schopnostech dan\u00e9 skupiny. <\/p>\n\n\n\n<div style=\"height:34px\" aria-hidden=\"true\" class=\"wp-block-spacer\"><\/div>\n\n\n\n<p class=\"wp-block-paragraph\"><strong>Cena zahrnuje vstupn\u00e9, zap\u016fj\u010den\u00ed \u010dipu, p\u016fj\u010dovn\u00e9 ve\u0161ker\u00e9ho pot\u0159ebn\u00e9ho vybaven\u00ed, slu\u017eby instruktora, zaji\u0161t\u011bn\u00e9 stravov\u00e1n\u00ed (tepl\u00fd ob\u011bd, dv\u011b sva\u010diny a pitn\u00fd re\u017eim).<\/strong><\/p>\n\n\n\n<div style=\"height:37px\" aria-hidden=\"true\" class=\"wp-block-spacer\"><\/div>\n\n\n\n<p class=\"wp-block-paragraph\"><strong>Minim\u00e1ln\u00ed po\u010det z\u00fa\u010dastn\u011bn\u00fdch na jeden b\u011bh je 5 d\u011bt\u00ed.<br>Maxim\u00e1ln\u00ed po\u010det p\u0159ihl\u00e1\u0161en\u00fdch na jeden b\u011bh je 15 d\u011bt\u00ed.<\/strong><\/p>\n\n\n\n<div style=\"height:32px\" aria-hidden=\"true\" class=\"wp-block-spacer\"><\/div>\n\n\n\n<p class=\"wp-block-paragraph\"><strong>Platebn\u00ed podm\u00ednky:<\/strong>&nbsp;cena t\u00e1bora je&nbsp;<strong>6 000 K\u010d<\/strong>&nbsp;za jedno d\u00edt\u011b a t\u00fdden, druh\u00e9mu a dal\u0161\u00edm sourozenc\u016fm bude poskytnuta sleva ve v\u00fd\u0161i 10 % z celkov\u00e9 ceny. <\/p>\n\n\n\n<div style=\"height:33px\" aria-hidden=\"true\" class=\"wp-block-spacer\"><\/div>\n\n\n\n<p class=\"wp-block-paragraph\">V p\u0159\u00edpad\u011b n\u00e1roku na slevu pros\u00edm zapla\u0165te celou sumu a n\u00e1sledn\u011b V\u00e1m bude rozd\u00edl vr\u00e1cen\u00fd prvn\u00ed den t\u00e1bora na kase. Syst\u00e9m nerozpozn\u00e1 automaticky, \u017ee p\u0159ihla\u0161ujete druh\u00e9 nebo dal\u0161\u00ed d\u00edt\u011b, tak aby nedo\u0161lo ke zdr\u017een\u00ed p\u0159i registraci je tohle nejjednodu\u0161\u0161\u00ed \u0159e\u0161en\u00ed.<\/p>\n\n\n\n<div style=\"height:38px\" aria-hidden=\"true\" class=\"wp-block-spacer\"><\/div>\n\n\n\n<p class=\"wp-block-paragraph\"><strong>Zp\u016fsob p\u0159ihl\u00e1\u0161en\u00ed<\/strong>: <strong><a href=\"https:\/\/www.memberzone.cz\/hudyboulder\/Krouzky.aspx\" rel=\"noopener\">Online zde<\/a><\/strong>. <br>Po zaplacen\u00ed, V\u00e1m doraz\u00ed potvrzen\u00ed a m\u00e1te rezervovan\u00e9 m\u00edsto. D\u00e1le jste povinni mailem nebo osobn\u011b doru\u010dit vypln\u011bnou p\u0159ihl\u00e1\u0161ku a potvrzen\u00ed o bezinfek\u010dnosti (v den za\u010d\u00e1tku t\u00e1bora).<\/p>\n\n\n\n<p class=\"wp-block-paragraph\"><strong>Term\u00edn p\u0159ihl\u00e1\u0161en\u00ed a zaplacen\u00ed: od 1. 3. 2026 do 1.6. 2026<\/strong> (nebo vy\u010derp\u00e1n\u00ed kapacity krou\u017eku- pokud nen\u00ed term\u00edn vid\u011bt je pln\u00e1 kapacita)<\/p>\n\n\n\n<p class=\"wp-block-paragraph\"><strong>Storno podm\u00ednky:<\/strong>&nbsp;storno mo\u017en\u00e9 do 1. 6. 2026 ve v\u00fd\u0161i 100%, pot\u00e9 ji\u017e storno 0% a to z organiza\u010dn\u00edch d\u016fvod\u016f.  (nasmlouv\u00e1n\u00ed instruktor\u016f a dal\u0161\u00ed)<\/p>\n\n\n\n<div style=\"height:34px\" aria-hidden=\"true\" class=\"wp-block-spacer\"><\/div>\n\n\n\n<p class=\"wp-block-paragraph\"><strong>Term\u00edny:<\/strong><\/p>\n\n\n\n<h5 class=\"wp-block-heading\"><strong>B\u011aH I.: 6. \u2013 10. 7. 202<\/strong>6 (Kuba)<\/h5>\n\n\n\n<h5 class=\"wp-block-heading\"><strong>B\u011aH II.: 13. 7. \u2013 17. 7. 202<\/strong>6 (Marie)<\/h5>\n\n\n\n<h5 class=\"wp-block-heading\"><strong>B\u011aH III.: 20. 7. \u2013 24. 7. 202<\/strong>6 (Tom\u00e1\u0161)<\/h5>\n\n\n\n<h5 class=\"wp-block-heading\"><strong>B\u011aH IV.: 27. 7. \u2013 31. 7. 202<\/strong>6 (Kuba)<\/h5>\n\n\n\n<h5 class=\"wp-block-heading\"><strong>B\u011aH V.: 3. 8. \u2013 7. 8. 202<\/strong>5 (Terka)<\/h5>\n\n\n\n<p class=\"wp-block-paragraph\"><strong>B\u011aH VI.: 10. 8. \u2013 14. 8. 2026<\/strong> <strong>(KUBA)<\/strong><\/p>\n\n\n\n<p class=\"wp-block-paragraph\"><strong>B\u011aH VII.: 17. 8. \u2013 21. 8. 2026 (Terka)<\/strong><\/p>\n\n\n\n<p class=\"wp-block-paragraph\"><strong>B\u011aH VIII.: 24. 8. \u2013 28. 8. 2026 (TOM\u00c1\u0160)<\/strong><\/p>\n\n\n\n<div style=\"height:60px\" aria-hidden=\"true\" class=\"wp-block-spacer\"><\/div>\n\n\n\n<p class=\"wp-block-paragraph\"><strong>Zp\u016fsob p\u0159ihl\u00e1\u0161en\u00ed:<\/strong>&nbsp;<a href=\"https:\/\/www.memberzone.cz\/hudyboulder\/Krouzky.aspx\" rel=\"noopener\"><strong>Online <\/strong><\/a>+ vypln\u011bnou a podepsanou p\u0159ihl\u00e1\u0161ku odevzdat fyzicky na recepci HUDY Boulder Karl\u00edn nebo poslat na&nbsp;<a href=\"mailto:krouzky@hudyboulder.cz\"><strong>krouzky@hudyboulder.cz<\/strong><\/a>.<\/p>\n\n\n\n<p class=\"wp-block-paragraph\"><br>V\u0161echny dal\u0161\u00ed dotazy ohledn\u011b plateb, podm\u00ednek p\u0159ihl\u00e1\u0161en\u00ed, programu a podobn\u011b m\u016f\u017eete sm\u011brovat na e-mailovou adresu&nbsp;<a href=\"mailto:krouzky@hudyboulder.cz\"><strong>krouzky@hudyboulder.cz<\/strong><\/a>.<\/p>\n\n\n\n<div style=\"height:60px\" aria-hidden=\"true\" class=\"wp-block-spacer\"><\/div>\n\n\n\n<h3 class=\"wp-block-heading\">Dokumenty ke sta\u017een\u00ed<\/h3>\n\n\n\n<p class=\"wp-block-paragraph\"><a href=\"https:\/\/www.hudysteny.cz\/boulderkarlin\/files\/HUDY-Boulder-Karlin__Bezinfekcnost.pdf\" target=\"_blank\" rel=\"noreferrer noopener\">Bezinfek\u010dnost<\/a>,&nbsp;<a href=\"https:\/\/www.hudysteny.cz\/boulderkarlin\/files\/HUDY-Boulder-Karlin__Prihlaska-primestsky-tabor.pdf\" target=\"_blank\" rel=\"noreferrer noopener\">P\u0159ihl\u00e1\u0161ka p\u0159\u00edm\u011bstsk\u00fd t\u00e1bor<\/a>, <\/p>\n\n\n\n<div class=\"wp-block-file\"><a id=\"wp-block-file--media-df9e83a6-7fbe-4712-b1fc-831a0aa21db7\" href=\"https:\/\/www.hudysteny.cz\/boulderkarlin\/wp-content\/uploads\/2024\/06\/program-po-dnech.doc\">program-po-dnech<\/a><a href=\"https:\/\/www.hudysteny.cz\/boulderkarlin\/wp-content\/uploads\/2024\/06\/program-po-dnech.doc\" class=\"wp-block-file__button wp-element-button\" aria-describedby=\"wp-block-file--media-df9e83a6-7fbe-4712-b1fc-831a0aa21db7\" download>St\u00e1hnout<\/a><\/div>\n","protected":false},"excerpt":{"rendered":"<p>P\u0159\u00edm\u011bstsk\u00fd t\u00e1bor\/kurz je koncipov\u00e1n pro d\u011bti ve v\u011bku 8\u201315 let. P\u0159ede\u0161l\u00e1 zku\u0161enost s lezen\u00edm nen\u00ed nutnou podm\u00ednkou pro \u00fa\u010dast. Ka\u017ed\u00fd den od 8.00 do 17.00 se d\u011btem budou v\u011bnovat kvalifikovan\u00ed instrukto\u0159i lezen\u00ed, kte\u0159\u00ed jsou odborn\u011b vy\u0161kolen\u00ed dle metodiky akreditovan\u00e9 M\u0160MT \u010cR a kte\u0159\u00ed maj\u00ed dlouholet\u00e9 zku\u0161enosti s veden\u00edm d\u011btsk\u00fd lezeck\u00fdch kurz\u016f a p\u0159\u00edpravou aktivit v [&hellip;]<\/p>\n","protected":false},"author":1,"featured_media":0,"parent":33,"menu_order":16,"comment_status":"closed","ping_status":"closed","template":"","meta":{"_acf_changed":false,"_crdt_document":"","footnotes":""},"class_list":["post-467","page","type-page","status-publish","hentry"],"acf":[],"_links":{"self":[{"href":"https:\/\/www.hudysteny.cz\/boulderkarlin\/wp-json\/wp\/v2\/pages\/467","targetHints":{"allow":["GET"]}}],"collection":[{"href":"https:\/\/www.hudysteny.cz\/boulderkarlin\/wp-json\/wp\/v2\/pages"}],"about":[{"href":"https:\/\/www.hudysteny.cz\/boulderkarlin\/wp-json\/wp\/v2\/types\/page"}],"author":[{"embeddable":true,"href":"https:\/\/www.hudysteny.cz\/boulderkarlin\/wp-json\/wp\/v2\/users\/1"}],"replies":[{"embeddable":true,"href":"https:\/\/www.hudysteny.cz\/boulderkarlin\/wp-json\/wp\/v2\/comments?post=467"}],"version-history":[{"count":5,"href":"https:\/\/www.hudysteny.cz\/boulderkarlin\/wp-json\/wp\/v2\/pages\/467\/revisions"}],"predecessor-version":[{"id":2737,"href":"https:\/\/www.hudysteny.cz\/boulderkarlin\/wp-json\/wp\/v2\/pages\/467\/revisions\/2737"}],"up":[{"embeddable":true,"href":"https:\/\/www.hudysteny.cz\/boulderkarlin\/wp-json\/wp\/v2\/pages\/33"}],"wp:attachment":[{"href":"https:\/\/www.hudysteny.cz\/boulderkarlin\/wp-json\/wp\/v2\/media?parent=467"}],"curies":[{"name":"wp","href":"https:\/\/api.w.org\/{rel}","templated":true}]}}