{"id":2577,"date":"2025-03-20T10:26:45","date_gmt":"2025-03-20T09:26:45","guid":{"rendered":"https:\/\/www.hudysteny.cz\/boulderkarlin\/?page_id=2577"},"modified":"2025-04-16T13:05:37","modified_gmt":"2025-04-16T11:05:37","slug":"pohybove-hry-s-prvky-lezeni-pro-skolky-a-skoly","status":"publish","type":"page","link":"https:\/\/www.hudysteny.cz\/boulderkarlin\/krouzky-a-lekce\/pohybove-hry-s-prvky-lezeni-pro-skolky-a-skoly\/","title":{"rendered":"Pohybov\u00e9 hry s\u00a0prvky lezen\u00ed pro \u0161kolky a \u0161koly"},"content":{"rendered":"\n<div class=\"wp-block-columns is-layout-flex wp-container-core-columns-is-layout-9ba6dbca wp-block-columns-is-layout-flex\">\n<div class=\"wp-block-column is-layout-flow wp-block-column-is-layout-flow\" style=\"flex-basis:66.66%\">\n<p class=\"wp-block-paragraph\">Pro organizovan\u00e9 skupiny d\u011bt\u00ed p\u0159ed\u0161koln\u00edho a mlad\u0161\u00edho \u0161koln\u00edho v\u011bku v\u00a0po\u010dtu 10-30 d\u011bt\u00ed nab\u00edz\u00edme slu\u017ebu \u201ePohybov\u00fdch her s\u00a0prvky lezen\u00ed\u201c. Slu\u017eba je navr\u017eena prim\u00e1rn\u011b pro t\u0159\u00eddy \u0161kolek \u010di \u0161kol na prvn\u00edm stupni Z\u0160. <strong>\u010casov\u00e1 dotace jsou 2 hodiny.<\/strong> <strong>Slu\u017ebu nab\u00edz\u00edme na dopoledn\u00ed hodiny v\u00a0pracovn\u00edm t\u00fddnu, a to v\u00a0\u010dase mezi 9-13 h. Cena za tuto slu\u017ebu je 2000,- K\u010d, a to bez rozd\u00edlu velikosti skupiny. <\/strong><br><strong>Je pot\u0159eba m\u00edt vhodnou obuv (uzav\u0159en\u00e1 m\u011bkk\u00e1 a \u010dist\u00e1 obuv-ba\u010dk\u016frky, s\u00e1lovky), nebo je mo\u017en\u00e9 zap\u016fj\u010den\u00ed leze\u010dek pro celou skupinu za p\u0159\u00edplatek 500,- K\u010d.  <\/strong><\/p>\n\n\n\n<div style=\"height:30px\" aria-hidden=\"true\" class=\"wp-block-spacer\"><\/div>\n\n\n\n<p class=\"wp-block-paragraph\"><strong>Program a \u010dasov\u00e1 dotace:<\/strong><\/p>\n\n\n\n<ol class=\"wp-block-list\">\n<li>\u00davod, p\u0159edstaven\u00ed programu, p\u0159\u00edprava a p\u0159ed\u00e1n\u00ed prvn\u00ed skupiny d\u011bt\u00ed \u2013 <strong>cca 8 minut<\/strong><\/li>\n\n\n\n<li>Prvn\u00ed blok, 1. polovina d\u011bt\u00ed jde s&nbsp;instruktorem na st\u011bnu, kde hraj\u00ed hry, u\u010d\u00ed a seznamuj\u00ed se s&nbsp;lezen\u00edm \u010di prvky bezpe\u010dnosti, kter\u00e9 obecn\u011b plat\u00ed p\u0159i t\u00e9to aktivit\u011b. (druh\u00e1 skupina d\u011bt\u00ed m\u00e1 v&nbsp;tomto \u010dase k&nbsp;dispozici d\u011btsk\u00e9 h\u0159i\u0161t\u011b s&nbsp;prol\u00e9za\u010dkami, skluzavkou a dal\u0161\u00ed hern\u00ed prvky pod dohledem jejich u\u010ditele \u010di jin\u00e9 zodpov\u011bdn\u00e9 osoby) \u2013 <strong>cca 45 minut<\/strong><\/li>\n\n\n\n<li>Pauza na pit\u00ed, sva\u010dinu a WC \u2013 cca<strong> 15 minut<\/strong><\/li>\n\n\n\n<li>Druh\u00fd blok, 2. polovina d\u011bt\u00ed jde s&nbsp;instruktorem na st\u011bnu, kde hraj\u00ed hry, u\u010d\u00ed a seznamuj\u00ed se s&nbsp;lezen\u00edm \u010di prvky bezpe\u010dnosti, kter\u00e9 obecn\u011b plat\u00ed p\u0159i t\u00e9to aktivit\u011b. (druh\u00e1 skupina d\u011bt\u00ed m\u00e1 v&nbsp;tomto \u010dase k&nbsp;dispozici d\u011btsk\u00e9 h\u0159i\u0161t\u011b s&nbsp;prol\u00e9za\u010dkami, skluzavkou a dal\u0161\u00ed hern\u00ed prvky pod dohledem jejich u\u010ditele \u010di jin\u00e9 zodpov\u011bdn\u00e9 osoby) \u2013 <strong>cca 45 minut<\/strong><\/li>\n\n\n\n<li>Ukon\u010den\u00ed, \u010das na p\u0159evle\u010den\u00ed \u010di dotazy sm\u011brem k&nbsp;instruktorovi \u2013 cca<strong> 7 minut<\/strong><\/li>\n<\/ol>\n<\/div>\n\n\n\n<div class=\"wp-block-column is-layout-flow wp-block-column-is-layout-flow\" style=\"flex-basis:33.33%\">\n<figure class=\"wp-block-image size-large\"><img loading=\"lazy\" decoding=\"async\" width=\"768\" height=\"1024\" src=\"https:\/\/www.hudysteny.cz\/boulderkarlin\/wp-content\/uploads\/2024\/08\/IMG_5134-768x1024.jpeg\" alt=\"\" class=\"wp-image-1268\" srcset=\"https:\/\/www.hudysteny.cz\/boulderkarlin\/wp-content\/uploads\/2024\/08\/IMG_5134-768x1024.jpeg 768w, https:\/\/www.hudysteny.cz\/boulderkarlin\/wp-content\/uploads\/2024\/08\/IMG_5134-225x300.jpeg 225w, https:\/\/www.hudysteny.cz\/boulderkarlin\/wp-content\/uploads\/2024\/08\/IMG_5134-1152x1536.jpeg 1152w, https:\/\/www.hudysteny.cz\/boulderkarlin\/wp-content\/uploads\/2024\/08\/IMG_5134.jpeg 1536w\" sizes=\"auto, (max-width: 768px) 100vw, 768px\" \/><\/figure>\n<\/div>\n<\/div>\n\n\n\n<p class=\"wp-block-paragraph\"><strong>P\u0159ihl\u00e1\u0161en\u00ed a platba<\/strong><\/p>\n\n\n\n<p class=\"wp-block-paragraph\">V&nbsp;p\u0159\u00edpad\u011b z\u00e1jmu o tuto slu\u017ebu je pot\u0159eba postupovat n\u00e1sledovn\u011b:<\/p>\n\n\n\n<ol class=\"wp-block-list\">\n<li>Napsat e-mail na&nbsp;<a href=\"mailto:akce@hudyboulder.cz?subject=Z\u00e1jem o Pohybov\u00e9 hry s prvky lezen\u00ed \u2013 jm\u00e9no a p\u0159\u00edjmen\u00ed\">akce@hudyboulder.cz<\/a>, do p\u0159edm\u011btu uv\u00e9st \u201e<strong>Z\u00e1jem o Pohybov\u00e9 hry s&nbsp;prvky lezen\u00ed \u2013 jm\u00e9no a p\u0159\u00edjmen\u00ed\u201c.<\/strong> Do zpr\u00e1vy napsat o jak\u00fd term\u00edn a \u010das m\u00e1te z\u00e1jem, velikost skupiny, va\u0161e kontaktn\u00ed \u00fadaje a p\u0159\u00edpadn\u011b uv\u00e9st dal\u0161\u00ed individu\u00e1ln\u00ed po\u017eadavky.<\/li>\n\n\n\n<li>V&nbsp;odpov\u011bdi V\u00e1m d\u00e1me v\u011bd\u011bt dostupnost term\u00ednu a potvrd\u00edme instruktora.<\/li>\n\n\n\n<li>Plat\u00ed se na m\u00edst\u011b za celou skupinu, a to bu\u010f hotov\u011b nebo kartou. Doklad dostanete na pokladn\u011b.<\/li>\n<\/ol>\n","protected":false},"excerpt":{"rendered":"<p>Pro organizovan\u00e9 skupiny d\u011bt\u00ed p\u0159ed\u0161koln\u00edho a mlad\u0161\u00edho \u0161koln\u00edho v\u011bku v\u00a0po\u010dtu 10-30 d\u011bt\u00ed nab\u00edz\u00edme slu\u017ebu \u201ePohybov\u00fdch her s\u00a0prvky lezen\u00ed\u201c. Slu\u017eba je navr\u017eena prim\u00e1rn\u011b pro t\u0159\u00eddy \u0161kolek \u010di \u0161kol na prvn\u00edm stupni Z\u0160. \u010casov\u00e1 dotace jsou 2 hodiny. Slu\u017ebu nab\u00edz\u00edme na dopoledn\u00ed hodiny v\u00a0pracovn\u00edm t\u00fddnu, a to v\u00a0\u010dase mezi 9-13 h. Cena za tuto slu\u017ebu je 2000,- [&hellip;]<\/p>\n","protected":false},"author":1,"featured_media":0,"parent":33,"menu_order":24,"comment_status":"closed","ping_status":"closed","template":"","meta":{"_acf_changed":false,"_crdt_document":"","footnotes":""},"class_list":["post-2577","page","type-page","status-publish","hentry"],"acf":[],"_links":{"self":[{"href":"https:\/\/www.hudysteny.cz\/boulderkarlin\/wp-json\/wp\/v2\/pages\/2577","targetHints":{"allow":["GET"]}}],"collection":[{"href":"https:\/\/www.hudysteny.cz\/boulderkarlin\/wp-json\/wp\/v2\/pages"}],"about":[{"href":"https:\/\/www.hudysteny.cz\/boulderkarlin\/wp-json\/wp\/v2\/types\/page"}],"author":[{"embeddable":true,"href":"https:\/\/www.hudysteny.cz\/boulderkarlin\/wp-json\/wp\/v2\/users\/1"}],"replies":[{"embeddable":true,"href":"https:\/\/www.hudysteny.cz\/boulderkarlin\/wp-json\/wp\/v2\/comments?post=2577"}],"version-history":[{"count":4,"href":"https:\/\/www.hudysteny.cz\/boulderkarlin\/wp-json\/wp\/v2\/pages\/2577\/revisions"}],"predecessor-version":[{"id":2612,"href":"https:\/\/www.hudysteny.cz\/boulderkarlin\/wp-json\/wp\/v2\/pages\/2577\/revisions\/2612"}],"up":[{"embeddable":true,"href":"https:\/\/www.hudysteny.cz\/boulderkarlin\/wp-json\/wp\/v2\/pages\/33"}],"wp:attachment":[{"href":"https:\/\/www.hudysteny.cz\/boulderkarlin\/wp-json\/wp\/v2\/media?parent=2577"}],"curies":[{"name":"wp","href":"https:\/\/api.w.org\/{rel}","templated":true}]}}