{"id":561,"date":"2023-09-21T11:14:51","date_gmt":"2023-09-21T09:14:51","guid":{"rendered":"https:\/\/dev-karlin.hudysteny.cz\/clubs-and-lessons\/birthday-parties-and-corporate-events\/"},"modified":"2026-01-12T11:03:08","modified_gmt":"2026-01-12T10:03:08","slug":"birthday-parties-and-corporate-events","status":"publish","type":"page","link":"https:\/\/www.hudysteny.cz\/boulderkarlin\/en\/clubs-and-lessons\/birthday-parties-and-corporate-events\/","title":{"rendered":"Birthday parties and corporate events"},"content":{"rendered":"\n<p class=\"wp-block-paragraph\">If you are interested in organizing a birthday party or corporate event under the guidance of a climbing instructor on our climbing wall, you can contact us. Our instructors will prepare a tailor-made program for your children or corporate team. The program in the price list is calculated for <strong>2 hours of instructor&#8217;s services<\/strong>.<strong> In the case of small children, it is necessary to take into account that one instructor can take care of 5 to 7 children and children&#8217;s parties can only take place in the children&#8217;s section on the floor<\/strong>. Celebrations can only be booked for the weekend! During the week there are clubs on the premises.   <\/p>\n\n<p class=\"wp-block-paragraph\"><\/p>\n\n<p class=\"wp-block-paragraph\">These rules and price list are currently valid only until 28.2.2026, celebrations after this date cannot be booked. We are working on modifying the booking system, children&#8217;s party organization and price list. Thank you for your understanding   <\/p>\n\n<div style=\"height:60px\" aria-hidden=\"true\" class=\"wp-block-spacer\"><\/div>\n\n<h3 class=\"wp-block-heading\">PRICE LIST<\/h3>\n\n<figure class=\"wp-block-table\"><table><tbody><tr><td colspan=\"3\"><strong>Children&#8217;s celebrations<\/strong><\/td><\/tr><tr><td><strong>Group size<\/strong><\/td><td><strong>Weekend\/holiday<\/strong><\/td><\/tr><tr><td>Up to 5 children<\/td><td>2000,- CZK<\/td><\/tr><tr><td>6 to 10 children<\/td><td>3800,- CZK<\/td><\/tr><tr><td>11 to 15 children<\/td><td>5100,- CZK<\/td><\/tr><\/tbody><\/table><\/figure>\n\n<p class=\"wp-block-paragraph\"><strong>All prices include entrance fee. For each extra instructor there is a surcharge of 800 CZK during the week and 1000 CZK at the weekend. Reservation of small table extra 500,- CZK, large table 1000,- CZK.  <\/strong><\/p>\n\n<div style=\"height:60px\" aria-hidden=\"true\" class=\"wp-block-spacer\"><\/div>\n\n<figure class=\"wp-block-table\"><table><tbody><tr><td colspan=\"3\"><strong>Company events<\/strong><\/td><\/tr><tr><td><strong>Group size<\/strong><\/td><td><strong>Weekend\/holiday<\/strong><\/td><\/tr><tr><td>Up to 5 persons<\/td><td>2300,- CZK<\/td><\/tr><tr><td>6 to 10 persons<\/td><td>4200,- CZK<\/td><\/tr><tr><td>11 to 15 persons<\/td><td>5600,- CZK<\/td><\/tr><\/tbody><\/table><\/figure>\n\n<p class=\"wp-block-paragraph\"><strong>All prices include entrance fee. For each extra instructor there is a surcharge of 800 CZK during the week and 1000 CZK at the weekend.<\/strong> <strong>Reservation of small table extra 500,- CZK, large table 1000,- CZK.  <\/strong><\/p>\n\n<div style=\"height:60px\" aria-hidden=\"true\" class=\"wp-block-spacer\"><\/div>\n\n<h3 class=\"wp-block-heading\">REGISTRATION AND PAYMENT FOR CHILDREN&#8217;S PARTIES AND CORPORATE EVENTS<\/h3>\n\n<p class=\"wp-block-paragraph\">If you are interested in a children&#8217;s party or a corporate event, you should proceed as follows:<\/p>\n\n<ol class=\"wp-block-list\">\n<li>Write an e-mail to <a href=\"mailto:akce@hudyboulder.cz\"><u>akce<\/u> <u>@<\/u> <u>hudyboulder.cz<\/u><\/a>, put &#8220;Interest in corporate event\/children&#8217;s party &#8211; name and surname&#8221; in the subject line. In the message, write what date and time you are interested in, how many people would be involved and, if necessary, other individual requirements.<\/li>\n\n\n\n<li>We will reply to let you know the availability of the date and confirm the instructor(s).<\/li>\n\n\n\n<li><a><\/a>Objednan\u00e9 slu\u017eby instruktora je pot\u0159eba zaplatit nejpozd\u011bji 3 dny p\u0159ed samotnou lekc\u00ed u n\u00e1s na recepci, nebo je mo\u017en\u00e9 tuto slu\u017ebu zaplatit z&nbsp;nahran\u00e9ho kreditu str\u017een\u00edm odpov\u00eddaj\u00edc\u00ed sumy z&nbsp;\u00fa\u010dtu klienta, kter\u00fd objedn\u00e1vku zadal. V&nbsp;p\u0159\u00edpad\u011b platby z kreditu je pot\u0159eba:\n<ul class=\"wp-block-list\">\n<li>create a registration in our system, you can find the link on our website: <a href=\"https:\/\/www.hudysteny.cz\/boulderkarlin\/en\/\">https:\/\/www.hudysteny.cz\/boulderkarlin<\/a><br\/><a href=\"https:\/\/www.memberzone.cz\/hudyboulder\/Account\/SignIn.aspx\" rel=\"noopener\">https:\/\/www.memberzone.cz\/hudyboulder\/Account\/SignIn.aspx<\/a><\/li>\n\n\n\n<li>upload a credit in the required lesson amount to this account and request payment from the credit by email<\/li>\n<\/ul>\n<\/li>\n\n\n\n<li>For these events, registration of individual members is not required.<\/li>\n<\/ol>\n\n<div style=\"height:60px\" aria-hidden=\"true\" class=\"wp-block-spacer\"><\/div>\n\n<h3 class=\"wp-block-heading\">CELEBRATIONS AND CORPORATE EVENTS WITHOUT INSTRUCTORS<\/h3>\n\n<p class=\"wp-block-paragraph\">If you are interested in organizing a celebration or corporate event in our premises (without the participation of our instructors), please contact us at <a href=\"mailto:akce@hudyboulder.cz\">akce@hudyboulder.cz.<\/a> Please let us know which date you are interested in, how many people would be involved and attach your other requirements. We will prepare an individual quotation for you, which we will send you by e-mail.<\/p>\n","protected":false},"excerpt":{"rendered":"<p>If you are interested in organizing a birthday party or corporate event under the guidance of a climbing instructor on our climbing wall, you can contact us. Our instructors will prepare a tailor-made program for your children or corporate team. The program in the price list is calculated for 2 hours of instructor&#8217;s services. In [&hellip;]<\/p>\n","protected":false},"author":1,"featured_media":0,"parent":526,"menu_order":27,"comment_status":"closed","ping_status":"closed","template":"","meta":{"_acf_changed":false,"_crdt_document":"","footnotes":""},"class_list":["post-561","page","type-page","status-publish","hentry"],"acf":[],"_links":{"self":[{"href":"https:\/\/www.hudysteny.cz\/boulderkarlin\/en\/wp-json\/wp\/v2\/pages\/561","targetHints":{"allow":["GET"]}}],"collection":[{"href":"https:\/\/www.hudysteny.cz\/boulderkarlin\/en\/wp-json\/wp\/v2\/pages"}],"about":[{"href":"https:\/\/www.hudysteny.cz\/boulderkarlin\/en\/wp-json\/wp\/v2\/types\/page"}],"author":[{"embeddable":true,"href":"https:\/\/www.hudysteny.cz\/boulderkarlin\/en\/wp-json\/wp\/v2\/users\/1"}],"replies":[{"embeddable":true,"href":"https:\/\/www.hudysteny.cz\/boulderkarlin\/en\/wp-json\/wp\/v2\/comments?post=561"}],"version-history":[{"count":5,"href":"https:\/\/www.hudysteny.cz\/boulderkarlin\/en\/wp-json\/wp\/v2\/pages\/561\/revisions"}],"predecessor-version":[{"id":2724,"href":"https:\/\/www.hudysteny.cz\/boulderkarlin\/en\/wp-json\/wp\/v2\/pages\/561\/revisions\/2724"}],"up":[{"embeddable":true,"href":"https:\/\/www.hudysteny.cz\/boulderkarlin\/en\/wp-json\/wp\/v2\/pages\/526"}],"wp:attachment":[{"href":"https:\/\/www.hudysteny.cz\/boulderkarlin\/en\/wp-json\/wp\/v2\/media?parent=561"}],"curies":[{"name":"wp","href":"https:\/\/api.w.org\/{rel}","templated":true}]}}