{"id":557,"date":"2023-09-21T11:34:58","date_gmt":"2023-09-21T09:34:58","guid":{"rendered":"https:\/\/dev-karlin.hudysteny.cz\/clubs-and-lessons\/climbing-with-an-instructor\/"},"modified":"2024-09-03T14:11:50","modified_gmt":"2024-09-03T12:11:50","slug":"climbing-with-an-instructor","status":"publish","type":"page","link":"https:\/\/www.hudysteny.cz\/boulderkarlin\/en\/clubs-and-lessons\/climbing-with-an-instructor\/","title":{"rendered":"Climbing with an instructor"},"content":{"rendered":"\n<p class=\"wp-block-paragraph\">Do you want to try bouldering under the supervision of someone experienced, but don&#8217;t feel up to the whole course? Perhaps climbing with an instructor is the ideal option for you. The instructor will explain everything you will need to know to start and, according to your abilities, will guide you on how to continue your training.<\/p>\n\n<div style=\"height:60px\" aria-hidden=\"true\" class=\"wp-block-spacer\"><\/div>\n\n<h3 class=\"wp-block-heading\">PRICE LIST<\/h3>\n\n<figure class=\"wp-block-table\"><table><tbody><tr><td>\u00a0<\/td><td><strong>1 hour\/ 1 person<\/strong><\/td><td><strong>2 hours\/ 1 person<\/strong><\/td><\/tr><tr><td><strong>Weekday<\/strong><\/td><td>700,- CZK<\/td><td>1300,- CZK<\/td><\/tr><tr><td><strong>Weekend\/holiday<\/strong><\/td><td>800,- CZK<\/td><td>1500,- CZK<\/td><\/tr><\/tbody><\/table><\/figure>\n\n<p class=\"wp-block-paragraph\"><strong>All prices include entrance fee.<\/strong><\/p>\n\n<div style=\"height:60px\" aria-hidden=\"true\" class=\"wp-block-spacer\"><\/div>\n\n<h3 class=\"wp-block-heading\">REGISTRATION AND PAYMENT FOR LESSONS WITH AN INSTRUCTOR<\/h3>\n\n<p class=\"wp-block-paragraph\">If you are interested in climbing with an instructor, you need to follow the following procedure:<\/p>\n\n<ol class=\"wp-block-list\">\n<li>Write an e-mail to <a href=\"mailto:kurzy@hudyboulder.cz\"><u>Courses<\/u><u>@<\/u><u>hudyboulder.cz<\/u><\/a>, put &#8220;Interest in Climbing with an instructor &#8211; name and surname&#8221; in the subject line. Write in the message what date and time you are interested in, or indicate other individual requirements.<\/li>\n\n\n\n<li>We will reply to let you know the availability of the date and confirm the instructor.<br\/><br\/><\/li>\n\n\n\n<li>Objednan\u00e9 slu\u017eby instruktora je pot\u0159eba zaplatit nejpozd\u011bji 3 dny p\u0159ed samotnou lekc\u00ed u n\u00e1s na recepci, nebo je mo\u017en\u00e9 tuto slu\u017ebu zaplatit z&nbsp;nahran\u00e9ho kreditu str\u017een\u00edm odpov\u00eddaj\u00edc\u00ed sumy z&nbsp;\u00fa\u010dtu klienta, kter\u00fd objedn\u00e1vku zadal. V&nbsp;p\u0159\u00edpad\u011b platby z kreditu je pot\u0159eba:\n<ul class=\"wp-block-list\">\n<li>create a registration in our system, you can find the link on our website: <a href=\"https:\/\/www.hudysteny.cz\/boulderkarlin\/en\/\">https:\/\/www.hudysteny.cz\/boulderkarlin<\/a><br\/><a href=\"https:\/\/www.memberzone.cz\/hudyboulder\/Account\/SignIn.aspx\" rel=\"noopener\">https:\/\/www.memberzone.cz\/hudyboulder\/Account\/SignIn.aspx<\/a><\/li>\n\n\n\n<li><a><\/a>upload a credit in the required lesson amount to this account and request payment from the credit by email<\/li>\n<\/ul>\n<\/li>\n\n\n\n<li>The receipt is used as confirmation of payment when paying at the reception or when paying from credit, this movement is visible in our system.<\/li>\n<\/ol>\n","protected":false},"excerpt":{"rendered":"<p>Do you want to try bouldering under the supervision of someone experienced, but don&#8217;t feel up to the whole course? Perhaps climbing with an instructor is the ideal option for you. The instructor will explain everything you will need to know to start and, according to your abilities, will guide you on how to continue [&hellip;]<\/p>\n","protected":false},"author":1,"featured_media":0,"parent":526,"menu_order":23,"comment_status":"closed","ping_status":"closed","template":"","meta":{"_acf_changed":false,"_crdt_document":"","footnotes":""},"class_list":["post-557","page","type-page","status-publish","hentry"],"acf":[],"_links":{"self":[{"href":"https:\/\/www.hudysteny.cz\/boulderkarlin\/en\/wp-json\/wp\/v2\/pages\/557","targetHints":{"allow":["GET"]}}],"collection":[{"href":"https:\/\/www.hudysteny.cz\/boulderkarlin\/en\/wp-json\/wp\/v2\/pages"}],"about":[{"href":"https:\/\/www.hudysteny.cz\/boulderkarlin\/en\/wp-json\/wp\/v2\/types\/page"}],"author":[{"embeddable":true,"href":"https:\/\/www.hudysteny.cz\/boulderkarlin\/en\/wp-json\/wp\/v2\/users\/1"}],"replies":[{"embeddable":true,"href":"https:\/\/www.hudysteny.cz\/boulderkarlin\/en\/wp-json\/wp\/v2\/comments?post=557"}],"version-history":[{"count":2,"href":"https:\/\/www.hudysteny.cz\/boulderkarlin\/en\/wp-json\/wp\/v2\/pages\/557\/revisions"}],"predecessor-version":[{"id":2483,"href":"https:\/\/www.hudysteny.cz\/boulderkarlin\/en\/wp-json\/wp\/v2\/pages\/557\/revisions\/2483"}],"up":[{"embeddable":true,"href":"https:\/\/www.hudysteny.cz\/boulderkarlin\/en\/wp-json\/wp\/v2\/pages\/526"}],"wp:attachment":[{"href":"https:\/\/www.hudysteny.cz\/boulderkarlin\/en\/wp-json\/wp\/v2\/media?parent=557"}],"curies":[{"name":"wp","href":"https:\/\/api.w.org\/{rel}","templated":true}]}}