{"id":540,"date":"2023-06-22T16:09:05","date_gmt":"2023-06-22T14:09:05","guid":{"rendered":"https:\/\/dev-karlin.hudysteny.cz\/price-list\/"},"modified":"2025-09-25T15:52:38","modified_gmt":"2025-09-25T13:52:38","slug":"price-list","status":"publish","type":"page","link":"https:\/\/www.hudysteny.cz\/boulderkarlin\/en\/price-list\/","title":{"rendered":"Price list"},"content":{"rendered":"\n<p class=\"has-text-align-center wp-block-paragraph\"><strong>Recharge credit of<\/strong><br\/><strong>1500,- CZK = 10% discount, 2500,- CZK = 15% discount and 5000,- CZK = 20% discount !<\/strong><\/p>\n\n<div style=\"height:39px\" aria-hidden=\"true\" class=\"wp-block-spacer\"><\/div>\n\n<div class=\"wp-block-columns cenik is-layout-flex wp-container-core-columns-is-layout-9ba6dbca wp-block-columns-is-layout-flex\">\n<div class=\"wp-block-column is-layout-flow wp-block-column-is-layout-flow\" style=\"flex-basis:50%\">\n<figure class=\"wp-block-table\"><table><thead><tr><th>Who?<\/th><th>Time<\/th><th>Full admission<\/th><\/tr><\/thead><tbody><tr><td>Adults (Mon-Fri)****<\/td><td>3 h* (departure <strong>by<\/strong> 17:00)<\/td><td>240 CZK<\/td><\/tr><tr><td>Adults (Mon-Fri)<\/td><td>3 h* (departure <b>after<\/b> 17:00)<\/td><td>300 CZK<\/td><\/tr><tr><td>Adults (weekends and holidays)<\/td><td>Unlimited<\/td><td>260 CZK<\/td><\/tr><tr><td>Students** (Mon-Fri)****<\/td><td>3 h* (departure <strong>by<\/strong> 17:00)<\/td><td>200 CZK<\/td><\/tr><tr><td>Students**<br\/><\/td><td>3 h* (departure <strong>after<\/strong> 17:00) weekends and holidays unlimited<\/td><td>240 CZK<\/td><\/tr><tr><td>Children (4-14 years old accompanied, 15-17 years old with the consent of a legal guardian)<\/td><td>3 h* \/ weekends and holidays unlimited<\/td><td>190 CZK<\/td><\/tr><tr><td>Seniors \/ Disabled***<\/td><td>3 h* \/ weekends and holidays unlimited<\/td><td>190 CZK<\/td><\/tr><tr><td>Short entry****<\/td><td>1.5 h*<\/td><td>200 CZK<\/td><\/tr><\/tbody><\/table><\/figure>\n\n\n\n<div style=\"height:20px\" aria-hidden=\"true\" class=\"wp-block-spacer\"><\/div>\n\n\n\n<ul class=\"wp-block-list\">\n<li><a href=\"https:\/\/www.hudysteny.cz\/boulderkarlin\/wp-content\/uploads\/2025\/08\/A2_boulder_cenik.pdf\" target=\"_blank\" rel=\"noreferrer noopener\">Complete price list<\/a><\/li>\n\n\n\n<li><a href=\"https:\/\/www.hudysteny.cz\/boulderkarlin\/wp-content\/uploads\/2025\/08\/A2_boulder_price_list_09_2025-1.pdf\" target=\"_blank\" rel=\"noreferrer noopener\">Entry price list<\/a><\/li>\n\n\n\n<li><a href=\"https:\/\/www.hudysteny.cz\/boulderkarlin\/wp-content\/uploads\/2025\/01\/Praha-pujcovna-vybaveni.pdf\" target=\"_blank\" rel=\"noreferrer noopener\">Rental price list<\/a><\/li>\n<\/ul>\n<\/div>\n\n\n\n<div class=\"wp-block-column is-layout-flow wp-block-column-is-layout-flow\" style=\"flex-basis:50%\">\n<div style=\"height:75px\" aria-hidden=\"true\" class=\"wp-block-spacer\"><\/div>\n\n\n\n<ol class=\"wp-block-list\">\n<li>* Limited validity period applies only to Mon-Fri (excluding holidays). The time in the paid area starts to be counted only when you enter the paid area by passing through the turnstile. It is possible to move freely from the hall to the bar\/changing room area and back. The system automatically calculates the time in the paid area continuously from the first entry to the last exit, without any limitation on the number of passes through the turnstile. If someone takes a break, the clock is still ticking. After 3 hours, 1\/3 of the basic admission price after all discounts applied will be charged for each hour started.  <br\/><\/li>\n\n\n\n<li>** Students must present an ISIC card with a valid stamp for the calendar year or other valid student ID to receive student admission.<br\/><\/li>\n\n\n\n<li>*** In order to obtain a senior or disabled discount, you must show the appropriate document at the reception. The elderly are considered to be over 60 years of age.<br\/><\/li>\n\n\n\n<li>**** &#8220;Reduced entry&#8221; and &#8220;Adults (departure until 17:00) and &#8220;Students (departure until 17:00)&#8221; are discounted entries that are valid only Mon-Fri for departures between 7:00-17:00. It is only possible to recieve one discounted entry for the whole day These prices can only be activated from credit on your account, it is not possible to buy it separately. This means that the relevant full entry needs to be charged and the difference will remain in your account.<br\/><\/li>\n<\/ol>\n\n\n\n<div style=\"height:45px\" aria-hidden=\"true\" class=\"wp-block-spacer\"><\/div>\n\n\n\n<div class=\"wp-block-buttons is-content-justification-center is-layout-flex wp-container-core-buttons-is-layout-00cb7837 wp-block-buttons-is-layout-flex\">\n<div class=\"wp-block-button zelena\"><a class=\"wp-block-button__link wp-element-button\" href=\"https:\/\/www.memberzone.cz\/hudyboulder\/Account\/SignIn.aspx\" target=\"_blank\" rel=\"noreferrer noopener\">Login\/Registration<\/a><\/div>\n<\/div>\n<\/div>\n<\/div>\n\n<div style=\"height:65px\" aria-hidden=\"true\" class=\"wp-block-spacer mezera_65\"><\/div>\n\n<h4 class=\"wp-block-heading\"><strong>Benefit and corporate programmes<\/strong><\/h4>\n\n<div style=\"height:23px\" aria-hidden=\"true\" class=\"wp-block-spacer\"><\/div>\n\n<p class=\"wp-block-paragraph\">Our bouldering wall does not currently accept any benefit cards or other discount programs. We only accept self-issued vouchers and possibly HUDY vouchers in paper form (not electronic).   <\/p>\n\n<div style=\"height:29px\" aria-hidden=\"true\" class=\"wp-block-spacer\"><\/div>\n\n<p class=\"wp-block-paragraph\"><strong>Are you an employer and want to provide your employees with the services of our sports facilities as a benefit?  <\/strong><\/p>\n\n<p class=\"wp-block-paragraph\"><strong>Are you an employee of a company and have a benefit fund or employer contributions for sports and recreation?<\/strong><\/p>\n\n<p class=\"wp-block-paragraph\">We offer the option of invoicing your company or your benefit program and then having your employees use it. Contact us at <a href=\"mailto:info@hudyboulder.cz\">info@hudyboulder.cz<\/a> for more information.   <\/p>\n\n<div class=\"wp-block-group alignfull bg_seda pt_65 pb_65 has-global-padding is-layout-constrained wp-block-group-is-layout-constrained\">\n<div class=\"wp-block-group oteviracka has-global-padding is-layout-constrained wp-block-group-is-layout-constrained\">\n<div class=\"wp-block-columns is-layout-flex wp-container-core-columns-is-layout-9ba6dbca wp-block-columns-is-layout-flex\">\n<div class=\"wp-block-column is-layout-flow wp-block-column-is-layout-flow\">\n<h3 class=\"wp-block-heading\">Opening hours<\/h3>\n\n\n\n<figure class=\"wp-block-table noborder\"><table><tbody><tr><td>Monday<\/td><td>7.00 &#8211; 21.30<\/td><\/tr><tr><td>Tuesday<\/td><td>7.00 &#8211; 21.30<\/td><\/tr><tr><td>Wednesday<\/td><td>7.00 &#8211; 21.30<\/td><\/tr><tr><td>Thursday<\/td><td>7.00 &#8211; 21.30<\/td><\/tr><tr><td>Friday<\/td><td>7.00 &#8211; 21.30<\/td><\/tr><tr><td>Saturday and Sunday<\/td><td>9.00 &#8211; 21.30<\/td><\/tr><tr><td>Public holidays<\/td><td>9.00 &#8211; 21.30<\/td><\/tr><\/tbody><\/table><\/figure>\n<\/div>\n\n\n\n<div class=\"wp-block-column is-layout-flow wp-block-column-is-layout-flow\">\n<h3 class=\"wp-block-heading\">Where to find us<\/h3>\n\n\n\n<p class=\"wp-block-paragraph\">HUDY Boulder Karl\u00edn<br\/>K\u0159i\u017e\u00edkova 684\/91a<br\/>186 00 Prague 8 &#8211; Karl\u00edn<br\/><br\/>Tel: <a href=\"tel:+420%20220%20920%20029\">+420 220 920 029<\/a><br\/>Email: <a href=\"mailto:info@hudyboulder.cz\">info@hudyboulder.cz<\/a><\/p>\n<\/div>\n\n\n\n<div class=\"wp-block-column is-layout-flow wp-block-column-is-layout-flow\">\n<h3 class=\"wp-block-heading\">Follow us<\/h3>\n\n\n\n<div class=\"wp-block-group social is-nowrap is-layout-flex wp-container-core-group-is-layout-9ba6dbca wp-block-group-is-layout-flex\">\n<figure class=\"wp-block-image size-full is-resized\"><a href=\"https:\/\/www.instagram.com\/hudyboulder.karlin\/\" target=\"_blank\" rel=\"noreferrer noopener\"><img decoding=\"async\" src=\"https:\/\/www.hudysteny.cz\/boulderkarlin\/wp-content\/uploads\/2023\/07\/facebook-b.svg\" alt=\"\" class=\"wp-image-323\" style=\"object-fit:cover;width:32px;height:32px\"\/><\/a><\/figure>\n\n\n\n<figure class=\"wp-block-image size-full is-resized\"><a href=\"https:\/\/www.facebook.com\/profile.php?id=100088976445014\" target=\"_blank\" rel=\"noreferrer noopener\"><img decoding=\"async\" src=\"https:\/\/www.hudysteny.cz\/boulderkarlin\/wp-content\/uploads\/2023\/07\/instagram-b.svg\" alt=\"\" class=\"wp-image-326\" style=\"object-fit:cover;width:32px;height:32px\"\/><\/a><\/figure>\n<\/div>\n\n\n\n<div style=\"height:25px;width:0px\" aria-hidden=\"true\" class=\"wp-block-spacer mezera_25\"><\/div>\n\n\n\n<p class=\"wp-block-paragraph\">You can find us on <a href=\"https:\/\/mapy.cz\/s\/polutapafu\" data-type=\"link\" data-id=\"https:\/\/mapy.cz\/s\/polutapafu\" target=\"_blank\" rel=\"noreferrer noopener\">Maps.cz<\/a> or <a href=\"https:\/\/goo.gl\/maps\/XBQzpFPgzujrfCt8A\" data-type=\"link\" data-id=\"https:\/\/goo.gl\/maps\/XBQzpFPgzujrfCt8A\" target=\"_blank\" rel=\"noreferrer noopener\">Google<\/a><br\/><br\/>If you drive to the hotel, it is possible to park for free in the adjacent streets on weekends. For more information on parking, please visit <a href=\"http:\/\/www.parkujvklidu.cz\" data-type=\"URL\" data-id=\"www.parkujvklidu.cz\" target=\"_blank\" rel=\"noreferrer noopener\">www.parkujvklidu.cz<\/a><\/p>\n<\/div>\n<\/div>\n<\/div>\n<\/div>\n","protected":false},"excerpt":{"rendered":"<p>Recharge credit of1500,- CZK = 10% discount, 2500,- CZK = 15% discount and 5000,- CZK = 20% discount ! Who? Time Full admission Adults (Mon-Fri)**** 3 h* (departure by 17:00) 240 CZK Adults (Mon-Fri) 3 h* (departure after 17:00) 300 CZK Adults (weekends and holidays) Unlimited 260 CZK Students** (Mon-Fri)**** 3 h* (departure by 17:00) [&hellip;]<\/p>\n","protected":false},"author":1,"featured_media":0,"parent":0,"menu_order":33,"comment_status":"closed","ping_status":"closed","template":"","meta":{"_acf_changed":false,"_crdt_document":"","footnotes":""},"class_list":["post-540","page","type-page","status-publish","hentry"],"acf":[],"_links":{"self":[{"href":"https:\/\/www.hudysteny.cz\/boulderkarlin\/en\/wp-json\/wp\/v2\/pages\/540","targetHints":{"allow":["GET"]}}],"collection":[{"href":"https:\/\/www.hudysteny.cz\/boulderkarlin\/en\/wp-json\/wp\/v2\/pages"}],"about":[{"href":"https:\/\/www.hudysteny.cz\/boulderkarlin\/en\/wp-json\/wp\/v2\/types\/page"}],"author":[{"embeddable":true,"href":"https:\/\/www.hudysteny.cz\/boulderkarlin\/en\/wp-json\/wp\/v2\/users\/1"}],"replies":[{"embeddable":true,"href":"https:\/\/www.hudysteny.cz\/boulderkarlin\/en\/wp-json\/wp\/v2\/comments?post=540"}],"version-history":[{"count":5,"href":"https:\/\/www.hudysteny.cz\/boulderkarlin\/en\/wp-json\/wp\/v2\/pages\/540\/revisions"}],"predecessor-version":[{"id":2691,"href":"https:\/\/www.hudysteny.cz\/boulderkarlin\/en\/wp-json\/wp\/v2\/pages\/540\/revisions\/2691"}],"wp:attachment":[{"href":"https:\/\/www.hudysteny.cz\/boulderkarlin\/en\/wp-json\/wp\/v2\/media?parent=540"}],"curies":[{"name":"wp","href":"https:\/\/api.w.org\/{rel}","templated":true}]}}