{"id":522,"date":"2023-06-22T16:07:09","date_gmt":"2023-06-22T14:07:09","guid":{"rendered":"https:\/\/dev-karlin.hudysteny.cz\/climbing-wall-boulder-karlin\/"},"modified":"2025-09-25T15:22:00","modified_gmt":"2025-09-25T13:22:00","slug":"climbing-wall-boulder-karlin","status":"publish","type":"page","link":"https:\/\/www.hudysteny.cz\/boulderkarlin\/en\/","title":{"rendered":"Climbing wall, Boulder Karl\u00edn"},"content":{"rendered":"\n<div class=\"wp-block-group oteviracka has-global-padding is-layout-constrained wp-block-group-is-layout-constrained\">\n<div class=\"wp-block-columns is-layout-flex wp-container-core-columns-is-layout-9ba6dbca wp-block-columns-is-layout-flex\">\n<div class=\"wp-block-column is-layout-flow wp-block-column-is-layout-flow\">\n<h3 class=\"wp-block-heading\">Opening hours<\/h3>\n\n\n\n<figure class=\"wp-block-table noborder\"><table><tbody><tr><td>Monday<\/td><td>7.00 &#8211; 21.30<\/td><\/tr><tr><td>Tuesday<\/td><td>7.00 &#8211; 21.30<\/td><\/tr><tr><td>Wednesday<\/td><td>7.00 &#8211; 21.30<\/td><\/tr><tr><td>Thursday<\/td><td>7.00 &#8211; 21.30<\/td><\/tr><tr><td>Friday<\/td><td>7.00 &#8211; 21.30<\/td><\/tr><tr><td>Saturday and Sunday<\/td><td>9.00 &#8211; 21.30<\/td><\/tr><tr><td>Public holidays<\/td><td>9.00 &#8211; 21.30<\/td><\/tr><\/tbody><\/table><\/figure>\n<\/div>\n\n\n\n<div class=\"wp-block-column is-layout-flow wp-block-column-is-layout-flow\">\n<h3 class=\"wp-block-heading\">Where to find us<\/h3>\n\n\n\n<p class=\"wp-block-paragraph\">HUDY Boulder Karl\u00edn<br\/>K\u0159i\u017e\u00edkova 684\/91a<br\/>186 00 Prague 8 &#8211; Karl\u00edn<br\/><br\/>Tel: <a href=\"tel:+420%20220%20920%20029\">+420 220 920 029<\/a><br\/>Email: <a href=\"mailto:info@hudyboulder.cz\">info@hudyboulder.cz<\/a><\/p>\n<\/div>\n\n\n\n<div class=\"wp-block-column is-layout-flow wp-block-column-is-layout-flow\">\n<h3 class=\"wp-block-heading\">Follow us<\/h3>\n\n\n\n<div class=\"wp-block-group social is-nowrap is-layout-flex wp-container-core-group-is-layout-9ba6dbca wp-block-group-is-layout-flex\">\n<figure class=\"wp-block-image size-full is-resized\"><a href=\"https:\/\/www.instagram.com\/hudyboulder.karlin\/\" target=\"_blank\" rel=\"noreferrer noopener\"><img decoding=\"async\" src=\"https:\/\/www.hudysteny.cz\/boulderkarlin\/wp-content\/uploads\/2023\/07\/facebook-b.svg\" alt=\"\" class=\"wp-image-323\" style=\"object-fit:cover;width:32px;height:32px\"\/><\/a><\/figure>\n\n\n\n<figure class=\"wp-block-image size-full is-resized\"><a href=\"https:\/\/www.facebook.com\/profile.php?id=100088976445014\" target=\"_blank\" rel=\"noreferrer noopener\"><img decoding=\"async\" src=\"https:\/\/www.hudysteny.cz\/boulderkarlin\/wp-content\/uploads\/2023\/07\/instagram-b.svg\" alt=\"\" class=\"wp-image-326\" style=\"object-fit:cover;width:32px;height:32px\"\/><\/a><\/figure>\n<\/div>\n\n\n\n<div style=\"height:25px;width:0px\" aria-hidden=\"true\" class=\"wp-block-spacer mezera_25\"><\/div>\n\n\n\n<p class=\"wp-block-paragraph\">You can find us on <a href=\"https:\/\/mapy.cz\/s\/polutapafu\" data-type=\"link\" data-id=\"https:\/\/mapy.cz\/s\/polutapafu\" target=\"_blank\" rel=\"noreferrer noopener\">Maps.cz<\/a> or <a href=\"https:\/\/goo.gl\/maps\/XBQzpFPgzujrfCt8A\" data-type=\"link\" data-id=\"https:\/\/goo.gl\/maps\/XBQzpFPgzujrfCt8A\" target=\"_blank\" rel=\"noreferrer noopener\">Google<\/a><br\/><br\/>If you drive to the hotel, it is possible to park for free in the adjacent streets on weekends. For more information on parking, please visit <a href=\"http:\/\/www.parkujvklidu.cz\" data-type=\"URL\" data-id=\"www.parkujvklidu.cz\" target=\"_blank\" rel=\"noreferrer noopener\">www.parkujvklidu.cz<\/a><\/p>\n<\/div>\n<\/div>\n<\/div>\n\n<div style=\"height:65px\" aria-hidden=\"true\" class=\"wp-block-spacer mezera_65\"><\/div>\n\n<div class=\"wp-block-columns eq is-layout-flex wp-container-core-columns-is-layout-9ba6dbca wp-block-columns-is-layout-flex\">\n<div class=\"wp-block-column is-layout-flow wp-block-column-is-layout-flow\">\n<div class=\"wp-block-group box_cenik has-background has-global-padding is-layout-constrained wp-block-group-is-layout-constrained\" style=\"background-color:#f4f4f4\">\n<h2 class=\"wp-block-heading has-text-align-center\">Price list<\/h2>\n\n\n\n<div class=\"wp-block-buttons is-content-justification-center is-layout-flex wp-container-core-buttons-is-layout-d9a36c2f wp-block-buttons-is-layout-flex\">\n<div class=\"wp-block-button zelena\"><a class=\"wp-block-button__link wp-element-button\" href=\"https:\/\/www.hudysteny.cz\/boulderkarlin\/en\/price-list\/\">More Information<\/a><\/div>\n<\/div>\n<\/div>\n<\/div>\n\n\n\n<div class=\"wp-block-column is-layout-flow wp-container-core-column-is-layout-2003d605 wp-block-column-is-layout-flow\">\n<div class=\"wp-block-group box_novinka has-background has-global-padding is-layout-constrained wp-container-core-group-is-layout-050dad78 wp-block-group-is-layout-constrained\" style=\"background-color:#f4f4f4\">\n<div class=\"wp-block-group inner_wrap has-global-padding is-layout-constrained wp-block-group-is-layout-constrained\">\n<h3 class=\"wp-block-heading has-text-align-center\">News<\/h3>\n\n\n<div class=\"cff-wrapper\"><div class=\"cff-wrapper-ctn \" ><div id=\"cff\" data-char=\"400\" class=\"cff cff-theme-overlap  cff-mob-cols-1 cff-tab-cols-1  cff-palette-7 cff-timeline-feed cff-doing-gdpr cff-all-reviews cff-nojs \" style=\"width:100%; \" data-fb-text=\"Zobrazit na Facebooku\" data-offset=\"\" data-own-token=\"true\" data-grid-pag=\"cursor\" data-restricted=\"true\" data-lb-comments=\"false\" data-pag-num=\"1\" data-cff-shortcode=\"{&quot;feed&quot;: &quot;7&quot;}\" data-postid=\"522\" data-locatornonce=\"9c29e2f9ea\" data-cff-theme=\"overlap\"  data-cff-flags=\"gdpr,overrideBlockCDN\"><svg width=\"24px\" height=\"24px\" version=\"1.1\" xmlns=\"http:\/\/www.w3.org\/2000\/svg\" xmlns:xlink=\"http:\/\/www.w3.org\/1999\/xlink\" class=\"cff-screenreader\" role=\"img\" aria-labelledby=\"metaSVGid metaSVGdesc\"><title id=\"metaSVGid\">Comments Box SVG icons<\/title><desc id=\"metaSVGdesc\">Used for the like, share, comment, and reaction icons<\/desc><defs><linearGradient id=\"angryGrad\" x1=\"0\" x2=\"0\" y1=\"0\" y2=\"1\"><stop offset=\"0%\" stop-color=\"#f9ae9e\" \/><stop offset=\"70%\" stop-color=\"#ffe7a4\" \/><\/linearGradient><linearGradient id=\"likeGrad\"><stop offset=\"25%\" stop-color=\"rgba(0,0,0,0.05)\" \/><stop offset=\"26%\" stop-color=\"rgba(255,255,255,0.7)\" \/><\/linearGradient><linearGradient id=\"likeGradHover\"><stop offset=\"25%\" stop-color=\"#a3caff\" \/><stop offset=\"26%\" stop-color=\"#fff\" \/><\/linearGradient><linearGradient id=\"likeGradDark\"><stop offset=\"25%\" stop-color=\"rgba(255,255,255,0.5)\" \/><stop offset=\"26%\" stop-color=\"rgba(255,255,255,0.7)\" \/><\/linearGradient><\/defs><\/svg><div class=\"cff-posts-wrap\"><div class=\"cff-item cff-photo-post author-hudy-boulder-karl-n cff-102822339367596 cff-new\" id=\"cff_102822339367596_987527984223074\" data-page-id=\"102822339367596\" data-cff-timestamp=\"1776070761\" data-object-id=\"987527337556472\" data-cff-from=\"102822339367596\" style=\"border-bottom: 0px solid #fff; z-index: 10;\"><p  class=\"cff-post-text\">\n\t<span class=\"cff-text\" data-color=\"\">V\u00e1\u017een\u00ed z\u00e1kazn\u00edci, <br \/>upozor\u0148ujeme, \u017ee tuto sobotu 18.4.2026 bude na na\u0161em d\u011btsk\u00e9m pat\u0159e prob\u00edhat od 15:00 do 19:00 soukrom\u00e1 oslava a patro bude od 14:30 uzav\u0159en\u00e9. \u26a0\ufe0f<br \/>\ud83d\udfe9D\u011bkujeme za pochopen\u00ed \ud83d\udfe9 \t<\/span>\n\t<span class=\"cff-expand\">... <a href=\"#\" ><span class=\"cff-more\">Zobrazit v\u00edce<\/span><span class=\"cff-less\">Zobrazit m\u00e9n\u011b<\/span><\/a><\/span>\n<\/p>\n<div class=\"cff-date  cff-date-below\" >\n\t 13. 04. 2026 <\/div><\/div><\/div><span class=\"cff_resized_image_data\" data-feedid=\"cff_10282233936759028223393675962mecs0000\" data-resized=\"[]\"><\/span><\/div><\/div><div class=\"cff-clear\"><\/div><\/div><style type=\"text\/css\">\n<\/style>\n\n\n<a class=\"novinky_link\" href=\"https:\/\/www.hudysteny.cz\/boulderkarlin\/en\/news\/\" title=\"View news\" target=\"_parent\"><span>View news<\/span><\/a>\n<\/div>\n<\/div>\n<\/div>\n<\/div>\n\n<div style=\"height:65px\" aria-hidden=\"true\" class=\"wp-block-spacer mezera_65\"><\/div>\n\n<h3 class=\"wp-block-heading has-text-align-center\">Basic parameters of the wall<\/h3>\n\n<p class=\"has-text-align-center wp-block-paragraph\">The main bouldering wall offers <strong>4 large sectors with 24 smaller sectors<\/strong> of 6-7 boulders each. With a wall height of 4.2 metres, the bouldering wall offers <strong>655 square metres of climbing and more than 160 bouldering problems<\/strong>. You can look forward to climbing in slightly inclined profiles (the so-called &#8220;rajbas&#8221;), climbing in perpendicular and overhanging profiles, as well as a campus with ledges with an <strong>overhanging angle of up to 76 degrees<\/strong>. <strong>The overhang<\/strong> of the largest profile is an impressive <strong>5.15 m<\/strong>. The individual <strong>boulder problems<\/strong> are colour coded <strong>from V0-V10<\/strong>.<\/p>\n\n<p class=\"has-text-align-center wp-block-paragraph\">Children&#8217;s bouldering area, playground, warm-up room. <\/p>\n\n<div class=\"wp-block-buttons is-content-justification-center is-layout-flex wp-container-core-buttons-is-layout-d9a36c2f wp-block-buttons-is-layout-flex\">\n<div class=\"wp-block-button\"><a class=\"wp-block-button__link wp-element-button\" href=\"https:\/\/www.hudysteny.cz\/boulderkarlin\/en\/wall\/\">More Information<\/a><\/div>\n<\/div>\n\n<div style=\"height:65px\" aria-hidden=\"true\" class=\"wp-block-spacer mezera_65\"><\/div>\n\n<div class=\"wp-block-group alignfull bg_seda has-global-padding is-layout-constrained wp-block-group-is-layout-constrained\">\n\t\t<div id=\"prodejny\">\n            <h2>The nearest HUDY store<\/h2>\n\t\t\t<div class=\"innerwrap owl-carousel owl-theme\">\n    \t<div class=\"item\">\n\t\t\t<h3><a href=\"https:\/\/www.hudy.cz\/hudysport-praha-havlickova\" target=\"_blank\" rel=\"noopener\">Praha Havl\u00ed\u010dkova<\/a><\/h3>\n            <!-- wp:paragraph -->\n<p>Havl\u00ed\u010dkova 11<br>110 00 Praha 1<br><\/p>\n<!-- \/wp:paragraph -->\n            <a href=\"tel:+420 222 200 418\">+420 222 200 418<\/a><br>\n            <a href=\"mailto:praha.havlickova@hudy.cz\">praha.havlickova@hudy.cz<\/a><br>\n            <a href=\"https:\/\/www.hudy.cz\/hudysport-praha-havlickova\" target=\"_blank\" class=\"btn btn--ghost\" rel=\"noopener\"><span class=\"btn__inner\">About the store<\/span><\/a><br>\n\t\t<\/div>\n    \t<div class=\"item\">\n\t\t\t<h3><a href=\"https:\/\/www.hudy.cz\/hudysport-praha-strossmayerovo-nam\" target=\"_blank\" rel=\"noopener\">Praha Strossmayerovo<\/a><\/h3>\n            <!-- wp:paragraph -->\n<p>Strossmayerovo n\u00e1m. 10<br>170 00 Praha 7<\/p>\n<!-- \/wp:paragraph -->\n            <a href=\"tel:+420 220 879 992\">+420 220 879 992<\/a><br>\n            <a href=\"mailto:praha.strossmayerovo@hudy.cz\">praha.strossmayerovo@hudy.cz<\/a><br>\n            <a href=\"https:\/\/www.hudy.cz\/hudysport-praha-strossmayerovo-nam\" target=\"_blank\" class=\"btn btn--ghost\" rel=\"noopener\"><span class=\"btn__inner\">About the store<\/span><\/a><br>\n\t\t<\/div>\n    \t<div class=\"item\">\n\t\t\t<h3><a href=\"https:\/\/www.hudy.cz\/hudysport-praha-slezska\" target=\"_blank\" rel=\"noopener\">Praha Slezsk\u00e1<\/a><\/h3>\n            <!-- wp:paragraph -->\n<p>Slezsk\u00e1 8<br>120 00 Praha 2<\/p>\n<!-- \/wp:paragraph -->\n            <a href=\"tel:+420 222 522 450\">+420 222 522 450<\/a><br>\n            <a href=\"mailto:praha.slezska@hudy.cz\">praha.slezska@hudy.cz<\/a><br>\n            <a href=\"https:\/\/www.hudy.cz\/hudysport-praha-slezska\" target=\"_blank\" class=\"btn btn--ghost\" rel=\"noopener\"><span class=\"btn__inner\">About the store<\/span><\/a><br>\n\t\t<\/div>\n    \t<div class=\"item\">\n\t\t\t<h3><a href=\"https:\/\/www.hudy.cz\/hudysport-praha-na-perstyne\" target=\"_blank\" rel=\"noopener\">Praha Na Per\u0161t\u00fdn\u011b<\/a><\/h3>\n            <!-- wp:paragraph -->\n<p>Na Per\u0161t\u00fdn\u011b 14<br>110 00 Praha 1<\/p>\n<!-- \/wp:paragraph -->\n            <a href=\"tel:+420 224 218 600\">+420 224 218 600<\/a><br>\n            <a href=\"mailto:praha.perstyn@hudy.cz\">praha.perstyn@hudy.cz<\/a><br>\n            <a href=\"https:\/\/www.hudy.cz\/hudysport-praha-na-perstyne\" target=\"_blank\" class=\"btn btn--ghost\" rel=\"noopener\"><span class=\"btn__inner\">About the store<\/span><\/a><br>\n\t\t<\/div>\n    \t<div class=\"item\">\n\t\t\t<h3><a href=\"https:\/\/www.hudy.cz\/hudysport-praha-lidicka\" target=\"_blank\" rel=\"noopener\">Praha Lidick\u00e1<\/a><\/h3>\n            <!-- wp:paragraph -->\n<p>Lidick\u00e1 43<br>150 00 Praha 5<\/p>\n<!-- \/wp:paragraph -->\n            <a href=\"tel:+420 257 315 964\">+420 257 315 964<\/a><br>\n            <a href=\"mailto:praha.lidicka@hudy.cz\">praha.lidicka@hudy.cz<\/a><br>\n            <a href=\"https:\/\/www.hudy.cz\/hudysport-praha-lidicka\" target=\"_blank\" class=\"btn btn--ghost\" rel=\"noopener\"><span class=\"btn__inner\">About the store<\/span><\/a><br>\n\t\t<\/div>\n    \t<div class=\"item\">\n\t\t\t<h3><a href=\"https:\/\/www.hudy.cz\/hudysport-praha-dejvicka\" target=\"_blank\" rel=\"noopener\">Praha Dejvick\u00e1<\/a><\/h3>\n            <!-- wp:paragraph -->\n<p>Dejvick\u00e1 48<br>160 00 Praha 6<br><\/p>\n<!-- \/wp:paragraph -->\n            <a href=\"tel:+420 233 341 249\">+420 233 341 249<\/a><br>\n            <a href=\"mailto:praha.dejvicka@hudy.cz\">praha.dejvicka@hudy.cz<\/a><br>\n            <a href=\"https:\/\/www.hudy.cz\/hudysport-praha-dejvicka\" target=\"_blank\" class=\"btn btn--ghost\" rel=\"noopener\"><span class=\"btn__inner\">About the store<\/span><\/a><br>\n\t\t<\/div>\n    \t<div class=\"item\">\n\t\t\t<h3><a href=\"https:\/\/www.hudy.cz\/hudysport-praha-ceskomoravska\" target=\"_blank\" rel=\"noopener\">Praha \u010ceskomoravsk\u00e1<\/a><\/h3>\n            <!-- wp:paragraph -->\n<p>\u010ceskomoravsk\u00e1 41<br>190 00 Praha 9<\/p>\n<!-- \/wp:paragraph -->\n            <a href=\"tel:+420 284 818 521\">+420 284 818 521<\/a><br>\n            <a href=\"mailto:praha.ceskomoravska@hudy.cz\">praha.ceskomoravska@hudy.cz<\/a><br>\n            <a href=\"https:\/\/www.hudy.cz\/hudysport-praha-ceskomoravska\" target=\"_blank\" class=\"btn btn--ghost\" rel=\"noopener\"><span class=\"btn__inner\">About the store<\/span><\/a><br>\n\t\t<\/div><\/div>\n\t\t<\/div>\n<\/div>\n","protected":false},"excerpt":{"rendered":"<p>Price list News Basic parameters of the wall The main bouldering wall offers 4 large sectors with 24 smaller sectors of 6-7 boulders each. With a wall height of 4.2 metres, the bouldering wall offers 655 square metres of climbing and more than 160 bouldering problems. You can look forward to climbing in slightly inclined [&hellip;]<\/p>\n","protected":false},"author":1,"featured_media":0,"parent":0,"menu_order":1,"comment_status":"closed","ping_status":"closed","template":"","meta":{"_acf_changed":false,"_crdt_document":"","footnotes":""},"class_list":["post-522","page","type-page","status-publish","hentry"],"acf":[],"_links":{"self":[{"href":"https:\/\/www.hudysteny.cz\/boulderkarlin\/en\/wp-json\/wp\/v2\/pages\/522","targetHints":{"allow":["GET"]}}],"collection":[{"href":"https:\/\/www.hudysteny.cz\/boulderkarlin\/en\/wp-json\/wp\/v2\/pages"}],"about":[{"href":"https:\/\/www.hudysteny.cz\/boulderkarlin\/en\/wp-json\/wp\/v2\/types\/page"}],"author":[{"embeddable":true,"href":"https:\/\/www.hudysteny.cz\/boulderkarlin\/en\/wp-json\/wp\/v2\/users\/1"}],"replies":[{"embeddable":true,"href":"https:\/\/www.hudysteny.cz\/boulderkarlin\/en\/wp-json\/wp\/v2\/comments?post=522"}],"version-history":[{"count":5,"href":"https:\/\/www.hudysteny.cz\/boulderkarlin\/en\/wp-json\/wp\/v2\/pages\/522\/revisions"}],"predecessor-version":[{"id":2688,"href":"https:\/\/www.hudysteny.cz\/boulderkarlin\/en\/wp-json\/wp\/v2\/pages\/522\/revisions\/2688"}],"wp:attachment":[{"href":"https:\/\/www.hudysteny.cz\/boulderkarlin\/en\/wp-json\/wp\/v2\/media?parent=522"}],"curies":[{"name":"wp","href":"https:\/\/api.w.org\/{rel}","templated":true}]}}