{"id":563,"date":"2023-09-21T11:14:51","date_gmt":"2023-09-21T09:14:51","guid":{"rendered":"https:\/\/dev-karlin.hudysteny.cz\/vereine-und-unterricht\/geburtstagsfeiern-und-firmenveranstaltungen\/"},"modified":"2026-01-12T11:03:53","modified_gmt":"2026-01-12T10:03:53","slug":"geburtstagsfeiern-und-firmenveranstaltungen","status":"publish","type":"page","link":"https:\/\/www.hudysteny.cz\/boulderkarlin\/de\/freizeitgruppen-und-lektionen\/geburtstagsfeiern-und-firmenveranstaltungen\/","title":{"rendered":"Geburtstagsfeiern und Firmenveranstaltungen"},"content":{"rendered":"\n<p class=\"wp-block-paragraph\">Wenn Sie daran interessiert sind, eine Geburtstagsfeier oder ein Firmenevent unter der Anleitung eines Kletterlehrers an unserer Kletterwand zu organisieren, k\u00f6nnen Sie sich mit uns in Verbindung setzen. Unsere Lehrkr\u00e4fte stellen ein ma\u00dfgeschneidertes Programm f\u00fcr Ihre Kinder oder Ihr Firmenteam zusammen. Das in der Preisliste aufgef\u00fchrte Programm ist f\u00fcr <strong>2 Stunden Betreuung durch einen Instrukteur<\/strong> berechnet. Bei<strong> Kleinkindern ist zu ber\u00fccksichtigen, dass ein Instruktor 5 bis 7 Kinder betreuen kann und Kinderpartys nur im Kinderbereich auf der Etage stattfinden k\u00f6nnen<\/strong>. Feierlichkeiten k\u00f6nnen nur f\u00fcr das Wochenende gebucht werden! Unter der Woche gibt es Clubs auf dem Gel\u00e4nde.  <\/p>\n\n<p class=\"wp-block-paragraph\"><\/p>\n\n<p class=\"wp-block-paragraph\">Diese Regeln und die Preisliste sind derzeit nur bis zum 28.2.2026 g\u00fcltig, Feiern nach diesem Datum k\u00f6nnen nicht mehr gebucht werden. Wir arbeiten daran, das Buchungssystem, die Organisation der Kinderfeste und die Preisliste zu \u00e4ndern. Wir danken Ihnen f\u00fcr Ihr Verst\u00e4ndnis   <\/p>\n\n<div style=\"height:60px\" aria-hidden=\"true\" class=\"wp-block-spacer\"><\/div>\n\n<h3 class=\"wp-block-heading\">PREISLISTE<\/h3>\n\n<figure class=\"wp-block-table\"><table><tbody><tr><td colspan=\"3\"><strong>Feierlichkeiten f\u00fcr Kinder<\/strong><\/td><\/tr><tr><td><strong>Gr\u00f6\u00dfe der Gruppe<\/strong><\/td><td><strong>Wochenende\/Feiertag<\/strong><\/td><\/tr><tr><td>Bis zu 5 Kinder<\/td><td>2000,- CZK<\/td><\/tr><tr><td>6 bis 10 Kinder<\/td><td>3800,- CZK<\/td><\/tr><tr><td>11 bis 15 Kinder<\/td><td>5100,- CZK<\/td><\/tr><\/tbody><\/table><\/figure>\n\n<p class=\"wp-block-paragraph\"><strong>Alle Preise verstehen sich inklusive Eintrittspreis. F\u00fcr jeden zus\u00e4tzlichen Lehrer wird unter der Woche ein Aufpreis von 800 CZK und am Wochenende von 1000 CZK erhoben. Reservierung eines kleinen Tisches extra 500,- CZK, gro\u00dfer Tisch 1000,- CZK.  <\/strong><\/p>\n\n<div style=\"height:60px\" aria-hidden=\"true\" class=\"wp-block-spacer\"><\/div>\n\n<figure class=\"wp-block-table\"><table><tbody><tr><td colspan=\"3\"><strong>Veranstaltungen des Unternehmens<\/strong><\/td><\/tr><tr><td><strong>Gr\u00f6\u00dfe der Gruppe<\/strong><\/td><td><strong>Wochenende\/Feiertag<\/strong><\/td><\/tr><tr><td>bis zu 5 Personen<\/td><td>2300,- CZK<\/td><\/tr><tr><td>6 bis 10 Personen<\/td><td>4200,- CZK<\/td><\/tr><tr><td>11 bis 15 Personen<\/td><td>5600,- CZK<\/td><\/tr><\/tbody><\/table><\/figure>\n\n<p class=\"wp-block-paragraph\"><strong>Alle Preise verstehen sich inklusive Eintrittspreis. F\u00fcr jeden zus\u00e4tzlichen Lehrer wird unter der Woche ein Aufpreis von 800 CZK und am Wochenende von 1000 CZK erhoben.<\/strong> <strong>Reservierung eines kleinen Tisches extra 500,- CZK, gro\u00dfer Tisch 1000,- CZK.  <\/strong><\/p>\n\n<div style=\"height:60px\" aria-hidden=\"true\" class=\"wp-block-spacer\"><\/div>\n\n<h3 class=\"wp-block-heading\">ANMELDUNG UND BEZAHLUNG F\u00dcR KINDERFESTE UND FIRMENVERANSTALTUNGEN<\/h3>\n\n<p class=\"wp-block-paragraph\">Wenn Sie sich f\u00fcr eine Kinderparty oder eine Firmenveranstaltung interessieren, sollten Sie wie folgt vorgehen:<\/p>\n\n<ol class=\"wp-block-list\">\n<li>Schreiben Sie eine E-Mail an <a href=\"mailto:akce@hudyboulder.cz\"><u>events<\/u> <u>@<\/u> <u>hudyboulder.cz<\/u><\/a>und schreiben Sie in die Betreffzeile &#8222;Interesse an einer Firmenveranstaltung\/Kinderparty &#8211; Vor- und Nachname&#8220;. Geben Sie in der Nachricht an, an welchem Datum und zu welcher Uhrzeit Sie interessiert sind, wie viele Personen teilnehmen w\u00fcrden und ggf. weitere individuelle W\u00fcnsche.<\/li>\n\n\n\n<li>Wir werden Ihnen antworten, um Ihnen die Verf\u00fcgbarkeit des Termins mitzuteilen und die Lehrkraft(en) zu best\u00e4tigen.<\/li>\n\n\n\n<li><a><\/a>Objednan\u00e9 slu\u017eby instruktora je pot\u0159eba zaplatit nejpozd\u011bji 3 dny p\u0159ed samotnou lekc\u00ed u n\u00e1s na recepci, nebo je mo\u017en\u00e9 tuto slu\u017ebu zaplatit z&nbsp;nahran\u00e9ho kreditu str\u017een\u00edm odpov\u00eddaj\u00edc\u00ed sumy z&nbsp;\u00fa\u010dtu klienta, kter\u00fd objedn\u00e1vku zadal. V&nbsp;p\u0159\u00edpad\u011b platby z kreditu je pot\u0159eba:\n<ul class=\"wp-block-list\">\n<li>eine Registrierung in unserem System erstellen, finden Sie den Link auf unserer Website: <a href=\"https:\/\/www.hudysteny.cz\/boulderkarlin\/de\/\">https:\/\/www.hudysteny.cz\/boulderkarlin<\/a><br\/><a href=\"https:\/\/www.memberzone.cz\/hudyboulder\/Account\/SignIn.aspx\" rel=\"noopener\">https:\/\/www.memberzone.cz\/hudyboulder\/Account\/SignIn.aspx<\/a><\/li>\n\n\n\n<li>ein Guthaben in der gew\u00fcnschten H\u00f6he auf dieses Konto hochladen und die Auszahlung des Guthabens per E-Mail anfordern<\/li>\n<\/ul>\n<\/li>\n\n\n\n<li>F\u00fcr diese Veranstaltungen ist eine Anmeldung der einzelnen Mitglieder nicht erforderlich.<\/li>\n<\/ol>\n\n<div style=\"height:60px\" aria-hidden=\"true\" class=\"wp-block-spacer\"><\/div>\n\n<h3 class=\"wp-block-heading\">FEIERN UND FIRMENVERANSTALTUNGEN OHNE DOZENTEN<\/h3>\n\n<p class=\"wp-block-paragraph\">Wenn Sie daran interessiert sind, eine Feier oder ein Firmenevent in unseren R\u00e4umlichkeiten zu organisieren (ohne Teilnahme unserer Dozenten), kontaktieren Sie uns bitte unter <a href=\"mailto:akce@hudyboulder.cz\">akce@hudyboulder.cz.<\/a> Bitte teilen Sie uns mit, an welchem Datum Sie interessiert sind, wie viele Personen teilnehmen w\u00fcrden und f\u00fcgen Sie Ihre weiteren W\u00fcnsche bei. Wir erstellen Ihnen ein individuelles Angebot, das wir Ihnen per E-Mail zusenden.<\/p>\n","protected":false},"excerpt":{"rendered":"<p>Wenn Sie daran interessiert sind, eine Geburtstagsfeier oder ein Firmenevent unter der Anleitung eines Kletterlehrers an unserer Kletterwand zu organisieren, k\u00f6nnen Sie sich mit uns in Verbindung setzen. Unsere Lehrkr\u00e4fte stellen ein ma\u00dfgeschneidertes Programm f\u00fcr Ihre Kinder oder Ihr Firmenteam zusammen. Das in der Preisliste aufgef\u00fchrte Programm ist f\u00fcr 2 Stunden Betreuung durch einen Instrukteur [&hellip;]<\/p>\n","protected":false},"author":1,"featured_media":0,"parent":527,"menu_order":27,"comment_status":"closed","ping_status":"closed","template":"","meta":{"_acf_changed":false,"_crdt_document":"","footnotes":""},"class_list":["post-563","page","type-page","status-publish","hentry"],"acf":[],"_links":{"self":[{"href":"https:\/\/www.hudysteny.cz\/boulderkarlin\/de\/wp-json\/wp\/v2\/pages\/563","targetHints":{"allow":["GET"]}}],"collection":[{"href":"https:\/\/www.hudysteny.cz\/boulderkarlin\/de\/wp-json\/wp\/v2\/pages"}],"about":[{"href":"https:\/\/www.hudysteny.cz\/boulderkarlin\/de\/wp-json\/wp\/v2\/types\/page"}],"author":[{"embeddable":true,"href":"https:\/\/www.hudysteny.cz\/boulderkarlin\/de\/wp-json\/wp\/v2\/users\/1"}],"replies":[{"embeddable":true,"href":"https:\/\/www.hudysteny.cz\/boulderkarlin\/de\/wp-json\/wp\/v2\/comments?post=563"}],"version-history":[{"count":5,"href":"https:\/\/www.hudysteny.cz\/boulderkarlin\/de\/wp-json\/wp\/v2\/pages\/563\/revisions"}],"predecessor-version":[{"id":2725,"href":"https:\/\/www.hudysteny.cz\/boulderkarlin\/de\/wp-json\/wp\/v2\/pages\/563\/revisions\/2725"}],"up":[{"embeddable":true,"href":"https:\/\/www.hudysteny.cz\/boulderkarlin\/de\/wp-json\/wp\/v2\/pages\/527"}],"wp:attachment":[{"href":"https:\/\/www.hudysteny.cz\/boulderkarlin\/de\/wp-json\/wp\/v2\/media?parent=563"}],"curies":[{"name":"wp","href":"https:\/\/api.w.org\/{rel}","templated":true}]}}