{"id":559,"date":"2023-09-21T11:34:58","date_gmt":"2023-09-21T09:34:58","guid":{"rendered":"https:\/\/dev-karlin.hudysteny.cz\/vereine-und-unterricht\/klettern-mit-einem-lehrer\/"},"modified":"2025-03-20T10:58:08","modified_gmt":"2025-03-20T09:58:08","slug":"klettern-mit-einem-lehrer","status":"publish","type":"page","link":"https:\/\/www.hudysteny.cz\/boulderkarlin\/de\/freizeitgruppen-und-lektionen\/klettern-mit-einem-lehrer\/","title":{"rendered":"Klettern mit einem Lehrer"},"content":{"rendered":"\n<p class=\"wp-block-paragraph\">Sie m\u00f6chten das Bouldern unter Anleitung eines erfahrenen Trainers ausprobieren, f\u00fchlen sich aber nicht in der Lage, einen ganzen Kurs zu absolvieren? Vielleicht ist das Klettern mit einem Instruktor die ideale Option f\u00fcr Sie. Der Ausbilder erkl\u00e4rt Ihnen alles, was Sie zu Beginn wissen m\u00fcssen, und leitet Sie je nach Ihren F\u00e4higkeiten an, wie Sie Ihr Training fortsetzen k\u00f6nnen.<\/p>\n\n<div style=\"height:60px\" aria-hidden=\"true\" class=\"wp-block-spacer\"><\/div>\n\n<h3 class=\"wp-block-heading\">PREISLISTE<\/h3>\n\n<figure class=\"wp-block-table\"><table><tbody><tr><td>\u00a0<\/td><td><strong>1 Stunde\/ 1 Person<\/strong><\/td><td><strong>2 Stunden\/ 1 Person<\/strong><\/td><\/tr><tr><td><strong>Wochentag<\/strong><\/td><td>700,- CZK<\/td><td>1300,- CZK<\/td><\/tr><tr><td><strong>Wochenende\/Feiertag<\/strong><\/td><td>800,- CZK<\/td><td>1500,- CZK<\/td><\/tr><\/tbody><\/table><\/figure>\n\n<p class=\"wp-block-paragraph\"><strong>Alle Preise verstehen sich inklusive Eintrittspreis.<\/strong><\/p>\n\n<div style=\"height:60px\" aria-hidden=\"true\" class=\"wp-block-spacer\"><\/div>\n\n<h3 class=\"wp-block-heading\">ANMELDUNG UND BEZAHLUNG F\u00dcR DEN UNTERRICHT BEI EINEM AUSBILDER<\/h3>\n\n<p class=\"wp-block-paragraph\">Wenn Sie sich f\u00fcr das Klettern mit einem Lehrer interessieren, m\u00fcssen Sie das folgende Verfahren befolgen:<\/p>\n\n<ol class=\"wp-block-list\">\n<li>Schreiben Sie eine E-Mail an <a href=\"mailto:kurzy@hudyboulder.cz\"><u>Kurse<\/u> <u>@<\/u> <u>hudyboulder.cz<\/u><\/a>und schreibe in die Betreffzeile &#8222;Interesse am Klettern mit einem Instruktor &#8211; Vor- und Nachname&#8220;. Geben Sie in der Nachricht an, an welchem Datum und zu welcher Uhrzeit Sie interessiert sind, oder nennen Sie andere individuelle W\u00fcnsche.<\/li>\n\n\n\n<li>Wir werden Ihnen antworten, um Sie \u00fcber die Verf\u00fcgbarkeit des Termins zu informieren und den Dozenten zu best\u00e4tigen.<br\/><br\/><\/li>\n\n\n\n<li>Objednan\u00e9 slu\u017eby instruktora je pot\u0159eba zaplatit nejpozd\u011bji 3 dny p\u0159ed samotnou lekc\u00ed u n\u00e1s na recepci, nebo je mo\u017en\u00e9 tuto slu\u017ebu zaplatit z&nbsp;nahran\u00e9ho kreditu str\u017een\u00edm odpov\u00eddaj\u00edc\u00ed sumy z&nbsp;\u00fa\u010dtu klienta, kter\u00fd objedn\u00e1vku zadal. V&nbsp;p\u0159\u00edpad\u011b platby z kreditu je pot\u0159eba:\n<ul class=\"wp-block-list\">\n<li>eine Registrierung in unserem System erstellen, finden Sie den Link auf unserer Website: <a href=\"https:\/\/www.hudysteny.cz\/boulderkarlin\/de\/\">https:\/\/www.hudysteny.cz\/boulderkarlin<\/a><br\/><a href=\"https:\/\/www.memberzone.cz\/hudyboulder\/Account\/SignIn.aspx\" rel=\"noopener\">https:\/\/www.memberzone.cz\/hudyboulder\/Account\/SignIn.aspx<\/a><\/li>\n\n\n\n<li><a><\/a>ein Guthaben in der gew\u00fcnschten H\u00f6he auf dieses Konto hochladen und die Auszahlung des Guthabens per E-Mail anfordern<\/li>\n<\/ul>\n<\/li>\n\n\n\n<li>Die Quittung dient als Zahlungsbest\u00e4tigung bei der Zahlung an der Rezeption oder bei der Zahlung per Kredit, diese Bewegung ist in unserem System sichtbar.<\/li>\n<\/ol>\n","protected":false},"excerpt":{"rendered":"<p>Sie m\u00f6chten das Bouldern unter Anleitung eines erfahrenen Trainers ausprobieren, f\u00fchlen sich aber nicht in der Lage, einen ganzen Kurs zu absolvieren? Vielleicht ist das Klettern mit einem Instruktor die ideale Option f\u00fcr Sie. Der Ausbilder erkl\u00e4rt Ihnen alles, was Sie zu Beginn wissen m\u00fcssen, und leitet Sie je nach Ihren F\u00e4higkeiten an, wie Sie [&hellip;]<\/p>\n","protected":false},"author":1,"featured_media":0,"parent":527,"menu_order":18,"comment_status":"closed","ping_status":"closed","template":"","meta":{"_acf_changed":false,"_crdt_document":"","footnotes":""},"class_list":["post-559","page","type-page","status-publish","hentry"],"acf":[],"_links":{"self":[{"href":"https:\/\/www.hudysteny.cz\/boulderkarlin\/de\/wp-json\/wp\/v2\/pages\/559","targetHints":{"allow":["GET"]}}],"collection":[{"href":"https:\/\/www.hudysteny.cz\/boulderkarlin\/de\/wp-json\/wp\/v2\/pages"}],"about":[{"href":"https:\/\/www.hudysteny.cz\/boulderkarlin\/de\/wp-json\/wp\/v2\/types\/page"}],"author":[{"embeddable":true,"href":"https:\/\/www.hudysteny.cz\/boulderkarlin\/de\/wp-json\/wp\/v2\/users\/1"}],"replies":[{"embeddable":true,"href":"https:\/\/www.hudysteny.cz\/boulderkarlin\/de\/wp-json\/wp\/v2\/comments?post=559"}],"version-history":[{"count":2,"href":"https:\/\/www.hudysteny.cz\/boulderkarlin\/de\/wp-json\/wp\/v2\/pages\/559\/revisions"}],"predecessor-version":[{"id":2602,"href":"https:\/\/www.hudysteny.cz\/boulderkarlin\/de\/wp-json\/wp\/v2\/pages\/559\/revisions\/2602"}],"up":[{"embeddable":true,"href":"https:\/\/www.hudysteny.cz\/boulderkarlin\/de\/wp-json\/wp\/v2\/pages\/527"}],"wp:attachment":[{"href":"https:\/\/www.hudysteny.cz\/boulderkarlin\/de\/wp-json\/wp\/v2\/media?parent=559"}],"curies":[{"name":"wp","href":"https:\/\/api.w.org\/{rel}","templated":true}]}}