{"id":542,"date":"2023-06-22T16:09:05","date_gmt":"2023-06-22T14:09:05","guid":{"rendered":"https:\/\/dev-karlin.hudysteny.cz\/preisliste\/"},"modified":"2025-09-25T15:53:06","modified_gmt":"2025-09-25T13:53:06","slug":"preisliste","status":"publish","type":"page","link":"https:\/\/www.hudysteny.cz\/boulderkarlin\/de\/preisliste\/","title":{"rendered":"Preisliste"},"content":{"rendered":"\n<p class=\"has-text-align-center wp-block-paragraph\"><strong>Aufladeguthaben von<\/strong><br\/><strong>1500,- CZK = 10% Rabatt, 2500,- CZK = 15% Rabatt und 5000,- CZK = 20% Rabatt !<\/strong><\/p>\n\n<div style=\"height:39px\" aria-hidden=\"true\" class=\"wp-block-spacer\"><\/div>\n\n<div class=\"wp-block-columns cenik is-layout-flex wp-container-core-columns-is-layout-9ba6dbca wp-block-columns-is-layout-flex\">\n<div class=\"wp-block-column is-layout-flow wp-block-column-is-layout-flow\" style=\"flex-basis:50%\">\n<figure class=\"wp-block-table\"><table><thead><tr><th>Wer?<\/th><th>Zeit<\/th><th>Vollst\u00e4ndige Zulassung<\/th><\/tr><\/thead><tbody><tr><td>Erwachsene (Mo-Fr)****<\/td><td>3 h* (Abfahrt <strong>bis<\/strong> 17:00 Uhr)<\/td><td>240 CZK<\/td><\/tr><tr><td>Erwachsene (Mo-Fr)<\/td><td>3 h* (Abfahrt <b>nach<\/b> 17:00 Uhr)<\/td><td>300 CZK<\/td><\/tr><tr><td>Erwachsene (Wochenenden und Feiertage)<\/td><td>Unbegrenzt<\/td><td>260 CZK<\/td><\/tr><tr><td>Studenten** (Mo-Fr)****<\/td><td>3 h* (Abfahrt <strong>bis<\/strong> 17:00 Uhr)<\/td><td>200 CZK<\/td><\/tr><tr><td>Studenten**<br\/><\/td><td>3 h* (Abfahrt <strong>nach<\/strong> 17:00 Uhr) Wochenenden und Feiertage unbegrenzt<\/td><td>240 CZK<\/td><\/tr><tr><td>Kinder (4-14 Jahre alt in Begleitung, 15-17 Jahre alt mit Zustimmung eines Erziehungsberechtigten)<\/td><td>3 h* \/ Wochenenden und Feiertage unbegrenzt<\/td><td>190 CZK<\/td><\/tr><tr><td>Senioren\/Behinderte***<\/td><td>3 h* \/ Wochenenden und Feiertage unbegrenzt<\/td><td>190 CZK<\/td><\/tr><tr><td>Kurzer Eintrag****<\/td><td>1.5 h*<\/td><td>200 CZK<\/td><\/tr><\/tbody><\/table><\/figure>\n\n\n\n<div style=\"height:20px\" aria-hidden=\"true\" class=\"wp-block-spacer\"><\/div>\n\n\n\n<ul class=\"wp-block-list\">\n<li><a href=\"https:\/\/www.hudysteny.cz\/boulderkarlin\/wp-content\/uploads\/2025\/08\/A2_boulder_cenik.pdf\" target=\"_blank\" rel=\"noreferrer noopener\">Vollst\u00e4ndige Preisliste<\/a><\/li>\n\n\n\n<li><a href=\"https:\/\/www.hudysteny.cz\/boulderkarlin\/wp-content\/uploads\/2025\/08\/A2_boulder_price_list_09_2025-1.pdf\" target=\"_blank\" rel=\"noreferrer noopener\">Eintrittspreisliste<\/a><\/li>\n\n\n\n<li><a href=\"https:\/\/www.hudysteny.cz\/boulderkarlin\/wp-content\/uploads\/2025\/01\/Praha-pujcovna-vybaveni.pdf\" target=\"_blank\" rel=\"noreferrer noopener\">Preisliste der Vermietung<\/a><\/li>\n<\/ul>\n<\/div>\n\n\n\n<div class=\"wp-block-column is-layout-flow wp-block-column-is-layout-flow\" style=\"flex-basis:50%\">\n<div style=\"height:75px\" aria-hidden=\"true\" class=\"wp-block-spacer\"><\/div>\n\n\n\n<ol class=\"wp-block-list\">\n<li>* Begrenzte G\u00fcltigkeitsdauer gilt nur von Montag bis Freitag (au\u00dfer an Feiertagen). Die Zeit im bezahlten Bereich wird erst gez\u00e4hlt, wenn Sie den bezahlten Bereich durch das Drehkreuz betreten. Es ist m\u00f6glich, sich frei von der Halle zum Bar- und Umkleidebereich und zur\u00fcck zu bewegen. Das System berechnet automatisch die Zeit im bezahlten Bereich vom ersten Eingang bis zum letzten Ausgang, ohne Begrenzung der Anzahl der Durchg\u00e4nge durch das Drehkreuz. Wenn jemand eine Pause macht, tickt die Uhr weiter. Nach 3 Stunden wird f\u00fcr jede angefangene Stunde 1\/3 des Grundeintrittspreises nach allen Rabatten berechnet.  <br\/><\/li>\n\n\n\n<li>** Studenten m\u00fcssen einen ISIC-Ausweis mit einem f\u00fcr das Kalenderjahr g\u00fcltigen Stempel oder einen anderen g\u00fcltigen Studentenausweis vorlegen, um Zutritt zu erhalten.<br\/><\/li>\n\n\n\n<li>*** Um eine Senioren- oder Behindertenerm\u00e4\u00dfigung zu erhalten, m\u00fcssen Sie an der Rezeption das entsprechende Dokument vorlegen. Als \u00e4ltere Menschen gelten Personen \u00fcber 60 Jahre.<br\/><\/li>\n\n\n\n<li>**** &#8222;Erm\u00e4\u00dfigter Eintritt&#8220; und &#8222;Erwachsene (Abfahrt bis 17:00 Uhr) und &#8222;Studenten (Abfahrt bis 17:00 Uhr)&#8220; sind erm\u00e4\u00dfigte Eintritte, die nur Mo-Fr f\u00fcr Abfahrten zwischen 7:00-17:00 Uhr g\u00fcltig sind. Pro Tag ist nur eine erm\u00e4\u00dfigte Teilnahme m\u00f6glich. Diese Eintr\u00e4ge k\u00f6nnen nur von dem aufgeladenen Guthaben verwendet werden, sie k\u00f6nnen nicht separat erworben werden. Das bedeutet, dass Sie den entsprechenden vollen Betrag verrechnen m\u00fcssen und die Differenz auf Ihrem Konto verbleibt.<br\/><\/li>\n<\/ol>\n\n\n\n<div style=\"height:45px\" aria-hidden=\"true\" class=\"wp-block-spacer\"><\/div>\n\n\n\n<div class=\"wp-block-buttons is-content-justification-center is-layout-flex wp-container-core-buttons-is-layout-00cb7837 wp-block-buttons-is-layout-flex\">\n<div class=\"wp-block-button zelena\"><a class=\"wp-block-button__link wp-element-button\" href=\"https:\/\/www.memberzone.cz\/hudyboulder\/Account\/SignIn.aspx\" target=\"_blank\" rel=\"noreferrer noopener\">Anmeldung\/Registrierung<\/a><\/div>\n<\/div>\n<\/div>\n<\/div>\n\n<div style=\"height:65px\" aria-hidden=\"true\" class=\"wp-block-spacer mezera_65\"><\/div>\n\n<h4 class=\"wp-block-heading\"><strong>Benefiz- und Unternehmensprogramme<\/strong><\/h4>\n\n<div style=\"height:23px\" aria-hidden=\"true\" class=\"wp-block-spacer\"><\/div>\n\n<p class=\"wp-block-paragraph\">Unsere Boulderwand akzeptiert derzeit keine Vorteilskarten oder andere Rabattprogramme. Wir akzeptieren nur selbst ausgestellte Gutscheine und eventuell HUDY-Gutscheine in Papierform (nicht elektronisch).   <\/p>\n\n<div style=\"height:29px\" aria-hidden=\"true\" class=\"wp-block-spacer\"><\/div>\n\n<p class=\"wp-block-paragraph\"><strong>Sie sind ein Arbeitgeber und m\u00f6chten Ihren Mitarbeitern die Leistungen unserer Sportanlagen als Vorteil anbieten?  <\/strong><\/p>\n\n<p class=\"wp-block-paragraph\"><strong>Sie sind Angestellter eines Unternehmens und verf\u00fcgen \u00fcber eine Unterst\u00fctzungskasse oder Arbeitgeberbeitr\u00e4ge f\u00fcr Sport und Freizeit?<\/strong><\/p>\n\n<p class=\"wp-block-paragraph\">Wir bieten Ihnen die M\u00f6glichkeit, Ihr Unternehmen oder Ihr Leistungsprogramm in Rechnung zu stellen und es dann von Ihren Mitarbeitern nutzen zu lassen. Kontaktieren Sie uns unter <a href=\"mailto:info@hudyboulder.cz\">info@hudyboulder.cz<\/a> f\u00fcr weitere Informationen.   <\/p>\n\n<div class=\"wp-block-group alignfull bg_seda pt_65 pb_65 has-global-padding is-layout-constrained wp-block-group-is-layout-constrained\">\n<div class=\"wp-block-group oteviracka has-global-padding is-layout-constrained wp-block-group-is-layout-constrained\">\n<div class=\"wp-block-columns is-layout-flex wp-container-core-columns-is-layout-9ba6dbca wp-block-columns-is-layout-flex\">\n<div class=\"wp-block-column is-layout-flow wp-block-column-is-layout-flow\">\n<h3 class=\"wp-block-heading\">Die \u00d6ffnungszeiten<\/h3>\n\n\n\n<figure class=\"wp-block-table noborder\"><table><tbody><tr><td>Montag<\/td><td>7.00 &#8211; 21.30<\/td><\/tr><tr><td>Dienstag<\/td><td>7.00 &#8211; 21.30<\/td><\/tr><tr><td>Mittwoch<\/td><td>7.00 &#8211; 21.30<\/td><\/tr><tr><td>Donnerstag<\/td><td>7.00 &#8211; 21.30<\/td><\/tr><tr><td>Freitag<\/td><td>7.00 &#8211; 21.30<\/td><\/tr><tr><td>Samstag und Sonntag<\/td><td>9.00 &#8211; 21.30<\/td><\/tr><tr><td>Feiertage<\/td><td>9.00 &#8211; 21.30<\/td><\/tr><\/tbody><\/table><\/figure>\n<\/div>\n\n\n\n<div class=\"wp-block-column is-layout-flow wp-block-column-is-layout-flow\">\n<h3 class=\"wp-block-heading\">Wo Sie uns finden<\/h3>\n\n\n\n<p class=\"wp-block-paragraph\">HUDY Boulder Karl\u00edn<br\/>K\u0159i\u017e\u00edkova 684\/91a<br\/>186 00 Praha 8 &#8211; Karl\u00edn<br\/><br\/>Tel.: <a href=\"tel:+420%20220%20920%20029\">+420 220 920 029<\/a><br\/>email: <a href=\"mailto:info@hudyboulder.cz\">info@hudyboulder.cz<\/a><\/p>\n<\/div>\n\n\n\n<div class=\"wp-block-column is-layout-flow wp-block-column-is-layout-flow\">\n<h3 class=\"wp-block-heading\">Folgen Sie uns<\/h3>\n\n\n\n<div class=\"wp-block-group social is-nowrap is-layout-flex wp-container-core-group-is-layout-9ba6dbca wp-block-group-is-layout-flex\">\n<figure class=\"wp-block-image size-full is-resized\"><a href=\"https:\/\/www.instagram.com\/hudyboulder.karlin\/\" target=\"_blank\" rel=\"noreferrer noopener\"><img decoding=\"async\" src=\"https:\/\/www.hudysteny.cz\/boulderkarlin\/wp-content\/uploads\/2023\/07\/facebook-b.svg\" alt=\"\" class=\"wp-image-323\" style=\"object-fit:cover;width:32px;height:32px\"\/><\/a><\/figure>\n\n\n\n<figure class=\"wp-block-image size-full is-resized\"><a href=\"https:\/\/www.facebook.com\/profile.php?id=100088976445014\" target=\"_blank\" rel=\"noreferrer noopener\"><img decoding=\"async\" src=\"https:\/\/www.hudysteny.cz\/boulderkarlin\/wp-content\/uploads\/2023\/07\/instagram-b.svg\" alt=\"\" class=\"wp-image-326\" style=\"object-fit:cover;width:32px;height:32px\"\/><\/a><\/figure>\n<\/div>\n\n\n\n<div style=\"height:25px;width:0px\" aria-hidden=\"true\" class=\"wp-block-spacer mezera_25\"><\/div>\n\n\n\n<p class=\"wp-block-paragraph\">Sie k\u00f6nnen uns auf <a href=\"https:\/\/mapy.cz\/s\/polutapafu\" data-type=\"link\" data-id=\"https:\/\/mapy.cz\/s\/polutapafu\" target=\"_blank\" rel=\"noreferrer noopener\">Maps.cz<\/a> oder <a href=\"https:\/\/goo.gl\/maps\/XBQzpFPgzujrfCt8A\" data-type=\"link\" data-id=\"https:\/\/goo.gl\/maps\/XBQzpFPgzujrfCt8A\" target=\"_blank\" rel=\"noreferrer noopener\">Google<\/a> finden<br\/><br\/>Wenn Sie mit dem Auto zum Hotel fahren, k\u00f6nnen Sie am Wochenende kostenlos in den angrenzenden Stra\u00dfen parken. Weitere Informationen zum Parken finden Sie unter <a href=\"http:\/\/www.parkujvklidu.cz\" data-type=\"URL\" data-id=\"www.parkujvklidu.cz\" target=\"_blank\" rel=\"noreferrer noopener\">www.parkujvklidu.cz<\/a>.<\/p>\n<\/div>\n<\/div>\n<\/div>\n<\/div>\n","protected":false},"excerpt":{"rendered":"<p>Aufladeguthaben von1500,- CZK = 10% Rabatt, 2500,- CZK = 15% Rabatt und 5000,- CZK = 20% Rabatt ! Wer? Zeit Vollst\u00e4ndige Zulassung Erwachsene (Mo-Fr)**** 3 h* (Abfahrt bis 17:00 Uhr) 240 CZK Erwachsene (Mo-Fr) 3 h* (Abfahrt nach 17:00 Uhr) 300 CZK Erwachsene (Wochenenden und Feiertage) Unbegrenzt 260 CZK Studenten** (Mo-Fr)**** 3 h* (Abfahrt bis [&hellip;]<\/p>\n","protected":false},"author":1,"featured_media":0,"parent":0,"menu_order":33,"comment_status":"closed","ping_status":"closed","template":"","meta":{"_acf_changed":false,"_crdt_document":"","footnotes":""},"class_list":["post-542","page","type-page","status-publish","hentry"],"acf":[],"_links":{"self":[{"href":"https:\/\/www.hudysteny.cz\/boulderkarlin\/de\/wp-json\/wp\/v2\/pages\/542","targetHints":{"allow":["GET"]}}],"collection":[{"href":"https:\/\/www.hudysteny.cz\/boulderkarlin\/de\/wp-json\/wp\/v2\/pages"}],"about":[{"href":"https:\/\/www.hudysteny.cz\/boulderkarlin\/de\/wp-json\/wp\/v2\/types\/page"}],"author":[{"embeddable":true,"href":"https:\/\/www.hudysteny.cz\/boulderkarlin\/de\/wp-json\/wp\/v2\/users\/1"}],"replies":[{"embeddable":true,"href":"https:\/\/www.hudysteny.cz\/boulderkarlin\/de\/wp-json\/wp\/v2\/comments?post=542"}],"version-history":[{"count":5,"href":"https:\/\/www.hudysteny.cz\/boulderkarlin\/de\/wp-json\/wp\/v2\/pages\/542\/revisions"}],"predecessor-version":[{"id":2692,"href":"https:\/\/www.hudysteny.cz\/boulderkarlin\/de\/wp-json\/wp\/v2\/pages\/542\/revisions\/2692"}],"wp:attachment":[{"href":"https:\/\/www.hudysteny.cz\/boulderkarlin\/de\/wp-json\/wp\/v2\/media?parent=542"}],"curies":[{"name":"wp","href":"https:\/\/api.w.org\/{rel}","templated":true}]}}