{"id":534,"date":"2023-09-20T13:09:59","date_gmt":"2023-09-20T11:09:59","guid":{"rendered":"https:\/\/dev-karlin.hudysteny.cz\/vereine-und-unterricht\/vorstadt-camps\/"},"modified":"2025-01-15T16:31:15","modified_gmt":"2025-01-15T15:31:15","slug":"tagescamps-vor-ort","status":"publish","type":"page","link":"https:\/\/www.hudysteny.cz\/boulderkarlin\/de\/freizeitgruppen-und-lektionen\/tagescamps-vor-ort\/","title":{"rendered":"Tagescamps vor Ort"},"content":{"rendered":"\n<p class=\"wp-block-paragraph\">Das Vorstadtcamp\/der Vorstadtkurs ist f\u00fcr Kinder im Alter von 8-15 Jahren gedacht. Eine vorherige Klettererfahrung ist keine Voraussetzung f\u00fcr die Teilnahme. Jeden Tag von 8.00 bis 17.00 Uhr werden die Kinder von qualifizierten Kletterlehrern betreut, die nach der vom Bildungsministerium der Tschechischen Republik anerkannten Methodik professionell ausgebildet sind und \u00fcber langj\u00e4hrige Erfahrungen in der Durchf\u00fchrung von Kinderkletterkursen und der Vorbereitung von Aktivit\u00e4ten in der Natur verf\u00fcgen.<br\/>F\u00fcr die Kinder wird ein abwechslungsreiches sportliches und p\u00e4dagogisches Programm vorbereitet, und zwar nicht nur an der Boulderwand, wo sie unter Anleitung von Lehrern ihre Kletterf\u00e4higkeiten und -kenntnisse verbessern k\u00f6nnen, sondern je nach Wetterlage auch im Freien (Orientierungsspiel in einem der Prager Parks, Besuch der Outdoor-Kletterwand und des Seilparks, Tagesausflug in die Natur).<\/p>\n\n<div style=\"height:34px\" aria-hidden=\"true\" class=\"wp-block-spacer\"><\/div>\n\n<p class=\"wp-block-paragraph\"><strong>Im Preis inbegriffen sind der Eintritt, der Verleih der Chips, der Verleih der notwendigen Ausr\u00fcstung, die Betreuung durch den Instruktor, die Verpflegung (warmes Mittagessen, zwei Snacks und ein Getr\u00e4nkesystem).<\/strong><\/p>\n\n<div style=\"height:37px\" aria-hidden=\"true\" class=\"wp-block-spacer\"><\/div>\n\n<p class=\"wp-block-paragraph\"><strong>Die Mindestteilnehmerzahl pro Lauf betr\u00e4gt 5 Kinder.<br\/>Die H\u00f6chstzahl der Teilnehmer pro Lauf betr\u00e4gt 15 Kinder.<\/strong><\/p>\n\n<div style=\"height:32px\" aria-hidden=\"true\" class=\"wp-block-spacer\"><\/div>\n\n<p class=\"wp-block-paragraph\"><strong>Zahlungsbedingungen:<\/strong> Der Preis des Camps betr\u00e4gt <strong>5500 CZK<\/strong> f\u00fcr ein Kind und eine Woche, das zweite und weitere Geschwister erhalten einen Rabatt von 10% des Gesamtpreises.<\/p>\n\n<p class=\"wp-block-paragraph\"><strong><br\/>Bewerbungsfrist: bis 1. Juni 2025 Auszahlung: bis 10. Juni 2025    <\/strong><\/p>\n\n<p class=\"wp-block-paragraph\"><strong>Stornierungsbedingungen:<\/strong> Nach dem 10. Juni 2025 werden die Zahlungen eingestellt und es ist keine R\u00fcckerstattung m\u00f6glich.  <\/p>\n\n<div style=\"height:34px\" aria-hidden=\"true\" class=\"wp-block-spacer\"><\/div>\n\n<p class=\"wp-block-paragraph\"><strong>Termine:<\/strong><\/p>\n\n<h5 class=\"wp-block-heading\"><strong>LAUF I.: 14 &#8211; 18 JULI 2025<\/strong><\/h5>\n\n<h5 class=\"wp-block-heading\"><strong>LAUF II: 21 JULI &#8211; 25 JULI 2025<\/strong> <\/h5>\n\n<h5 class=\"wp-block-heading\"><strong>LAUF III: 28. JULI &#8211; 1. AUGUST 2025<\/strong><\/h5>\n\n<h5 class=\"wp-block-heading\"><strong>LAUF IV: 4 AUGUST &#8211; 8 AUGUST 2025<\/strong><\/h5>\n\n<h5 class=\"wp-block-heading\"><strong>LAUFZEIT: 25. AUGUST &#8211; 29. AUGUST 2025<\/strong><\/h5>\n\n<div style=\"height:60px\" aria-hidden=\"true\" class=\"wp-block-spacer\"><\/div>\n\n<p class=\"wp-block-paragraph\"><strong>So bewerben Sie sich:<\/strong> Geben Sie das ausgef\u00fcllte und unterschriebene Bewerbungsformular pers\u00f6nlich an der Rezeption von HUDY Boulder Karl\u00edn ab oder senden Sie es an <a href=\"mailto:krouzky@hudyboulder.cz\"><strong>krouzky@hudyboulder.cz<\/strong><\/a> an  <strong>1. 6. 2025 <\/strong>.<\/p>\n\n<div style=\"height:30px\" aria-hidden=\"true\" class=\"wp-block-spacer\"><\/div>\n\n<p class=\"wp-block-paragraph\"><br\/>Z<strong>ahlungsweise:<\/strong> pers\u00f6nlich an der Rezeption von HUDY Boulder Karl\u00edn (Bargeld, Karte) oder per Bank\u00fcberweisung auf das Konto: <strong>294497285\/0300, VS: Geburtsnummer des Kindes, Vor- und Nachname des Kindes in den Vermerk schreiben<\/strong>. Sie k\u00f6nnen die Anzahl der derzeit angemeldeten Teilnehmer schnell \u00fcberpr\u00fcfen, indem Sie anrufen<a href=\"tel:+420220920029\"><strong>220 920 029<\/strong><\/a><br\/>Weitere Fragen zu Zahlungen, Anmeldebedingungen, dem Programm usw. k\u00f6nnen Sie an die folgende E-Mail-Adresse richten<a href=\"mailto:krouzky@hudyboulder.cz\"><strong>krouzky@hudyboulder.cz<\/strong><\/a>.<\/p>\n\n<div style=\"height:60px\" aria-hidden=\"true\" class=\"wp-block-spacer\"><\/div>\n\n<h3 class=\"wp-block-heading\">Dokumente zum Herunterladen<\/h3>\n\n<p class=\"wp-block-paragraph\"><a href=\"https:\/\/www.hudysteny.cz\/boulderkarlin\/files\/HUDY-Boulder-Karlin__Bezinfekcnost.pdf\" target=\"_blank\" rel=\"noreferrer noopener\">Infektionsfrei<\/a>, <a href=\"https:\/\/www.hudysteny.cz\/boulderkarlin\/files\/HUDY-Boulder-Karlin__Prihlaska-primestsky-tabor.pdf\" target=\"_blank\" rel=\"noreferrer noopener\">Vorstadt-Camp Anwendung<\/a>,  <\/p>\n\n<div class=\"wp-block-file\"><a id=\"wp-block-file--media-df9e83a6-7fbe-4712-b1fc-831a0aa21db7\" href=\"https:\/\/www.hudysteny.cz\/boulderkarlin\/wp-content\/uploads\/2024\/06\/program-po-dnech.doc\">Programm f\u00fcr jeden Tag<\/a><a href=\"https:\/\/www.hudysteny.cz\/boulderkarlin\/wp-content\/uploads\/2024\/06\/program-po-dnech.doc\" class=\"wp-block-file__button wp-element-button\" download=\"\" aria-describedby=\"wp-block-file--media-df9e83a6-7fbe-4712-b1fc-831a0aa21db7\">Herunterladen<\/a><\/div>\n","protected":false},"excerpt":{"rendered":"<p>Das Vorstadtcamp\/der Vorstadtkurs ist f\u00fcr Kinder im Alter von 8-15 Jahren gedacht. Eine vorherige Klettererfahrung ist keine Voraussetzung f\u00fcr die Teilnahme. Jeden Tag von 8.00 bis 17.00 Uhr werden die Kinder von qualifizierten Kletterlehrern betreut, die nach der vom Bildungsministerium der Tschechischen Republik anerkannten Methodik professionell ausgebildet sind und \u00fcber langj\u00e4hrige Erfahrungen in der Durchf\u00fchrung [&hellip;]<\/p>\n","protected":false},"author":1,"featured_media":0,"parent":527,"menu_order":16,"comment_status":"closed","ping_status":"closed","template":"","meta":{"_acf_changed":false,"_crdt_document":"","footnotes":""},"class_list":["post-534","page","type-page","status-publish","hentry"],"acf":[],"_links":{"self":[{"href":"https:\/\/www.hudysteny.cz\/boulderkarlin\/de\/wp-json\/wp\/v2\/pages\/534","targetHints":{"allow":["GET"]}}],"collection":[{"href":"https:\/\/www.hudysteny.cz\/boulderkarlin\/de\/wp-json\/wp\/v2\/pages"}],"about":[{"href":"https:\/\/www.hudysteny.cz\/boulderkarlin\/de\/wp-json\/wp\/v2\/types\/page"}],"author":[{"embeddable":true,"href":"https:\/\/www.hudysteny.cz\/boulderkarlin\/de\/wp-json\/wp\/v2\/users\/1"}],"replies":[{"embeddable":true,"href":"https:\/\/www.hudysteny.cz\/boulderkarlin\/de\/wp-json\/wp\/v2\/comments?post=534"}],"version-history":[{"count":5,"href":"https:\/\/www.hudysteny.cz\/boulderkarlin\/de\/wp-json\/wp\/v2\/pages\/534\/revisions"}],"predecessor-version":[{"id":2547,"href":"https:\/\/www.hudysteny.cz\/boulderkarlin\/de\/wp-json\/wp\/v2\/pages\/534\/revisions\/2547"}],"up":[{"embeddable":true,"href":"https:\/\/www.hudysteny.cz\/boulderkarlin\/de\/wp-json\/wp\/v2\/pages\/527"}],"wp:attachment":[{"href":"https:\/\/www.hudysteny.cz\/boulderkarlin\/de\/wp-json\/wp\/v2\/media?parent=534"}],"curies":[{"name":"wp","href":"https:\/\/api.w.org\/{rel}","templated":true}]}}