{"id":524,"date":"2023-06-22T16:07:09","date_gmt":"2023-06-22T14:07:09","guid":{"rendered":"https:\/\/dev-karlin.hudysteny.cz\/kletterwand-boulder-karlin\/"},"modified":"2023-12-12T07:53:32","modified_gmt":"2023-12-12T06:53:32","slug":"kletterwand-boulder-karlin","status":"publish","type":"page","link":"https:\/\/www.hudysteny.cz\/boulderkarlin\/de\/","title":{"rendered":"Kletterwand, Boulder Karl\u00edn"},"content":{"rendered":"\n<div class=\"wp-block-group oteviracka has-global-padding is-layout-constrained wp-block-group-is-layout-constrained\">\n<div class=\"wp-block-columns is-layout-flex wp-container-core-columns-is-layout-9ba6dbca wp-block-columns-is-layout-flex\">\n<div class=\"wp-block-column is-layout-flow wp-block-column-is-layout-flow\">\n<h3 class=\"wp-block-heading\">Die \u00d6ffnungszeiten<\/h3>\n\n\n\n<figure class=\"wp-block-table noborder\"><table><tbody><tr><td>Montag<\/td><td>7.00 &#8211; 21.30<\/td><\/tr><tr><td>Dienstag<\/td><td>7.00 &#8211; 21.30<\/td><\/tr><tr><td>Mittwoch<\/td><td>7.00 &#8211; 21.30<\/td><\/tr><tr><td>Donnerstag<\/td><td>7.00 &#8211; 21.30<\/td><\/tr><tr><td>Freitag<\/td><td>7.00 &#8211; 21.30<\/td><\/tr><tr><td>Samstag und Sonntag<\/td><td>9.00 &#8211; 21.30<\/td><\/tr><tr><td>Feiertage<\/td><td>9.00 &#8211; 21.30<\/td><\/tr><\/tbody><\/table><\/figure>\n<\/div>\n\n\n\n<div class=\"wp-block-column is-layout-flow wp-block-column-is-layout-flow\">\n<h3 class=\"wp-block-heading\">Wo Sie uns finden<\/h3>\n\n\n\n<p class=\"wp-block-paragraph\">HUDY Boulder Karl\u00edn<br\/>K\u0159i\u017e\u00edkova 684\/91a<br\/>186 00 Praha 8 &#8211; Karl\u00edn<br\/><br\/>Tel.: <a href=\"tel:+420%20220%20920%20029\">+420 220 920 029<\/a><br\/>email: <a href=\"mailto:info@hudyboulder.cz\">info@hudyboulder.cz<\/a><\/p>\n<\/div>\n\n\n\n<div class=\"wp-block-column is-layout-flow wp-block-column-is-layout-flow\">\n<h3 class=\"wp-block-heading\">Folgen Sie uns<\/h3>\n\n\n\n<div class=\"wp-block-group social is-nowrap is-layout-flex wp-container-core-group-is-layout-9ba6dbca wp-block-group-is-layout-flex\">\n<figure class=\"wp-block-image size-full is-resized\"><a href=\"https:\/\/www.instagram.com\/hudyboulder.karlin\/\" target=\"_blank\" rel=\"noreferrer noopener\"><img decoding=\"async\" src=\"https:\/\/www.hudysteny.cz\/boulderkarlin\/wp-content\/uploads\/2023\/07\/facebook-b.svg\" alt=\"\" class=\"wp-image-323\" style=\"object-fit:cover;width:32px;height:32px\"\/><\/a><\/figure>\n\n\n\n<figure class=\"wp-block-image size-full is-resized\"><a href=\"https:\/\/www.facebook.com\/profile.php?id=100088976445014\" target=\"_blank\" rel=\"noreferrer noopener\"><img decoding=\"async\" src=\"https:\/\/www.hudysteny.cz\/boulderkarlin\/wp-content\/uploads\/2023\/07\/instagram-b.svg\" alt=\"\" class=\"wp-image-326\" style=\"object-fit:cover;width:32px;height:32px\"\/><\/a><\/figure>\n<\/div>\n\n\n\n<div style=\"height:25px;width:0px\" aria-hidden=\"true\" class=\"wp-block-spacer mezera_25\"><\/div>\n\n\n\n<p class=\"wp-block-paragraph\">Sie k\u00f6nnen uns auf <a href=\"https:\/\/mapy.cz\/s\/polutapafu\" data-type=\"link\" data-id=\"https:\/\/mapy.cz\/s\/polutapafu\" target=\"_blank\" rel=\"noreferrer noopener\">Maps.cz<\/a> oder <a href=\"https:\/\/goo.gl\/maps\/XBQzpFPgzujrfCt8A\" data-type=\"link\" data-id=\"https:\/\/goo.gl\/maps\/XBQzpFPgzujrfCt8A\" target=\"_blank\" rel=\"noreferrer noopener\">Google<\/a> finden<br\/><br\/>Wenn Sie mit dem Auto zum Hotel fahren, k\u00f6nnen Sie am Wochenende kostenlos in den angrenzenden Stra\u00dfen parken. Weitere Informationen zum Parken finden Sie unter <a href=\"http:\/\/www.parkujvklidu.cz\" data-type=\"URL\" data-id=\"www.parkujvklidu.cz\" target=\"_blank\" rel=\"noreferrer noopener\">www.parkujvklidu.cz<\/a>.<\/p>\n<\/div>\n<\/div>\n<\/div>\n\n<div style=\"height:65px\" aria-hidden=\"true\" class=\"wp-block-spacer mezera_65\"><\/div>\n\n<div class=\"wp-block-columns eq is-layout-flex wp-container-core-columns-is-layout-9ba6dbca wp-block-columns-is-layout-flex\">\n<div class=\"wp-block-column is-layout-flow wp-block-column-is-layout-flow\">\n<div class=\"wp-block-group box_cenik has-background has-global-padding is-layout-constrained wp-block-group-is-layout-constrained\" style=\"background-color:#f4f4f4\">\n<h2 class=\"wp-block-heading has-text-align-center\">Preisliste<\/h2>\n\n\n\n<div class=\"wp-block-buttons is-content-justification-center is-layout-flex wp-container-core-buttons-is-layout-d9a36c2f wp-block-buttons-is-layout-flex\">\n<div class=\"wp-block-button zelena\"><a class=\"wp-block-button__link wp-element-button\" href=\"https:\/\/www.hudysteny.cz\/boulderkarlin\/de\/preisliste\/\">Mehr Informationen<\/a><\/div>\n<\/div>\n<\/div>\n<\/div>\n\n\n\n<div class=\"wp-block-column is-layout-flow wp-container-core-column-is-layout-2003d605 wp-block-column-is-layout-flow\">\n<div class=\"wp-block-group box_novinka has-background has-global-padding is-layout-constrained wp-container-core-group-is-layout-050dad78 wp-block-group-is-layout-constrained\" style=\"background-color:#f4f4f4\">\n<div class=\"wp-block-group inner_wrap has-global-padding is-layout-constrained wp-block-group-is-layout-constrained\">\n<h3 class=\"wp-block-heading has-text-align-center\">Nachrichten<\/h3>\n\n\n<div class=\"cff-wrapper\"><div class=\"cff-wrapper-ctn \" ><div id=\"cff\" data-char=\"400\" class=\"cff cff-theme-overlap  cff-mob-cols-1 cff-tab-cols-1  cff-palette-7 cff-timeline-feed cff-doing-gdpr cff-all-reviews cff-nojs \" style=\"width:100%; \" data-fb-text=\"Zobrazit na Facebooku\" data-offset=\"\" data-own-token=\"true\" data-grid-pag=\"cursor\" data-restricted=\"true\" data-lb-comments=\"false\" data-pag-num=\"1\" data-cff-shortcode=\"{&quot;feed&quot;: &quot;7&quot;}\" data-postid=\"524\" data-locatornonce=\"3418a2b7bd\" data-cff-theme=\"overlap\"  data-cff-flags=\"gdpr,overrideBlockCDN\"><svg width=\"24px\" height=\"24px\" version=\"1.1\" xmlns=\"http:\/\/www.w3.org\/2000\/svg\" xmlns:xlink=\"http:\/\/www.w3.org\/1999\/xlink\" class=\"cff-screenreader\" role=\"img\" aria-labelledby=\"metaSVGid metaSVGdesc\"><title id=\"metaSVGid\">Comments Box SVG icons<\/title><desc id=\"metaSVGdesc\">Used for the like, share, comment, and reaction icons<\/desc><defs><linearGradient id=\"angryGrad\" x1=\"0\" x2=\"0\" y1=\"0\" y2=\"1\"><stop offset=\"0%\" stop-color=\"#f9ae9e\" \/><stop offset=\"70%\" stop-color=\"#ffe7a4\" \/><\/linearGradient><linearGradient id=\"likeGrad\"><stop offset=\"25%\" stop-color=\"rgba(0,0,0,0.05)\" \/><stop offset=\"26%\" stop-color=\"rgba(255,255,255,0.7)\" \/><\/linearGradient><linearGradient id=\"likeGradHover\"><stop offset=\"25%\" stop-color=\"#a3caff\" \/><stop offset=\"26%\" stop-color=\"#fff\" \/><\/linearGradient><linearGradient id=\"likeGradDark\"><stop offset=\"25%\" stop-color=\"rgba(255,255,255,0.5)\" \/><stop offset=\"26%\" stop-color=\"rgba(255,255,255,0.7)\" \/><\/linearGradient><\/defs><\/svg><div class=\"cff-posts-wrap\"><div class=\"cff-item cff-photo-post cff-album author-hudy-boulder-karl-n cff-102822339367596 cff-new\" id=\"cff_102822339367596_979635365012336\" data-page-id=\"102822339367596\" data-cff-timestamp=\"1775240422\" data-object-id=\"979635365012336\" data-cff-from=\"102822339367596\" style=\"border-bottom: 0px solid #fff; z-index: 10;\"><p  class=\"cff-post-text\">\n\t<span class=\"cff-text\" data-color=\"\">M\u00e1me tady op\u011bt v\u00e1rku ztracen\u00fdch v\u011bc\u00ed.  Pros\u00edme majitele o vyzvednut\u00ed do konce p\u0159\u00ed\u0161t\u00edho t\u00fddne \t<\/span>\n\t<span class=\"cff-expand\">... <a href=\"#\" ><span class=\"cff-more\">Zobrazit v\u00edce<\/span><span class=\"cff-less\">Zobrazit m\u00e9n\u011b<\/span><\/a><\/span>\n<\/p>\n<div class=\"cff-date  cff-date-below\" >\n\t 03. 04. 2026 <\/div><\/div><\/div><span class=\"cff_resized_image_data\" data-feedid=\"cff_10282233936759028223393675962mecs0000\" data-resized=\"[]\"><\/span><\/div><\/div><div class=\"cff-clear\"><\/div><\/div><style type=\"text\/css\">\n<\/style>\n\n\n<a class=\"novinky_link\" href=\"https:\/\/www.hudysteny.cz\/boulderkarlin\/de\/nachrichten\/\" title=\"Nachrichten ansehen\" target=\"_parent\"><span>Nachrichten ansehen<\/span><\/a>\n<\/div>\n<\/div>\n<\/div>\n<\/div>\n\n<div style=\"height:65px\" aria-hidden=\"true\" class=\"wp-block-spacer mezera_65\"><\/div>\n\n<h3 class=\"wp-block-heading has-text-align-center\">Grundlegende Parameter der Wand<\/h3>\n\n<p class=\"has-text-align-center wp-block-paragraph\">Die Hauptboulderwand bietet <strong>4 gro\u00dfe Sektoren und 24 kleinere Sektoren<\/strong> mit jeweils 6-7 Felsbl\u00f6cken. Mit einer Wandh\u00f6he von 4,2 Metern bietet die Boulderwand <strong>655 Quadratmeter Kletterfl\u00e4che und mehr als 160 Boulderprobleme<\/strong>. Freuen Sie sich auf Klettern in leicht geneigten Profilen (den so genannten &#8222;Rajbas&#8220;), auf Klettern in senkrechten und \u00fcberh\u00e4ngenden Profilen sowie auf einen Campus mit Leisten mit einem <strong>\u00dcberhangwinkel von bis zu 76 Grad<\/strong>. Der <strong>\u00dcberhang<\/strong> des gr\u00f6\u00dften Profils betr\u00e4gt beeindruckende <strong>5,15 m<\/strong>. Die einzelnen <strong>Boulderprobleme<\/strong> sind farblich im <strong>Bereich V0-V10<\/strong> gekennzeichnet.<\/p>\n\n<p class=\"has-text-align-center wp-block-paragraph\">Boulderbereich f\u00fcr Kinder, Spielplatz, Aufw\u00e4rmraum. <\/p>\n\n<div class=\"wp-block-buttons is-content-justification-center is-layout-flex wp-container-core-buttons-is-layout-d9a36c2f wp-block-buttons-is-layout-flex\">\n<div class=\"wp-block-button\"><a class=\"wp-block-button__link wp-element-button\" href=\"https:\/\/www.hudysteny.cz\/boulderkarlin\/de\/wand\/\">Mehr Informationen<\/a><\/div>\n<\/div>\n\n<div style=\"height:65px\" aria-hidden=\"true\" class=\"wp-block-spacer mezera_65\"><\/div>\n\n<div class=\"wp-block-group alignfull bg_seda has-global-padding is-layout-constrained wp-block-group-is-layout-constrained\">\n\t\t<div id=\"prodejny\">\n            <h2>Der n\u00e4chstgelegene HUDY-Store<\/h2>\n\t\t\t<div class=\"innerwrap owl-carousel owl-theme\">\n    \t<div class=\"item\">\n\t\t\t<h3><a href=\"https:\/\/www.hudy.cz\/hudysport-praha-havlickova\" target=\"_blank\" rel=\"noopener\">Praha Havl\u00ed\u010dkova<\/a><\/h3>\n            <!-- wp:paragraph -->\n<p>Havl\u00ed\u010dkova 11<br>110 00 Praha 1<br><\/p>\n<!-- \/wp:paragraph -->\n            <a href=\"tel:+420 222 200 418\">+420 222 200 418<\/a><br>\n            <a href=\"mailto:praha.havlickova@hudy.cz\">praha.havlickova@hudy.cz<\/a><br>\n            <a href=\"https:\/\/www.hudy.cz\/hudysport-praha-havlickova\" target=\"_blank\" class=\"btn btn--ghost\" rel=\"noopener\"><span class=\"btn__inner\">Mehr \u00fcber den Shop<\/span><\/a><br>\n\t\t<\/div>\n    \t<div class=\"item\">\n\t\t\t<h3><a href=\"https:\/\/www.hudy.cz\/hudysport-praha-strossmayerovo-nam\" target=\"_blank\" rel=\"noopener\">Praha Strossmayerovo<\/a><\/h3>\n            <!-- wp:paragraph -->\n<p>Strossmayerovo n\u00e1m. 10<br>170 00 Praha 7<\/p>\n<!-- \/wp:paragraph -->\n            <a href=\"tel:+420 220 879 992\">+420 220 879 992<\/a><br>\n            <a href=\"mailto:praha.strossmayerovo@hudy.cz\">praha.strossmayerovo@hudy.cz<\/a><br>\n            <a href=\"https:\/\/www.hudy.cz\/hudysport-praha-strossmayerovo-nam\" target=\"_blank\" class=\"btn btn--ghost\" rel=\"noopener\"><span class=\"btn__inner\">Mehr \u00fcber den Shop<\/span><\/a><br>\n\t\t<\/div>\n    \t<div class=\"item\">\n\t\t\t<h3><a href=\"https:\/\/www.hudy.cz\/hudysport-praha-slezska\" target=\"_blank\" rel=\"noopener\">Praha Slezsk\u00e1<\/a><\/h3>\n            <!-- wp:paragraph -->\n<p>Slezsk\u00e1 8<br>120 00 Praha 2<\/p>\n<!-- \/wp:paragraph -->\n            <a href=\"tel:+420 222 522 450\">+420 222 522 450<\/a><br>\n            <a href=\"mailto:praha.slezska@hudy.cz\">praha.slezska@hudy.cz<\/a><br>\n            <a href=\"https:\/\/www.hudy.cz\/hudysport-praha-slezska\" target=\"_blank\" class=\"btn btn--ghost\" rel=\"noopener\"><span class=\"btn__inner\">Mehr \u00fcber den Shop<\/span><\/a><br>\n\t\t<\/div>\n    \t<div class=\"item\">\n\t\t\t<h3><a href=\"https:\/\/www.hudy.cz\/hudysport-praha-na-perstyne\" target=\"_blank\" rel=\"noopener\">Praha Na Per\u0161t\u00fdn\u011b<\/a><\/h3>\n            <!-- wp:paragraph -->\n<p>Na Per\u0161t\u00fdn\u011b 14<br>110 00 Praha 1<\/p>\n<!-- \/wp:paragraph -->\n            <a href=\"tel:+420 224 218 600\">+420 224 218 600<\/a><br>\n            <a href=\"mailto:praha.perstyn@hudy.cz\">praha.perstyn@hudy.cz<\/a><br>\n            <a href=\"https:\/\/www.hudy.cz\/hudysport-praha-na-perstyne\" target=\"_blank\" class=\"btn btn--ghost\" rel=\"noopener\"><span class=\"btn__inner\">Mehr \u00fcber den Shop<\/span><\/a><br>\n\t\t<\/div>\n    \t<div class=\"item\">\n\t\t\t<h3><a href=\"https:\/\/www.hudy.cz\/hudysport-praha-lidicka\" target=\"_blank\" rel=\"noopener\">Praha Lidick\u00e1<\/a><\/h3>\n            <!-- wp:paragraph -->\n<p>Lidick\u00e1 43<br>150 00 Praha 5<\/p>\n<!-- \/wp:paragraph -->\n            <a href=\"tel:+420 257 315 964\">+420 257 315 964<\/a><br>\n            <a href=\"mailto:praha.lidicka@hudy.cz\">praha.lidicka@hudy.cz<\/a><br>\n            <a href=\"https:\/\/www.hudy.cz\/hudysport-praha-lidicka\" target=\"_blank\" class=\"btn btn--ghost\" rel=\"noopener\"><span class=\"btn__inner\">Mehr \u00fcber den Shop<\/span><\/a><br>\n\t\t<\/div>\n    \t<div class=\"item\">\n\t\t\t<h3><a href=\"https:\/\/www.hudy.cz\/hudysport-praha-dejvicka\" target=\"_blank\" rel=\"noopener\">Praha Dejvick\u00e1<\/a><\/h3>\n            <!-- wp:paragraph -->\n<p>Dejvick\u00e1 48<br>160 00 Praha 6<br><\/p>\n<!-- \/wp:paragraph -->\n            <a href=\"tel:+420 233 341 249\">+420 233 341 249<\/a><br>\n            <a href=\"mailto:praha.dejvicka@hudy.cz\">praha.dejvicka@hudy.cz<\/a><br>\n            <a href=\"https:\/\/www.hudy.cz\/hudysport-praha-dejvicka\" target=\"_blank\" class=\"btn btn--ghost\" rel=\"noopener\"><span class=\"btn__inner\">Mehr \u00fcber den Shop<\/span><\/a><br>\n\t\t<\/div>\n    \t<div class=\"item\">\n\t\t\t<h3><a href=\"https:\/\/www.hudy.cz\/hudysport-praha-ceskomoravska\" target=\"_blank\" rel=\"noopener\">Praha \u010ceskomoravsk\u00e1<\/a><\/h3>\n            <!-- wp:paragraph -->\n<p>\u010ceskomoravsk\u00e1 41<br>190 00 Praha 9<\/p>\n<!-- \/wp:paragraph -->\n            <a href=\"tel:+420 284 818 521\">+420 284 818 521<\/a><br>\n            <a href=\"mailto:praha.ceskomoravska@hudy.cz\">praha.ceskomoravska@hudy.cz<\/a><br>\n            <a href=\"https:\/\/www.hudy.cz\/hudysport-praha-ceskomoravska\" target=\"_blank\" class=\"btn btn--ghost\" rel=\"noopener\"><span class=\"btn__inner\">Mehr \u00fcber den Shop<\/span><\/a><br>\n\t\t<\/div><\/div>\n\t\t<\/div>\n<\/div>\n","protected":false},"excerpt":{"rendered":"<p>Preisliste Nachrichten Grundlegende Parameter der Wand Die Hauptboulderwand bietet 4 gro\u00dfe Sektoren und 24 kleinere Sektoren mit jeweils 6-7 Felsbl\u00f6cken. Mit einer Wandh\u00f6he von 4,2 Metern bietet die Boulderwand 655 Quadratmeter Kletterfl\u00e4che und mehr als 160 Boulderprobleme. Freuen Sie sich auf Klettern in leicht geneigten Profilen (den so genannten &#8222;Rajbas&#8220;), auf Klettern in senkrechten und [&hellip;]<\/p>\n","protected":false},"author":1,"featured_media":0,"parent":0,"menu_order":5,"comment_status":"closed","ping_status":"closed","template":"","meta":{"_acf_changed":false,"_crdt_document":"","footnotes":""},"class_list":["post-524","page","type-page","status-publish","hentry"],"acf":[],"_links":{"self":[{"href":"https:\/\/www.hudysteny.cz\/boulderkarlin\/de\/wp-json\/wp\/v2\/pages\/524","targetHints":{"allow":["GET"]}}],"collection":[{"href":"https:\/\/www.hudysteny.cz\/boulderkarlin\/de\/wp-json\/wp\/v2\/pages"}],"about":[{"href":"https:\/\/www.hudysteny.cz\/boulderkarlin\/de\/wp-json\/wp\/v2\/types\/page"}],"author":[{"embeddable":true,"href":"https:\/\/www.hudysteny.cz\/boulderkarlin\/de\/wp-json\/wp\/v2\/users\/1"}],"replies":[{"embeddable":true,"href":"https:\/\/www.hudysteny.cz\/boulderkarlin\/de\/wp-json\/wp\/v2\/comments?post=524"}],"version-history":[{"count":5,"href":"https:\/\/www.hudysteny.cz\/boulderkarlin\/de\/wp-json\/wp\/v2\/pages\/524\/revisions"}],"predecessor-version":[{"id":816,"href":"https:\/\/www.hudysteny.cz\/boulderkarlin\/de\/wp-json\/wp\/v2\/pages\/524\/revisions\/816"}],"wp:attachment":[{"href":"https:\/\/www.hudysteny.cz\/boulderkarlin\/de\/wp-json\/wp\/v2\/media?parent=524"}],"curies":[{"name":"wp","href":"https:\/\/api.w.org\/{rel}","templated":true}]}}