{"id":2593,"date":"2025-03-20T10:26:45","date_gmt":"2025-03-20T09:26:45","guid":{"rendered":"https:\/\/www.hudysteny.cz\/boulderkarlin\/freizeitgruppen-und-lektionen\/bewegungsspiele-mit-kletterelementen-fuer-kindergaerten-und-schulen\/"},"modified":"2025-09-23T15:46:18","modified_gmt":"2025-09-23T13:46:18","slug":"bewegungsspiele-mit-kletterelementen-fuer-kindergaerten-und-schulen","status":"publish","type":"page","link":"https:\/\/www.hudysteny.cz\/boulderkarlin\/de\/freizeitgruppen-und-lektionen\/bewegungsspiele-mit-kletterelementen-fuer-kindergaerten-und-schulen\/","title":{"rendered":"Bewegungsspiele mit Kletterelementen f\u00fcr Kinderg\u00e4rten und Schulen"},"content":{"rendered":"\n<div class=\"wp-block-columns is-layout-flex wp-container-core-columns-is-layout-9ba6dbca wp-block-columns-is-layout-flex\">\n<div class=\"wp-block-column is-layout-flow wp-block-column-is-layout-flow\" style=\"flex-basis:66.66%\">\n<p class=\"wp-block-paragraph\">F\u00fcr organisierte Gruppen von Kindern im Vorschul- und j\u00fcngeren Schulalter in der Anzahl von 10-30 Kindern bieten wir den Service &#8222;Bewegungsspiele mit Kletterelementen&#8220; an. Der Service ist vor allem f\u00fcr Kindergarten- oder Grundschulklassen gedacht.  <strong>Das Zeitlimit betr\u00e4gt 2 Stunden.<\/strong> <strong>Der Service wird in den Morgenstunden w\u00e4hrend der Arbeitswoche zwischen 9 und 13 Uhr angeboten. Der Preis f\u00fcr diesen Service betr\u00e4gt 2000 CZK, unabh\u00e4ngig von der Gr\u00f6\u00dfe der Gruppe.   <\/strong><br\/><strong>Geeignetes Schuhwerk (geschlossene, weiche und saubere Schuhe &#8211; Hausschuhe, Rollschuhe) ist erforderlich. Es besteht auch die M\u00f6glichkeit, Kletterschuhe f\u00fcr die gesamte Gruppe gegen einen Aufpreis von 500 CZK zu mieten.  <\/strong><\/p>\n\n\n\n<div style=\"height:30px\" aria-hidden=\"true\" class=\"wp-block-spacer\"><\/div>\n\n\n\n<p class=\"wp-block-paragraph\"><strong>Programm und Zeiteinteilung:<\/strong><\/p>\n\n\n\n<ol class=\"wp-block-list\">\n<li>Einf\u00fchrung, Vorstellung des Programms, Vorbereitung und \u00dcbergabe der ersten Gruppe von Kindern &#8211; <strong>ca. 8 Minuten<\/strong><\/li>\n\n\n\n<li>Im ersten Block geht die erste H\u00e4lfte der Kinder mit dem Lehrer an die Wand, wo sie Spiele spielen, lernen und sich mit dem Klettern oder den Sicherheitselementen vertraut machen, die im Allgemeinen bei dieser Aktivit\u00e4t gelten. (Die zweite Gruppe von Kindern hat zu dieser Zeit einen Spielplatz mit Kletterger\u00fcsten, Rutsche und anderen Spielelementen unter Aufsicht ihres Lehrers oder einer anderen verantwortlichen Person) &#8211; <strong>etwa 45 Minuten<\/strong>  <\/li>\n\n\n\n<li>Getr\u00e4nke-, Snack- und Toilettenpause &#8211; ca.<strong> 15 Minuten<\/strong><\/li>\n\n\n\n<li>Im zweiten Block geht die zweite H\u00e4lfte der Kinder mit dem Lehrer an die Wand, wo sie Spiele spielen, lernen und sich mit dem Klettern oder den Sicherheitselementen vertraut machen, die im Allgemeinen bei dieser Aktivit\u00e4t gelten. (Die zweite Gruppe von Kindern hat zu diesem Zeitpunkt einen Spielplatz mit Kletterger\u00fcsten, Rutsche und anderen Spielelementen unter Aufsicht ihres Lehrers oder einer anderen verantwortlichen Person) &#8211; <strong>etwa 45 Minuten<\/strong>  <\/li>\n\n\n\n<li>Abschluss, Zeit f\u00fcr \u00c4nderungen oder Fragen an den Dozenten &#8211; etwa<strong> 7 Minuten<\/strong><\/li>\n<\/ol>\n<\/div>\n\n\n\n<div class=\"wp-block-column is-layout-flow wp-block-column-is-layout-flow\" style=\"flex-basis:33.33%\">\n<figure class=\"wp-block-image size-large\"><img loading=\"lazy\" decoding=\"async\" width=\"768\" height=\"1024\" src=\"https:\/\/www.hudysteny.cz\/boulderkarlin\/wp-content\/uploads\/2024\/08\/IMG_5134-768x1024.jpeg\" alt=\"\" class=\"wp-image-1268\" srcset=\"https:\/\/www.hudysteny.cz\/boulderkarlin\/wp-content\/uploads\/2024\/08\/IMG_5134-768x1024.jpeg 768w, https:\/\/www.hudysteny.cz\/boulderkarlin\/wp-content\/uploads\/2024\/08\/IMG_5134-225x300.jpeg 225w, https:\/\/www.hudysteny.cz\/boulderkarlin\/wp-content\/uploads\/2024\/08\/IMG_5134-1152x1536.jpeg 1152w, https:\/\/www.hudysteny.cz\/boulderkarlin\/wp-content\/uploads\/2024\/08\/IMG_5134.jpeg 1536w\" sizes=\"auto, (max-width: 768px) 100vw, 768px\" \/><\/figure>\n<\/div>\n<\/div>\n\n<p class=\"wp-block-paragraph\"><strong>Anmeldung und Bezahlung<\/strong><\/p>\n\n<p class=\"wp-block-paragraph\">Wenn Sie an diesem Service interessiert sind, m\u00fcssen Sie wie folgt vorgehen:<\/p>\n\n<ol class=\"wp-block-list\">\n<li>Senden Sie eine E-Mail an <a href=\"mailto:akce@hudyboulder.cz?subject=Z%C3%A1jem%20o%20Pohybov%C3%A9%20hry%20s%20prvky%20lezen%C3%AD%20%E2%80%93%20jm%C3%A9no%20a%20p%C5%99%C3%ADjmen%C3%AD\">akce@hudyboulder.cz mit dem<\/a> Betreff<strong>&#8222;Interesse an Bewegungsspielen mit Kletterelementen &#8211; Vor- und Nachname&#8220;.<\/strong> Geben Sie in der Nachricht an, an welchem Datum und zu welcher Uhrzeit Sie interessiert sind, die Gr\u00f6\u00dfe der Gruppe, Ihre Kontaktdaten und andere individuelle W\u00fcnsche.<\/li>\n\n\n\n<li>Wir werden Ihnen antworten, um Sie \u00fcber die Verf\u00fcgbarkeit des Termins zu informieren und den Dozenten zu best\u00e4tigen.<\/li>\n\n\n\n<li>Die Bezahlung erfolgt vor Ort f\u00fcr die gesamte Gruppe, entweder in bar oder mit Karte. Sie erhalten eine Quittung an der Kasse. <\/li>\n<\/ol>\n","protected":false},"excerpt":{"rendered":"<p>F\u00fcr organisierte Gruppen von Kindern im Vorschul- und j\u00fcngeren Schulalter in der Anzahl von 10-30 Kindern bieten wir den Service &#8222;Bewegungsspiele mit Kletterelementen&#8220; an. Der Service ist vor allem f\u00fcr Kindergarten- oder Grundschulklassen gedacht. Das Zeitlimit betr\u00e4gt 2 Stunden. Der Service wird in den Morgenstunden w\u00e4hrend der Arbeitswoche zwischen 9 und 13 Uhr angeboten. Der [&hellip;]<\/p>\n","protected":false},"author":1,"featured_media":0,"parent":527,"menu_order":25,"comment_status":"closed","ping_status":"closed","template":"","meta":{"_acf_changed":false,"_crdt_document":"","footnotes":""},"class_list":["post-2593","page","type-page","status-publish","hentry"],"acf":[],"_links":{"self":[{"href":"https:\/\/www.hudysteny.cz\/boulderkarlin\/de\/wp-json\/wp\/v2\/pages\/2593","targetHints":{"allow":["GET"]}}],"collection":[{"href":"https:\/\/www.hudysteny.cz\/boulderkarlin\/de\/wp-json\/wp\/v2\/pages"}],"about":[{"href":"https:\/\/www.hudysteny.cz\/boulderkarlin\/de\/wp-json\/wp\/v2\/types\/page"}],"author":[{"embeddable":true,"href":"https:\/\/www.hudysteny.cz\/boulderkarlin\/de\/wp-json\/wp\/v2\/users\/1"}],"replies":[{"embeddable":true,"href":"https:\/\/www.hudysteny.cz\/boulderkarlin\/de\/wp-json\/wp\/v2\/comments?post=2593"}],"version-history":[{"count":2,"href":"https:\/\/www.hudysteny.cz\/boulderkarlin\/de\/wp-json\/wp\/v2\/pages\/2593\/revisions"}],"predecessor-version":[{"id":2677,"href":"https:\/\/www.hudysteny.cz\/boulderkarlin\/de\/wp-json\/wp\/v2\/pages\/2593\/revisions\/2677"}],"up":[{"embeddable":true,"href":"https:\/\/www.hudysteny.cz\/boulderkarlin\/de\/wp-json\/wp\/v2\/pages\/527"}],"wp:attachment":[{"href":"https:\/\/www.hudysteny.cz\/boulderkarlin\/de\/wp-json\/wp\/v2\/media?parent=2593"}],"curies":[{"name":"wp","href":"https:\/\/api.w.org\/{rel}","templated":true}]}}